{"id":18072,"date":"2025-05-10T18:17:59","date_gmt":"2025-05-10T10:17:59","guid":{"rendered":"https:\/\/www.luleey.com\/?post_type=product&#038;p=18072"},"modified":"2025-08-10T20:11:39","modified_gmt":"2025-08-10T12:11:39","slug":"ll-xp2gwdcatv-4ge-xpon-onu-wifi-dual-band-fttr-2-4g-5g","status":"publish","type":"product","link":"https:\/\/www.luleey.com\/fr\/produit-2\/ll-xp2gwdcatv-4ge-xpon-onu-wifi-dual-band-fttr-2-4g-5g\/","title":{"rendered":"LL-XP2GWDCATV, 2GE XPON ONU, WIFI Dual Band, FTTR, 2.4G + 5G, CATV ONU"},"content":{"rendered":"<h3>Caract\u00e9ristiques<\/h3>\n<ol>\n<li>Travailler pour GPON OLT ou EPON OLT.<\/li>\n<li>Con\u00e7u pour fonctionner en toute transparence avec 95% des OLT tiers, y compris les grandes marques comme Huawei, ZTE, Fiberhome, et Luleey\/VSOL\/HIOSO...<\/li>\n<li>Prise en charge des protocoles IEEE802.3\/802.3ah<\/li>\n<li>Il prend en charge la d\u00e9couverte et l'enregistrement automatiques, la d\u00e9tection des liens et les mises \u00e0 jour logicielles \u00e0 distance, ce qui garantit que votre r\u00e9seau reste \u00e0 jour sans intervention manuelle.<\/li>\n<li>Prise en charge de la route PPPoE\/DHCP\/IP statique et du mode pont<\/li>\n<li>Prise en charge de DBA et de plusieurs accords de niveau de service (SLA)<\/li>\n<li>Supporte IEEE802.1D RSTP<\/li>\n<li>Supporte la multidiffusion IGMP SNOOPING V2<\/li>\n<li>Prise en charge de la fonction VLAN<\/li>\n<li>Prise en charge de la synchronisation automatique de l'heure par le client SNTP<\/li>\n<li>Support OMCI \/ OAM<\/li>\n<li>Prise en charge de la fonction de configuration WEB<\/li>\n<li>Prise en charge de la fonction MDI\/ MDIX automatique<\/li>\n<li>Prise en charge de l'IGMP snooping<\/li>\n<li>Prise en charge du double mode IPv4\/IPv6, Avec la prise en charge de l'IPv4 et de l'IPv6, le LL-XP2GWDCATV est con\u00e7u pour s'adapter \u00e0 l'\u00e9volution des exigences de la technologie de mise en r\u00e9seau.<\/li>\n<li>Avec 2 ports GE et une interface CATV, le LL-XP2GWDCATV prend en charge une large gamme de services, de l'acc\u00e8s Internet \u00e0 haut d\u00e9bit aux services Wi-Fi et vid\u00e9o avanc\u00e9s.<\/li>\n<li>Exploitez la puissance de l'IEEE 802.11 b\/g\/n\/AC avec une prise en charge bibande, dot\u00e9e d'une antenne externe 2T2R pour des performances sans fil sup\u00e9rieures, d\u00e9livrant jusqu'\u00e0 300 Mbps sur 2,4 GHz et 866 Mbps sur 5,8 GHz.<\/li>\n<\/ol>\n<h3>Sp\u00e9cifications<\/h3>\n<table style=\"width: 58.5196%; height: 600px;\">\n<tbody>\n<tr style=\"height: 24px;\">\n<td style=\"height: 24px; width: 28.7532%;\" width=\"229\">Mod\u00e8le<\/td>\n<td style=\"height: 24px; width: 70.229%;\" width=\"561\">LL-XP2GWDCATV<\/td>\n<\/tr>\n<tr style=\"height: 24px;\">\n<td style=\"width: 28.7532%; height: 24px;\">Marque<\/td>\n<td style=\"width: 70.229%; height: 24px;\">LuLeey<\/td>\n<\/tr>\n<tr style=\"height: 24px;\">\n<td style=\"height: 24px; width: 28.7532%;\" width=\"229\">Ports<\/td>\n<td class=\"column-2\" style=\"width: 70.229%; height: 24px;\">1*SC\/APC GPON\/EPON, 2GE+CATV<\/td>\n<\/tr>\n<tr style=\"height: 24px;\">\n<td style=\"height: 24px; width: 28.7532%;\" width=\"229\">Alimentation \u00e9lectrique<\/td>\n<td style=\"height: 24px; width: 70.229%;\" width=\"561\">12V DC, 1,5 A<\/td>\n<\/tr>\n<tr style=\"height: 24px;\">\n<td style=\"height: 24px; width: 28.7532%;\" width=\"229\">Entr\u00e9e de l'adaptateur d'alimentation<\/td>\n<td style=\"height: 24px; width: 70.229%;\" width=\"561\">100 - 240 V CA, 50\/60 Hz<\/td>\n<\/tr>\n<tr style=\"height: 24px;\">\n<td style=\"height: 24px; width: 28.7532%;\" width=\"229\">Humidit\u00e9 de fonctionnement<\/td>\n<td style=\"height: 24px; width: 70.229%;\" width=\"561\">5% RH \u00e0 95% RH (sans condensation)<\/td>\n<\/tr>\n<tr style=\"height: 24px;\">\n<td style=\"height: 24px; width: 28.7532%;\" width=\"229\">Consommation \u00e9lectrique statique<\/td>\n<td style=\"height: 24px; width: 70.229%;\" width=\"561\">5 W<\/td>\n<\/tr>\n<tr style=\"height: 24px;\">\n<td style=\"height: 24px; width: 28.7532%;\" width=\"229\">Consommation \u00e9lectrique maximale<\/td>\n<td style=\"height: 24px; width: 70.229%;\" width=\"561\">10W<\/td>\n<\/tr>\n<tr style=\"height: 24px;\">\n<td style=\"height: 24px; width: 28.7532%;\" width=\"229\">Indicateurs<\/td>\n<td class=\"column-2\" style=\"width: 70.229%; height: 24px;\">POWER\/PON\/LOS\/LAN1\/LAN2\/2,4G\/5G\/WPS\/CATV<\/td>\n<\/tr>\n<tr style=\"height: 24px;\">\n<td style=\"width: 28.7532%; height: 24px;\">Taille<\/td>\n<td class=\"column-2\" style=\"width: 70.229%; height: 24px;\">160*115 *28mm<\/td>\n<\/tr>\n<tr style=\"height: 24px;\">\n<td style=\"width: 98.9822%; height: 24px;\" colspan=\"2\"><strong>INFORMATIONS SUR LE PON<\/strong><\/td>\n<\/tr>\n<tr class=\"row-16 even\" style=\"height: 24px;\">\n<td class=\"column-1\" style=\"width: 28.7532%; height: 24px;\">Longueur d'onde de travail<\/td>\n<td class=\"column-2\" style=\"width: 70.229%; height: 24px;\">PON\uff1aup 1310nm\uff0cdown 1490nm, CATV : 1550nm<\/td>\n<\/tr>\n<tr class=\"row-17 odd\" style=\"height: 24px;\">\n<td class=\"column-1\" style=\"width: 28.7532%; height: 24px;\">TX Valeur de la puissance optique<\/td>\n<td class=\"column-2\" style=\"width: 70.229%; height: 24px;\">0,5\uff5e4dbm<\/td>\n<\/tr>\n<tr class=\"row-18 even\" style=\"height: 24px;\">\n<td class=\"column-1\" style=\"width: 28.7532%; height: 24px;\">RX Sensibilit\u00e9 de la puissance optique<\/td>\n<td class=\"column-2\" style=\"width: 70.229%; height: 24px;\">-27dBm<\/td>\n<\/tr>\n<tr class=\"row-19 odd\" style=\"height: 24px;\">\n<td class=\"column-1\" style=\"width: 28.7532%; height: 24px;\">Distance de transmission<\/td>\n<td class=\"column-2\" style=\"width: 70.229%; height: 24px;\">0\uff5e20km<\/td>\n<\/tr>\n<tr class=\"row-20 even\" style=\"height: 24px;\">\n<td class=\"column-1\" style=\"width: 28.7532%; height: 24px;\">Taux de transmission<\/td>\n<td class=\"column-2\" style=\"width: 70.229%; height: 24px;\">GPON:Up 1.244Gbps\uff1bdown 2.488Gbps<\/p>\n<p>EPON:Up 1.244Gbps\uff1bdown 1.244Gbps<\/td>\n<\/tr>\n<tr style=\"height: 24px;\">\n<td style=\"width: 98.9822%; height: 24px;\" colspan=\"2\"><strong>INFORMATIONS SUR LE WIFI<\/strong><\/td>\n<\/tr>\n<tr class=\"row-25 odd\" style=\"height: 24px;\">\n<td class=\"column-1\" style=\"width: 28.7532%; height: 24px;\">Mode de travail<\/td>\n<td class=\"column-2\" style=\"width: 70.229%; height: 24px;\">IEEE 802.11 b\/g\/n\/AC<\/td>\n<\/tr>\n<tr class=\"row-26 even\" style=\"height: 24px;\">\n<td class=\"column-1\" style=\"width: 28.7532%; height: 24px;\">Diagramme d'antenne<\/td>\n<td class=\"column-2\" style=\"width: 70.229%; height: 24px;\">Antenne externe 2T2R Antenne externe<\/td>\n<\/tr>\n<tr class=\"row-27 odd\" style=\"height: 24px;\">\n<td class=\"column-1\" style=\"width: 28.7532%; height: 24px;\">Gain d'antenne<\/td>\n<td class=\"column-2\" style=\"width: 70.229%; height: 24px;\">5dBi<\/td>\n<\/tr>\n<tr class=\"row-28 even\" style=\"height: 24px;\">\n<td class=\"column-1\" style=\"width: 28.7532%; height: 24px;\">Largeur de bande sans fil<\/td>\n<td class=\"column-2\" style=\"width: 70.229%;\">Prise en charge de 20MHz\/40MHz\/80MHz<\/td>\n<\/tr>\n<tr class=\"row-29 odd\" style=\"height: 48px;\">\n<td class=\"column-1\" style=\"width: 28.7532%; height: 48px;\">Taux d'interface<\/td>\n<td class=\"column-2\" style=\"width: 70.229%;\">2.4G WLAN\uff1aD\u00e9bit maximal 300Mbps<\/p>\n<p>WLAN 5.8G\uff1aD\u00e9bit maximal 866Mbps<\/td>\n<\/tr>\n<tr class=\"row-30 even\" style=\"height: 24px;\">\n<td class=\"column-1\" style=\"width: 28.7532%; height: 24px;\">SSID<\/td>\n<td class=\"column-2\" style=\"width: 70.229%; height: 24px;\">Jusqu'\u00e0 4 diffusions SSID sont prises en charge<\/td>\n<\/tr>\n<\/tbody>\n<\/table>","protected":false},"excerpt":{"rendered":"<p>2GE+CATV+2.4G+5G WIFI5 AX1200 + technologie ONT xPON<\/p>\n<p>LL-XP2GWDCATV prend en charge la route PPPoE\/DHCP\/IP statique et le mode pont.<\/p>\n<p>Prise en charge de l'autod\u00e9couverte de l'ONU dans les r\u00e9seaux GPON ou EPON.<\/p>\n<p>&nbsp;<\/p>","protected":false},"featured_media":18074,"comment_status":"open","ping_status":"closed","template":"","meta":[],"product_brand":[],"product_cat":[348,197,341],"product_tag":[230,1037,1039,343,1038],"class_list":{"0":"post-18072","1":"product","2":"type-product","3":"status-publish","4":"has-post-thumbnail","6":"product_cat-1000m-gpon-epon-onu","7":"product_cat-catv-receiver","8":"product_cat-wireless-gpon-epon-ont","9":"product_tag-gpon-onu","10":"product_tag-ll-xp2gwdcatv","11":"product_tag-wifi-onu","12":"product_tag-xpon","13":"product_tag-xpon-ont","15":"first","16":"instock","17":"featured","18":"shipping-taxable","19":"purchasable","20":"product-type-variable","21":"has-default-attributes"},"_links":{"self":[{"href":"https:\/\/www.luleey.com\/fr\/wp-json\/wp\/v2\/product\/18072","targetHints":{"allow":["GET"]}}],"collection":[{"href":"https:\/\/www.luleey.com\/fr\/wp-json\/wp\/v2\/product"}],"about":[{"href":"https:\/\/www.luleey.com\/fr\/wp-json\/wp\/v2\/types\/product"}],"replies":[{"embeddable":true,"href":"https:\/\/www.luleey.com\/fr\/wp-json\/wp\/v2\/comments?post=18072"}],"wp:featuredmedia":[{"embeddable":true,"href":"https:\/\/www.luleey.com\/fr\/wp-json\/wp\/v2\/media\/18074"}],"wp:attachment":[{"href":"https:\/\/www.luleey.com\/fr\/wp-json\/wp\/v2\/media?parent=18072"}],"wp:term":[{"taxonomy":"product_brand","embeddable":true,"href":"https:\/\/www.luleey.com\/fr\/wp-json\/wp\/v2\/product_brand?post=18072"},{"taxonomy":"product_cat","embeddable":true,"href":"https:\/\/www.luleey.com\/fr\/wp-json\/wp\/v2\/product_cat?post=18072"},{"taxonomy":"product_tag","embeddable":true,"href":"https:\/\/www.luleey.com\/fr\/wp-json\/wp\/v2\/product_tag?post=18072"}],"curies":[{"name":"wp","href":"https:\/\/api.w.org\/{rel}","templated":true}]}}