{"id":18754,"date":"2025-08-02T22:17:48","date_gmt":"2025-08-02T14:17:48","guid":{"rendered":"https:\/\/www.luleey.com\/?post_type=product&#038;p=18754"},"modified":"2025-08-02T22:20:44","modified_gmt":"2025-08-02T14:20:44","slug":"2-pon-gpon-oltll-gpolt-xe-g02","status":"publish","type":"product","link":"https:\/\/www.luleey.com\/fr\/produit-2\/2-pon-gpon-oltll-gpolt-xe-g02\/","title":{"rendered":"2 PON GPON OLT,LL-GPOLT-XE-G02"},"content":{"rendered":"<h3>Caract\u00e9ristiques<\/h3>\n<ol>\n<li>2 PON GPON OLT max 256 Clients<\/li>\n<li>2 * port GPON ; 2 * 10\/100\/1000M Base-T<\/li>\n<li>2*1000M Base-X SFP\/2*10GE SFP+<\/li>\n<li>Prise en charge de la reconnaissance automatique, de la d\u00e9couverte automatique et de l'autorisation de l'ONU<\/li>\n<li>Prise en charge du r\u00e9seau local virtuel (VLAN)<\/li>\n<li>Conforme aux normes techniques ITU-T G.984\/G.988, garantissant une forte interop\u00e9rabilit\u00e9.<\/li>\n<li>Offre de riches fonctions de commutation de couche 2\/3 et des options de gestion flexibles.<\/li>\n<li>Prend en charge divers protocoles de redondance de liens tels que FlexLink, STP, RSTP, MSTP, ERPS et LACP.<\/li>\n<li>Prend en charge les protocoles de routage, notamment RIP, OSPF, BGP, ISIS et IPv6.<\/li>\n<li>Fournit une alimentation redondante.<\/li>\n<li>Prise en charge de la multidiffusion et du snooping IGMP<\/li>\n<li>Prise en charge d'un DBA flexible, contr\u00f4le de la vitesse du trafic vers le haut et vers le bas.<\/li>\n<li>Logiciel de gestion : CLI\/WEB\/SNMP\/NMS<\/li>\n<li data-spm-anchor-id=\"a2g0o.detail.1000023.i2.745aNgYHNgYHlS\">\u00a0Prise en charge de l'espionnage\/proxy IGMP et de l'isolation des ports<\/li>\n<\/ol>\n<div class=\"structure-row\">\n<div class=\"col-left\" data-spm-anchor-id=\"a2700.details.0.i25.78ff2908MBBelt\">\n<div class=\"structure-row\">\n<h3>Sp\u00e9cifications<\/h3>\n<\/div>\n<\/div>\n<div>\n<table width=\"788\">\n<tbody>\n<tr>\n<td width=\"197\">Mod\u00e8le<\/td>\n<td width=\"591\">LL-GPOLT-XE-G02<\/td>\n<\/tr>\n<tr>\n<td>Lieu de production<\/td>\n<td>FABRIQU\u00c9 EN CHINE<\/td>\n<\/tr>\n<tr>\n<td rowspan=\"2\" width=\"197\">Port<\/td>\n<td width=\"591\">2 * port GPON ; 2 * 10\/100\/1000M Base-T ;<\/td>\n<\/tr>\n<tr>\n<td width=\"591\">2*1000M Base-X SFP\/2*10GE SFP+ ; double alimentation en option<\/td>\n<\/tr>\n<tr>\n<td width=\"197\">Capacit\u00e9 d'\u00e9change<\/td>\n<td width=\"591\">51,5 Gbps<\/td>\n<\/tr>\n<tr>\n<td width=\"197\">Taux de transmission des paquets<\/td>\n<td width=\"591\">59.7Mpps<\/td>\n<\/tr>\n<tr>\n<td width=\"197\">M\u00e9moire et stockage<\/td>\n<td width=\"591\">M\u00e9moire : 32MB ; Stockage : 512 MO<\/td>\n<\/tr>\n<tr>\n<td width=\"197\">Port de gestion<\/td>\n<td width=\"591\">1*port de console ; 1*port de gestion<\/td>\n<\/tr>\n<tr>\n<td rowspan=\"6\" width=\"197\">PON<\/td>\n<td width=\"591\">Conforme aux normes ITU-T G.984\/G.988<\/td>\n<\/tr>\n<tr>\n<td width=\"591\">20 km de distance diff\u00e9rentielle physique, 60 km de distance logique<\/td>\n<\/tr>\n<tr>\n<td width=\"591\">Rapport de fractionnement maximal de 1:128<\/td>\n<\/tr>\n<tr>\n<td width=\"591\">Fonctions de gestion standard de l'OMCI<\/td>\n<\/tr>\n<tr>\n<td width=\"591\">Compatible avec toutes les marques d'ONT<\/td>\n<\/tr>\n<tr>\n<td width=\"591\">Prise en charge des mises \u00e0 jour logicielles par lots pour les ONU<\/td>\n<\/tr>\n<tr>\n<td width=\"197\">Ventilateur<\/td>\n<td width=\"591\">2* Ventilateurs fixes<\/td>\n<\/tr>\n<tr>\n<td rowspan=\"2\" width=\"197\">Puissance<\/td>\n<td width=\"591\">AC : 100\uff5e240V, 47\/63Hz\uff1b.<\/td>\n<\/tr>\n<tr>\n<td width=\"591\">DC : 12V<\/td>\n<\/tr>\n<tr>\n<td width=\"197\">Consommation \u00e9lectrique<\/td>\n<td width=\"591\">\u226430W<\/td>\n<\/tr>\n<tr>\n<td width=\"197\">Dimensions<\/td>\n<td rowspan=\"2\" width=\"591\">265mm*180mm*40mm<\/td>\n<\/tr>\n<tr>\n<td width=\"197\">(L * P * H)<\/td>\n<\/tr>\n<tr>\n<td rowspan=\"2\" width=\"197\">Temp\u00e9rature de l'environnement<\/td>\n<td width=\"591\">Temp\u00e9rature de fonctionnement\uff1a-10\u2103\uff5e55\u2103<\/td>\n<\/tr>\n<tr>\n<td width=\"591\">Temp\u00e9rature de stockage\uff1a-40\u2103\uff5e70\u2103<\/td>\n<\/tr>\n<tr>\n<td rowspan=\"2\" width=\"197\">Environnement Humidit\u00e9<\/td>\n<td width=\"591\">Humidit\u00e9 de fonctionnement : 10%\uff5e95% (sans condensation)<\/td>\n<\/tr>\n<tr>\n<td width=\"591\">Humidit\u00e9 de stockage : 10%\uff5e95% (sans condensation)<\/td>\n<\/tr>\n<tr>\n<td rowspan=\"2\" width=\"197\">VLAN<\/td>\n<td width=\"591\">Prise en charge de 4K VLAN 802.1Q<\/td>\n<\/tr>\n<tr>\n<td width=\"591\">Prise en charge de la fonctionnalit\u00e9 VLAN \u00e0 double \u00e9tiquette, y compris QinQ statique bas\u00e9 sur les ports et QinQ flexible.<\/td>\n<\/tr>\n<tr>\n<td rowspan=\"4\" width=\"197\">MAC<\/td>\n<td width=\"591\">Prise en charge de 16 000 entr\u00e9es dans la table d'adresses MAC<\/td>\n<\/tr>\n<tr>\n<td width=\"591\">Prise en charge de la configuration statique de l'adresse MAC<\/td>\n<\/tr>\n<tr>\n<td width=\"591\">Prise en charge du filtrage des adresses MAC en trou noir<\/td>\n<\/tr>\n<tr>\n<td width=\"591\">Prise en charge des limites d'adresses MAC bas\u00e9es sur le port<\/td>\n<\/tr>\n<tr>\n<td rowspan=\"3\" width=\"197\">Protocole de r\u00e9seau en anneau<\/td>\n<td width=\"591\">Supporte STP\/RSTP\/MSTP<\/td>\n<\/tr>\n<tr>\n<td width=\"591\">Prise en charge de la commutation de protection de l'anneau Ethernet ERPS<\/td>\n<\/tr>\n<tr>\n<td width=\"591\">Prise en charge de la d\u00e9tection de bouclage d\u00e9tection de bouclage du port<\/td>\n<\/tr>\n<tr>\n<td rowspan=\"3\" width=\"197\">Contr\u00f4le du port<\/td>\n<td width=\"591\">Prise en charge du contr\u00f4le bidirectionnel de la largeur de bande<\/td>\n<\/tr>\n<tr>\n<td width=\"591\">Suppression des temp\u00eates sur les ports<\/td>\n<\/tr>\n<tr>\n<td width=\"591\">Prise en charge du transfert de trames ultra-longues 9K Jumbo<\/td>\n<\/tr>\n<tr>\n<td rowspan=\"3\" width=\"197\">Agr\u00e9gation de ports<\/td>\n<td width=\"591\">Prise en charge de l'agr\u00e9gation de liens statiques<\/td>\n<\/tr>\n<tr>\n<td width=\"591\">Prise en charge du protocole LACP dynamique<\/td>\n<\/tr>\n<tr>\n<td width=\"591\">Chaque groupe d'agr\u00e9gation prend en charge un maximum de 8 ports<\/td>\n<\/tr>\n<tr>\n<td rowspan=\"3\" width=\"197\">ACL<\/td>\n<td width=\"591\">Prise en charge des listes de contr\u00f4le d'acc\u00e8s standard et \u00e9tendues<\/td>\n<\/tr>\n<tr>\n<td width=\"591\">Prise en charge des politiques ACL bas\u00e9es sur le temps (Time Range)<\/td>\n<\/tr>\n<tr>\n<td width=\"591\">Permet de classer et de d\u00e9finir les flux en fonction des informations d'en-t\u00eate des paquets IP, telles que l'adresse MAC source\/destination, le VLAN, 802.1p, ToS, DSCP, l'adresse IP source\/destination, le num\u00e9ro de port L4 et le type de protocole.<\/td>\n<\/tr>\n<tr>\n<td rowspan=\"5\" width=\"197\">Qos<\/td>\n<td width=\"591\">Prise en charge de la fonction de limitation du d\u00e9bit sur la base d'un flux commercial personnalis\u00e9<\/td>\n<\/tr>\n<tr>\n<td width=\"591\">Prise en charge des fonctions de mise en miroir et de redirection bas\u00e9es sur des flux commerciaux personnalis\u00e9s<\/td>\n<\/tr>\n<tr>\n<td width=\"591\">Prise en charge du marquage prioritaire bas\u00e9 sur le flux de service personnalis\u00e9, prise en charge des priorit\u00e9s 802.1P et DSCP<\/td>\n<\/tr>\n<tr>\n<td width=\"591\">Capacit\u00e9 de remarque Prise en charge de la fonction d'ordonnancement prioritaire bas\u00e9e sur le port<\/td>\n<\/tr>\n<tr>\n<td width=\"591\">Prise en charge des algorithmes de planification des files d'attente tels que SP\/WRR\/SP+WRR<\/td>\n<\/tr>\n<tr>\n<td rowspan=\"12\" width=\"197\">S\u00e9curit\u00e9<\/td>\n<td width=\"591\">Gestion hi\u00e9rarchique des utilisateurs et protection par mot de passe<\/td>\n<\/tr>\n<tr>\n<td width=\"591\">Prise en charge de l'authentification IEEE 802.1X\/authentification centralis\u00e9e de l'adresse MAC<\/td>\n<\/tr>\n<tr>\n<td width=\"591\">Prise en charge de l'authentification Radius et TACACS+.<\/td>\n<\/tr>\n<tr>\n<td width=\"591\">Prise en charge de la limite d'apprentissage de l'adresse MAC<\/td>\n<\/tr>\n<tr>\n<td width=\"591\">Prise en charge de la fonctionnalit\u00e9 blackhole MAC<\/td>\n<\/tr>\n<tr>\n<td width=\"591\">Prise en charge de SSH 2.0, fournissant un canal crypt\u00e9 s\u00e9curis\u00e9 pour la connexion de l'utilisateur<\/td>\n<\/tr>\n<tr>\n<td width=\"591\">Prise en charge de la gestion crypt\u00e9e SNMP v3<\/td>\n<\/tr>\n<tr>\n<td width=\"591\">Prise en charge de l'isolation des ports, avec isolation mat\u00e9rielle des messages entre les ports<\/td>\n<\/tr>\n<tr>\n<td width=\"591\">Prise en charge de la limitation du d\u00e9bit des messages de diffusion<\/td>\n<\/tr>\n<tr>\n<td width=\"591\">Prise en charge de l'IP Source Guard, de la cr\u00e9ation automatique d'une table de liaison IP+MAC+port+VLAN et de la liaison manuelle des entr\u00e9es de la table.<\/td>\n<\/tr>\n<tr>\n<td width=\"591\">Suppression automatique des attaques par inondation ARP et protection contre l'usurpation d'adresse ARP<\/td>\n<\/tr>\n<tr>\n<td width=\"591\">Prise en charge de la protection contre diverses attaques DoS cibl\u00e9es sur le processeur et contre les attaques de virus au niveau du plan de contr\u00f4le.<\/td>\n<\/tr>\n<tr>\n<td rowspan=\"5\" width=\"197\">Routage de la couche 3<\/td>\n<td width=\"591\">Favorise l'apprentissage et le vieillissement de l'ARP<\/td>\n<\/tr>\n<tr>\n<td width=\"591\">Prise en charge de la cr\u00e9ation d'interfaces VLAN de couche 3 et de la configuration d'adresses IPv4\/IPv6 statiques<\/td>\n<\/tr>\n<tr>\n<td width=\"591\">Prise en charge de la configuration d'itin\u00e9raires statiques<\/td>\n<\/tr>\n<tr>\n<td width=\"591\">Prise en charge des fonctions du protocole RIP\/OSPF<\/td>\n<\/tr>\n<tr>\n<td width=\"591\">Prise en charge des fonctions du protocole VRRP<\/td>\n<\/tr>\n<tr>\n<td rowspan=\"11\" width=\"197\">Gestion du syst\u00e8me<\/td>\n<td width=\"591\">Prise en charge de la configuration de la ligne de commande Console\/Telnet\/SSH 2.0<\/td>\n<\/tr>\n<tr>\n<td width=\"591\">Gestion de la configuration via un navigateur web<\/td>\n<\/tr>\n<tr>\n<td width=\"591\">Prise en charge de la gestion du chargement\/t\u00e9l\u00e9chargement de fichiers FTP et TFTP<\/td>\n<\/tr>\n<tr>\n<td width=\"591\">Prise en charge de SNMP v1\/v2\/v3<\/td>\n<\/tr>\n<tr>\n<td width=\"591\">Prise en charge de RMON<\/td>\n<\/tr>\n<tr>\n<td width=\"591\">Prise en charge de la synchronisation de l'horloge SNTP<\/td>\n<\/tr>\n<tr>\n<td width=\"591\">Prise en charge des journaux d'exploitation du syst\u00e8me<\/td>\n<\/tr>\n<tr>\n<td width=\"591\">Prise en charge du protocole LLDP (Link Layer Discovery Protocol) pour la d\u00e9couverte des appareils voisins.<\/td>\n<\/tr>\n<tr>\n<td width=\"591\">Prise en charge de la norme 802.3ah Ethernet OAM (op\u00e9rations, administration et maintenance)<\/td>\n<\/tr>\n<tr>\n<td width=\"591\">Prise en charge de la fonctionnalit\u00e9 Syslog RFC 3164<\/td>\n<\/tr>\n<tr>\n<td width=\"591\">Prise en charge de Ping et Traceroute<\/td>\n<\/tr>\n<\/tbody>\n<\/table>\n<\/div>\n<\/div>","protected":false},"excerpt":{"rendered":"<ul>\n<li>LL-GPOLT-XE-G02, 2 PON GPON OLT max 256 Clients<\/li>\n<li>2 * port GPON ; 2 * 10\/100\/1000M Base-T<\/li>\n<li>2*1000M Base-X SFP\/2*10GE SFP+<\/li>\n<li>Prise en charge de la reconnaissance automatique, de la d\u00e9couverte automatique et de l'autorisation de l'ONU<\/li>\n<li>Prise en charge du r\u00e9seau local virtuel (VLAN)<\/li>\n<\/ul>","protected":false},"featured_media":18761,"comment_status":"open","ping_status":"closed","template":"","meta":[],"product_brand":[],"product_cat":[360],"product_tag":[1087,229,1086],"class_list":{"0":"post-18754","1":"product","2":"type-product","3":"status-publish","4":"has-post-thumbnail","6":"product_cat-gpon-olt","7":"product_tag-2-pon-gpon-olt","8":"product_tag-gpon-olt","9":"product_tag-ll-gpolt-xe-g02","11":"first","12":"instock","13":"shipping-taxable","14":"purchasable","15":"product-type-variable","16":"has-default-attributes"},"_links":{"self":[{"href":"https:\/\/www.luleey.com\/fr\/wp-json\/wp\/v2\/product\/18754","targetHints":{"allow":["GET"]}}],"collection":[{"href":"https:\/\/www.luleey.com\/fr\/wp-json\/wp\/v2\/product"}],"about":[{"href":"https:\/\/www.luleey.com\/fr\/wp-json\/wp\/v2\/types\/product"}],"replies":[{"embeddable":true,"href":"https:\/\/www.luleey.com\/fr\/wp-json\/wp\/v2\/comments?post=18754"}],"wp:featuredmedia":[{"embeddable":true,"href":"https:\/\/www.luleey.com\/fr\/wp-json\/wp\/v2\/media\/18761"}],"wp:attachment":[{"href":"https:\/\/www.luleey.com\/fr\/wp-json\/wp\/v2\/media?parent=18754"}],"wp:term":[{"taxonomy":"product_brand","embeddable":true,"href":"https:\/\/www.luleey.com\/fr\/wp-json\/wp\/v2\/product_brand?post=18754"},{"taxonomy":"product_cat","embeddable":true,"href":"https:\/\/www.luleey.com\/fr\/wp-json\/wp\/v2\/product_cat?post=18754"},{"taxonomy":"product_tag","embeddable":true,"href":"https:\/\/www.luleey.com\/fr\/wp-json\/wp\/v2\/product_tag?post=18754"}],"curies":[{"name":"wp","href":"https:\/\/api.w.org\/{rel}","templated":true}]}}