{"id":18779,"date":"2025-08-03T10:38:42","date_gmt":"2025-08-03T02:38:42","guid":{"rendered":"https:\/\/www.luleey.com\/?post_type=product&#038;p=18779"},"modified":"2026-03-26T10:24:10","modified_gmt":"2026-03-26T02:24:10","slug":"xgspon-stick-onu-sfp-transceiverxgpon-onu-ll-xs1010","status":"publish","type":"product","link":"https:\/\/www.luleey.com\/fr\/produit-2\/xgspon-stick-onu-sfp-transceiverxgpon-onu-ll-xs1010\/","title":{"rendered":"XGSPON STICK ONU SFP+ Transceiver,XGPON ONU, LL-XS1010"},"content":{"rendered":"<p id=\"wd-d2e83ba1\" class=\"wp-block-wd-paragraph\"><\/p>\n\n\n\n<figure class=\"wp-block-table\"><table class=\"has-fixed-layout\"><tbody><tr><td>Nom du produit<\/td><td>\u00c9metteur-r\u00e9cepteur SFP+ XGSPON STICK ONU<\/td><\/tr><tr><td>Marque<\/td><td>LuLeey<\/td><\/tr><tr><td>Mod\u00e8le<\/td><td>LL-xs1010<\/td><\/tr><tr><td>Chips<\/td><td>MaxLinear PRX126<\/td><\/tr><tr><td>RAM<\/td><td>1G<\/td><\/tr><\/tbody><\/table><\/figure>\n\n\n\n<ul class=\"wp-block-list\">\n<li>Module Stick XGS-PON SFP+ personnalis\u00e9, supportant le firmware de la communaut\u00e9 8311.<\/li>\n\n\n\n<li>Haute performance avec 1 Go de RAM<\/li>\n\n\n\n<li>Largement utilis\u00e9 par les fournisseurs de services de t\u00e9l\u00e9communications am\u00e9ricains, canadiens et britanniques, tels que AT&amp;T, Orange Business et TELUS.<\/li>\n\n\n\n<li>Support modifyPON Serial Number (ONT ID)\/Vendor ID\/Equipment ID\/Logical ONU ID\/Logical Password\/MAC.....<\/li>\n\n\n\n<li>Prise en charge de la solution de r\u00e9seau XGS-PON\/XGPON<\/li>\n<\/ul>\n\n\n\n<p id=\"wd-b1a542b0\" class=\"wp-block-wd-paragraph\"><a href=\"https:\/\/www.luleey.com\/fr\/amazing-10g-xgs-pon-stick-xgpon-sfp-onu-ll-xs1025\/\">comment l'utiliser<\/a><\/p>\n\n\n\n<p id=\"wd-2f2af276\" class=\"wp-block-wd-paragraph\"><strong>Caract\u00e9ristiques du produit<\/strong><\/p>\n\n\n\n<ul class=\"wp-block-list\">\n<li>\u00c9metteur-r\u00e9cepteur ONU XGS-PON \u00e0 fibre unique<\/li>\n\n\n\n<li>\u00c9metteur de 9,953 Gb\/s en mode rafale \u00e0 1270 nm avec laser DFB<\/li>\n\n\n\n<li>R\u00e9cepteur APD-TIA \u00e0 mode continu 1577nm 9,953Gb\/s<\/li>\n\n\n\n<li>Paquet SFP+ avec connecteur UPC SC<\/li>\n\n\n\n<li>Surveillance diagnostique num\u00e9rique (DDM) avec \u00e9talonnage interne<\/li>\n\n\n\n<li>0 \u00e0 70\u00b0C temp\u00e9rature de fonctionnement du bo\u00eetier<\/li>\n\n\n\n<li>Alimentation s\u00e9par\u00e9e +3,3V, faible dissipation de puissance<\/li>\n\n\n\n<li>Conforme \u00e0 SFF-8431\/SFF-8472\/ GR-468<\/li>\n\n\n\n<li>Conforme \u00e0 la norme MIL-STD-883<\/li>\n\n\n\n<li>FCC Partie 15 Classe B\/EN55022 Classe B (CISPR 22B) \/ VCCI Classe B<\/li>\n\n\n\n<li>Conformit\u00e9 \u00e0 la norme de s\u00e9curit\u00e9 laser de classe I IEC-60825<\/li>\n\n\n\n<li>Conformit\u00e9 RoHS-6<\/li>\n<\/ul>\n\n\n\n<p id=\"wd-13bb8fb7\" class=\"wp-block-wd-paragraph\"><strong>Caract\u00e9ristiques du logiciel<\/strong><\/p>\n\n\n\n<ul class=\"wp-block-list\">\n<li>Conforme \u00e0 la norme ITU-T G.988 OMCI Management<\/li>\n\n\n\n<li>Prise en charge de 4K entr\u00e9es MAC<\/li>\n\n\n\n<li>Supporte IGMPv3\/MLDv2 et 512 entr\u00e9es d'adresses IP multicast<\/li>\n\n\n\n<li>Prise en charge de fonctions de donn\u00e9es avanc\u00e9es telles que la manipulation des balises VLAN, la classification et le filtrage.<\/li>\n\n\n\n<li>Prise en charge de la fonction \u201cPlug-and-play\u201d gr\u00e2ce \u00e0 la d\u00e9couverte automatique et \u00e0 la configuration<\/li>\n\n\n\n<li>Prise en charge de la d\u00e9tection d'ONU voyous<\/li>\n\n\n\n<li>Transfert de donn\u00e9es \u00e0 la vitesse du fil pour toutes les tailles de paquets<\/li>\n\n\n\n<li>Prise en charge des trames Jumbo jusqu'\u00e0 9840 octets<\/li>\n<\/ul>\n\n\n\n<p id=\"wd-0dceb00b\" class=\"wp-block-wd-paragraph\"><strong>Description g\u00e9n\u00e9rale<\/strong><\/p>\n\n\n\n<p id=\"wd-8981c4cb\" class=\"wp-block-wd-paragraph\">La cl\u00e9 ONU XGS-PON est un terminal de r\u00e9seau optique (ONT) avec un bo\u00eetier SFP+ (Small Form-Factor Pluggable). La cl\u00e9 ONU XGS-PON int\u00e8gre une fonction d'\u00e9metteur-r\u00e9cepteur optique bidirectionnel (max. 10 Gbit\/s) et une fonction de deuxi\u00e8me couche. En se branchant directement sur l'\u00e9quipement du client (CPE) avec un port SFP standard, la cl\u00e9 ONU XGS-PON fournit une liaison multi-protocole au CPE sans n\u00e9cessiter d'alimentation s\u00e9par\u00e9e.<\/p>\n\n\n\n<p id=\"wd-78130583\" class=\"wp-block-wd-paragraph\">L'\u00e9metteur est con\u00e7u pour les fibres monomodes et fonctionne \u00e0 une longueur d'onde de 1270nm. L'\u00e9metteur utilise une diode laser DFB et est enti\u00e8rement conforme \u00e0 la norme IEC-60825 et \u00e0 la classe 1 de s\u00e9curit\u00e9 oculaire du CDRH. Il contient des fonctions APC, un circuit de compensation de temp\u00e9rature pour assurer la conformit\u00e9 avec les exigences ITU-T G.9807 \u00e0 la temp\u00e9rature de fonctionnement.<\/p>\n\n\n\n<p id=\"wd-dbedb9f9\" class=\"wp-block-wd-paragraph\">La section r\u00e9ceptrice utilise un APD-TIA (APD avec amplificateur de trans-imp\u00e9dance) emball\u00e9 herm\u00e9tiquement et un amplificateur de limitation. L'APD convertit la puissance optique en courant \u00e9lectrique et le courant est transform\u00e9 en tension par l'amplificateur de trans-imp\u00e9dance. Les signaux diff\u00e9rentiels sont produits par l'amplificateur limiteur. L'APD-TIA est coupl\u00e9 en courant alternatif \u00e0 l'amplificateur limiteur \u00e0 travers un filtre passe-bas.<\/p>\n\n\n\n<p id=\"wd-a3a6a909\" class=\"wp-block-wd-paragraph\">Le stick ONU XGS-PON supporte un syst\u00e8me de gestion ONT sophistiqu\u00e9, incluant les alarmes, le provisionnement, les fonctions DHCP et IGMP pour une solution IPTV autonome \u00e0 l'ONT. Il peut \u00eatre g\u00e9r\u00e9 \u00e0 partir de l'OLT en utilisant G.988 OMCI.<\/p>\n\n\n\n<p id=\"wd-27842e82\" class=\"wp-block-wd-paragraph\"><a><strong>Sch\u00e9ma fonctionnel<\/strong><\/a><\/p>\n\n\n\n<figure class=\"wp-block-image size-full\"><img loading=\"lazy\" decoding=\"async\" width=\"969\" height=\"348\" src=\"https:\/\/www.luleey.com\/wp-content\/uploads\/2025\/08\/image.png\" alt=\"\" class=\"wp-image-18790\" title=\"\" srcset=\"https:\/\/www.luleey.com\/wp-content\/uploads\/2025\/08\/image.png 969w, https:\/\/www.luleey.com\/wp-content\/uploads\/2025\/08\/image-800x287.png 800w, https:\/\/www.luleey.com\/wp-content\/uploads\/2025\/08\/image-768x276.png 768w, https:\/\/www.luleey.com\/wp-content\/uploads\/2025\/08\/image-18x6.png 18w, https:\/\/www.luleey.com\/wp-content\/uploads\/2025\/08\/image-150x54.png 150w\" sizes=\"auto, (max-width: 969px) 100vw, 969px\" \/><\/figure>\n\n\n\n<p id=\"wd-a3d6a69f\" class=\"wp-block-wd-paragraph\"><strong>Figure 1 Sch\u00e9ma fonctionnel<\/strong><\/p>\n\n\n\n<p id=\"wd-9d94d40e\" class=\"wp-block-wd-paragraph\"><strong>Valeurs maximales absolues<\/strong><\/p>\n\n\n\n<figure class=\"wp-block-table\"><table class=\"has-fixed-layout\"><tbody><tr><td><strong>Param\u00e8tres<\/strong><\/td><td><strong>Symbole<\/strong><\/td><td><strong>Min<\/strong><\/td><td><strong>Max<\/strong><\/td><td><strong>Unit\u00e9<\/strong><\/td><td><strong>Note<\/strong><\/td><\/tr><tr><td>Temp\u00e9rature ambiante de stockage<\/td><td>T<sub>STG<\/sub><\/td><td>-40<\/td><td>85<\/td><td>\u00b0C<\/td><td>&nbsp;<\/td><\/tr><tr><td>Temp\u00e9rature de fonctionnement du bo\u00eetier<\/td><td>T<sub>c<\/sub><\/td><td>0<\/td><td>70<\/td><td>\u00b0C<\/td><td>C-Temp<\/td><\/tr><tr><td>Humidit\u00e9 relative<\/td><td>RH<\/td><td>5<\/td><td>85<\/td><td>%<\/td><td>&nbsp;<\/td><\/tr><tr><td>Tension d'alimentation<\/td><td>V<sub>CC<\/sub><\/td><td>0<\/td><td>3.63<\/td><td>V<\/td><td>&nbsp;<\/td><\/tr><\/tbody><\/table><\/figure>\n\n\n\n<p id=\"wd-d9e57dee\" class=\"wp-block-wd-paragraph\"><strong>Conditions de fonctionnement recommand\u00e9es<\/strong><\/p>\n\n\n\n<figure class=\"wp-block-table\"><table class=\"has-fixed-layout\"><thead><tr><td><strong>Param\u00e8tres<\/strong><\/td><td><strong>Symbole<\/strong><\/td><td><strong>Min<\/strong><\/td><td><strong>Typique<\/strong><\/td><td><strong>Max<\/strong><\/td><td><strong>Unit\u00e9<\/strong><\/td><td><strong>Note<\/strong><\/td><\/tr><\/thead><tbody><tr><td>Tension de fonctionnement<\/td><td>V<sub>CC<\/sub><\/td><td>3.14<\/td><td>3.3<\/td><td>3.46<\/td><td>V<\/td><td>&nbsp;<\/td><\/tr><tr><td>Dissipation de puissance<\/td><td>PD<\/td><td>&nbsp;<\/td><td>&nbsp;<\/td><td>3<\/td><td>W<\/td><td>&nbsp;<\/td><\/tr><tr><td>Temp\u00e9rature de fonctionnement du bo\u00eetier<\/td><td>T<sub>c<\/sub><\/td><td>0<\/td><td>&nbsp;<\/td><td>70<\/td><td>\u00b0C<\/td><td>C-Temp<\/td><\/tr><tr><td>Plage d'humidit\u00e9 de fonctionnement<\/td><td>OH<\/td><td>5<\/td><td>&nbsp;<\/td><td>85<\/td><td>%<\/td><td>&nbsp;<\/td><\/tr><tr><td>D\u00e9bit binaire (TX)<\/td><td>&nbsp;<\/td><td>&nbsp;<\/td><td>9.953<\/td><td>&nbsp;<\/td><td>Gbit\/s<\/td><td>&nbsp;<\/td><\/tr><tr><td>D\u00e9bit binaire (TX)<\/td><td>&nbsp;<\/td><td>&nbsp;<\/td><td>9.953<\/td><td>&nbsp;<\/td><td>Gbit\/s<\/td><td>&nbsp;<\/td><\/tr><tr><td>Distance de transmission<\/td><td>&nbsp;<\/td><td>-<\/td><td>-<\/td><td>20<\/td><td>KM<\/td><td>&nbsp;<\/td><\/tr><\/tbody><\/table><\/figure>\n\n\n\n<p id=\"wd-c2b7b11b\" class=\"wp-block-wd-paragraph\"><strong>Caract\u00e9ristiques optiques<\/strong><\/p>\n\n\n\n<figure class=\"wp-block-table\"><table class=\"has-fixed-layout\"><thead><tr><td colspan=\"7\"><strong>\u00c9metteur 10G<\/strong><strong><\/strong><\/td><\/tr><tr><td><strong>Param\u00e8tres<\/strong><\/td><td><strong>Symbole<\/strong><\/td><td><strong>Min<\/strong><\/td><td><strong>Typique<\/strong><\/td><td><strong>Max<\/strong><\/td><td><strong>Unit\u00e9<\/strong><\/td><td><strong>Note<\/strong><\/td><\/tr><tr><td>Gamme de longueur d'onde centrale<\/td><td>\u03bb<sub>C<\/sub><\/td><td>1260<\/td><td>1270<\/td><td>1280<\/td><td>nm<\/td><td>&nbsp;<\/td><\/tr><tr><td>Rapport de suppression du mode lat\u00e9ral<\/td><td>SMSR<\/td><td>30<\/td><td>&nbsp;<\/td><td>&nbsp;<\/td><td>dB<\/td><td>&nbsp;<\/td><\/tr><tr><td>Largeur spectrale (-20dB)<\/td><td>\u2206\u03bb<\/td><td>&nbsp;<\/td><td>&nbsp;<\/td><td>1<\/td><td>nm<\/td><td>&nbsp;<\/td><\/tr><tr><td>Puissance optique moyenne de lancement<\/td><td>P<sub>OUT<\/sub><\/td><td>+5<\/td><td>&nbsp;<\/td><td>+9<\/td><td>dBm<\/td><td rowspan=\"2\">1<\/td><\/tr><tr><td>Power-OFF Puissance optique de l'\u00e9metteur<\/td><td>P<sub>OFF<\/sub><\/td><td>&nbsp;<\/td><td>&nbsp;<\/td><td>-45<\/td><td>dBm<\/td><\/tr><tr><td>Rapport d'extinction<\/td><td>ER<\/td><td>6<\/td><td>&nbsp;<\/td><td>&nbsp;<\/td><td>dB<\/td><td>&nbsp;<\/td><\/tr><tr><td>Diagramme de forme d'onde optique<\/td><td colspan=\"5\">Conforme \u00e0 la norme ITU-T G.9807.1<\/td><td>&nbsp;<\/td><\/tr><tr><td colspan=\"7\"><strong>R\u00e9cepteur 10G<\/strong><strong><\/strong><\/td><\/tr><tr><td>Gamme de longueur d'onde centrale<\/td><td>&nbsp;<\/td><td>1570<\/td><td>1577<\/td><td>1580<\/td><td>nm &nbsp;<\/td><td>&nbsp;<\/td><\/tr><tr><td>Surcharge<\/td><td>PSAT<\/td><td>-8<\/td><td>-<\/td><td>-<\/td><td>dBm<\/td><td>&nbsp;<\/td><\/tr><tr><td>Sensibilit\u00e9 (BOL pleine temp\u00e9rature)<\/td><td>Sen<\/td><td>-<\/td><td>-<\/td><td>-28.5<\/td><td>dBm<\/td><td>2<\/td><\/tr><tr><td>Taux d'erreur sur les bits<\/td><td>&nbsp;<\/td><td colspan=\"3\">10E-3<\/td><td>&nbsp;<\/td><td>&nbsp;<\/td><\/tr><tr><td>Perte de signal Niveau d'affirmation<\/td><td>P<sub>LOSA<\/sub><\/td><td>-45<\/td><td>-<\/td><td>-<\/td><td>dBm<\/td><td>&nbsp;<\/td><\/tr><tr><td>Perte de signal Niveau de d\u00e9sassert<\/td><td>P<sub>LOSD<\/sub><\/td><td>-<\/td><td>-<\/td><td>-30<\/td><td>dBm<\/td><td>&nbsp;<\/td><\/tr><tr><td>Hyst\u00e9r\u00e9sis LOS<\/td><td>&nbsp;<\/td><td>1<\/td><td>-<\/td><td>5<\/td><td>dBm<\/td><td>&nbsp;<\/td><\/tr><tr><td>R\u00e9flexion du r\u00e9cepteur<\/td><td>&nbsp;<\/td><td>-<\/td><td>-<\/td><td>-20<\/td><td>dB<\/td><td>&nbsp;<\/td><\/tr><tr><td>Isolation (1400~1560nm)<\/td><td>&nbsp;<\/td><td>35<\/td><td>&nbsp;<\/td><td>&nbsp;<\/td><td>dB<\/td><td>&nbsp;<\/td><\/tr><tr><td>Isolation(1600~1675nm)<\/td><td>&nbsp;<\/td><td>35<\/td><td>&nbsp;<\/td><td>&nbsp;<\/td><td>dB<\/td><td>&nbsp;<\/td><\/tr><tr><td>Isolation(1575~1580nm)<\/td><td>&nbsp;<\/td><td>34.5<\/td><td>&nbsp;<\/td><td>&nbsp;<\/td><td>dB<\/td><td>&nbsp;<\/td><\/tr><\/thead><\/table><\/figure>\n\n\n\n<p id=\"wd-a106e64e\" class=\"wp-block-wd-paragraph\">Note 1 : Lanc\u00e9 dans une fibre monomode 9\/125um.<\/p>\n\n\n\n<p id=\"wd-c28eb775\" class=\"wp-block-wd-paragraph\">Note 2 : Mesur\u00e9 avec une mire PRBS 2^31-1 @9.9532Gbps et ER=6dB, BER \u226410-3.<\/p>\n\n\n\n<p id=\"wd-ea574766\" class=\"wp-block-wd-paragraph\"><strong>Caract\u00e9ristiques \u00e9lectriques<\/strong><\/p>\n\n\n\n<figure class=\"wp-block-table\"><table class=\"has-fixed-layout\"><thead><tr><td colspan=\"7\"><strong>\u00c9metteur<\/strong><strong><\/strong><\/td><\/tr><tr><td><strong>Param\u00e8tres<\/strong><\/td><td><strong>Symbole<\/strong><\/td><td><strong>Min<\/strong><\/td><td><strong>Typique<\/strong><\/td><td><strong>Max<\/strong><\/td><td><strong>Unit\u00e9<\/strong><\/td><td><strong>Notes<\/strong><\/td><\/tr><tr><td>Entr\u00e9e de donn\u00e9es Swing diff\u00e9rentiel<\/td><td>V<sub>IN<\/sub><\/td><td>100<\/td><td>&nbsp;<\/td><td>1000<\/td><td>mV<sub>p-p<\/sub><\/td><td>&nbsp;<\/td><\/tr><tr><td>Imp\u00e9dance diff\u00e9rentielle d'entr\u00e9e<\/td><td>Z<sub>IN<\/sub><\/td><td>90<\/td><td>100<\/td><td>110<\/td><td>\u03a9<\/td><td>&nbsp;<\/td><\/tr><tr><td>Tension de d\u00e9sactivation de l'\u00e9metteur - basse<\/td><td>V<sub>L<\/sub><\/td><td>0<\/td><td>-<\/td><td>0.8<\/td><td>V<\/td><td>&nbsp;<\/td><\/tr><tr><td>Tension de d\u00e9sactivation de l'\u00e9metteur - Haute<\/td><td>V<sub>H<\/sub><\/td><td>2.0<\/td><td>-<\/td><td>V<sub>CC<\/sub><\/td><td>V<\/td><td>&nbsp;<\/td><\/tr><tr><td>Temps d'allumage de l'\u00e9clatement<\/td><td>T<sub>BURST_ON<\/sub><\/td><td>-<\/td><td>-<\/td><td>512<\/td><td>ns<\/td><td>&nbsp;<\/td><\/tr><tr><td>Temps d'arr\u00eat de la rafale<\/td><td>T<sub>BURST_OFF<\/sub><\/td><td>-<\/td><td>-<\/td><td>512<\/td><td>ns<\/td><td>&nbsp;<\/td><\/tr><tr><td>Temps d'activation du d\u00e9faut TX<\/td><td>T<sub>FAULT_ON<\/sub><\/td><td>-<\/td><td>-<\/td><td>50<\/td><td>ms<\/td><td>&nbsp;<\/td><\/tr><tr><td>Temps de r\u00e9initialisation du d\u00e9faut TX<\/td><td>T<sub>FAULT_RESET<\/sub><\/td><td>10<\/td><td>-<\/td><td>-<\/td><td>nous<\/td><td>&nbsp;<\/td><\/tr><tr><td colspan=\"7\"><strong>R\u00e9cepteur<\/strong><strong><\/strong><\/td><\/tr><tr><td>Sortie de donn\u00e9es Swing diff\u00e9rentiel<\/td><td>&nbsp;<\/td><td>900<\/td><td>1000<\/td><td>1100<\/td><td>mV<\/td><td>&nbsp;<\/td><\/tr><tr><td>Imp\u00e9dance diff\u00e9rentielle de sortie<\/td><td>R<sub>OUT<\/sub><\/td><td>90<\/td><td>100<\/td><td>110<\/td><td>\u03a9<\/td><td>&nbsp;<\/td><\/tr><tr><td>Temps d'affirmation en cas de perte de signal (LOS)<\/td><td>T<sub>LOSA<\/sub><\/td><td>&nbsp;<\/td><td>&nbsp;<\/td><td>100<\/td><td>nous<\/td><td>&nbsp;<\/td><\/tr><tr><td>Perte de signal (LOS) Temps de d\u00e9sasservissement<\/td><td>T<sub>LOSD<\/sub><\/td><td>&nbsp;<\/td><td>&nbsp;<\/td><td>100<\/td><td>nous<\/td><td>&nbsp;<\/td><\/tr><tr><td>LOS basse tension<\/td><td>V<sub>LO<\/sub><\/td><td>0<\/td><td>&nbsp;<\/td><td>0.4<\/td><td>V<\/td><td>&nbsp;<\/td><\/tr><tr><td>LOS haute tension<\/td><td>V<sub>OH<\/sub><\/td><td>2.4<\/td><td>&nbsp;<\/td><td>V<sub>CC<\/sub><\/td><td>V<\/td><td>&nbsp;<\/td><\/tr><\/thead><\/table><\/figure>\n\n\n\n<p id=\"wd-f57ce95e\" class=\"wp-block-wd-paragraph\">Note 1 : Mesur\u00e9 avec un PRBS 2<sup>23<\/sup>Mire -1 @2.488Gbit\/s et ER=9dB, BER =10<sup>-12<\/sup>.<\/p>\n\n\n\n<p id=\"wd-d3de5b48\" class=\"wp-block-wd-paragraph\">Note 2 : Une diminution de la puissance optique au-del\u00e0 du niveau sp\u00e9cifi\u00e9 fera passer la sortie Los d'un \u00e9tat bas \u00e0 un \u00e9tat haut ;<\/p>\n\n\n\n<p id=\"wd-b37dbe3f\" class=\"wp-block-wd-paragraph\">Une augmentation de la puissance optique en dessous du niveau sp\u00e9cifi\u00e9 fera passer la sortie Los d'un \u00e9tat haut \u00e0 un \u00e9tat bas.<\/p>\n\n\n\n<p id=\"wd-3b81b342\" class=\"wp-block-wd-paragraph\">Note 3 : Sortie CML, couplage AC interne, garantie dans toute la gamme de puissance optique d'entr\u00e9e (-8dBm \u00e0 -28dBm).<\/p>\n\n\n\n<p id=\"wd-697007f3\" class=\"wp-block-wd-paragraph\"><strong>Circuit d'alimentation recommand\u00e9 pour la carte h\u00f4te<\/strong><\/p>\n\n\n\n<figure class=\"wp-block-image size-full\"><img loading=\"lazy\" decoding=\"async\" width=\"969\" height=\"390\" src=\"https:\/\/www.luleey.com\/wp-content\/uploads\/2025\/08\/image-1.png\" alt=\"\" class=\"wp-image-18791\" title=\"\" srcset=\"https:\/\/www.luleey.com\/wp-content\/uploads\/2025\/08\/image-1.png 969w, https:\/\/www.luleey.com\/wp-content\/uploads\/2025\/08\/image-1-800x322.png 800w, https:\/\/www.luleey.com\/wp-content\/uploads\/2025\/08\/image-1-768x309.png 768w, https:\/\/www.luleey.com\/wp-content\/uploads\/2025\/08\/image-1-18x7.png 18w, https:\/\/www.luleey.com\/wp-content\/uploads\/2025\/08\/image-1-150x60.png 150w\" sizes=\"auto, (max-width: 969px) 100vw, 969px\" \/><\/figure>\n\n\n\n<p id=\"wd-1507215d\" class=\"wp-block-wd-paragraph\"><strong>Figure 2 Circuit d'alimentation de la carte h\u00f4te recommand\u00e9<\/strong><\/p>\n\n\n\n<p id=\"wd-646395ba\" class=\"wp-block-wd-paragraph\"><strong>Informations sur l'EEPROM<\/strong><\/p>\n\n\n\n<figure class=\"wp-block-image size-full\"><img loading=\"lazy\" decoding=\"async\" width=\"633\" height=\"554\" src=\"https:\/\/www.luleey.com\/wp-content\/uploads\/2025\/08\/image-2.png\" alt=\"\" class=\"wp-image-18792\" title=\"\" srcset=\"https:\/\/www.luleey.com\/wp-content\/uploads\/2025\/08\/image-2.png 633w, https:\/\/www.luleey.com\/wp-content\/uploads\/2025\/08\/image-2-14x12.png 14w, https:\/\/www.luleey.com\/wp-content\/uploads\/2025\/08\/image-2-150x131.png 150w\" sizes=\"auto, (max-width: 633px) 100vw, 633px\" \/><\/figure>\n\n\n\n<p id=\"wd-053261ba\" class=\"wp-block-wd-paragraph\"><strong>Figure 3 Informations sur l'EEPROM<\/strong><\/p>\n\n\n\n<p id=\"wd-c0ffe8da\" class=\"wp-block-wd-paragraph\"><strong>Dimensions m\u00e9caniques<\/strong><\/p>\n\n\n\n<figure class=\"wp-block-image size-full\"><img loading=\"lazy\" decoding=\"async\" width=\"969\" height=\"582\" src=\"https:\/\/www.luleey.com\/wp-content\/uploads\/2025\/08\/image-3.png\" alt=\"\" class=\"wp-image-18793\" title=\"\" srcset=\"https:\/\/www.luleey.com\/wp-content\/uploads\/2025\/08\/image-3.png 969w, https:\/\/www.luleey.com\/wp-content\/uploads\/2025\/08\/image-3-800x480.png 800w, https:\/\/www.luleey.com\/wp-content\/uploads\/2025\/08\/image-3-768x461.png 768w, https:\/\/www.luleey.com\/wp-content\/uploads\/2025\/08\/image-3-18x12.png 18w, https:\/\/www.luleey.com\/wp-content\/uploads\/2025\/08\/image-3-150x90.png 150w\" sizes=\"auto, (max-width: 969px) 100vw, 969px\" \/><\/figure>\n\n\n\n<p id=\"wd-d328771d\" class=\"wp-block-wd-paragraph\"><strong>Figure 4 Sch\u00e9ma du bo\u00eetier (unit\u00e9 : mm)<\/strong><\/p>\n\n\n\n<p id=\"wd-20c93c6b\" class=\"wp-block-wd-paragraph\"><strong>Sch\u00e9ma des broches<\/strong><\/p>\n\n\n\n<figure class=\"wp-block-image size-full\"><img loading=\"lazy\" decoding=\"async\" width=\"699\" height=\"483\" src=\"https:\/\/www.luleey.com\/wp-content\/uploads\/2025\/08\/image-4.png\" alt=\"\" class=\"wp-image-18794\" title=\"\" srcset=\"https:\/\/www.luleey.com\/wp-content\/uploads\/2025\/08\/image-4.png 699w, https:\/\/www.luleey.com\/wp-content\/uploads\/2025\/08\/image-4-18x12.png 18w, https:\/\/www.luleey.com\/wp-content\/uploads\/2025\/08\/image-4-150x104.png 150w\" sizes=\"auto, (max-width: 699px) 100vw, 699px\" \/><\/figure>\n\n\n\n<p id=\"wd-7e068c32\" class=\"wp-block-wd-paragraph\"><strong>Figure 5 Sch\u00e9ma des broches<\/strong><\/p>\n\n\n\n<p id=\"wd-a64af055\" class=\"wp-block-wd-paragraph\"><strong>Broche Description<\/strong><\/p>\n\n\n\n<figure class=\"wp-block-table\"><table class=\"has-fixed-layout\"><thead><tr><td><strong>PIN<\/strong><\/td><td><strong>Nom<\/strong><\/td><td><strong>Description<\/strong><\/td><td><strong>Notes<\/strong><\/td><\/tr><\/thead><tbody><tr><td>1<\/td><td>VeeT<\/td><td>Module Masse de l'\u00e9metteur<\/td><td>&nbsp;<\/td><\/tr><tr><td>2<\/td><td>Tx-Fault\/ToD<\/td><td>D\u00e9faut Tx\/Heure du jour<\/td><td>1<\/td><\/tr><tr><td>3<\/td><td>Tx-Disable<\/td><td>D\u00e9sactivation de l'\u00e9metteur ; \u00e9teint la sortie laser de l'\u00e9metteur<\/td><td>&nbsp;<\/td><\/tr><tr><td>4<\/td><td>SDA<\/td><td>SDA Ligne de donn\u00e9es I2C (MOD-DEF2)<\/td><td>2<\/td><\/tr><tr><td>5<\/td><td>SCL<\/td><td>SCL Ligne d'horloge I2C (MOD-DEF1)<\/td><td>2<\/td><\/tr><tr><td>6<\/td><td>MOD_ABS<\/td><td>Module Absent, connect\u00e9 \u00e0 VeeR ou VeeT dans le module<\/td><td>&nbsp;<\/td><\/tr><tr><td>7<\/td><td>GAZ DE MORT<\/td><td>Indicateur de message Dying Gasp<\/td><td>3<\/td><\/tr><tr><td>8<\/td><td>LOS<\/td><td>Perte de signal<\/td><td>&nbsp;<\/td><\/tr><tr><td>9<\/td><td>VeeR\/1PPS<\/td><td>Masse du r\u00e9cepteur du module\/1 impulsion par seconde<\/td><td>4 1<\/td><\/tr><tr><td>10<\/td><td>VeeR<\/td><td>Masse du r\u00e9cepteur du module<\/td><td>&nbsp;<\/td><\/tr><tr><td>11<\/td><td>VeeR<\/td><td>Masse du r\u00e9cepteur du module<\/td><td>&nbsp;<\/td><\/tr><tr><td>12<\/td><td>RD-<\/td><td>Sortie de donn\u00e9es invers\u00e9es re\u00e7ues<\/td><td>&nbsp;<\/td><\/tr><tr><td>13<\/td><td>RD+<\/td><td>Sortie des donn\u00e9es re\u00e7ues<\/td><td>&nbsp;<\/td><\/tr><tr><td>14<\/td><td>VeeR<\/td><td>Masse du r\u00e9cepteur du module<\/td><td>&nbsp; &nbsp;<\/td><\/tr><tr><td>15<\/td><td>VccR<\/td><td>R\u00e9cepteur de module Alimentation 3,3V<\/td><td>&nbsp;<\/td><\/tr><tr><td>16<\/td><td>VccT<\/td><td>Module Transmetteur Alimentation 3,3V<\/td><td>&nbsp;<\/td><\/tr><tr><td>17<\/td><td>VeeT<\/td><td>Module Masse de l'\u00e9metteur<\/td><td>&nbsp; &nbsp;<\/td><\/tr><tr><td>18<\/td><td>TD+<\/td><td>Entr\u00e9e de donn\u00e9es de l'\u00e9metteur<\/td><td>&nbsp;<\/td><\/tr><tr><td>19<\/td><td>TD-<\/td><td>Entr\u00e9e de donn\u00e9es invers\u00e9e de l'\u00e9metteur<\/td><td>&nbsp;<\/td><\/tr><tr><td>20<\/td><td>VeeT<\/td><td>Module Masse de l'\u00e9metteur<\/td><td>&nbsp;<\/td><\/tr><\/tbody><\/table><\/figure>\n\n\n\n<p id=\"wd-a9d80588\" class=\"wp-block-wd-paragraph\">Notes :<\/p>\n\n\n\n<p id=\"wd-c1886324\" class=\"wp-block-wd-paragraph\">1. Le mode usine par d\u00e9faut est Tx Fault. Pour les applications de type petites cellules, lors de l'activation\/du provisionnement, il sera<\/p>\n\n\n\n<p id=\"wd-24d04260\" class=\"wp-block-wd-paragraph\">logiciel configur\u00e9 pour la ToD.<\/p>\n\n\n\n<p id=\"wd-dc990095\" class=\"wp-block-wd-paragraph\">2. Cette broche est une broche de sortie \u00e0 collecteur ouvert\/drain et doit \u00eatre tir\u00e9e vers le haut avec 4,7K-10K ohms \u00e0 un Host_Vcc sur le<\/p>\n\n\n\n<p id=\"wd-39a46827\" class=\"wp-block-wd-paragraph\">le comit\u00e9 d'accueil.<\/p>\n\n\n\n<p id=\"wd-26117c1e\" class=\"wp-block-wd-paragraph\">3. PIN7 peut prendre en charge la fonction Dying Gasp. La fonction Dying Gasp est g\u00e9r\u00e9e par le logiciel. Si le logiciel d\u00e9sactive la fonction<\/p>\n\n\n\n<p id=\"wd-ab8f936a\" class=\"wp-block-wd-paragraph\">La fonction Gaspillage n'a aucune influence sur le module si la logique est \u201c0\u201d ou \u201c1\u201d. Si le logiciel active la fonction, cela n'a aucune influence sur le module.<\/p>\n\n\n\n<p id=\"wd-7e8206e1\" class=\"wp-block-wd-paragraph\">Si la logique est \u201c1\u201d, le module signale \u00e0 l'OLT qu'il est en train de mourir et le module red\u00e9marre.<\/p>\n\n\n\n<p id=\"wd-7f9b7048\" class=\"wp-block-wd-paragraph\">4. Le mode usine par d\u00e9faut est Veer. Pour les applications de type petites cellules, lors de l'activation\/du provisionnement, il sera logiciel.<\/p>\n\n\n\n<p id=\"wd-72b48888\" class=\"wp-block-wd-paragraph\">configur\u00e9 \u00e0 1PPS.<\/p>","protected":false},"excerpt":{"rendered":"<ul>\n<li>XGSPON STICK ONU SFP+ Transceiver supporte une distance de transmission de 20 km avec SMF<\/li>\n<li>Paquet SFP avec r\u00e9ceptacle SC APC\/UPC<\/li>\n<li>Prise en charge de XGPON\/XGS-PON<\/li>\n<li>XGSPON STICK Prend en charge les protocoles sym\u00e9triques et asym\u00e9triques<\/li>\n<\/ul>","protected":false},"featured_media":18795,"comment_status":"open","ping_status":"closed","template":"","meta":[],"product_brand":[],"product_cat":[349],"product_tag":[513,1092,568,1006,564,342,1005],"class_list":{"0":"post-18779","1":"product","2":"type-product","3":"status-publish","4":"has-post-thumbnail","6":"product_cat-10g-epon-onu-xg-pon-xgs-pon","7":"product_tag-10g-onu","8":"product_tag-ll-xs1010","9":"product_tag-was-110","10":"product_tag-x-onu-sfpp","11":"product_tag-xgpon","12":"product_tag-xgspon-stick","13":"product_tag-xgsponst2000","15":"first","16":"instock","17":"sale","18":"featured","19":"shipping-taxable","20":"purchasable","21":"product-type-variable","22":"has-default-attributes"},"_links":{"self":[{"href":"https:\/\/www.luleey.com\/fr\/wp-json\/wp\/v2\/product\/18779","targetHints":{"allow":["GET"]}}],"collection":[{"href":"https:\/\/www.luleey.com\/fr\/wp-json\/wp\/v2\/product"}],"about":[{"href":"https:\/\/www.luleey.com\/fr\/wp-json\/wp\/v2\/types\/product"}],"replies":[{"embeddable":true,"href":"https:\/\/www.luleey.com\/fr\/wp-json\/wp\/v2\/comments?post=18779"}],"wp:featuredmedia":[{"embeddable":true,"href":"https:\/\/www.luleey.com\/fr\/wp-json\/wp\/v2\/media\/18795"}],"wp:attachment":[{"href":"https:\/\/www.luleey.com\/fr\/wp-json\/wp\/v2\/media?parent=18779"}],"wp:term":[{"taxonomy":"product_brand","embeddable":true,"href":"https:\/\/www.luleey.com\/fr\/wp-json\/wp\/v2\/product_brand?post=18779"},{"taxonomy":"product_cat","embeddable":true,"href":"https:\/\/www.luleey.com\/fr\/wp-json\/wp\/v2\/product_cat?post=18779"},{"taxonomy":"product_tag","embeddable":true,"href":"https:\/\/www.luleey.com\/fr\/wp-json\/wp\/v2\/product_tag?post=18779"}],"curies":[{"name":"wp","href":"https:\/\/api.w.org\/{rel}","templated":true}]}}