{"id":18828,"date":"2025-08-10T23:06:21","date_gmt":"2025-08-10T15:06:21","guid":{"rendered":"https:\/\/www.luleey.com\/?post_type=product&#038;p=18828"},"modified":"2025-08-10T23:06:22","modified_gmt":"2025-08-10T15:06:22","slug":"ll-xp4gw1800c-4ge-xpon-onu-wifi-dual-catv-ont-wifi-6-ax1800","status":"publish","type":"product","link":"https:\/\/www.luleey.com\/fr\/produit-2\/ll-xp4gw1800c-4ge-xpon-onu-wifi-dual-catv-ont-wifi-6-ax1800\/","title":{"rendered":"LL-XP4GW1800C, 4GE XPON ONU, WIFI Dual, CATV ONT, WIFI 6, AX1800"},"content":{"rendered":"<h3>Caract\u00e9ristiques<\/h3>\n<ul>\n<li>Wi-Fi \u00e0 double bande, performances sup\u00e9rieures de la transmission sans fil 11n et 11ac<\/li>\n<li>Compatible avec les OLT tiers 95% (y compris Huawei\/ZTE\/Fiberhome\/BT-PON, etc.)<\/li>\n<li>Prise en charge du mode EPON\/GPON et changement de mode automatique<\/li>\n<li>Prise en charge de la route PPPoE\/DHCP\/IP statique et du mode pont<\/li>\n<li>Interface CATV pour le service vid\u00e9o, supportant le contr\u00f4le \u00e0 distance par l'OLT.<\/li>\n<li>Prise en charge de l'autod\u00e9couverte de l'ONU\/de la d\u00e9tection des liaisons\/de la mise \u00e0 niveau \u00e0 distance du logiciel<\/li>\n<li>Prise en charge du double mode IPv4\/IPv6<\/li>\n<li>Prise en charge de la fonction pare-feu et de la fonction multicast IGMP<\/li>\n<li>Prise en charge de l'IP LAN et de la configuration du serveur DHCP<\/li>\n<li>Prise en charge du transfert de port et de la d\u00e9tection de boucle<\/li>\n<li>Prise en charge du mode EPON\/GPON et changement de mode automatique<\/li>\n<li>GPON : conformit\u00e9 \u00e0 la norme IEEE 802.3ah et itu-t g.984.x<\/li>\n<li>GPON:8 T-CONTs,32 Ports GEM<\/li>\n<li>Int\u00e9grer la configuration et la maintenance \u00e0 distance OMCI(GPON)\/OAM(EPON) et TR-069<\/li>\n<li>Passerelle domestique\/CPE de couche 3 avec NAT mat\u00e9riel, prise en charge de plusieurs r\u00e9seaux \u00e9tendus, mode route\/pont, etc.<\/li>\n<li>Commutation de couche 2, support 802.1Q VLAN, 802.1P QOS, contr\u00f4le de la bande passante, Spanning Tree, etc.<\/li>\n<li>FEC bidirectionnel<\/li>\n<li>Prise en charge des param\u00e8tres de niveau pare-feu, prise en charge du filtrage de trames bas\u00e9 sur l'URL\/MAC\/IP\/adresse<\/li>\n<li>Prise en charge de la multidiffusion IGMP v2 proxy\/ snooping, prise en charge de la multidiffusion MLD proxy\/ snooping<\/li>\n<li>Le syst\u00e8me Qos prend en charge la planification des files d'attente PQ, WRR et CAR.<\/li>\n<li>D\u00e9bit maximal de 1775 Mbps Interface sans fil, antenne externe 2T2R, prise en charge de multiples<\/li>\n<li>Param\u00e8tres SSID<\/li>\n<li>Prise en charge de DDSN, ALG, DMZ et UPNP<\/li>\n<li>Prise en charge de l'interface CATV pour le service vid\u00e9o, prise en charge de la d\u00e9sactivation de la fonctionnalit\u00e9 CATV<\/li>\n<\/ul>\n<h3>Sp\u00e9cifications<\/h3>\n<table style=\"width: 53.1585%; height: 648px;\" width=\"716\">\n<tbody>\n<tr style=\"height: 24px;\">\n<td style=\"height: 24px; width: 24.5833%;\" width=\"359\">Marque<\/td>\n<td style=\"height: 24px; width: 74.4444%;\" width=\"357\">Luleey<\/td>\n<\/tr>\n<tr style=\"height: 24px;\">\n<td style=\"height: 24px; width: 24.5833%;\">Mod\u00e8le<\/td>\n<td style=\"height: 24px; width: 74.4444%;\">LL-XP4GW1800C<\/td>\n<\/tr>\n<tr style=\"height: 24px;\">\n<td style=\"height: 24px; width: 24.5833%;\">Lieu d'origine<\/td>\n<td style=\"height: 24px; width: 74.4444%;\">Fabriqu\u00e9 en Chine<\/td>\n<\/tr>\n<tr style=\"height: 24px;\">\n<td style=\"height: 24px; width: 24.5833%;\">Taille<\/td>\n<td style=\"height: 24px; width: 74.4444%;\">260*160*50mm<\/td>\n<\/tr>\n<tr>\n<td style=\"width: 24.5833%;\">Port ONU<\/td>\n<td style=\"width: 74.4444%;\">4GE LAN + 1CATV+2.4G &amp;5.8G WIFI6<\/td>\n<\/tr>\n<tr style=\"height: 24px;\">\n<td style=\"height: 24px; width: 24.5833%;\">Port PON<\/td>\n<td style=\"height: 24px; width: 74.4444%;\">1* XPON (support GPON\/EPON)<\/td>\n<\/tr>\n<tr style=\"height: 24px;\">\n<td style=\"height: 24px; width: 24.5833%;\">T\u00e9moin lumineux<\/td>\n<td style=\"height: 24px; width: 74.4444%;\">POWER\/PON\/LOS\/LAN1\/LAN2\/LAN3\/LAN4\/USB\/2.4G\/5G\/WPS\/CATV<\/td>\n<\/tr>\n<tr style=\"height: 24px;\">\n<td style=\"height: 24px; width: 24.5833%;\">Bouton<\/td>\n<td style=\"height: 24px; width: 74.4444%;\">Alimentation, R\u00e9initialisation, WLAN, WPS<\/td>\n<\/tr>\n<tr style=\"height: 24px;\">\n<td style=\"height: 24px; width: 24.5833%;\">Entr\u00e9e de l'adaptateur d'alimentation<\/td>\n<td style=\"height: 24px; width: 74.4444%;\">100V~240VAC,50Hz~60Hz<\/td>\n<\/tr>\n<tr style=\"height: 48px;\">\n<td style=\"height: 48px; width: 24.5833%;\">Exigences en mati\u00e8re d'alimentation<\/td>\n<td style=\"height: 48px; width: 74.4444%;\">12V DC, 1,5A<\/td>\n<\/tr>\n<tr style=\"height: 24px;\">\n<td style=\"height: 24px; width: 24.5833%;\">Consommation \u00e9lectrique<\/td>\n<td style=\"height: 24px; width: 74.4444%;\">&lt;10w<\/td>\n<\/tr>\n<tr style=\"height: 24px;\">\n<td style=\"height: 24px; width: 24.5833%;\">Temp\u00e9rature de travail<\/td>\n<td style=\"height: 24px; width: 74.4444%;\">-10\u00b0C~ +45\u00b0C<\/td>\n<\/tr>\n<tr style=\"height: 24px;\">\n<td style=\"height: 24px; width: 24.5833%;\">Humidit\u00e9 de l'environnement<\/td>\n<td style=\"height: 24px; width: 74.4444%;\">5%~95% (sans condensation)<\/td>\n<\/tr>\n<tr style=\"height: 24px;\">\n<td style=\"height: 24px; width: 24.5833%;\">Type de connecteur PON<\/td>\n<td style=\"height: 24px; width: 74.4444%;\">SC\/APC<\/td>\n<\/tr>\n<tr style=\"height: 24px;\">\n<td style=\"height: 24px; width: 24.5833%;\">Longueur d'onde de travail<\/td>\n<td style=\"height: 24px; width: 74.4444%;\">PON : ascendant 1310nm, descendant 1490nm, CATV:1550nm<\/td>\n<\/tr>\n<tr style=\"height: 24px;\">\n<td style=\"height: 24px; width: 24.5833%;\">TX Valeur de la puissance optique<\/td>\n<td style=\"height: 24px; width: 74.4444%;\">0,5~4dbm<\/td>\n<\/tr>\n<tr style=\"height: 48px;\">\n<td style=\"height: 48px; width: 24.5833%;\">RX Sensibilit\u00e9 de la puissance optique<\/td>\n<td style=\"height: 48px; width: 74.4444%;\">-28dBm<\/td>\n<\/tr>\n<tr style=\"height: 24px;\">\n<td style=\"height: 24px; width: 24.5833%;\">Distance de transmission<\/td>\n<td style=\"height: 24px; width: 74.4444%;\">0~20km<\/td>\n<\/tr>\n<tr style=\"height: 48px;\">\n<td style=\"height: 48px; width: 24.5833%;\">Taux de transmission<\/td>\n<td style=\"height: 48px; width: 74.4444%;\" width=\"357\">GPON : hausse de 1,244 Gbps ; baisse de 2,488 Gbps<br \/>\nEPON:mont\u00e9e 1,244Gbps;descente 1,244Gbps<\/td>\n<\/tr>\n<tr style=\"height: 24px;\">\n<td style=\"height: 24px; width: 24.5833%;\">Port RJ45<\/td>\n<td style=\"height: 24px; width: 74.4444%;\">4*RJ45<\/td>\n<\/tr>\n<tr style=\"height: 24px;\">\n<td style=\"height: 24px; width: 24.5833%;\">Param\u00e8tres RJ45<\/td>\n<td style=\"height: 24px; width: 74.4444%;\">4*10\/100\/1000Mbps auto adaptatif<\/td>\n<\/tr>\n<\/tbody>\n<\/table>","protected":false},"excerpt":{"rendered":"<p>LL-XP4GW1800C dispose d'une connexion Gigabit RJ45 x 4<br \/>\nWiFi 6 bi-bande 2.4G\/5G<br \/>\nCATV ONT<br \/>\nXPON ONU, commutation automatique GPON \/EPON<\/p>","protected":false},"featured_media":18831,"comment_status":"open","ping_status":"closed","template":"","meta":[],"product_brand":[],"product_cat":[348,197,341],"product_tag":[1095,1093,1094,344],"class_list":{"0":"post-18828","1":"product","2":"type-product","3":"status-publish","4":"has-post-thumbnail","6":"product_cat-1000m-gpon-epon-onu","7":"product_cat-catv-receiver","8":"product_cat-wireless-gpon-epon-ont","9":"product_tag-catv-ont","10":"product_tag-ll-xp4gw1800c","11":"product_tag-wifi-6","12":"product_tag-xpon-onu","14":"first","15":"instock","16":"shipping-taxable","17":"purchasable","18":"product-type-variable","19":"has-default-attributes"},"_links":{"self":[{"href":"https:\/\/www.luleey.com\/fr\/wp-json\/wp\/v2\/product\/18828","targetHints":{"allow":["GET"]}}],"collection":[{"href":"https:\/\/www.luleey.com\/fr\/wp-json\/wp\/v2\/product"}],"about":[{"href":"https:\/\/www.luleey.com\/fr\/wp-json\/wp\/v2\/types\/product"}],"replies":[{"embeddable":true,"href":"https:\/\/www.luleey.com\/fr\/wp-json\/wp\/v2\/comments?post=18828"}],"wp:featuredmedia":[{"embeddable":true,"href":"https:\/\/www.luleey.com\/fr\/wp-json\/wp\/v2\/media\/18831"}],"wp:attachment":[{"href":"https:\/\/www.luleey.com\/fr\/wp-json\/wp\/v2\/media?parent=18828"}],"wp:term":[{"taxonomy":"product_brand","embeddable":true,"href":"https:\/\/www.luleey.com\/fr\/wp-json\/wp\/v2\/product_brand?post=18828"},{"taxonomy":"product_cat","embeddable":true,"href":"https:\/\/www.luleey.com\/fr\/wp-json\/wp\/v2\/product_cat?post=18828"},{"taxonomy":"product_tag","embeddable":true,"href":"https:\/\/www.luleey.com\/fr\/wp-json\/wp\/v2\/product_tag?post=18828"}],"curies":[{"name":"wp","href":"https:\/\/api.w.org\/{rel}","templated":true}]}}