{"id":19318,"date":"2025-10-06T11:31:14","date_gmt":"2025-10-06T03:31:14","guid":{"rendered":"https:\/\/www.luleey.com\/?post_type=product&#038;p=19318"},"modified":"2026-03-07T23:10:26","modified_gmt":"2026-03-07T15:10:26","slug":"g657b3-bare-fiber-optic-cables-for-uav-for-fttr-indoor","status":"publish","type":"product","link":"https:\/\/www.luleey.com\/fr\/produit-2\/g657b3-bare-fiber-optic-cables-for-uav-for-fttr-indoor\/","title":{"rendered":"G657B3 C\u00e2bles nus en fibre optique, pour UAV, c\u00e2ble de lancement OTDR en fibre optique, c\u0153ur nu"},"content":{"rendered":"<h3>Caract\u00e9ristiques<\/h3>\n<ol class=\"a-unordered-list a-vertical\">\n<li>Insensibilit\u00e9 \u00e0 la flexion : G657B3 est plus insensible \u00e0 la flexion que G.657.A2, capable de maintenir de bonnes performances de transmission du signal dans des conditions de flexion plus extr\u00eames, avec un rayon de 5 mm.<\/li>\n<li>Dispersion : Similaire au G.657.A2, il poss\u00e8de de bonnes caract\u00e9ristiques de dispersion dans les 1310nm et 1550nm.<\/li>\n<li>Att\u00e9nuation : L'att\u00e9nuation dans la bande des 1550nm est \u00e9galement proche de celle du G.652.D.<\/li>\n<li>Structure : Le G657B3 utilise g\u00e9n\u00e9ralement un noyau et un rev\u00eatement sp\u00e9ciaux pour am\u00e9liorer son insensibilit\u00e9 \u00e0 la flexion.<\/li>\n<li>Applications<\/li>\n<\/ol>\n<ul>\n<li>1) Convient aux environnements d'installation plus exigeants, tels que les espaces \u00e9troits ou les situations n\u00e9cessitant une flexion fr\u00e9quente. Il est applicable dans des sc\u00e9narios tels que les vols de drones, les vols interna<\/li>\n<li>2) le c\u00e2blage des b\u00e2timents, les r\u00e9seaux domestiques, les petits bureaux, et en particulier dans les endroits qui n\u00e9cessitent un c\u00e2blage tr\u00e8s flexible.<\/li>\n<\/ul>\n<h3>Sp\u00e9cifications<\/h3>\n<table style=\"width: 45.274%; height: 268px;\" width=\"598\">\n<tbody>\n<tr style=\"height: 24px;\">\n<td style=\"height: 24px;\" width=\"211\">Nom de la marque<\/td>\n<td style=\"height: 24px;\" width=\"387\">LuLeey<\/td>\n<\/tr>\n<tr style=\"height: 24px;\">\n<td style=\"height: 24px;\" width=\"211\">Origine<\/td>\n<td style=\"height: 24px;\" width=\"387\">Chine continentale<\/td>\n<\/tr>\n<tr style=\"height: 24px;\">\n<td style=\"height: 24px;\">Nom du produit<\/td>\n<td style=\"height: 24px;\" width=\"387\">G657B3 C\u00e2bles nus \u00e0 fibres optiques<\/td>\n<\/tr>\n<tr style=\"height: 24px;\">\n<td style=\"height: 24px;\">Mat\u00e9riau<\/td>\n<td style=\"height: 24px;\">G657.B3<\/td>\n<\/tr>\n<tr style=\"height: 24px;\">\n<td style=\"height: 24px;\">Couleur<\/td>\n<td style=\"height: 24px;\">incolore<\/td>\n<\/tr>\n<tr style=\"height: 24px;\">\n<td style=\"height: 24px;\">Dimensions du produit<\/td>\n<td style=\"height: 24px;\">0,25 mm<\/td>\n<\/tr>\n<tr style=\"height: 24px;\">\n<td style=\"height: 24px;\">Connecteur<\/td>\n<td style=\"height: 24px;\">SC\/APC SC\/UPC FC\/APC LC\/UPC LC\/APC sans t\u00eate...<\/td>\n<\/tr>\n<tr style=\"height: 24px;\">\n<td style=\"height: 24px;\">Longueur du c\u00e2ble<\/td>\n<td style=\"height: 24px;\">50 km<\/td>\n<\/tr>\n<tr style=\"height: 28px;\">\n<td style=\"height: 28px;\">Perte d'insertion<\/td>\n<td style=\"height: 28px;\">\u2264 0,3dB<\/td>\n<\/tr>\n<tr style=\"height: 24px;\">\n<td style=\"height: 24px;\">Temp\u00e9rature de travail<\/td>\n<td style=\"height: 24px;\">-40~70\u2103<\/td>\n<\/tr>\n<tr style=\"height: 24px;\">\n<td style=\"height: 24px;\">Rayon de courbure minimal<\/td>\n<td style=\"height: 24px;\">15<\/td>\n<\/tr>\n<\/tbody>\n<\/table>\n<h3><\/h3>","protected":false},"excerpt":{"rendered":"<ul>\n<li>Fibre G657B3, bonne flexibilit\u00e9.<\/li>\n<li>C\u00e2bles nus en fibre optique, utilisation pour UAV<\/li>\n<li>Le c\u00e2ble int\u00e9rieur \u00e0 fibre optique est plus rapide que le c\u00e2ble r\u00e9seau, pr\u00e9sente une faible perte et permet de parcourir de tr\u00e8s longues distances.<\/li>\n<\/ul>","protected":false},"featured_media":15837,"comment_status":"open","ping_status":"closed","template":"","meta":[],"product_brand":[],"product_cat":[364],"product_tag":[186,1110,655,1098],"class_list":{"0":"post-19318","1":"product","2":"type-product","3":"status-publish","4":"has-post-thumbnail","6":"product_cat-optic-cables-and-fiber-pigtails","7":"product_tag-bare-fiber","8":"product_tag-g657b3","9":"product_tag-otdr-launch-cable-box","10":"product_tag-uav","12":"first","13":"instock","14":"shipping-taxable","15":"purchasable","16":"product-type-variable","17":"has-default-attributes"},"_links":{"self":[{"href":"https:\/\/www.luleey.com\/fr\/wp-json\/wp\/v2\/product\/19318","targetHints":{"allow":["GET"]}}],"collection":[{"href":"https:\/\/www.luleey.com\/fr\/wp-json\/wp\/v2\/product"}],"about":[{"href":"https:\/\/www.luleey.com\/fr\/wp-json\/wp\/v2\/types\/product"}],"replies":[{"embeddable":true,"href":"https:\/\/www.luleey.com\/fr\/wp-json\/wp\/v2\/comments?post=19318"}],"wp:featuredmedia":[{"embeddable":true,"href":"https:\/\/www.luleey.com\/fr\/wp-json\/wp\/v2\/media\/15837"}],"wp:attachment":[{"href":"https:\/\/www.luleey.com\/fr\/wp-json\/wp\/v2\/media?parent=19318"}],"wp:term":[{"taxonomy":"product_brand","embeddable":true,"href":"https:\/\/www.luleey.com\/fr\/wp-json\/wp\/v2\/product_brand?post=19318"},{"taxonomy":"product_cat","embeddable":true,"href":"https:\/\/www.luleey.com\/fr\/wp-json\/wp\/v2\/product_cat?post=19318"},{"taxonomy":"product_tag","embeddable":true,"href":"https:\/\/www.luleey.com\/fr\/wp-json\/wp\/v2\/product_tag?post=19318"}],"curies":[{"name":"wp","href":"https:\/\/api.w.org\/{rel}","templated":true}]}}