{"id":19942,"date":"2026-01-26T11:40:02","date_gmt":"2026-01-26T03:40:02","guid":{"rendered":"https:\/\/www.luleey.com\/?post_type=product&#038;p=19942"},"modified":"2026-01-30T14:06:46","modified_gmt":"2026-01-30T06:06:46","slug":"lcs250-cleansticks-for-cleaning-2-5mm-apertures-ideal-for-fibre-optic-connectors-sc-fc-st","status":"publish","type":"product","link":"https:\/\/www.luleey.com\/fr\/produit-2\/lcs250-cleansticks-for-cleaning-2-5mm-apertures-ideal-for-fibre-optic-connectors-sc-fc-st\/","title":{"rendered":"LCS250 CLEANSTICKS Pour le nettoyage des ouvertures de 2.5mm Id\u00e9al pour les connecteurs de fibre optique SC\/FC\/ST"},"content":{"rendered":"<h4 data-spm-anchor-id=\"a2g0o.detail.1000023.i0.525da32aC35IUk\">Caract\u00e9ristiques<\/h4>\n<ol>\n<li class=\"a-spacing-mini\">Les outils de nettoyage en fibres utilisent un chiffon de nettoyage en microfibres ultra-propre avec un traitement anti-poussi\u00e8re, id\u00e9al pour le nettoyage \u00e0 sec avec d'excellentes performances d'essuyage.<\/li>\n<li class=\"a-spacing-mini\">Convient pour le nettoyage de la face interne de divers adaptateurs de fibre optique et des faces d'extr\u00e9mit\u00e9 des embouts d'adaptateurs.<\/li>\n<li class=\"a-spacing-mini\">Le tissu ne perd pas de fibres lorsqu'il est port\u00e9<\/li>\n<li class=\"a-spacing-mini\">Respectueux de l'environnement, l\u00e9ger, s\u00fbr et compact<\/li>\n<li class=\"a-spacing-mini\">La poign\u00e9e allong\u00e9e convient mieux aux environnements de travail \u00e9troits.<\/li>\n<li>pour adaptateur comme VFL, mesureur de puissance \u00e0 fibre optique, OTDR, source de lumi\u00e8re optique 2.5mm Ports<\/li>\n<\/ol>\n<div class=\"a-column a-span6\">\n<h3>Sp\u00e9cifications<\/h3>\n<table style=\"width: 57.3067%; height: 143px;\">\n<tbody>\n<tr style=\"height: 24px;\">\n<td style=\"height: 24px; width: 28.7791%;\">Marque<\/td>\n<td style=\"height: 24px; width: 156.977%;\">LuLeey<\/td>\n<\/tr>\n<tr style=\"height: 24px;\">\n<td style=\"height: 24px; width: 28.7791%;\">Nom du produit<\/td>\n<td style=\"height: 24px; width: 156.977%;\">LCS250 B\u00c2TONS DE NETTOYAGE<\/td>\n<\/tr>\n<tr style=\"height: 24px;\">\n<td style=\"height: 24px; width: 28.7791%;\">Taille<\/td>\n<td style=\"height: 24px; width: 156.977%;\">2,50 mm<\/td>\n<\/tr>\n<tr style=\"height: 24px;\">\n<td style=\"height: 24px; width: 28.7791%;\">Port<\/td>\n<td style=\"height: 24px; width: 156.977%;\">Connecteurs pour fibres optiques SC\/ST\/FC<\/td>\n<\/tr>\n<tr style=\"height: 23px;\">\n<td style=\"height: 23px; width: 28.7791%;\">Environnement Temp\u00e9rature de fonctionnement<\/td>\n<td style=\"height: 23px; width: 156.977%;\">\u00a0De -20\u00b0C \u00e0 60\u00b0C<\/td>\n<\/tr>\n<tr style=\"height: 24px;\">\n<td style=\"width: 28.7791%; height: 24px;\">Humidit\u00e9<\/td>\n<td style=\"width: 156.977%; height: 24px;\">20% \u00e0 80%R.H.<\/td>\n<\/tr>\n<tr>\n<td style=\"width: 28.7791%;\">Utilisation<\/td>\n<td style=\"width: 156.977%;\">Une utilisation par tube<\/td>\n<\/tr>\n<\/tbody>\n<\/table>\n<\/div>","protected":false},"excerpt":{"rendered":"<ul>\n<li>CLEANSTICKS pour SC\/ST\/FC<\/li>\n<li>L\u00e9ger et s\u00fbr \u00e0 utiliser. Compact et jetable.<\/li>\n<li>Pas de colle, pas d'adh\u00e9sif, pas de r\u00e9sidus de fibres.<\/li>\n<li>La microfibre ultra-douce offre une grande performance de nettoyage et une excellente \u00e9limination de la salet\u00e9.<\/li>\n<li>Nettoie facilement les faces d'extr\u00e9mit\u00e9 de la f\u00e9rule \u00e0 l'int\u00e9rieur des connecteurs de fibre enfichables et de divers adaptateurs.<\/li>\n<\/ul>","protected":false},"featured_media":19967,"comment_status":"open","ping_status":"closed","template":"","meta":[],"product_brand":[],"product_cat":[354],"product_tag":[1138,1135,222,1139],"class_list":{"0":"post-19942","1":"product","2":"type-product","3":"status-publish","4":"has-post-thumbnail","6":"product_cat-fiber-optic-cleaners","7":"product_tag-2-5mm","8":"product_tag-cleansticks","9":"product_tag-fiber-cleaning","10":"product_tag-lcs250","12":"first","13":"instock","14":"shipping-taxable","15":"purchasable","16":"product-type-variable","17":"has-default-attributes"},"_links":{"self":[{"href":"https:\/\/www.luleey.com\/fr\/wp-json\/wp\/v2\/product\/19942","targetHints":{"allow":["GET"]}}],"collection":[{"href":"https:\/\/www.luleey.com\/fr\/wp-json\/wp\/v2\/product"}],"about":[{"href":"https:\/\/www.luleey.com\/fr\/wp-json\/wp\/v2\/types\/product"}],"replies":[{"embeddable":true,"href":"https:\/\/www.luleey.com\/fr\/wp-json\/wp\/v2\/comments?post=19942"}],"wp:featuredmedia":[{"embeddable":true,"href":"https:\/\/www.luleey.com\/fr\/wp-json\/wp\/v2\/media\/19967"}],"wp:attachment":[{"href":"https:\/\/www.luleey.com\/fr\/wp-json\/wp\/v2\/media?parent=19942"}],"wp:term":[{"taxonomy":"product_brand","embeddable":true,"href":"https:\/\/www.luleey.com\/fr\/wp-json\/wp\/v2\/product_brand?post=19942"},{"taxonomy":"product_cat","embeddable":true,"href":"https:\/\/www.luleey.com\/fr\/wp-json\/wp\/v2\/product_cat?post=19942"},{"taxonomy":"product_tag","embeddable":true,"href":"https:\/\/www.luleey.com\/fr\/wp-json\/wp\/v2\/product_tag?post=19942"}],"curies":[{"name":"wp","href":"https:\/\/api.w.org\/{rel}","templated":true}]}}