{"id":12976,"date":"2024-07-19T00:59:33","date_gmt":"2024-07-18T16:59:33","guid":{"rendered":"https:\/\/www.luleey.com\/?post_type=product&#038;p=12976"},"modified":"2025-02-20T22:25:17","modified_gmt":"2025-02-20T14:25:17","slug":"plc-splitter-1x2-sc-apc-upc","status":"publish","type":"product","link":"https:\/\/www.luleey.com\/ja\/product\/plc-splitter-1x2-sc-apc-upc\/","title":{"rendered":"PLC \u30b9\u30d7\u30ea\u30c3\u30bf 1\u00d72 SC APC \/ UPC"},"content":{"rendered":"<p><span style=\"font-size: 1.5em; font-weight: bold;\">\u4ed5\u69d8<\/span><\/p>\n<div class=\"MachTrans__textWrap__1NtxT\">\n<div class=\"MachTrans__textWrap__1NtxT\">\n<table style=\"width: 100%; height: 636px;\" width=\"834\">\n<tbody>\n<tr style=\"height: 53px;\">\n<td style=\"height: 53px;\" width=\"273\">\u30e2\u30c7\u30eb<\/td>\n<td style=\"height: 53px;\" width=\"561\">1\u00d72-0.9MM-SC APC PLC\u30b9\u30d7\u30ea\u30c3\u30bf<\/td>\n<\/tr>\n<tr style=\"height: 53px;\">\n<td style=\"height: 53px;\">\u30b9\u30d7\u30ea\u30c3\u30bf\u30fc\u30bf\u30a4\u30d7<\/td>\n<td style=\"height: 53px;\">PLC\u30b9\u30d7\u30ea\u30c3\u30bf<\/td>\n<\/tr>\n<tr style=\"height: 53px;\">\n<td style=\"height: 53px;\">\u7528\u9014<\/td>\n<td style=\"height: 53px;\">\u5149\u30d5\u30a1\u30a4\u30d0\u30fc<\/td>\n<\/tr>\n<tr style=\"height: 53px;\">\n<td style=\"height: 53px;\">\u30cd\u30c3\u30c8\u30ef\u30fc\u30af<\/td>\n<td style=\"height: 53px;\">\u7121\u7dda LAN\u3001\u7121\u7dda LAN\u30014G<\/td>\n<\/tr>\n<tr style=\"height: 53px;\">\n<td style=\"height: 53px;\">\u52d5\u4f5c\u6ce2\u9577 (nm)<\/td>\n<td style=\"height: 53px;\">1260~1650<\/td>\n<\/tr>\n<tr style=\"height: 53px;\">\n<td style=\"height: 53px;\">\u30d5\u30a1\u30a4\u30d0\u30fc\u30fb\u30bf\u30a4\u30d7<\/td>\n<td style=\"height: 53px;\">SMF-28e\u307e\u305f\u306f\u304a\u5ba2\u69d8\u6307\u5b9a<\/td>\n<\/tr>\n<tr style=\"height: 53px;\">\n<td style=\"height: 53px;\">OEM<\/td>\n<td style=\"height: 53px;\">\u53ef<\/td>\n<\/tr>\n<tr style=\"height: 53px;\">\n<td style=\"height: 53px;\">\u30b9\u30d7\u30ea\u30c3\u30bf\u30fc\u30fb\u30c1\u30c3\u30d7\u30fb\u30d6\u30e9\u30f3\u30c9<\/td>\n<td style=\"height: 53px;\">\u8cfc\u8cb7\u529b\u5e73\u4fa1<\/td>\n<\/tr>\n<tr style=\"height: 53px;\">\n<td style=\"height: 53px;\">\u30d1\u30c3\u30b1\u30fc\u30b8<\/td>\n<td style=\"height: 53px;\">\u7bb1\u307e\u305f\u306f\u888b<\/td>\n<\/tr>\n<tr style=\"height: 53px;\">\n<td style=\"height: 53px;\">\u30b3\u30cd\u30af\u30bf\u30fc\u30fb\u30bf\u30a4\u30d7<\/td>\n<td style=\"height: 53px;\">SC APC \/SC UPC<\/td>\n<\/tr>\n<tr style=\"height: 53px;\">\n<td style=\"height: 53px;\">\u7533\u3057\u8fbc\u307f<\/td>\n<td style=\"height: 53px;\">\u30c6\u30ec\u30b3\u30df\u30e5\u30cb\u30b1\u30fc\u30b7\u30e7\u30f3<\/td>\n<\/tr>\n<tr style=\"height: 53px;\">\n<td style=\"height: 53px;\">\u5206\u5272\u6bd4\u7387<\/td>\n<td style=\"height: 53px;\">1\u00d74 <strong>1\u00d72<\/strong> 1\u00d78 1\u00d716 1\u00d732<\/td>\n<\/tr>\n<\/tbody>\n<\/table>\n<\/div>\n<div class=\"MachTrans__text__duH8w\">\n<table style=\"width: 100%;\" border=\"0\" cellspacing=\"0\" cellpadding=\"0\">\n<tbody>\n<tr>\n<td style=\"width: 99.883%;\" colspan=\"14\"><span data-spm-anchor-id=\"a2g0o.detail.1000023.i1.71976ad1iBaGbp\">11xN\uff08\u30b3\u30cd\u30af\u30bf\u30fc\u4ed8\u304d\uff09<\/span><\/td>\n<\/tr>\n<tr>\n<td style=\"width: 21.6058%;\" colspan=\"2\">\n<p data-spm-anchor-id=\"a2g0o.detail.1000023.i0.71976ad1iBaGbp\">(\u30c1\u30e3\u30f3\u30cd\u30eb\u6570\uff09<\/p>\n<\/td>\n<td style=\"width: 5.9176%;\"><strong>1\u00d72<\/strong><\/td>\n<td style=\"width: 5.9176%;\">1\u00d74<\/td>\n<td style=\"width: 6.29213%;\">1\u00d78<\/td>\n<td style=\"width: 6.59176%;\">1\u00d716<\/td>\n<td style=\"width: 7.19101%;\">1\u00d732<\/td>\n<td style=\"width: 6.81648%;\">1\u00d764<\/td>\n<td style=\"width: 6.14232%;\">2\u00d72<\/td>\n<td style=\"width: 6.14232%;\">2\u00d74<\/td>\n<td style=\"width: 6.36704%;\">2\u00d78<\/td>\n<td style=\"width: 6.81648%;\">2\u00d716<\/td>\n<td style=\"width: 7.0412%;\">2\u00d732<\/td>\n<td style=\"width: 7.0412%;\">2\u00d764<\/td>\n<\/tr>\n<tr>\n<td style=\"width: 21.6058%;\" colspan=\"2\">(\u52d5\u4f5c\u6ce2\u9577\uff09<\/td>\n<td style=\"width: 71.236%;\" colspan=\"11\">1260\u5e74\u304b\u30891650\u5e74<\/td>\n<td style=\"width: 7.0412%;\"><\/td>\n<\/tr>\n<tr>\n<td style=\"width: 21.6058%;\" colspan=\"2\">P\u30ec\u30d9\u30eb\u633f\u5165\u640d\u5931<\/td>\n<td style=\"width: 5.9176%;\">4<\/td>\n<td style=\"width: 5.9176%;\">7.4<\/td>\n<td style=\"width: 6.29213%;\">10.5<\/td>\n<td style=\"width: 6.59176%;\">13.7<\/td>\n<td style=\"width: 7.19101%;\">17<\/td>\n<td style=\"width: 6.81648%;\">20.3<\/td>\n<td style=\"width: 6.14232%;\">4.4<\/td>\n<td style=\"width: 6.14232%;\">7.6<\/td>\n<td style=\"width: 6.36704%;\">10.8<\/td>\n<td style=\"width: 6.81648%;\">14.1<\/td>\n<td style=\"width: 7.0412%;\">17.4<\/td>\n<td style=\"width: 7.0412%;\">20.7<\/td>\n<\/tr>\n<tr>\n<td style=\"width: 21.6058%;\" colspan=\"2\">S\u30ec\u30d9\u30eb\u633f\u5165\u640d\u5931<\/td>\n<td style=\"width: 5.9176%;\">4.2<\/td>\n<td style=\"width: 5.9176%;\">7.6<\/td>\n<td style=\"width: 6.29213%;\">10.7<\/td>\n<td style=\"width: 6.59176%;\">14<\/td>\n<td style=\"width: 7.19101%;\">17.3<\/td>\n<td style=\"width: 6.81648%;\">20.7<\/td>\n<td style=\"width: 6.14232%;\">4.6<\/td>\n<td style=\"width: 6.14232%;\">7.9<\/td>\n<td style=\"width: 6.36704%;\">11.2<\/td>\n<td style=\"width: 6.81648%;\">15<\/td>\n<td style=\"width: 7.0412%;\">18.1<\/td>\n<td style=\"width: 7.0412%;\">21.7<\/td>\n<\/tr>\n<tr>\n<td style=\"width: 21.6058%;\" colspan=\"2\">(\u5747\u4e00\u6027\uff09<\/td>\n<td style=\"width: 5.9176%;\">0.4<\/td>\n<td style=\"width: 5.9176%;\">0.6<\/td>\n<td style=\"width: 6.29213%;\">0.8<\/td>\n<td style=\"width: 6.59176%;\">1<\/td>\n<td style=\"width: 7.19101%;\">1.2<\/td>\n<td style=\"width: 6.81648%;\">1.6<\/td>\n<td style=\"width: 6.14232%;\">0.8<\/td>\n<td style=\"width: 6.14232%;\">1<\/td>\n<td style=\"width: 6.36704%;\">1.2<\/td>\n<td style=\"width: 6.81648%;\">1.5<\/td>\n<td style=\"width: 7.0412%;\">1.8<\/td>\n<td style=\"width: 7.0412%;\">2<\/td>\n<\/tr>\n<tr>\n<td style=\"width: 21.6058%;\" colspan=\"2\">(PDL)<\/td>\n<td style=\"width: 5.9176%;\">0.2<\/td>\n<td style=\"width: 5.9176%;\" data-spm-anchor-id=\"a2g0o.detail.1000023.i2.33868oAq8oAqiX\">0.3<\/td>\n<td style=\"width: 6.29213%;\">0.3<\/td>\n<td style=\"width: 6.59176%;\">0.3<\/td>\n<td style=\"width: 7.19101%;\">0.3<\/td>\n<td style=\"width: 6.81648%;\">0.5<\/td>\n<td style=\"width: 6.14232%;\">0.3<\/td>\n<td style=\"width: 6.14232%;\">0.3<\/td>\n<td style=\"width: 6.36704%;\">0.3<\/td>\n<td style=\"width: 6.81648%;\">0.3<\/td>\n<td style=\"width: 7.0412%;\">0.3<\/td>\n<td style=\"width: 7.0412%;\">0.5<\/td>\n<\/tr>\n<tr>\n<td style=\"width: 21.6058%;\" colspan=\"2\">(\u30ea\u30bf\u30fc\u30f3\u30ed\u30b9\uff09<\/td>\n<td style=\"width: 78.2772%;\" colspan=\"12\">55\u6b73\u4ee5\u4e0a<\/td>\n<\/tr>\n<tr>\n<td style=\"width: 21.6058%;\" colspan=\"2\">(\u6307\u5411\u6027\uff09<\/td>\n<td style=\"width: 78.2772%;\" colspan=\"12\">55\u6b73\u4ee5\u4e0a<\/td>\n<\/tr>\n<tr>\n<td style=\"width: 21.6058%;\" colspan=\"2\">(\u7e4a\u7dad\u306e\u7a2e\u985e\uff09<\/td>\n<td style=\"width: 78.2772%;\" colspan=\"12\">ITU G657A<\/td>\n<\/tr>\n<tr>\n<td style=\"width: 21.6058%;\" colspan=\"2\">(\u4f7f\u7528\u6e29\u5ea6\uff09<\/td>\n<td style=\"width: 78.2772%;\" colspan=\"12\">-40\uff5e85<\/td>\n<\/tr>\n<tr>\n<td style=\"width: 21.6058%;\" colspan=\"2\">(\u30d4\u30c3\u30b0\u30c6\u30fc\u30eb\u306e\u9577\u3055)<\/td>\n<td style=\"width: 78.2772%;\" colspan=\"12\">1m\uff08\u30c7\u30d5\u30a9\u30eb\u30c8\uff09\u307e\u305f\u306f\u30ab\u30b9\u30bf\u30de\u30a4\u30ba<\/td>\n<\/tr>\n<\/tbody>\n<\/table>\n<p>&nbsp;<\/p>\n<\/div>\n<\/div>","protected":false},"excerpt":{"rendered":"<p>\u5149\u30cd\u30c3\u30c8\u30ef\u30fc\u30af\u306b\u304a\u3051\u308bPLC\uff08\u30d1\u30c3\u30b7\u30d6\u5149\u30b9\u30d7\u30ea\u30c3\u30bf\uff09\u306e\u6a5f\u80fd\u306f\u30011\u3064\u306e\u5165\u529b\u30dd\u30fc\u30c8\u304b\u3089\u8907\u6570\u306e\u51fa\u529b\u30dd\u30fc\u30c8\u306b\u5149\u4fe1\u53f7\u3092\u5206\u5c90\u3059\u308b\u3053\u3068\u3067\u3059\u3002PLC\u30b9\u30d7\u30ea\u30c3\u30bf\u306f\u3001\u5149\u30d5\u30a1\u30a4\u30d0\u901a\u4fe1\u30cd\u30c3\u30c8\u30ef\u30fc\u30af\u306b\u304a\u3051\u308b\u5149\u4fe1\u53f7\u306e\u52b9\u7387\u7684\u306a\u5206\u914d\u3068\u30eb\u30fc\u30c6\u30a3\u30f3\u30b0\u3092\u53ef\u80fd\u306b\u3059\u308b\u91cd\u8981\u306a\u30d1\u30c3\u30b7\u30d6\u5149\u30b3\u30f3\u30dd\u30fc\u30cd\u30f3\u30c8\u3067\u3042\u308a\u3001\u5171\u6709\u30a4\u30f3\u30d5\u30e9\u30b9\u30c8\u30e9\u30af\u30c1\u30e3\u4e0a\u3067\u8907\u6570\u306e\u30e6\u30fc\u30b6\u30fc\u3078\u306e\u30b5\u30fc\u30d3\u30b9\u63d0\u4f9b\u3092\u30b5\u30dd\u30fc\u30c8\u3057\u307e\u3059\u3002.<\/p>","protected":false},"featured_media":12990,"comment_status":"open","ping_status":"closed","template":"","meta":[],"product_brand":[],"product_cat":[366],"product_tag":[118,306,308,326],"class_list":{"0":"post-12976","1":"product","2":"type-product","3":"status-publish","4":"has-post-thumbnail","6":"product_cat-optical-splitters-and-splitter-box","7":"product_tag-1x2","8":"product_tag-sc-apc","9":"product_tag-sc-upc","10":"product_tag-splitter","12":"first","13":"instock","14":"shipping-taxable","15":"purchasable","16":"product-type-variable"},"_links":{"self":[{"href":"https:\/\/www.luleey.com\/ja\/wp-json\/wp\/v2\/product\/12976","targetHints":{"allow":["GET"]}}],"collection":[{"href":"https:\/\/www.luleey.com\/ja\/wp-json\/wp\/v2\/product"}],"about":[{"href":"https:\/\/www.luleey.com\/ja\/wp-json\/wp\/v2\/types\/product"}],"replies":[{"embeddable":true,"href":"https:\/\/www.luleey.com\/ja\/wp-json\/wp\/v2\/comments?post=12976"}],"wp:featuredmedia":[{"embeddable":true,"href":"https:\/\/www.luleey.com\/ja\/wp-json\/wp\/v2\/media\/12990"}],"wp:attachment":[{"href":"https:\/\/www.luleey.com\/ja\/wp-json\/wp\/v2\/media?parent=12976"}],"wp:term":[{"taxonomy":"product_brand","embeddable":true,"href":"https:\/\/www.luleey.com\/ja\/wp-json\/wp\/v2\/product_brand?post=12976"},{"taxonomy":"product_cat","embeddable":true,"href":"https:\/\/www.luleey.com\/ja\/wp-json\/wp\/v2\/product_cat?post=12976"},{"taxonomy":"product_tag","embeddable":true,"href":"https:\/\/www.luleey.com\/ja\/wp-json\/wp\/v2\/product_tag?post=12976"}],"curies":[{"name":"wp","href":"https:\/\/api.w.org\/{rel}","templated":true}]}}