{"id":17679,"date":"2025-03-01T11:00:44","date_gmt":"2025-03-01T03:00:44","guid":{"rendered":"https:\/\/www.luleey.com\/?post_type=product&#038;p=17679"},"modified":"2025-03-20T14:14:33","modified_gmt":"2025-03-20T06:14:33","slug":"sc-apc-rack-mount-splitter-1x8-1x16-1x32-1x64-fiber-optic-splitter","status":"publish","type":"product","link":"https:\/\/www.luleey.com\/ja\/product\/sc-apc-rack-mount-splitter-1x8-1x16-1x32-1x64-fiber-optic-splitter\/","title":{"rendered":"SC APC\u30e9\u30c3\u30af\u30de\u30a6\u30f3\u30c8\u30b9\u30d7\u30ea\u30c3\u30bf\u30011\u00d78 1\u00d716 1\u00d732 1\u00d764 \u5149\u30d5\u30a1\u30a4\u30d0\u30fc\u30b9\u30d7\u30ea\u30c3\u30bf"},"content":{"rendered":"<h3>\u7279\u5fb4<\/h3>\n<ol>\n<li>\u9ad8\u5bc6\u5ea6 SC APC \u30e9\u30c3\u30af\u30de\u30a6\u30f3\u30c8\u30fb\u30b9\u30d7\u30ea\u30c3\u30bf - 1U \/ 2U \u30e9\u30c3\u30af\u8a2d\u8a08\u306f\u3001\u30b9\u30da\u30fc\u30b9\u52b9\u7387\u306e\u9ad8\u3044\u30d5\u30a1\u30a4\u30d0\u30fc\u5206\u914d\u306e\u305f\u3081\u306b\u6700\u5927 2-64 \u30dd\u30fc\u30c8\u3092\u30b5\u30dd\u30fc\u30c8\u3057\u307e\u3059\u3002.<\/li>\n<li>\u5e83\u3044\u6ce2\u9577\u4e92\u63db\u6027 - GPON\u3001XGS-PON\u3001\u30bb\u30ad\u30e5\u30ea\u30c6\u30a3\u30fb\u30e2\u30cb\u30bf\u30ea\u30f3\u30b0\u3001\u30d5\u30a1\u30a4\u30d0\u30fc\u30fb\u30c4\u30fc\u30fb\u30db\u30fc\u30e0\u3001CATV\u30a2\u30d7\u30ea\u30b1\u30fc\u30b7\u30e7\u30f3\u7528\u306e1260nm\uff5e1650nm\u3067\u52d5\u4f5c\u3002.<\/li>\n<li><strong>\u8d85\u4f4e\u633f\u5165\u640d\u5931<\/strong> - \u9577\u8ddd\u96e2\u30cd\u30c3\u30c8\u30ef\u30fc\u30af\u306e\u30b7\u30b0\u30ca\u30eb\u30a4\u30f3\u30c6\u30b0\u30ea\u30c6\u30a3\u3092\u6700\u5927\u9650\u306b\u78ba\u4fdd\u3057\u307e\u3059\u3002.<\/li>\n<li>\u30d7\u30e9\u30b0\u30a2\u30f3\u30c9\u30d7\u30ec\u30a4\u8a2d\u7f6e - SC APC\u30b3\u30cd\u30af\u30bf\u304c\u3042\u3089\u304b\u3058\u3081\u53d6\u308a\u4ed8\u3051\u3089\u308c\u3066\u3044\u308b\u305f\u3081\u3001\u30c7\u30fc\u30bf\u30bb\u30f3\u30bf\u30fc\u307e\u305f\u306fFTTH\u30cd\u30c3\u30c8\u30ef\u30fc\u30af\u306b\u7d20\u65e9\u304f\u5c0e\u5165\u3067\u304d\u307e\u3059\u3002.<\/li>\n<\/ol>\n<h3>\u4ed5\u69d8<\/h3>\n<table style=\"width: 40.3273%; height: 192px;\">\n<tbody>\n<tr style=\"height: 24px;\">\n<td style=\"height: 24px; width: 51.0471%;\"><strong>\u88fd\u54c1\u540d<\/strong><\/td>\n<td style=\"height: 24px; width: 85.7094%;\">SC APC\u30e9\u30c3\u30af\u30de\u30a6\u30f3\u30c8\u30fb\u30b9\u30d7\u30ea\u30c3\u30bf\u30fc<\/td>\n<\/tr>\n<tr style=\"height: 24px;\">\n<td style=\"height: 24px; width: 51.0471%;\"><strong>\u30d6\u30e9\u30f3\u30c9<\/strong><\/td>\n<td style=\"height: 24px; width: 85.7094%;\">LuLeey<\/td>\n<\/tr>\n<tr style=\"height: 24px;\">\n<td style=\"height: 24px; width: 51.0471%;\"><strong>\u5206\u5272\u6bd4\u7387<\/strong><\/td>\n<td style=\"height: 24px; width: 85.7094%;\">1\u00d72 1\u00d74 1\u00d78 1\u00d716 1\u00d732 1\u00d764<\/td>\n<\/tr>\n<tr style=\"height: 24px;\">\n<td style=\"height: 24px; width: 51.0471%;\"><strong>\u633f\u5165\u640d\u5931<\/strong><\/td>\n<td style=\"height: 24px; width: 85.7094%;\">\u22640.9dB\u4ee5\u4e0b\uff08\u4ee3\u8868\u5024\uff09<\/td>\n<\/tr>\n<tr style=\"height: 24px;\">\n<td style=\"height: 24px; width: 51.0471%;\"><strong>\u6ce2\u9577\u7bc4\u56f2<\/strong><\/td>\n<td style=\"height: 24px; width: 85.7094%;\">1260nm~1650nm<\/td>\n<\/tr>\n<tr>\n<td style=\"width: 51.0471%;\"><strong>\u30a4\u30f3\u30b5\u30fc\u30c8\u640d\u5931<\/strong><\/td>\n<td style=\"width: 85.7094%;\">\u22640.3dB<\/td>\n<\/tr>\n<tr>\n<td style=\"width: 51.0471%;\"><strong>\u30ea\u30bf\u30fc\u30f3\u30ed\u30b9<\/strong><\/td>\n<td style=\"width: 85.7094%;\">\u226550dB\u4ee5\u4e0a<\/td>\n<\/tr>\n<tr style=\"height: 24px;\">\n<td style=\"height: 24px; width: 51.0471%;\"><strong>\u30b3\u30cd\u30af\u30bf\u30fc\u30fb\u30bf\u30a4\u30d7<\/strong><\/td>\n<td style=\"height: 24px; width: 85.7094%;\">SC APC\uff08\u30a2\u30f3\u30b0\u30eb\u30c9\u30fb\u30dd\u30ea\u30c3\u30b7\u30e5\uff09<\/td>\n<\/tr>\n<tr>\n<td style=\"width: 51.0471%;\">\u52d5\u4f5c\u6e29\u5ea6<strong><br \/>\n<\/strong><\/td>\n<td style=\"width: 85.7094%;\">-40 ~ 80\u2103<\/td>\n<\/tr>\n<tr>\n<td style=\"width: 51.0471%;\"><strong>\u30b5\u30a4\u30ba<\/strong><\/td>\n<td style=\"width: 85.7094%;\">430*200*43mm<\/p>\n<p>430*200*85mm(1 x 64)<\/td>\n<\/tr>\n<tr>\n<td style=\"width: 51.0471%;\">\u6750\u6599<strong><br \/>\n<\/strong><\/td>\n<td style=\"width: 85.7094%;\">1.0mm\u51b7\u5ef6\u92fc\u677f<\/td>\n<\/tr>\n<tr style=\"height: 24px;\">\n<td style=\"height: 24px; width: 51.0471%;\"><strong>\u30e9\u30c3\u30af\u306e\u9ad8\u3055<\/strong><\/td>\n<td style=\"height: 24px; width: 85.7094%;\">1U \/ 2U(1 x 64)<\/td>\n<\/tr>\n<tr style=\"height: 24px;\">\n<td style=\"height: 24px; width: 51.0471%;\"><strong>\u8d77\u6e90<\/strong><\/td>\n<td style=\"height: 24px; width: 85.7094%;\">\u4e2d\u56fd\u672c\u571f<\/td>\n<\/tr>\n<\/tbody>\n<\/table>","protected":false},"excerpt":{"rendered":"<ul>\n<li><strong>\u7701\u30b9\u30da\u30fc\u30b9\u8a2d\u8a08<\/strong>\u00a0- SC APC\u30e9\u30c3\u30af\u30de\u30a6\u30f3\u30c8\u30b9\u30d7\u30ea\u30c3\u30bf\u30fc 1U\/2U\u30e9\u30c3\u30af\u30de\u30a6\u30f3\u30c8\u3001\u9ad8\u5bc6\u5ea6\u30d5\u30a1\u30a4\u30d0\u30fc\u5206\u914d\u7528\u3002.<\/li>\n<li class=\"a-spacing-mini\"><span class=\"a-list-item\"><strong>\u677f\u539a 1.0 mm<\/strong>- \u539a\u304f\u88dc\u5f37\u3055\u308c\u305f\u51b7\u9593\u5727\u5ef6\u30b7\u30fc\u30c8\u3001\u9811\u4e08\u3067\u5b89\u5b9a\u3057\u305f\u8010\u98df\u30b3\u30fc\u30c6\u30a3\u30f3\u30b0\u3001\u9577\u5bff\u547d\u3002.<\/span><\/li>\n<\/ul>","protected":false},"featured_media":17672,"comment_status":"open","ping_status":"closed","template":"","meta":[],"product_brand":[],"product_cat":[366],"product_tag":[1001,1002,1000],"class_list":{"0":"post-17679","1":"product","2":"type-product","3":"status-publish","4":"has-post-thumbnail","6":"product_cat-optical-splitters-and-splitter-box","7":"product_tag-fiber-optic-splitter-1x8","8":"product_tag-high-density-fiber-splitter","9":"product_tag-sc-apc-rack-mount-splitter","11":"first","12":"instock","13":"shipping-taxable","14":"purchasable","15":"product-type-variable","16":"has-default-attributes"},"_links":{"self":[{"href":"https:\/\/www.luleey.com\/ja\/wp-json\/wp\/v2\/product\/17679","targetHints":{"allow":["GET"]}}],"collection":[{"href":"https:\/\/www.luleey.com\/ja\/wp-json\/wp\/v2\/product"}],"about":[{"href":"https:\/\/www.luleey.com\/ja\/wp-json\/wp\/v2\/types\/product"}],"replies":[{"embeddable":true,"href":"https:\/\/www.luleey.com\/ja\/wp-json\/wp\/v2\/comments?post=17679"}],"wp:featuredmedia":[{"embeddable":true,"href":"https:\/\/www.luleey.com\/ja\/wp-json\/wp\/v2\/media\/17672"}],"wp:attachment":[{"href":"https:\/\/www.luleey.com\/ja\/wp-json\/wp\/v2\/media?parent=17679"}],"wp:term":[{"taxonomy":"product_brand","embeddable":true,"href":"https:\/\/www.luleey.com\/ja\/wp-json\/wp\/v2\/product_brand?post=17679"},{"taxonomy":"product_cat","embeddable":true,"href":"https:\/\/www.luleey.com\/ja\/wp-json\/wp\/v2\/product_cat?post=17679"},{"taxonomy":"product_tag","embeddable":true,"href":"https:\/\/www.luleey.com\/ja\/wp-json\/wp\/v2\/product_tag?post=17679"}],"curies":[{"name":"wp","href":"https:\/\/api.w.org\/{rel}","templated":true}]}}