{"id":17957,"date":"2025-04-12T14:58:38","date_gmt":"2025-04-12T06:58:38","guid":{"rendered":"https:\/\/www.luleey.com\/?post_type=product&#038;p=17957"},"modified":"2025-08-02T22:26:40","modified_gmt":"2025-08-02T14:26:40","slug":"4-pon-gpon-olt-ll-gpolt304","status":"publish","type":"product","link":"https:\/\/www.luleey.com\/ja\/product\/4-pon-gpon-olt-ll-gpolt304\/","title":{"rendered":"4\u30dd\u30f3\u30fb\u30b0\u30dd\u30f3\u30fb\u30aa\u30eb\u30c8\u3001LL-GPOLT-XE-G04"},"content":{"rendered":"<h3><span class=\"fontstyle3\">\u88fd\u54c1\u306e\u7279\u5fb4<\/span><\/h3>\n<ul>\n<li><span class=\"fontstyle0\">19\u30a4\u30f3\u30c11U\u30e9\u30c3\u30af\u30de\u30a6\u30f3\u30c8\u3001\u5c0f\u578b\u3001\u5229\u4fbf\u6027\u3001\u67d4\u8edf\u6027\u3001\u5bb9\u6613\u306a\u914d\u5099\u3001\u9ad8\u6027\u80fd\u3002\u30a4\u30f3\u30b9\u30c8\u30fc\u30eb\u3068\u30e1\u30f3\u30c6\u30ca\u30f3\u30b9\u304c\u7c21\u5358\u3067<br \/>\n\u30b9\u30da\u30fc\u30b9.<\/span><\/li>\n<li><span class=\"fontstyle0\">GPON OLT\u306f4\u3064\u306eGPON SFP\u30dd\u30fc\u30c8\u3092\u63d0\u4f9b\u00a0<\/span><\/li>\n<li><span class=\"fontstyle0\">4 \u3064\u306e\u30a2\u30c3\u30d7\u30ea\u30f3\u30af 1000M RJ45 \u30dd\u30fc\u30c8\u304a\u3088\u3073 4*10GE SFP+ \u30a2\u30c3\u30d7\u30ea\u30f3\u30af\u30dd\u30fc\u30c8\u3002.<\/span><\/li>\n<li><span class=\"fontstyle0\">1:128\u306e\u5206\u5272\u6bd4\u7387\u3092\u30b5\u30dd\u30fc\u30c8\u3057\u3001\u540c\u6642\u306b512\u306eONU\u30e6\u30fc\u30b6\u30fc\u306b\u30a2\u30af\u30bb\u30b9\u3059\u308b\u3053\u3068\u304c\u3067\u304d\u3001\u30d6\u30e9\u30f3\u30c9\u306e\u30ed\u30c3\u30af\u3092\u89e3\u9664\u3057\u3001HUAWEI\u3001ZTE\u304a\u3088\u3073\u3088\u308a\u591a\u304f\u306eONU\u30d6\u30e9\u30f3\u30c9\u3092\u30b5\u30dd\u30fc\u30c8\u3057\u307e\u3059\u3002. <\/span><\/li>\n<li>ONU\u306e\u81ea\u52d5\u691c\u51fa\u3068\u767b\u9332\u3092\u30b5\u30dd\u30fc\u30c8<\/li>\n<li><span class=\"fontstyle0\">S<\/span><span class=\"fontstyle0\">\u30c8\u30ea\u30d7\u30eb\u30d7\u30ec\u30a4\u3001\u30d3\u30c7\u30aa\u30cd\u30c3\u30c8\u30ef\u30fc\u30af\u3001\u4f01\u696dLAN\u3001\u30e2\u30ce\u306e\u30a4\u30f3\u30bf\u30fc\u30cd\u30c3\u30c8\u306e\u30b7\u30ca\u30ea\u30aa\u306b\u9069\u3057\u305f\u3001\u3055\u307e\u3056\u307e\u306a\u30bf\u30a4\u30d7\u306eONU\u30cf\u30a4\u30d6\u30ea\u30c3\u30c9\u30cd\u30c3\u30c8\u30ef\u30fc\u30ad\u30f3\u30b0\u3092\u30b5\u30dd\u30fc\u30c8\u3057\u307e\u3059\u3002. <\/span><\/li>\n<li><span class=\"fontstyle0\">FTTH\/FTTB\/FTTO\u30d7\u30ed\u30b8\u30a7\u30af\u30c8\u306b\u5b8c\u74a7\u3067\u3001\u30a4\u30f3\u30c6\u30ea\u30b8\u30a7\u30f3\u30c8\u3067\u3001\u30d1\u30ef\u30d5\u30eb\u3067\u3001\u5148\u9032\u7684\u3067\u3001\u30d7\u30ed\u30d5\u30a7\u30c3\u30b7\u30e7\u30ca\u30eb\u306a\u30bd\u30ea\u30e5\u30fc\u30b7\u30e7\u30f3\u3092\u63d0\u4f9b\u3057\u307e\u3059\u3002.<\/span><\/li>\n<\/ul>\n<h3><span class=\"fontstyle3\">\u4ed5\u69d8<\/span><\/h3>\n<table width=\"630\">\n<tbody>\n<tr>\n<td width=\"408\">\u30d6\u30e9\u30f3\u30c9<\/td>\n<td width=\"222\">LuLeey<\/td>\n<\/tr>\n<tr>\n<td>\u88fd\u54c1\u540d<\/td>\n<td>4\u30dd\u30f3\u30fb\u30b0\u30dd\u30f3\u30fb\u30aa\u30eb\u30c8\u3001LL-GPOLT-XE-G04<\/td>\n<\/tr>\n<tr>\n<td width=\"408\">10GE\u30a4\u30fc\u30b5\u30cd\u30c3\u30c8<\/td>\n<td width=\"222\">4 x 10GE\/GE SFP+<\/td>\n<\/tr>\n<tr>\n<td width=\"408\">GPON<\/td>\n<td width=\"222\">ITU-TG.984.x\u30b9\u30bf\u30f3\u30c0\u30fc\u30c9<\/td>\n<\/tr>\n<tr>\n<td width=\"408\">RJ45\u30a2\u30c3\u30d7\u30ea\u30f3\u30af\u30dd\u30fc\u30c8<\/td>\n<td width=\"222\">4 x RJ-45 1000M<\/td>\n<\/tr>\n<tr>\n<td width=\"408\">GPON\u30dd\u30fc\u30c8<\/td>\n<td width=\"222\">4 x GPON (2.5\/1.25 Gbps)<\/td>\n<\/tr>\n<tr>\n<td width=\"408\">\u30b3\u30f3\u30bd\u30fc\u30eb\u30fb\u30dd\u30fc\u30c8<\/td>\n<td width=\"222\">1x \u30b3\u30f3\u30bd\u30fc\u30eb\u30dd\u30fc\u30c8<\/td>\n<\/tr>\n<tr>\n<td width=\"408\">MGMT PORT<\/td>\n<td width=\"222\">1000M \u7ba1\u7406\u30dd\u30fc\u30c8\u00d71<\/td>\n<\/tr>\n<tr>\n<td width=\"408\">\u5206\u5272\u6bd4<\/td>\n<td width=\"222\">1:128<\/td>\n<\/tr>\n<tr>\n<td width=\"408\">\u96fb\u6e90\u30a2\u30c0\u30d7\u30bf\u30fc<\/td>\n<td width=\"222\">AC\u5165\u529b\uff1aAC100\uff5e240V\u300150\/60Hz\u3001DC\u5165\u529b\uff1a36V\uff5e75V<\/td>\n<\/tr>\n<tr>\n<td width=\"408\">\u6700\u5927ONU<\/td>\n<td width=\"222\">512<\/td>\n<\/tr>\n<tr>\n<td width=\"408\">\u30b9\u30a4\u30c3\u30c1\u30f3\u30b0\u5bb9\u91cf<\/td>\n<td width=\"222\">103Gbps<\/td>\n<\/tr>\n<tr>\n<td width=\"408\">\u6d88\u8cbb<\/td>\n<td width=\"222\">\uff1c50 W<\/td>\n<\/tr>\n<tr>\n<td width=\"408\">\u5197\u9577\u8a2d\u8a08<\/td>\n<td width=\"222\">\u30d7\u30e9\u30b0\u30a4\u30f3\u5f0f\u30c0\u30d6\u30eb\u96fb\u6e90\u3001\u30c0\u30d6\u30ebAC\u3001\u30c0\u30d6\u30ebDC\u3001AC+DC<\/td>\n<\/tr>\n<tr>\n<td width=\"408\">\u30aa\u30da\u30ec\u30fc\u30b7\u30e7\u30f3<\/td>\n<td width=\"222\">\u6e29\u5ea6 -10\uff5e70\u2103\u3001\u76f8\u5bfe\u6e7f\u5ea6 10-90%\uff08\u7d50\u9732\u306a\u304d\u3053\u3068\uff09<\/td>\n<\/tr>\n<tr>\n<td width=\"408\">\u30b9\u30c8\u30ec\u30fc\u30b8<\/td>\n<td width=\"222\">\u6e29\u5ea6 0\uff5e45\u2103\u3001\u76f8\u5bfe\u6e7f\u5ea6 10\uff5e90%\uff08\u7d50\u9732\u306a\u304d\u3053\u3068\uff09<\/td>\n<\/tr>\n<tr>\n<td width=\"408\">\u5bf8\u6cd5<\/td>\n<td width=\"222\">440mm\u00d7400mm\u00d744mm(W\u00d7D\u00d7H)<\/td>\n<\/tr>\n<tr>\n<td width=\"408\">\u30b9\u30d1\u30cb\u30f3\u30b0\u30c4\u30ea\u30fc<\/td>\n<td width=\"222\">IEEE 802.1x STP\/RSTP\/MSTP<br \/>\nONU\u30ea\u30e2\u30fc\u30c8\u30eb\u30fc\u30d7\u691c\u51fa<\/td>\n<\/tr>\n<tr>\n<td width=\"408\">MAC<\/td>\n<td width=\"222\">MAC\u30d6\u30e9\u30c3\u30af\u30db\u30fc\u30eb<br \/>\n\u30dd\u30fc\u30c8MAC\u5236\u9650<br \/>\n16K MAC\u30a2\u30c9\u30ec\u30b9<\/td>\n<\/tr>\n<tr>\n<td width=\"408\">\u30eb\u30fc\u30c6\u30a3\u30f3\u30b0<\/td>\n<td width=\"222\">\u30ea\u30c3\u30d7<br \/>\n\u30aa\u30fc\u30d7\u30f3\u3055\u3044\u305f\u3093\u30d1\u30b9\u30d5\u30a1\u30fc\u30b9\u30c8<br \/>\nBGP<\/td>\n<\/tr>\n<tr>\n<td width=\"408\">\u30d0\u30fc\u30c1\u30e3\u30ebLAN<br \/>\n\u30a4\u30fc\u30b5\u30cd\u30c3\u30c8\u30b9\u30a4\u30c3\u30c1\u30f3\u30b0\uff08L2\uff09\u6a5f\u80fd<\/td>\n<td width=\"222\">4K VLAN\u30a8\u30f3\u30c8\u30ea\u30fc<br \/>\n\u30dd\u30fc\u30c8\u30d9\u30fc\u30b9QinQ\u3068\u30bb\u30ec\u30af\u30c6\u30a3\u30d6QinQ<br \/>\n(\u30b9\u30bf\u30c3\u30af\u30d6\u30e9\u30f3)<br \/>\n\u30dd\u30fc\u30c8\u30d9\u30fc\u30b9\/MAC\u30d9\u30fc\u30b9\/IP\u30b5\u30d6\u30cd\u30c3\u30c8\u30d9\u30fc\u30b9VLA<\/td>\n<\/tr>\n<tr>\n<td width=\"408\">\u30dd\u30fc\u30c8<\/td>\n<td width=\"222\">\u53cc\u65b9\u5411\u5e2f\u57df\u5236\u5fa1<br \/>\n\u30dd\u30fc\u30c8\u30df\u30e9\u30fc\u30ea\u30f3\u30b0\u3068\u30c8\u30e9\u30d5\u30a3\u30c3\u30af\u30df\u30e9\u30fc\u30ea\u30f3\u30b0<\/td>\n<\/tr>\n<tr>\n<td width=\"408\">\u30de\u30eb\u30c1\u30ad\u30e3\u30b9\u30c8<\/td>\n<td width=\"222\">IGMPv1\/v2\/v3<br \/>\nIGMP\u30b9\u30cc\u30fc\u30d4\u30f3\u30b0\/\u30d7\u30ed\u30ad\u30b7<br \/>\nIGMP\u30d5\u30a3\u30eb\u30bf\u30ea\u30f3\u30b0<\/td>\n<\/tr>\n<tr>\n<td width=\"408\">\u30e6\u30fc\u30b6\u30fc\u30bb\u30ad\u30e5\u30ea\u30c6\u30a3<br \/>\n\u30bb\u30ad\u30e5\u30ea\u30c6\u30a3\u6a5f\u80fd<\/td>\n<td width=\"222\">\u30a2\u30f3\u30c1ARP\u30b9\u30d7\u30fc\u30d5\u30a3\u30f3\u30b0\u3067\u6b3a\u304f<br \/>\n\u30a2\u30f3\u30c1ARP\u30d5\u30e9\u30c3\u30c7\u30a3\u30f3\u30b0\u653b\u6483\u81ea\u52d5\u5236\u5fa1<br \/>\nIP\u3001MAC\u3001\u30dd\u30fc\u30c8\u304a\u3088\u3073VLAN\u30d0\u30a4\u30f3\u30c7\u30a3\u30f3\u30b0<br \/>\n\u30dd\u30fc\u30c8\u7d76\u7e01<\/td>\n<\/tr>\n<tr>\n<td width=\"408\">\u54c1\u8cea\u4fdd\u8a3c<\/td>\n<td width=\"222\">\u30dd\u30fc\u30c8\u307e\u305f\u306f\u30e6\u30fc\u30b6\u30fc\u5b9a\u7fa9\u306e\u30ec\u30fc\u30c8\u5236\u9650\u306b\u57fa\u3065\u304f<br \/>\n\u30dd\u30fc\u30c8\u307e\u305f\u306f\u30e6\u30fc\u30b6\u30fc\u5b9a\u7fa9\u306e\u30d7\u30e9\u30a4\u30aa\u30ea\u30c6\u30a3\u30bf\u30b0\u306b\u57fa\u3065\u3044\u3066\u3001802.1P\u3001\u30d7\u30e9\u30a4\u30aa\u30ea\u30c6\u30a3\u306eDSCP\u30bf\u30b0\u80fd\u529b\u3092\u63d0\u4f9b\u3059\u308b\u3002<br \/>\n\u30dd\u30fc\u30c8\u307e\u305f\u306f\u30e6\u30fc\u30b6\u30fc\u5b9a\u7fa9\u306e\u9ad8\u54c1\u4f4d\u30ad\u30e5\u30fc\u30fb\u30b9\u30b1\u30b8\u30e5\u30fc\u30ea\u30f3\u30b0\u306b\u57fa\u3065\u304f<br \/>\nSP\u3001WRR\u3001SP+WRR\u306e\u512a\u5148\u30ad\u30e5\u30fc\u3068\u30b9\u30b1\u30b8\u30e5\u30fc\u30e9\u3002.<br \/>\n\u6e0b\u6ede\u56de\u907f\u30b7\u30b9\u30c6\u30e0<\/td>\n<\/tr>\n<tr>\n<td width=\"408\">\u30c7\u30d0\u30a4\u30b9\u306e\u30bb\u30ad\u30e5\u30ea\u30c6\u30a3<\/td>\n<td width=\"222\">DOS\u653b\u6483\u3092\u9632\u5fa1\u3059\u308b<br \/>\nTelnet\u306b\u3088\u308b\u30bb\u30ad\u30e5\u30ea\u30c6\u30a3IP\u30ed\u30b0\u30a4\u30f3<br \/>\n\u30e6\u30fc\u30b6\u30fc\u306e\u968e\u5c64\u7ba1\u7406\u3068\u30d1\u30b9\u30ef\u30fc\u30c9\u4fdd\u8b77<\/td>\n<\/tr>\n<tr>\n<td width=\"408\">\u30cd\u30c3\u30c8\u30ef\u30fc\u30af\u30fb\u30bb\u30ad\u30e5\u30ea\u30c6\u30a3<\/td>\n<td width=\"222\">IP\u30a2\u30c9\u30ec\u30b9\u3001VLAN ID\u3001MAC\u30a2\u30c9\u30ec\u30b9\u3068\u30dd\u30fc\u30c8\u306e\u624b\u52d5\u30d0\u30a4\u30f3\u30c9<br \/>\n\u30dd\u30fc\u30c8\u30d6\u30ed\u30fc\u30c9\u30ad\u30e3\u30b9\u30c8\/\u30de\u30eb\u30c1\u30d6\u30ed\u30fc\u30c9\u30ad\u30e3\u30b9\u30c8\u6291\u5236<br \/>\n\u9001\u4fe1\u5143\/\u5b9b\u5148MAC\u30a2\u30c9\u30ec\u30b9\u3001VLAN\u3001802.1p\u3001ToS\u3001DiffServ\u3001\u9001\u4fe1\u5143\/\u5b9b\u5148\u306b\u57fa\u3065\u304f<br \/>\nIP(IPv4\/IPv6)\u30a2\u30c9\u30ec\u30b9\u3001TCP\/UDP\u30dd\u30fc\u30c8\u756a\u53f7 IP\u30d1\u30c3\u30b1\u30fc\u30b8\u306e\u30d7\u30ed\u30c8\u30b3\u30eb\u30bf\u30a4\u30d7 \u30d5\u30ed\u30fc\u306e\u5206\u985e\u3068\u30d5\u30ed\u30fc<br \/>\n\u5b9a\u7fa9\u3055\u308c\u305f\u898f\u5247\u7ba1\u7406\u3001\u30b5\u30dd\u30fc\u30c8 \u30d1\u30c3\u30b1\u30fc\u30b8 \u30d8\u30c3\u30c0\u30fc 80 \u30d0\u30a4\u30c8\u306e\u6df1\u3055 L2-L7 ACLflow \u306e\u308d\u904e\u7269<br \/>\n\u52d5\u7684ARP\u30c6\u30fc\u30d6\u30eb\u30d9\u30fc\u30b9\u306e\u30d0\u30a4\u30f3\u30c7\u30a3\u30f3\u30b0<br \/>\nDHCP Option82\u3068PPPoE+\u304c\u30e6\u30fc\u30b6\u30fc\u306e\u7269\u7406\u7684\u4f4d\u7f6e\u3092\u30a2\u30c3\u30d7\u30ed\u30fc\u30c9<\/td>\n<\/tr>\n<tr>\n<td width=\"408\">\u30cd\u30c3\u30c8\u30ef\u30fc\u30af\u7ba1\u7406<\/td>\n<td width=\"222\">\u30b3\u30de\u30f3\u30c9\u30e9\u30a4\u30f3\u30a4\u30f3\u30bf\u30fc\u30d5\u30a7\u30a4\u30b9\uff08CLI\uff09\u3001\u30b3\u30f3\u30bd\u30fc\u30eb\u3001Telnet\u3001WEB\u8a2d\u5b9a<br \/>\nMIB\u306eRMON\uff08\u9060\u9694\u76e3\u8996\uff091\/2\/3\/9\u30b0\u30eb\u30fc\u30d7<br \/>\nSNMPv1\/v2\/v3\u306b\u3088\u308b\u30b7\u30b9\u30c6\u30e0\u69cb\u6210<br \/>\nNTP\uff08\u30cd\u30c3\u30c8\u30ef\u30fc\u30af\u30bf\u30a4\u30e0\u30d7\u30ed\u30c8\u30b3\u30eb\uff09<br \/>\nNMS2000\u30cd\u30c3\u30c8\u30ef\u30fc\u30af\u7ba1\u7406<\/td>\n<\/tr>\n<\/tbody>\n<\/table>\n<div class=\"structure-row\">\n<div class=\"col-left\" data-spm-anchor-id=\"a2700.details.0.i25.78ff2908MBBelt\">\n<div class=\"structure-row\"><\/div>\n<\/div>\n<\/div>","protected":false},"excerpt":{"rendered":"<ul>\n<li><span class=\"fontstyle0\">GPON OLT\u306f4\u3064\u306eGPON SFP\u30dd\u30fc\u30c8\u3092\u63d0\u4f9b\u00a0<\/span><\/li>\n<li><span class=\"fontstyle0\">4 \u3064\u306e\u30a2\u30c3\u30d7\u30ea\u30f3\u30af 1000M RJ45 \u30dd\u30fc\u30c8\u304a\u3088\u3073 4*10GE SFP+ \u30a2\u30c3\u30d7\u30ea\u30f3\u30af\u30dd\u30fc\u30c8\u3002.<\/span><\/li>\n<li><span class=\"fontstyle0\">1:128\u306e\u5206\u5272\u6bd4\u7387\u3092\u30b5\u30dd\u30fc\u30c8\u3057\u3001\u540c\u6642\u306b512\u306eONU\u30e6\u30fc\u30b6\u30fc\u306b\u30a2\u30af\u30bb\u30b9\u3059\u308b\u3053\u3068\u304c\u3067\u304d\u3001\u30d6\u30e9\u30f3\u30c9\u306e\u30ed\u30c3\u30af\u3092\u89e3\u9664\u3057\u3001HUAWEI\u3001ZTE\u304a\u3088\u3073\u3088\u308a\u591a\u304f\u306eONU\u30d6\u30e9\u30f3\u30c9\u3092\u30b5\u30dd\u30fc\u30c8\u3057\u307e\u3059\u3002. <\/span><\/li>\n<li>ONU\u306e\u81ea\u52d5\u691c\u51fa\u3068\u767b\u9332\u3092\u30b5\u30dd\u30fc\u30c8<\/li>\n<\/ul>","protected":false},"featured_media":17960,"comment_status":"open","ping_status":"closed","template":"","meta":[],"product_brand":[],"product_cat":[360],"product_tag":[1025,1024,229,1088,269],"class_list":{"0":"post-17957","1":"product","2":"type-product","3":"status-publish","4":"has-post-thumbnail","6":"product_cat-gpon-olt","7":"product_tag-4-pon","8":"product_tag-gpon-512","9":"product_tag-gpon-olt","10":"product_tag-ll-gpolt-xe-g04","11":"product_tag-olt","13":"first","14":"instock","15":"shipping-taxable","16":"purchasable","17":"product-type-variable","18":"has-default-attributes"},"_links":{"self":[{"href":"https:\/\/www.luleey.com\/ja\/wp-json\/wp\/v2\/product\/17957","targetHints":{"allow":["GET"]}}],"collection":[{"href":"https:\/\/www.luleey.com\/ja\/wp-json\/wp\/v2\/product"}],"about":[{"href":"https:\/\/www.luleey.com\/ja\/wp-json\/wp\/v2\/types\/product"}],"replies":[{"embeddable":true,"href":"https:\/\/www.luleey.com\/ja\/wp-json\/wp\/v2\/comments?post=17957"}],"wp:featuredmedia":[{"embeddable":true,"href":"https:\/\/www.luleey.com\/ja\/wp-json\/wp\/v2\/media\/17960"}],"wp:attachment":[{"href":"https:\/\/www.luleey.com\/ja\/wp-json\/wp\/v2\/media?parent=17957"}],"wp:term":[{"taxonomy":"product_brand","embeddable":true,"href":"https:\/\/www.luleey.com\/ja\/wp-json\/wp\/v2\/product_brand?post=17957"},{"taxonomy":"product_cat","embeddable":true,"href":"https:\/\/www.luleey.com\/ja\/wp-json\/wp\/v2\/product_cat?post=17957"},{"taxonomy":"product_tag","embeddable":true,"href":"https:\/\/www.luleey.com\/ja\/wp-json\/wp\/v2\/product_tag?post=17957"}],"curies":[{"name":"wp","href":"https:\/\/api.w.org\/{rel}","templated":true}]}}