{"id":12959,"date":"2024-07-19T00:59:09","date_gmt":"2024-07-18T16:59:09","guid":{"rendered":"https:\/\/www.luleey.com\/?post_type=product&#038;p=12959"},"modified":"2025-02-20T22:35:16","modified_gmt":"2025-02-20T14:35:16","slug":"plc-splitter-1x32-sc-apc-upc","status":"publish","type":"product","link":"https:\/\/www.luleey.com\/ko\/product\/plc-splitter-1x32-sc-apc-upc\/","title":{"rendered":"PLC \uc2a4\ud50c\ub9ac\ud130 1\u00d732 SC APC \/ UPC"},"content":{"rendered":"<p><span style=\"font-size: 1.5em; font-weight: bold;\">\uc0ac\uc591<\/span><\/p>\n<div class=\"MachTrans__textWrap__1NtxT\">\n<div class=\"MachTrans__textWrap__1NtxT\">\n<table style=\"width: 100%; height: 636px;\" width=\"834\">\n<tbody>\n<tr style=\"height: 53px;\">\n<td style=\"height: 53px;\" width=\"273\">\ubaa8\ub378<\/td>\n<td style=\"height: 53px;\" width=\"561\">1\u00d732-0.9MM-SC APC PLC \uc2a4\ud50c\ub9ac\ud130<\/td>\n<\/tr>\n<tr style=\"height: 53px;\">\n<td style=\"height: 53px;\">\uc2a4\ud50c\ub9ac\ud130 \uc720\ud615<\/td>\n<td style=\"height: 53px;\">PLC \uc2a4\ud50c\ub9ac\ud130<\/td>\n<\/tr>\n<tr style=\"height: 53px;\">\n<td style=\"height: 53px;\">\uc0ac\uc6a9 \uc6a9\ub3c4<\/td>\n<td style=\"height: 53px;\">\uad11\uc12c\uc720<\/td>\n<\/tr>\n<tr style=\"height: 53px;\">\n<td style=\"height: 53px;\">\ub124\ud2b8\uc6cc\ud06c<\/td>\n<td style=\"height: 53px;\">\ubb34\uc120 \ub79c, Wi-Fi, 4G<\/td>\n<\/tr>\n<tr style=\"height: 53px;\">\n<td style=\"height: 53px;\">\uc791\ub3d9 \ud30c\uc7a5(nm)<\/td>\n<td style=\"height: 53px;\">1260~1650<\/td>\n<\/tr>\n<tr style=\"height: 53px;\">\n<td style=\"height: 53px;\">\uc12c\uc720 \uc720\ud615<\/td>\n<td style=\"height: 53px;\">SMF-28e \ub610\ub294 \uace0\uac1d \uc9c0\uc815<\/td>\n<\/tr>\n<tr style=\"height: 53px;\">\n<td style=\"height: 53px;\">OEM<\/td>\n<td style=\"height: 53px;\">\ud5c8\uc6a9 \uac00\ub2a5<\/td>\n<\/tr>\n<tr style=\"height: 53px;\">\n<td style=\"height: 53px;\">\uc2a4\ud50c\ub9ac\ud130 \uce69 \ube0c\ub79c\ub4dc<\/td>\n<td style=\"height: 53px;\">PPI<\/td>\n<\/tr>\n<tr style=\"height: 53px;\">\n<td style=\"height: 53px;\">\ud328\ud0a4\uc9c0<\/td>\n<td style=\"height: 53px;\">\uc0c1\uc790 \ub610\ub294 \uac00\ubc29<\/td>\n<\/tr>\n<tr style=\"height: 53px;\">\n<td style=\"height: 53px;\">\ucee4\ub125\ud130 \uc720\ud615<\/td>\n<td style=\"height: 53px;\">SC APC \/SC UPC<\/td>\n<\/tr>\n<tr style=\"height: 53px;\">\n<td style=\"height: 53px;\">\uc560\ud50c\ub9ac\ucf00\uc774\uc158<\/td>\n<td style=\"height: 53px;\">\ud1b5\uc2e0<\/td>\n<\/tr>\n<tr style=\"height: 53px;\">\n<td style=\"height: 53px;\">\ubd84\ud560 \ube44\uc728<\/td>\n<td style=\"height: 53px;\">1\u00d74 1\u00d72 1\u00d78 1\u00d716 <strong>1\u00d732<\/strong><\/td>\n<\/tr>\n<\/tbody>\n<\/table>\n<\/div>\n<div class=\"MachTrans__text__duH8w\">\n<table style=\"width: 100%;\" border=\"0\" cellspacing=\"0\" cellpadding=\"0\">\n<tbody>\n<tr>\n<td style=\"width: 99.883%;\" colspan=\"14\"><span data-spm-anchor-id=\"a2g0o.detail.1000023.i1.71976ad1iBaGbp\">11xN(\ucee4\ub125\ud130 \ud3ec\ud568)<\/span><\/td>\n<\/tr>\n<tr>\n<td style=\"width: 21.6058%;\" colspan=\"2\">\n<p data-spm-anchor-id=\"a2g0o.detail.1000023.i0.71976ad1iBaGbp\">(\ucc44\ub110 \uc218)<\/p>\n<\/td>\n<td style=\"width: 5.9176%;\">1\u00d72<\/td>\n<td style=\"width: 5.9176%;\">1\u00d74<\/td>\n<td style=\"width: 6.29213%;\">1\u00d78<\/td>\n<td style=\"width: 6.59176%;\">1\u00d716<\/td>\n<td style=\"width: 7.19101%;\"><strong>1\u00d732<\/strong><\/td>\n<td style=\"width: 6.81648%;\">1\u00d764<\/td>\n<td style=\"width: 6.14232%;\">2\u00d72<\/td>\n<td style=\"width: 6.14232%;\">2\u00d74<\/td>\n<td style=\"width: 6.36704%;\">2\u00d78<\/td>\n<td style=\"width: 6.81648%;\">2\u00d716<\/td>\n<td style=\"width: 7.0412%;\">2\u00d732<\/td>\n<td style=\"width: 7.0412%;\">2\u00d764<\/td>\n<\/tr>\n<tr>\n<td style=\"width: 21.6058%;\" colspan=\"2\">(\uc6e8\uc774\ube0c\ub80c\ub4dc \uc6b4\uc601)<\/td>\n<td style=\"width: 71.236%;\" colspan=\"11\">1260 ~ 1650<\/td>\n<td style=\"width: 7.0412%;\"><\/td>\n<\/tr>\n<tr>\n<td style=\"width: 21.6058%;\" colspan=\"2\">P \ub808\ubca8 \uc0bd\uc785 \uc190\uc2e4<\/td>\n<td style=\"width: 5.9176%;\">4<\/td>\n<td style=\"width: 5.9176%;\">7.4<\/td>\n<td style=\"width: 6.29213%;\">10.5<\/td>\n<td style=\"width: 6.59176%;\">13.7<\/td>\n<td style=\"width: 7.19101%;\">17<\/td>\n<td style=\"width: 6.81648%;\">20.3<\/td>\n<td style=\"width: 6.14232%;\">4.4<\/td>\n<td style=\"width: 6.14232%;\">7.6<\/td>\n<td style=\"width: 6.36704%;\">10.8<\/td>\n<td style=\"width: 6.81648%;\">14.1<\/td>\n<td style=\"width: 7.0412%;\">17.4<\/td>\n<td style=\"width: 7.0412%;\">20.7<\/td>\n<\/tr>\n<tr>\n<td style=\"width: 21.6058%;\" colspan=\"2\">S \ub808\ubca8 \uc0bd\uc785 \uc190\uc2e4<\/td>\n<td style=\"width: 5.9176%;\">4.2<\/td>\n<td style=\"width: 5.9176%;\">7.6<\/td>\n<td style=\"width: 6.29213%;\">10.7<\/td>\n<td style=\"width: 6.59176%;\">14<\/td>\n<td style=\"width: 7.19101%;\">17.3<\/td>\n<td style=\"width: 6.81648%;\">20.7<\/td>\n<td style=\"width: 6.14232%;\">4.6<\/td>\n<td style=\"width: 6.14232%;\">7.9<\/td>\n<td style=\"width: 6.36704%;\">11.2<\/td>\n<td style=\"width: 6.81648%;\">15<\/td>\n<td style=\"width: 7.0412%;\">18.1<\/td>\n<td style=\"width: 7.0412%;\">21.7<\/td>\n<\/tr>\n<tr>\n<td style=\"width: 21.6058%;\" colspan=\"2\">(\uade0\uc77c\uc131)<\/td>\n<td style=\"width: 5.9176%;\">0.4<\/td>\n<td style=\"width: 5.9176%;\">0.6<\/td>\n<td style=\"width: 6.29213%;\">0.8<\/td>\n<td style=\"width: 6.59176%;\">1<\/td>\n<td style=\"width: 7.19101%;\">1.2<\/td>\n<td style=\"width: 6.81648%;\">1.6<\/td>\n<td style=\"width: 6.14232%;\">0.8<\/td>\n<td style=\"width: 6.14232%;\">1<\/td>\n<td style=\"width: 6.36704%;\">1.2<\/td>\n<td style=\"width: 6.81648%;\">1.5<\/td>\n<td style=\"width: 7.0412%;\">1.8<\/td>\n<td style=\"width: 7.0412%;\">2<\/td>\n<\/tr>\n<tr>\n<td style=\"width: 21.6058%;\" colspan=\"2\">(PDL)<\/td>\n<td style=\"width: 5.9176%;\">0.2<\/td>\n<td style=\"width: 5.9176%;\" data-spm-anchor-id=\"a2g0o.detail.1000023.i2.33868oAq8oAqiX\">0.3<\/td>\n<td style=\"width: 6.29213%;\">0.3<\/td>\n<td style=\"width: 6.59176%;\">0.3<\/td>\n<td style=\"width: 7.19101%;\">0.3<\/td>\n<td style=\"width: 6.81648%;\">0.5<\/td>\n<td style=\"width: 6.14232%;\">0.3<\/td>\n<td style=\"width: 6.14232%;\">0.3<\/td>\n<td style=\"width: 6.36704%;\">0.3<\/td>\n<td style=\"width: 6.81648%;\">0.3<\/td>\n<td style=\"width: 7.0412%;\">0.3<\/td>\n<td style=\"width: 7.0412%;\">0.5<\/td>\n<\/tr>\n<tr>\n<td style=\"width: 21.6058%;\" colspan=\"2\">(\ubc18\ud488 \uc190\uc2e4)<\/td>\n<td style=\"width: 78.2772%;\" colspan=\"12\">55 \uc774\uc0c1<\/td>\n<\/tr>\n<tr>\n<td style=\"width: 21.6058%;\" colspan=\"2\">(\ubc29\ud5a5\uc131)<\/td>\n<td style=\"width: 78.2772%;\" colspan=\"12\">55 \uc774\uc0c1<\/td>\n<\/tr>\n<tr>\n<td style=\"width: 21.6058%;\" colspan=\"2\">(\uc12c\uc720 \uc720\ud615)<\/td>\n<td style=\"width: 78.2772%;\" colspan=\"12\">ITU G657A<\/td>\n<\/tr>\n<tr>\n<td style=\"width: 21.6058%;\" colspan=\"2\">(\uc791\ub3d9 \uc628\ub3c4)<\/td>\n<td style=\"width: 78.2772%;\" colspan=\"12\">-40~85\u2103<\/td>\n<\/tr>\n<tr>\n<td style=\"width: 21.6058%;\" colspan=\"2\">(\ud53c\uadf8\ud14c\uc77c \uae38\uc774)<\/td>\n<td style=\"width: 78.2772%;\" colspan=\"12\">1m(\uae30\ubcf8\uac12) \ub610\ub294 \uc0ac\uc6a9\uc790 \uc9c0\uc815<\/td>\n<\/tr>\n<\/tbody>\n<\/table>\n<p>&nbsp;<\/p>\n<\/div>\n<\/div>","protected":false},"excerpt":{"rendered":"<p>\uad11 \ub124\ud2b8\uc6cc\ud06c\uc5d0\uc11c PLC(\uc218\ub3d9 \uad11 \ubd84\ubc30\uae30)\uc758 \uae30\ub2a5\uc740 \ub2e8\uc77c \uc785\ub825 \ud3ec\ud2b8\uc758 \uad11 \uc2e0\ud638\ub97c \uc5ec\ub7ec \ucd9c\ub825 \ud3ec\ud2b8\ub85c \ubd84\ud560\ud558\ub294 \uac83\uc73c\ub85c, PLC \ubd84\ubc30\uae30\ub294 \uad11 \ud1b5\uc2e0 \ub124\ud2b8\uc6cc\ud06c\uc5d0\uc11c \uad11 \uc2e0\ud638\ub97c \ud6a8\uc728\uc801\uc73c\ub85c \ubd84\ubc30\ud558\uace0 \ub77c\uc6b0\ud305\ud558\uc5ec \uacf5\uc720 \uc778\ud504\ub77c\ub97c \ud1b5\ud574 \uc5ec\ub7ec \uc0ac\uc6a9\uc790\uc5d0\uac8c \uc11c\ube44\uc2a4\ub97c \uc81c\uacf5\ud560 \uc218 \uc788\ub3c4\ub85d \uc9c0\uc6d0\ud558\ub294 \ud575\uc2ec \uc218\ub3d9 \uad11 \uad6c\uc131 \uc694\uc18c\uc785\ub2c8\ub2e4.<\/p>","protected":false},"featured_media":17503,"comment_status":"open","ping_status":"closed","template":"","meta":[],"product_brand":[],"product_cat":[366],"product_tag":[119,306,308,326],"class_list":{"0":"post-12959","1":"product","2":"type-product","3":"status-publish","4":"has-post-thumbnail","6":"product_cat-optical-splitters-and-splitter-box","7":"product_tag-1x32","8":"product_tag-sc-apc","9":"product_tag-sc-upc","10":"product_tag-splitter","12":"first","13":"instock","14":"shipping-taxable","15":"purchasable","16":"product-type-variable"},"_links":{"self":[{"href":"https:\/\/www.luleey.com\/ko\/wp-json\/wp\/v2\/product\/12959","targetHints":{"allow":["GET"]}}],"collection":[{"href":"https:\/\/www.luleey.com\/ko\/wp-json\/wp\/v2\/product"}],"about":[{"href":"https:\/\/www.luleey.com\/ko\/wp-json\/wp\/v2\/types\/product"}],"replies":[{"embeddable":true,"href":"https:\/\/www.luleey.com\/ko\/wp-json\/wp\/v2\/comments?post=12959"}],"wp:featuredmedia":[{"embeddable":true,"href":"https:\/\/www.luleey.com\/ko\/wp-json\/wp\/v2\/media\/17503"}],"wp:attachment":[{"href":"https:\/\/www.luleey.com\/ko\/wp-json\/wp\/v2\/media?parent=12959"}],"wp:term":[{"taxonomy":"product_brand","embeddable":true,"href":"https:\/\/www.luleey.com\/ko\/wp-json\/wp\/v2\/product_brand?post=12959"},{"taxonomy":"product_cat","embeddable":true,"href":"https:\/\/www.luleey.com\/ko\/wp-json\/wp\/v2\/product_cat?post=12959"},{"taxonomy":"product_tag","embeddable":true,"href":"https:\/\/www.luleey.com\/ko\/wp-json\/wp\/v2\/product_tag?post=12959"}],"curies":[{"name":"wp","href":"https:\/\/api.w.org\/{rel}","templated":true}]}}