{"id":17686,"date":"2025-03-01T11:10:39","date_gmt":"2025-03-01T03:10:39","guid":{"rendered":"https:\/\/www.luleey.com\/?post_type=product&#038;p=17686"},"modified":"2025-03-20T14:14:31","modified_gmt":"2025-03-20T06:14:31","slug":"fc-apc-rack-mount-splitter-1x8-1x16-1x32-1x64-fiber-optic-splitter","status":"publish","type":"product","link":"https:\/\/www.luleey.com\/ko\/product\/fc-apc-rack-mount-splitter-1x8-1x16-1x32-1x64-fiber-optic-splitter\/","title":{"rendered":"FC APC \ub799 \ub9c8\uc6b4\ud2b8 \uc2a4\ud50c\ub9ac\ud130, 1\u00d78 1\u00d716 1\u00d732 1\u00d764 \uad11 \ubd84\ubc30\uae30"},"content":{"rendered":"<h3>\ud2b9\uc9d5<\/h3>\n<ol>\n<li>\uace0\ubc00\ub3c4 FC APC \ub799 \ub9c8\uc6b4\ud2b8 \uc2a4\ud50c\ub9ac\ud130 - \uacf5\uac04 \ud6a8\uc728\uc801\uc778 \uad11 \ubd84\ubc30\ub97c \uc704\ud574 \ucd5c\ub300 2-64\ud3ec\ud2b8\ub97c \uc9c0\uc6d0\ud558\ub294 1U\/2U \ub799 \ub514\uc790\uc778\uc785\ub2c8\ub2e4.<\/li>\n<li>\uad11\ubc94\uc704\ud55c \ud30c\uc7a5 \ud638\ud658\uc131 - 1260nm~1650nm\uc5d0\uc11c GPON, XGS-PON, \ubcf4\uc548 \ubaa8\ub2c8\ud130\ub9c1, \uac00\uc815 \ub0b4 \uad11\ucf00\uc774\ube14 \ubc0f CATV \uc560\ud50c\ub9ac\ucf00\uc774\uc158\uc5d0 \uc0ac\uc6a9\ud560 \uc218 \uc788\uc2b5\ub2c8\ub2e4.<\/li>\n<li><strong>\ucd08\uc800 \uc0bd\uc785 \uc190\uc2e4<\/strong> - \uc7a5\uac70\ub9ac \ub124\ud2b8\uc6cc\ud06c\uc758 \uc2e0\ud638 \ubb34\uacb0\uc131\uc744 \uadf9\ub300\ud654\ud569\ub2c8\ub2e4.<\/li>\n<li>\ud50c\ub7ec\uadf8 \uc564 \ud50c\ub808\uc774 \uc124\uce58 - \ub370\uc774\ud130 \uc13c\ud130 \ub610\ub294 FTTH \ub124\ud2b8\uc6cc\ud06c\uc5d0 \ube60\ub974\uac8c \ubc30\ud3ec\ud560 \uc218 \uc788\ub3c4\ub85d \uc0ac\uc804 \uc124\uce58\ub41c FC APC \ucee4\ub125\ud130\uac00 \uc81c\uacf5\ub429\ub2c8\ub2e4.<\/li>\n<\/ol>\n<h3>\uc0ac\uc591<\/h3>\n<table style=\"width: 40.3273%; height: 192px;\">\n<tbody>\n<tr style=\"height: 24px;\">\n<td style=\"height: 24px; width: 51.0471%;\"><strong>\uc81c\ud488 \uc774\ub984<\/strong><\/td>\n<td style=\"height: 24px; width: 85.7094%;\">FC APC \ub799 \ub9c8\uc6b4\ud2b8 \ubd84\ubc30\uae30<\/td>\n<\/tr>\n<tr style=\"height: 24px;\">\n<td style=\"height: 24px; width: 51.0471%;\"><strong>\ube0c\ub79c\ub4dc<\/strong><\/td>\n<td style=\"height: 24px; width: 85.7094%;\">\ub8e8\ub9ac<\/td>\n<\/tr>\n<tr style=\"height: 24px;\">\n<td style=\"height: 24px; width: 51.0471%;\"><strong>\ubd84\ud560 \ube44\uc728<\/strong><\/td>\n<td style=\"height: 24px; width: 85.7094%;\">1\u00d72 1\u00d74 1\u00d78 1\u00d716 1\u00d732 1\u00d764<\/td>\n<\/tr>\n<tr style=\"height: 24px;\">\n<td style=\"height: 24px; width: 51.0471%;\"><strong>\ud30c\uc7a5 \ubc94\uc704<\/strong><\/td>\n<td style=\"height: 24px; width: 85.7094%;\">1260nm~1650nm<\/td>\n<\/tr>\n<tr>\n<td style=\"width: 51.0471%;\"><strong>\uc190\uc2e4 \uc0bd\uc785<\/strong><\/td>\n<td style=\"width: 85.7094%;\">\u22640.3dB<\/td>\n<\/tr>\n<tr>\n<td style=\"width: 51.0471%;\"><strong>\ubc18\ud488 \uc190\uc2e4<\/strong><\/td>\n<td style=\"width: 85.7094%;\">\u226550dB<\/td>\n<\/tr>\n<tr style=\"height: 24px;\">\n<td style=\"height: 24px; width: 51.0471%;\"><strong>\ucee4\ub125\ud130 \uc720\ud615<\/strong><\/td>\n<td style=\"height: 24px; width: 85.7094%;\">FC APC(\uc575\uae00 \ud3f4\ub780\ub4dc\uc5b4)<\/td>\n<\/tr>\n<tr>\n<td style=\"width: 51.0471%;\">\uc791\ub3d9 \uc628\ub3c4<strong><br \/>\n<\/strong><\/td>\n<td style=\"width: 85.7094%;\">-40 ~ 80\u2103<\/td>\n<\/tr>\n<tr>\n<td style=\"width: 51.0471%;\"><strong>\ud06c\uae30<\/strong><\/td>\n<td style=\"width: 85.7094%;\">430*200*43mm<\/p>\n<p>430*200*85mm(1 x 64)<\/td>\n<\/tr>\n<tr>\n<td style=\"width: 51.0471%;\">\uc790\ub8cc<strong><br \/>\n<\/strong><\/td>\n<td style=\"width: 85.7094%;\">1.0mm \ub0c9\uac04 \uc555\uc5f0 \uac15\ud310<\/td>\n<\/tr>\n<tr style=\"height: 24px;\">\n<td style=\"height: 24px; width: 51.0471%;\"><strong>\ub799 \ub192\uc774<\/strong><\/td>\n<td style=\"height: 24px; width: 85.7094%;\">1U\/2U(1 x 64)<\/td>\n<\/tr>\n<tr style=\"height: 24px;\">\n<td style=\"height: 24px; width: 51.0471%;\"><strong>\uc6d0\uc0b0\uc9c0<\/strong><\/td>\n<td style=\"height: 24px; width: 85.7094%;\">\uc911\uad6d \ubcf8\ud1a0<\/td>\n<\/tr>\n<\/tbody>\n<\/table>","protected":false},"excerpt":{"rendered":"<ul>\n<li><strong>\uacf5\uac04 \uc808\uc57d\ud615 \ub514\uc790\uc778<\/strong> - \uace0\ubc00\ub3c4 \uad11 \ubd84\ubc30\ub97c \uc704\ud55c FC APC \ub799 \ub9c8\uc6b4\ud2b8 \uc2a4\ud50c\ub9ac\ud130 1U\/2U \ub799 \ub9c8\uc6b4\ud2b8.<\/li>\n<li class=\"a-spacing-mini\"><span class=\"a-list-item\"><strong>\ud50c\ub808\uc774\ud2b8 \ub450\uaed8 1.0mm<\/strong>- \ub450\uaecd\uace0 \uac15\ud654\ub41c \ub0c9\uac04 \uc555\uc5f0 \uc2dc\ud2b8, \uacac\uace0\ud558\uace0 \uc548\uc815\uc801\ubd80\uc2dd \ubc29\uc9c0 \ucf54\ud305, \uae34 \uc11c\ube44\uc2a4 \uc218\uba85.<\/span><\/li>\n<\/ul>","protected":false},"featured_media":17671,"comment_status":"open","ping_status":"closed","template":"","meta":[],"product_brand":[],"product_cat":[366],"product_tag":[1003,1001,1002],"class_list":{"0":"post-17686","1":"product","2":"type-product","3":"status-publish","4":"has-post-thumbnail","6":"product_cat-optical-splitters-and-splitter-box","7":"product_tag-fc-apc-rack-mount-splitter","8":"product_tag-fiber-optic-splitter-1x8","9":"product_tag-high-density-fiber-splitter","11":"first","12":"instock","13":"shipping-taxable","14":"purchasable","15":"product-type-variable","16":"has-default-attributes"},"_links":{"self":[{"href":"https:\/\/www.luleey.com\/ko\/wp-json\/wp\/v2\/product\/17686","targetHints":{"allow":["GET"]}}],"collection":[{"href":"https:\/\/www.luleey.com\/ko\/wp-json\/wp\/v2\/product"}],"about":[{"href":"https:\/\/www.luleey.com\/ko\/wp-json\/wp\/v2\/types\/product"}],"replies":[{"embeddable":true,"href":"https:\/\/www.luleey.com\/ko\/wp-json\/wp\/v2\/comments?post=17686"}],"wp:featuredmedia":[{"embeddable":true,"href":"https:\/\/www.luleey.com\/ko\/wp-json\/wp\/v2\/media\/17671"}],"wp:attachment":[{"href":"https:\/\/www.luleey.com\/ko\/wp-json\/wp\/v2\/media?parent=17686"}],"wp:term":[{"taxonomy":"product_brand","embeddable":true,"href":"https:\/\/www.luleey.com\/ko\/wp-json\/wp\/v2\/product_brand?post=17686"},{"taxonomy":"product_cat","embeddable":true,"href":"https:\/\/www.luleey.com\/ko\/wp-json\/wp\/v2\/product_cat?post=17686"},{"taxonomy":"product_tag","embeddable":true,"href":"https:\/\/www.luleey.com\/ko\/wp-json\/wp\/v2\/product_tag?post=17686"}],"curies":[{"name":"wp","href":"https:\/\/api.w.org\/{rel}","templated":true}]}}