{"id":162,"date":"2024-07-12T11:21:08","date_gmt":"2024-07-12T11:21:08","guid":{"rendered":"https:\/\/dummy.xtemos.com\/woodmart2\/accessories-gutenberg\/?page_id=162"},"modified":"2025-02-21T22:56:08","modified_gmt":"2025-02-21T14:56:08","slug":"about-us","status":"publish","type":"page","link":"https:\/\/www.luleey.com\/pt\/about-us\/","title":{"rendered":"Sobre n\u00f3s"},"content":{"rendered":"<div id=\"wd-04c40f58\" class=\"wp-block-wd-section\">\n<div id=\"wd-31cb736a\" class=\"wp-block-wd-row\">\n<div id=\"wd-59779be9\" class=\"wp-block-wd-column\">\n<p id=\"wd-3a91d0ce\" class=\"wp-block-wd-paragraph\">O sucesso do cliente \u00e9 a nossa meta.<\/p>\n\n\n\n<h2 id=\"wd-9dc217fa\" class=\"wp-block-wd-title title wd-custom-width\">SHENZHEN LULEEY<\/h2>\n\n\n\n<p id=\"wd-f56f2bae\" class=\"wp-block-wd-paragraph\">Produ\u00e7\u00e3o e venda de produtos \u00f3pticos, fabricados na China, vendidos para o mundo todo.<\/p>\n\n\n\n<p id=\"wd-cee02277\" class=\"wp-block-wd-paragraph\">Principais produtos: Produtos relacionados a FTTx<br>Aplica\u00e7\u00f5es: Interior, exterior, industrial<br>Localiza\u00e7\u00e3o: Shenzhen, China<br>Experi\u00eancia no exterior: Mais de 10 anos<br>Principais mercados: Europa, Am\u00e9rica do Norte, Am\u00e9rica do Sul, \u00c1sia, etc.<br>Personaliza\u00e7\u00e3o de OEM e ODM: Aceito<\/p>\n<\/div>\n\n\n\n<div id=\"wd-eae9d7e5\" class=\"wp-block-wd-column wd-align-is-md-flex-end wd-hide-sm\">\n<figure class=\"wp-block-image size-large\"><img loading=\"lazy\" decoding=\"async\" width=\"1920\" height=\"1281\" src=\"https:\/\/www.luleey.com\/wp-content\/uploads\/2024\/08\/luleey-c1-21-1920x1281.png\" alt=\"\" class=\"wp-image-14604\" title=\"\" srcset=\"https:\/\/www.luleey.com\/wp-content\/uploads\/2024\/08\/luleey-c1-21-1920x1281.png 1920w, https:\/\/www.luleey.com\/wp-content\/uploads\/2024\/08\/luleey-c1-21-150x100.png 150w, https:\/\/www.luleey.com\/wp-content\/uploads\/2024\/08\/luleey-c1-21-1200x800.png 1200w, https:\/\/www.luleey.com\/wp-content\/uploads\/2024\/08\/luleey-c1-21-1024x683.png 1024w, https:\/\/www.luleey.com\/wp-content\/uploads\/2024\/08\/luleey-c1-21-768x512.png 768w, https:\/\/www.luleey.com\/wp-content\/uploads\/2024\/08\/luleey-c1-21-1536x1025.png 1536w, https:\/\/www.luleey.com\/wp-content\/uploads\/2024\/08\/luleey-c1-21-18x12.png 18w, https:\/\/www.luleey.com\/wp-content\/uploads\/2024\/08\/luleey-c1-21.png 2000w\" sizes=\"auto, (max-width: 1920px) 100vw, 1920px\" \/><\/figure>\n<\/div>\n<\/div>\n<\/div>\n\n\n\n<div id=\"wd-5a21384a\" class=\"wp-block-wd-container wd-dir-col wd-align wd-custom-width\">\n<h1 id=\"wd-5cf6ce6c\" class=\"wp-block-wd-title title wd-align\"><strong>Hist\u00f3ria da marca LuLeey<\/strong><\/h1>\n\n\n\n<h2 id=\"wd-670a7dd1\" class=\"wp-block-wd-title title\">Uma jornada de luz e cor<\/h2>\n\n\n\n<p id=\"wd-e9695ae0\" class=\"wp-block-wd-paragraph\">Em um mundo onde a tecnologia e a arte se entrela\u00e7am, <strong>LuLeey<\/strong> nasceu. Nosso nome, derivado da palavra chinesa \u201c\u9646\u79bb\u201d, incorpora a ess\u00eancia da diversidade e da vibra\u00e7\u00e3o, assim como o espectro de luz que nossos produtos de fibra \u00f3ptica aproveitam.<\/p>\n\n\n\n<h3 id=\"wd-571890aa\" class=\"wp-block-wd-title title\">A inspira\u00e7\u00e3o<\/h3>\n\n\n\n<p id=\"wd-365308a6\" class=\"wp-block-wd-paragraph\">A jornada come\u00e7ou com uma vis\u00e3o: iluminar vidas por meio de tecnologia \u00f3ptica avan\u00e7ada. Os fundadores da LuLeey, apaixonados por inova\u00e7\u00e3o e criatividade, reconheceram que a fibra \u00f3ptica poderia n\u00e3o apenas aprimorar a comunica\u00e7\u00e3o, mas tamb\u00e9m transformar a maneira como vivenciamos o mundo ao nosso redor. Inspirados pela beleza das cores e pelo poder da luz, eles se propuseram a criar produtos que refletissem essa vis\u00e3o.<\/p>\n\n\n\n<h3 id=\"wd-deb81296\" class=\"wp-block-wd-title title\">Nossa miss\u00e3o<\/h3>\n\n\n\n<p id=\"wd-e5522f81\" class=\"wp-block-wd-paragraph\">Na LuLeey, acreditamos que a luz \u00e9 mais do que apenas um meio de comunica\u00e7\u00e3o; ela \u00e9 um meio de express\u00e3o. Nossa miss\u00e3o \u00e9 fornecer solu\u00e7\u00f5es de fibra \u00f3ptica de alta qualidade que conectem pessoas, ideias e culturas. N\u00f3s nos esfor\u00e7amos para fornecer produtos que n\u00e3o sejam apenas funcionais, mas tamb\u00e9m esteticamente agrad\u00e1veis, permitindo que nossos clientes vivenciem a beleza da tecnologia.<\/p>\n\n\n\n<h3 id=\"wd-19d0d311\" class=\"wp-block-wd-title title\">Nossos produtos<\/h3>\n\n\n\n<p id=\"wd-9af2fc98\" class=\"wp-block-wd-paragraph\">De cabos de fibra \u00f3ptica a solu\u00e7\u00f5es inovadoras de ilumina\u00e7\u00e3o, todos os produtos que oferecemos s\u00e3o elaborados com precis\u00e3o e cuidado. Utilizamos tecnologia de ponta para garantir que nossos produtos ofere\u00e7am desempenho superior e, ao mesmo tempo, mantenham um toque art\u00edstico. Cada item \u00e9 projetado para trazer um toque de cor e criatividade para a vida cotidiana, tornando a tecnologia parte de sua jornada est\u00e9tica.<\/p>\n\n\n\n<h3 id=\"wd-984d88eb\" class=\"wp-block-wd-title title\">Compromisso com a sustentabilidade<\/h3>\n\n\n\n<p id=\"wd-3ccbcef7\" class=\"wp-block-wd-paragraph\">Na LuLeey, tamb\u00e9m temos um compromisso com a sustentabilidade. Entendemos a import\u00e2ncia de proteger nosso meio ambiente e nos esfor\u00e7amos para criar produtos que sejam ecologicamente corretos e sustent\u00e1veis. Nossos processos de fabrica\u00e7\u00e3o priorizam o m\u00ednimo de desperd\u00edcio e efici\u00eancia energ\u00e9tica, garantindo que contribuamos positivamente para o planeta.<\/p>\n\n\n\n<h3 id=\"wd-3e389a9b\" class=\"wp-block-wd-title title\">Junte-se a n\u00f3s nesta jornada colorida<\/h3>\n\n\n\n<p id=\"wd-0be7cd69\" class=\"wp-block-wd-paragraph\">\u00c0 medida que continuamos a crescer e a inovar, convidamos voc\u00ea a se juntar a n\u00f3s nessa jornada colorida. Seja voc\u00ea um entusiasta da tecnologia, um artista ou algu\u00e9m que simplesmente aprecia a beleza da luz, a LuLeey tem algo para voc\u00ea. Juntos, vamos iluminar o mundo com cores vibrantes e possibilidades infinitas.<\/p>\n\n\n\n<div id=\"wd-41772e4b\" class=\"wp-block-wd-divider wd-style-line\"><\/div>\n\n\n\n<p id=\"wd-7867970c\" class=\"wp-block-wd-paragraph wd-align\"><strong>LuLeey<\/strong>-onde a tecnologia encontra a arte, e cada conex\u00e3o \u00e9 uma celebra\u00e7\u00e3o da cor.<\/p>\n<\/div>\n\n\n\n<p id=\"wd-50e9b006\" class=\"wp-block-wd-paragraph wd-align wd-align-s-center\">Exporta\u00e7\u00e3o de produtos de qualidade<\/p>\n\n\n\n<h2 id=\"wd-e2750325\" class=\"wp-block-wd-title title wd-align wd-align-s-center\">POR QUE LULEEY<\/h2>\n\n\n\n<p id=\"wd-39ef29d3\" class=\"wp-block-wd-paragraph wd-align\">Deixe os aspectos profissionais para a equipe profissional<\/p>\n\n\n\n<div id=\"wd-79aaca4d\" class=\"wp-block-wd-row\">\n<div id=\"wd-ff977e96\" class=\"wp-block-wd-column\">\n<div id=\"wd-b5407f26\" class=\"wp-block-wd-infobox wd-hover-parent wd-align wd-icon-top\">\n<div id=\"wd-99d1def3\" class=\"wp-block-wd-icon\"><img loading=\"lazy\" decoding=\"async\" width=\"1080\" height=\"1440\" class=\"wp-image-14070\" src=\"https:\/\/www.luleey.com\/wp-content\/uploads\/2023\/09\/mmexport1693634985284.jpg\" alt=\"\" title=\"\" srcset=\"https:\/\/www.luleey.com\/wp-content\/uploads\/2023\/09\/mmexport1693634985284.jpg 1080w, https:\/\/www.luleey.com\/wp-content\/uploads\/2023\/09\/mmexport1693634985284-150x200.jpg 150w, https:\/\/www.luleey.com\/wp-content\/uploads\/2023\/09\/mmexport1693634985284-768x1024.jpg 768w, https:\/\/www.luleey.com\/wp-content\/uploads\/2023\/09\/mmexport1693634985284-9x12.jpg 9w, https:\/\/www.luleey.com\/wp-content\/uploads\/2023\/09\/mmexport1693634985284-1000x1333.jpg 1000w, https:\/\/www.luleey.com\/wp-content\/uploads\/2023\/09\/mmexport1693634985284-750x1000.jpg 750w\" sizes=\"auto, (max-width: 1080px) 100vw, 1080px\" \/><\/div>\n\n\n\n<div id=\"wd-4cfac4c9\" class=\"wp-block-wd-container wd-dir-col\">\n<h2 id=\"wd-d88ef06e\" class=\"wp-block-wd-title title wd-align\">Manufatura inteligente<\/h2>\n\n\n\n<p id=\"wd-884cf5a0\" class=\"wp-block-wd-paragraph wd-align\">Nossos produtos de fibra \u00f3ptica s\u00e3o fabricados usando tecnologias avan\u00e7adas de manufatura inteligente, garantindo efici\u00eancia e precis\u00e3o no processo de produ\u00e7\u00e3o. Equipamentos automatizados e sistemas de monitoramento inteligente aumentam a consist\u00eancia e a confiabilidade dos produtos.<\/p>\n<\/div>\n<\/div>\n<\/div>\n\n\n\n<div id=\"wd-c72a2eab\" class=\"wp-block-wd-column\">\n<div id=\"wd-949197f7\" class=\"wp-block-wd-infobox wd-hover-parent wd-icon-top\">\n<div id=\"wd-ff0f647f\" class=\"wp-block-wd-icon\"><img loading=\"lazy\" decoding=\"async\" width=\"1080\" height=\"1440\" class=\"wp-image-15502\" src=\"https:\/\/www.luleey.com\/wp-content\/uploads\/2024\/10\/mmexport1678509478702.jpg\" alt=\"\" title=\"\" srcset=\"https:\/\/www.luleey.com\/wp-content\/uploads\/2024\/10\/mmexport1678509478702.jpg 1080w, https:\/\/www.luleey.com\/wp-content\/uploads\/2024\/10\/mmexport1678509478702-150x200.jpg 150w, https:\/\/www.luleey.com\/wp-content\/uploads\/2024\/10\/mmexport1678509478702-768x1024.jpg 768w, https:\/\/www.luleey.com\/wp-content\/uploads\/2024\/10\/mmexport1678509478702-9x12.jpg 9w, https:\/\/www.luleey.com\/wp-content\/uploads\/2024\/10\/mmexport1678509478702-1000x1333.jpg 1000w\" sizes=\"auto, (max-width: 1080px) 100vw, 1080px\" \/><\/div>\n\n\n\n<div id=\"wd-f65a05e4\" class=\"wp-block-wd-container wd-dir-col\">\n<h2 id=\"wd-5acc9663\" class=\"wp-block-wd-title title wd-align\">Testes ambientais<\/h2>\n\n\n\n<p id=\"wd-18370a70\" class=\"wp-block-wd-paragraph wd-align\">Cada produto de fibra \u00f3ptica \u00e9 submetido a rigorosos testes ambientais para garantir um desempenho est\u00e1vel em v\u00e1rias condi\u00e7\u00f5es extremas. Simulamos diferentes ambientes para validar a durabilidade e a adaptabilidade, proporcionando tranquilidade aos clientes.<\/p>\n<\/div>\n<\/div>\n<\/div>\n\n\n\n<div id=\"wd-4696f7da\" class=\"wp-block-wd-column\">\n<div id=\"wd-5efc75d6\" class=\"wp-block-wd-infobox wd-hover-parent wd-align wd-icon-top\">\n<div id=\"wd-1b0db224\" class=\"wp-block-wd-icon\"><img loading=\"lazy\" decoding=\"async\" width=\"300\" height=\"400\" class=\"wp-image-16365\" src=\"https:\/\/www.luleey.com\/wp-content\/uploads\/2024\/12\/SFP-TEST.jpg\" alt=\"teste de marca\" title=\"\" srcset=\"https:\/\/www.luleey.com\/wp-content\/uploads\/2024\/12\/SFP-TEST.jpg 300w, https:\/\/www.luleey.com\/wp-content\/uploads\/2024\/12\/SFP-TEST-9x12.jpg 9w, https:\/\/www.luleey.com\/wp-content\/uploads\/2024\/12\/SFP-TEST-150x200.jpg 150w\" sizes=\"auto, (max-width: 300px) 100vw, 300px\" \/><\/div>\n\n\n\n<div id=\"wd-75fda28a\" class=\"wp-block-wd-container wd-dir-col\">\n<h2 id=\"wd-aef003f3\" class=\"wp-block-wd-title title wd-align\">Compatibilidade perfeita<\/h2>\n\n\n\n<p id=\"wd-32f0804f\" class=\"wp-block-wd-paragraph wd-align\">Todos os produtos de fibra \u00f3ptica da LuLeey s\u00e3o projetados para serem compat\u00edveis com uma ampla gama de dispositivos, garantindo conex\u00f5es perfeitas entre diferentes sistemas. Sejam equipamentos novos ou antigos, eles oferecem interoperabilidade excepcional para atender \u00e0s diversas necessidades dos clientes.<\/p>\n<\/div>\n<\/div>\n<\/div>\n\n\n\n<div id=\"wd-fa3dce19\" class=\"wp-block-wd-column\">\n<div id=\"wd-6493c4ab\" class=\"wp-block-wd-infobox wd-hover-parent wd-align wd-icon-top\">\n<div id=\"wd-bf1b7803\" class=\"wp-block-wd-icon\"><img loading=\"lazy\" decoding=\"async\" width=\"400\" height=\"400\" class=\"wp-image-17003\" src=\"https:\/\/www.luleey.com\/wp-content\/uploads\/2025\/01\/EM4.jpg\" alt=\"\" title=\"\" srcset=\"https:\/\/www.luleey.com\/wp-content\/uploads\/2025\/01\/EM4.jpg 400w, https:\/\/www.luleey.com\/wp-content\/uploads\/2025\/01\/EM4-12x12.jpg 12w, https:\/\/www.luleey.com\/wp-content\/uploads\/2025\/01\/EM4-150x150.jpg 150w\" sizes=\"auto, (max-width: 400px) 100vw, 400px\" \/><\/div>\n\n\n\n<div id=\"wd-63a91fdf\" class=\"wp-block-wd-container wd-dir-col\">\n<h2 id=\"wd-400269d3\" class=\"wp-block-wd-title title wd-align\">Controle de qualidade<\/h2>\n\n\n\n<p id=\"wd-e69fca24\" class=\"wp-block-wd-paragraph wd-align\">Temos o compromisso de oferecer uma garantia de qualidade rigorosa para cada produto de fibra \u00f3ptica. Por meio de processos abrangentes de teste e certifica\u00e7\u00e3o, asseguramos que cada produto atenda aos padr\u00f5es internacionais, garantindo a satisfa\u00e7\u00e3o e a confian\u00e7a do cliente.<\/p>\n<\/div>\n<\/div>\n<\/div>\n<\/div>\n\n\n\n<div id=\"wd-a9553c8c\" class=\"wp-block-wd-section\">\n<p id=\"wd-838f7779\" class=\"wp-block-wd-paragraph wd-align\">Compras on-line<\/p>\n\n\n\n<h2 id=\"wd-987d13b4\" class=\"wp-block-wd-title title wd-align wd-custom-width wd-align-s-center\">Compra \u00fanica de produtos de fibra \u00f3ptica<\/h2>\n\n\n\n<p id=\"wd-680c44d8\" class=\"wp-block-wd-paragraph wd-align\"><strong>Pr\u00e9-vendas&nbsp;<\/strong>: marketing@luleey.com<br><strong>P\u00f3s-vendas<\/strong>&nbsp;: support@luleey.com<br><strong>Tel<\/strong>: +8617328762617<br><strong>Whatsapp<\/strong>:&nbsp;<a href=\"https:\/\/api.whatsapp.com\/send?phone=8617328762617\" target=\"_blank\" rel=\"noreferrer noopener\"><mark>link<\/mark><\/a><\/p>\n\n\n\n<div id=\"wd-8fab5ae0\" class=\"wp-block-wd-container wd-dir-col\">\n<div id=\"wd-5c0690a1\" class=\"wp-block-wd-carousel wd-carousel-container wd-align-s-center\"><div class=\"wd-carousel-inner\"><div class=\"wd-carousel wd-grid\" style=\"--wd-col-lg:3;--wd-col-md:3;--wd-col-sm:1;--wd-gap-lg:20px;--wd-gap-sm:10px;\" data-scroll_per_page=\"yes\"><div class=\"wd-carousel-wrap\">\n<div id=\"wd-e6271727\" class=\"wp-block-wd-carousel-item wd-carousel-item\">\n<div id=\"wd-826b530a\" class=\"wp-block-wd-infobox wd-hover-parent wd-align wd-icon-top\">\n<div id=\"wd-1f244198\" class=\"wp-block-wd-icon\"><img loading=\"lazy\" decoding=\"async\" width=\"576\" height=\"512\" class=\"wp-image-16332\" src=\"https:\/\/www.luleey.com\/wp-content\/uploads\/2024\/12\/credit-card-regular.svg\" alt=\"\" title=\"\"><\/div>\n\n\n\n<div id=\"wd-682b8a65\" class=\"wp-block-wd-container wd-dir-col wd-custom-width\">\n<h2 id=\"wd-7320b2b1\" class=\"wp-block-wd-title title\">Pagamento seguro<\/h2>\n\n\n\n<p id=\"wd-7c1e7c4e\" class=\"wp-block-wd-paragraph\">PayPal, cart\u00e3o de d\u00e9bito, cart\u00e3o de cr\u00e9dito, ...<\/p>\n<\/div>\n<\/div>\n<\/div>\n\n\n\n<div id=\"wd-8accd70b\" class=\"wp-block-wd-carousel-item wd-carousel-item\">\n<div id=\"wd-1646bbb2\" class=\"wp-block-wd-infobox wd-hover-parent wd-align wd-icon-top\">\n<div id=\"wd-4dcd507b\" class=\"wp-block-wd-icon\"><img loading=\"lazy\" decoding=\"async\" width=\"576\" height=\"512\" class=\"wp-image-16333\" src=\"https:\/\/www.luleey.com\/wp-content\/uploads\/2024\/12\/plane-solid.svg\" alt=\"\" title=\"\"><\/div>\n\n\n\n<div id=\"wd-893b7ee1\" class=\"wp-block-wd-container wd-dir-col wd-custom-width\">\n<h2 id=\"wd-2f538624\" class=\"wp-block-wd-title title\">Envio r\u00e1pido<\/h2>\n\n\n\n<p id=\"wd-77a7e96c\" class=\"wp-block-wd-paragraph\">Envio em at\u00e9 48 horas<\/p>\n<\/div>\n<\/div>\n<\/div>\n\n\n\n<div id=\"wd-7c28835f\" class=\"wp-block-wd-carousel-item wd-carousel-item\">\n<div id=\"wd-2ce1928a\" class=\"wp-block-wd-infobox wd-hover-parent wd-align wd-icon-top\">\n<div id=\"wd-efc80550\" class=\"wp-block-wd-icon\"><img loading=\"lazy\" decoding=\"async\" width=\"576\" height=\"512\" class=\"wp-image-16331\" src=\"https:\/\/www.luleey.com\/wp-content\/uploads\/2024\/12\/weixin-brands-solid.svg\" alt=\"\" title=\"\"><\/div>\n\n\n\n<div id=\"wd-2be92a0e\" class=\"wp-block-wd-container wd-dir-col wd-custom-width\">\n<h2 id=\"wd-7929be61\" class=\"wp-block-wd-title title\">Comunica\u00e7\u00e3o oportuna<\/h2>\n\n\n\n<p id=\"wd-5b06fd88\" class=\"wp-block-wd-paragraph\">E-mail, Whatsapp ...<\/p>\n<\/div>\n<\/div>\n<\/div>\n<\/div><\/div><div class=\"wd-nav-arrows wd-pos-sep wd-hover-1 wd-icon-1\"><div class=\"wd-btn-arrow wd-prev\"><div class=\"wd-arrow-inner\"><\/div><\/div><div class=\"wd-btn-arrow wd-next\"><div class=\"wd-arrow-inner\"><\/div><\/div><\/div><\/div><\/div>\n<\/div>\n<\/div>\n\n\n\n<div id=\"wd-0022e6a9\" class=\"wp-block-wd-row\">\n<div id=\"wd-484d0c68\" class=\"wp-block-wd-column color-scheme-light\">\n<h2 id=\"wd-955925f2\" class=\"wp-block-wd-title title\">Participe de nosso boletim informativo<\/h2>\n\n\n\t\t\t<div\n\t\t\t\t\t\tid=\"wd-f7631e42\"\n\t\t\t\t\t\tclass=\"wd-social-icons wd-style-default wd-size-default social-follow wd-shape-circle  wd-f7631e42\">\n\t\t\t\t\n\t\t\t\t\n\t\t\t\t\n\t\t\t\t\n\t\t\t\t\n\t\t\t\t\n\t\t\t\t\t\t\t\t\t<a rel=\"noopener noreferrer nofollow\" href=\"https:\/\/www.instagram.com\/sales_luleey\/\" target=\"_blank\" class=\"wd-social-icon social-instagram\" aria-label=\"Link social do Instagram\">\n\t\t\t\t\t\t<span class=\"wd-icon\"><\/span>\n\t\t\t\t\t\t\t\t\t\t\t<\/a>\n\t\t\t\t\n\t\t\t\t\n\t\t\t\t\t\t\t\t\t<a rel=\"noopener noreferrer nofollow\" href=\"https:\/\/www.youtube.com\/channel\/UC79ZKDR0MGxFIZtJFBED7qg\" target=\"_blank\" class=\"wd-social-icon social-youtube\" aria-label=\"Link social do YouTube\">\n\t\t\t\t\t\t<span class=\"wd-icon\"><\/span>\n\t\t\t\t\t\t\t\t\t\t\t<\/a>\n\t\t\t\t\n\t\t\t\t\n\t\t\t\t\n\t\t\t\t\n\t\t\t\t\n\t\t\t\t\n\t\t\t\t\n\t\t\t\t\n\t\t\t\t\n\t\t\t\t\n\t\t\t\t\n\t\t\t\t\n\t\t\t\t\t\t\t\t\t<a rel=\"noopener noreferrer nofollow\" href=\"https:\/\/api.whatsapp.com\/send?phone=8617328762617\" target=\"_blank\" class=\"wd-hide-md wd-social-icon social-whatsapp\" aria-label=\"Link social do WhatsApp\">\n\t\t\t\t\t\t<span class=\"wd-icon\"><\/span>\n\t\t\t\t\t\t\t\t\t\t\t<\/a>\n\n\t\t\t\t\t<a rel=\"noopener noreferrer nofollow\" href=\"https:\/\/api.whatsapp.com\/send?phone=8617328762617\" target=\"_blank\" class=\"wd-hide-lg wd-social-icon social-whatsapp\" aria-label=\"Link social do WhatsApp\">\n\t\t\t\t\t\t<span class=\"wd-icon\"><\/span>\n\t\t\t\t\t\t\t\t\t\t\t<\/a>\n\t\t\t\t\n\t\t\t\t\n\t\t\t\t\n\t\t\t\t\n\t\t\t\t\n\t\t\t\t\n\t\t\t\t\n\t\t\t\t\n\t\t\t<\/div>\n\n\t\t\n\n\n<p id=\"wd-e53e07c5\" class=\"wp-block-wd-paragraph wd-custom-width\">Receba ofertas ocasionais ou informa\u00e7\u00f5es importantes diretamente em sua caixa de entrada. Sem spam.<\/p>\n\n\n<div class='fluentform ff-default fluentform_wrapper_2  ff_guten_block ff_guten_block-2 ffs_default_wrap'><form data-form_id=\"2\" id=\"fluentform_2\" class=\"frm-fluent-form fluent_form_2 ff-el-form-top ff_form_instance_2_1 ff-form-loading ffs_default\" data-form_instance=\"ff_form_instance_2_1\" method=\"POST\" action=\"\" ><fieldset  style=\"border: none!important;margin: 0!important;padding: 0!important;background-color: transparent!important;box-shadow: none!important;outline: none!important; min-inline-size: 100%;\">\n                    <legend class=\"ff_screen_reader_title\" style=\"display: block; margin: 0!important;padding: 0!important;height: 0!important;text-indent: -999999px;width: 0!important;overflow:hidden;\">Formul\u00e1rio de assinatura<\/legend><input type='hidden' name='__fluent_form_embded_post_id' value='162' \/><input type=\"hidden\" id=\"_fluentform_2_fluentformnonce\" name=\"_fluentform_2_fluentformnonce\" value=\"69c3ee92ed\" \/><input type=\"hidden\" name=\"_wp_http_referer\" value=\"\/pt\/wp-json\/wp\/v2\/pages\/162\" \/><div data-name=\"ff_cn_id_1\"  class='ff-t-container ff-column-container ff_columns_total_2'><div class='ff-t-cell ff-t-column-1' style='flex-basis: 76.87%;'><div class='ff-el-group'><div class='ff-el-input--content'><input type=\"email\" name=\"email\" id=\"ff_2_email\" class=\"ff-el-form-control\" placeholder=\"Seu endere\u00e7o de e-mail\" data-name=\"email\"  aria-invalid=\"false\" aria-required=\"true\"><\/div><\/div><\/div><div class='ff-t-cell ff-t-column-2' style='flex-basis: 23.13%;'><div class='ff-el-group ff-text-left ff_submit_btn_wrapper ff_submit_btn_wrapper_custom'><button class=\"ff-btn ff-btn-submit ff-btn-md ff_btn_style wpf_has_custom_css\" type=\"submit\" name=\"custom_submit_button-2_1\" data-name=\"custom_submit_button-2_1\"  aria-label=\"Assine\">Assine<\/button><style>form.fluent_form_2 .wpf_has_custom_css.ff-btn-submit { background-color:rgba(171, 46, 24, 1);border-color:rgba(171, 46, 24, 1);color:#ffffff;min-width:100%; }form.fluent_form_2 .wpf_has_custom_css.ff-btn-submit:hover { background-color:#ffffff;border-color:#1a7efb;color:#1a7efb;min-width:100%; } <\/style><\/div><\/div><\/div>\t\t<div id=\"cf-turnstile-fluent-1444667383\"\r\n\t\tclass=\"cf-turnstile\" \t\tdata-sitekey=\"0x4AAAAAAAgaVocN8pocymvC\"\r\n\t\tdata-theme=\"light\"\r\n\t\tdata-language=\"auto\"\r\n\t\tdata-size=\"normal\"\r\n\t\tdata-retry=\"auto\" data-retry-interval=\"1000\"\r\n\t\tdata-refresh-expired=\"auto\"\r\n\t\tdata-refresh-timeout=\"auto\"\r\n\t\tdata-action=\"fluent-form-2\"\r\n\t\tdata-callback=\"turnstileFluentCallback\"\r\n\t\t\t\tdata-appearance=\"always\"><\/div>\r\n\t\t\t<script>document.addEventListener(\"DOMContentLoaded\", function() { setTimeout(function(){ var e=document.getElementById(\"cf-turnstile-fluent-1444667383\"); if(e&&!e.innerHTML.trim()){turnstile.render(e, {sitekey:\"0x4AAAAAAAgaVocN8pocymvC\"});} }, 200); });<\/script>\r\n\t\t\t<br class=\"cf-turnstile-br cf-turnstile-br-fluent-1444667383\">\r\n\t\t\t\t<style>#cf-turnstile-fluent-1444667383 { margin-left: -15px; }<\/style>\r\n\t\t<\/fieldset><input type=\"hidden\" name=\"trp-form-language\" value=\"pt\"\/><\/form><div id='fluentform_2_errors' class='ff-errors-in-stack ff_form_instance_2_1 ff-form-loading_errors ff_form_instance_2_1_errors'><\/div><\/div>            <script type=\"text\/javascript\">\n                window.fluent_form_ff_form_instance_2_1 = {\"id\":\"2\",\"ajaxUrl\":\"https:\\\/\\\/www.luleey.com\\\/wp-admin\\\/admin-ajax.php\",\"settings\":{\"layout\":{\"labelPlacement\":\"top\",\"helpMessagePlacement\":\"with_label\",\"errorMessagePlacement\":\"inline\",\"asteriskPlacement\":\"asterisk-right\"},\"restrictions\":{\"denyEmptySubmission\":{\"enabled\":false}}},\"form_instance\":\"ff_form_instance_2_1\",\"form_id_selector\":\"fluentform_2\",\"rules\":{\"email\":{\"required\":{\"value\":true,\"message\":\"This field is required\",\"global\":false,\"global_message\":\"This field is required\"},\"email\":{\"value\":true,\"message\":\"This field must contain a valid email\",\"global\":false,\"global_message\":\"This field must contain a valid email\"}}},\"debounce_time\":300};\n                            <\/script>\n            <\/div>\n\n\n\n<div id=\"wd-c2dbb06c\" class=\"wp-block-wd-column wd-hide-sm\"><\/div>\n<\/div>","protected":false},"excerpt":{"rendered":"","protected":false},"author":1,"featured_media":0,"parent":0,"menu_order":0,"comment_status":"closed","ping_status":"closed","template":"","meta":{"footnotes":""},"class_list":["post-162","page","type-page","status-publish","hentry"],"_links":{"self":[{"href":"https:\/\/www.luleey.com\/pt\/wp-json\/wp\/v2\/pages\/162","targetHints":{"allow":["GET"]}}],"collection":[{"href":"https:\/\/www.luleey.com\/pt\/wp-json\/wp\/v2\/pages"}],"about":[{"href":"https:\/\/www.luleey.com\/pt\/wp-json\/wp\/v2\/types\/page"}],"author":[{"embeddable":true,"href":"https:\/\/www.luleey.com\/pt\/wp-json\/wp\/v2\/users\/1"}],"replies":[{"embeddable":true,"href":"https:\/\/www.luleey.com\/pt\/wp-json\/wp\/v2\/comments?post=162"}],"version-history":[{"count":0,"href":"https:\/\/www.luleey.com\/pt\/wp-json\/wp\/v2\/pages\/162\/revisions"}],"wp:attachment":[{"href":"https:\/\/www.luleey.com\/pt\/wp-json\/wp\/v2\/media?parent=162"}],"curies":[{"name":"wp","href":"https:\/\/api.w.org\/{rel}","templated":true}]}}