{"id":16959,"date":"2025-01-10T11:37:12","date_gmt":"2025-01-10T03:37:12","guid":{"rendered":"https:\/\/www.luleey.com\/?page_id=16959"},"modified":"2025-01-11T15:53:56","modified_gmt":"2025-01-11T07:53:56","slug":"industrial-switches-engineered-for-extremes-luleey","status":"publish","type":"page","link":"https:\/\/www.luleey.com\/pt\/products\/industrial-switches-engineered-for-extremes-luleey\/","title":{"rendered":"Interruptores industriais projetados para extremos | LuLeey"},"content":{"rendered":"<div id=\"wd-078ce4bd\" class=\"wp-block-wd-section\">\n<div id=\"wd-95e07b63\" class=\"wp-block-wd-row\">\n<div id=\"wd-fc104ae5\" class=\"wp-block-wd-column wd-align\">\n<h2 id=\"wd-75f18b6d\" class=\"wp-block-wd-title title\">Por que os interruptores industriais Luleey<\/h2>\n\n\n\n<p id=\"wd-9d0356d0\" class=\"wp-block-wd-paragraph wd-custom-width\">fornecendo interruptores industriais de alta qualidade projetados para resistir a condi\u00e7\u00f5es extremas.<\/p>\n\n\n\n<p id=\"wd-d3afcd33\" class=\"wp-block-wd-paragraph\">Saiba mais sobre nossa experi\u00eancia no setor de redes industriais e como nossos switches podem aumentar sua efici\u00eancia operacional.<\/p>\n\n\n\n<a id=\"wd-efe0a462\" class=\"wp-block-wd-button btn btn-style-default btn-color-primary btn-size-default btn-shape-semi-round\" href=\"https:\/\/www.luleey.com\/pt\/categoria-produto\/switches\/industrial-switches\/\"><span>S\u00e9rie de interruptores industriais<\/span><\/a>\n<\/div>\n\n\n\n<div id=\"wd-890843c1\" class=\"wp-block-wd-column wd-align-is-lg-center\">\n<div id=\"wd-c26a1ad2\" class=\"wp-block-wd-image wd-block-image\"><img loading=\"lazy\" decoding=\"async\" width=\"800\" height=\"800\" class=\"wp-image-16497\" src=\"https:\/\/www.luleey.com\/wp-content\/uploads\/2024\/12\/switches.jpg\" alt=\"\" title=\"\" srcset=\"https:\/\/www.luleey.com\/wp-content\/uploads\/2024\/12\/switches.jpg 800w, https:\/\/www.luleey.com\/wp-content\/uploads\/2024\/12\/switches-400x400.jpg 400w, https:\/\/www.luleey.com\/wp-content\/uploads\/2024\/12\/switches-150x150.jpg 150w, https:\/\/www.luleey.com\/wp-content\/uploads\/2024\/12\/switches-600x600.jpg 600w, https:\/\/www.luleey.com\/wp-content\/uploads\/2024\/12\/switches-768x768.jpg 768w, https:\/\/www.luleey.com\/wp-content\/uploads\/2024\/12\/switches-12x12.jpg 12w\" sizes=\"auto, (max-width: 800px) 100vw, 800px\" \/><\/div>\n<\/div>\n<\/div>\n<\/div>\n\n\n\n<p><\/p>\n\n\n\n<div id=\"wd-34ea49ac\" class=\"wp-block-wd-section\">\n<div id=\"wd-7c4769d4\" class=\"wp-block-wd-row wd-custom-width\">\n<div id=\"wd-5919f385\" class=\"wp-block-wd-column wd-align-is-lg-flex-end\">\n<div id=\"wd-280d243b\" class=\"wp-block-wd-image wd-block-image wd-parallax-on-scroll wd_scroll_x_0 wd_scroll_y_-30 wd_scroll_z_0 wd_scroll_smoothness_30\"><img loading=\"lazy\" decoding=\"async\" width=\"400\" height=\"400\" class=\"wp-image-16995\" src=\"https:\/\/www.luleey.com\/wp-content\/uploads\/2025\/01\/temp.jpg\" alt=\"\" title=\"\" srcset=\"https:\/\/www.luleey.com\/wp-content\/uploads\/2025\/01\/temp.jpg 400w, https:\/\/www.luleey.com\/wp-content\/uploads\/2025\/01\/temp-12x12.jpg 12w, https:\/\/www.luleey.com\/wp-content\/uploads\/2025\/01\/temp-150x150.jpg 150w\" sizes=\"auto, (max-width: 400px) 100vw, 400px\" \/><\/div>\n<\/div>\n\n\n\n<div id=\"wd-506b7c01\" class=\"wp-block-wd-column wd-parallax-on-scroll wd_scroll_x_0 wd_scroll_y_20 wd_scroll_z_0 wd_scroll_smoothness_30\">\n<h2 id=\"wd-2166705f\" class=\"wp-block-wd-title title wd-custom-width\"><strong>Resist\u00eancia a temperaturas extremas<\/strong><\/h2>\n\n\n\n<p id=\"wd-f5b50ac6\" class=\"wp-block-wd-paragraph wd-custom-width\">Nossos interruptores industriais operam com efici\u00eancia em temperaturas que variam de -40\u00b0C a +85\u00b0C, garantindo o desempenho nos climas mais adversos.<\/p>\n<\/div>\n<\/div>\n\n\n\n<div id=\"wd-728cbf4b\" class=\"wp-block-wd-row wd-custom-width\">\n<div id=\"wd-ff84d945\" class=\"wp-block-wd-column wd-align wd-parallax-on-scroll wd_scroll_x_0 wd_scroll_y_20 wd_scroll_z_0 wd_scroll_smoothness_30\">\n<h2 id=\"wd-73ddd9c1\" class=\"wp-block-wd-title title wd-custom-width\"><strong>Classifica\u00e7\u00e3o IP40<\/strong><\/h2>\n\n\n\n<p id=\"wd-7c049630\" class=\"wp-block-wd-paragraph wd-custom-width\">Projetados com uma classifica\u00e7\u00e3o de prote\u00e7\u00e3o contra ingresso de IP40, nossos switches s\u00e3o \u00e0 prova de poeira e podem resistir \u00e0 imers\u00e3o em \u00e1gua, o que os torna ideais para aplica\u00e7\u00f5es industriais e externas.<\/p>\n<\/div>\n\n\n\n<div id=\"wd-53d905b4\" class=\"wp-block-wd-column\">\n<div id=\"wd-b3167943\" class=\"wp-block-wd-image wd-block-image wd-parallax-on-scroll wd_scroll_x_0 wd_scroll_y_-30 wd_scroll_z_0 wd_scroll_smoothness_30\"><img loading=\"lazy\" decoding=\"async\" width=\"400\" height=\"400\" class=\"wp-image-16997\" src=\"https:\/\/www.luleey.com\/wp-content\/uploads\/2025\/01\/shine.jpg\" alt=\"\" title=\"\" srcset=\"https:\/\/www.luleey.com\/wp-content\/uploads\/2025\/01\/shine.jpg 400w, https:\/\/www.luleey.com\/wp-content\/uploads\/2025\/01\/shine-12x12.jpg 12w, https:\/\/www.luleey.com\/wp-content\/uploads\/2025\/01\/shine-150x150.jpg 150w\" sizes=\"auto, (max-width: 400px) 100vw, 400px\" \/><\/div>\n<\/div>\n<\/div>\n<\/div>\n\n\n\n<p><\/p>\n\n\n\n<div id=\"wd-9ec6c96b\" class=\"wp-block-wd-row\">\n<div id=\"wd-ab5f291f\" class=\"wp-block-wd-column wd-animation wd-transform wd-animation-slide-from-left wd_delay_100\"><\/div>\n\n\n\n<div id=\"wd-1ca11418\" class=\"wp-block-wd-column wd-align\">\n<div id=\"wd-03a64cea\" class=\"wp-block-wd-container wd-dir-col\">\n<h2 id=\"wd-1e5738df\" class=\"wp-block-wd-title title\">Gerenciamento s\u00f3lido da rede<\/h2>\n\n\n\n<p id=\"wd-7ebc2c9f\" class=\"wp-block-wd-paragraph wd-custom-width\">Recursos avan\u00e7ados de gateway equipados com 802.1Q VLAN, uma variedade de protocolos STP\/RSTP\/MSTP\/Ring, tempo NTP, multicast IGMP, suporte para protocolos de roteamento est\u00e1tico de Camada 3, plataformas de gateway, um alto grau de seguran\u00e7a para evitar a pol\u00edtica ACL, monitoramento em tempo real do tempo de execu\u00e7\u00e3o, utiliza\u00e7\u00e3o da CPU, utiliza\u00e7\u00e3o da mem\u00f3ria, temperatura operacional, tens\u00e3o da fonte de alimenta\u00e7\u00e3o e assim por diante.<\/p>\n<\/div>\n<\/div>\n\n\n\n<div id=\"wd-226afb1a\" class=\"wp-block-wd-column wd-animation wd-transform wd-animation-slide-from-right wd_delay_100\"><\/div>\n<\/div>\n\n\n\n<div id=\"wd-5dd000bb\" class=\"wp-block-wd-row\">\n<div id=\"wd-41b64747\" class=\"wp-block-wd-column wd-align\">\n<div id=\"wd-b3074824\" class=\"wp-block-wd-container wd-dir-col\">\n<h2 id=\"wd-1134419f\" class=\"wp-block-wd-title title\">fonte de alimenta\u00e7\u00e3o dupla<\/h2>\n\n\n\n<p id=\"wd-606481f1\" class=\"wp-block-wd-paragraph wd-custom-width\">Suporta fonte de alimenta\u00e7\u00e3o CA\/CC, compat\u00edvel com entrada CC9~36V\/CC18~60V CC, tamb\u00e9m compat\u00edvel com fonte de alimenta\u00e7\u00e3o CA110~240V, oferecendo ao projeto uma variedade de suporte de energia.<\/p>\n<\/div>\n<\/div>\n\n\n\n<div id=\"wd-53da0596\" class=\"wp-block-wd-column wd-animation wd-transform wd-animation-slide-from-bottom wd_delay_100\"><\/div>\n\n\n\n<div id=\"wd-8433ee3d\" class=\"wp-block-wd-column wd-align\">\n<div id=\"wd-af801979\" class=\"wp-block-wd-container wd-dir-col\">\n<h2 id=\"wd-0f45e2c8\" class=\"wp-block-wd-title title\">N\u00edvel EM4<\/h2>\n\n\n\n<p id=\"wd-a1ee0e44\" class=\"wp-block-wd-paragraph\">Est\u00e1 em conformidade com os padr\u00f5es EMC de n\u00edvel 4 do setor para atender aos requisitos de compatibilidade eletromagn\u00e9tica, descarga de ar de 15kv, descarga de contato de 8kv, prote\u00e7\u00e3o contra raios de porta de 6kv, prote\u00e7\u00e3o contra raios de fonte de alimenta\u00e7\u00e3o de 4kv, o que pode resistir efetivamente ao impacto de mudan\u00e7as repentinas de tens\u00e3o e sobretens\u00e3o transit\u00f3ria, para garantir a seguran\u00e7a el\u00e9trica em ambientes de alta tens\u00e3o.<\/p>\n<\/div>\n<\/div>\n<\/div>\n\n\n\n<p><\/p>\n\n\n\n<div id=\"wd-9c87a9c4\" class=\"wp-block-wd-container wd-dir-col wd-align\">\n<p id=\"wd-26f543a3\" class=\"wp-block-wd-paragraph wd-align\">Cen\u00e1rios para switches industriais<\/p>\n\n\n\n<h2 id=\"wd-c9f5795a\" class=\"wp-block-wd-title title wd-align wd-align-s-center\">Rede poderosa<\/h2>\n\n\n\n<p id=\"wd-aa182ec4\" class=\"wp-block-wd-paragraph\">Arquitetura de rede hier\u00e1rquica: Ado\u00e7\u00e3o de uma arquitetura de rede de tr\u00eas camadas com camada de acesso, camada de agrega\u00e7\u00e3o e camada de n\u00facleo. Os switches da camada de acesso s\u00e3o respons\u00e1veis pela coleta de dados de v\u00e1rios dispositivos no local (por exemplo, v\u00eddeo do ve\u00edculo, informa\u00e7\u00f5es de alarme etc.).<br>O switch da camada de acesso \u00e9 respons\u00e1vel pela coleta de dados de v\u00e1rios dispositivos no local (por exemplo, v\u00eddeo do ve\u00edculo, informa\u00e7\u00f5es de alarme etc.) e pelo upload dos dados para o sistema de gerenciamento de back-end por meio do switch da camada de agrega\u00e7\u00e3o.<br>O switch da camada de acesso \u00e9 respons\u00e1vel pela coleta de dados de v\u00e1rios dispositivos no local (por exemplo, v\u00eddeo do ve\u00edculo, informa\u00e7\u00f5es de alarme etc.) e pelo upload dos dados para o sistema de gerenciamento de back-end por meio do switch da camada de agrega\u00e7\u00e3o.<\/p>\n<\/div>\n\n\n\n<div id=\"wd-2dd48387\" class=\"wp-block-wd-row\">\n<div id=\"wd-47e6d6aa\" class=\"wp-block-wd-column\">\n<div id=\"wd-57c553bb\" class=\"wp-block-wd-infobox wd-hover-parent wd-align wd-icon-top\"><a class=\"wd-block-infobox-link wd-fill\" href=\"#\" aria-label=\"Link da infobox\"><\/a>\n<div id=\"wd-b6ce95ca\" class=\"wp-block-wd-icon\"><img loading=\"lazy\" decoding=\"async\" width=\"642\" height=\"368\" class=\"wp-image-16987\" src=\"https:\/\/www.luleey.com\/wp-content\/uploads\/2025\/01\/ai-video.png\" alt=\"\" title=\"\" srcset=\"https:\/\/www.luleey.com\/wp-content\/uploads\/2025\/01\/ai-video.png 642w, https:\/\/www.luleey.com\/wp-content\/uploads\/2025\/01\/ai-video-18x10.png 18w, https:\/\/www.luleey.com\/wp-content\/uploads\/2025\/01\/ai-video-150x86.png 150w\" sizes=\"auto, (max-width: 642px) 100vw, 642px\" \/><\/div>\n\n\n\n<div id=\"wd-a363eda2\" class=\"wp-block-wd-container wd-dir-col\">\n<h2 id=\"wd-bf457b59\" class=\"wp-block-wd-title title\">Rede de carros inteligentes<\/h2>\n\n\n\n<p id=\"wd-4caec2cb\" class=\"wp-block-wd-paragraph\">Fornece transmiss\u00e3o de rede est\u00e1vel e confi\u00e1vel, suporta alta largura de banda e grande transmiss\u00e3o de dados, configura\u00e7\u00e3o de porta rica e rede flex\u00edvel, fornece prote\u00e7\u00e3o de seguran\u00e7a e fun\u00e7\u00f5es de gerenciamento e suporta fonte de alimenta\u00e7\u00e3o POE e outros aspectos da fun\u00e7\u00e3o de simplificar a fia\u00e7\u00e3o e reduzir custos para garantir a opera\u00e7\u00e3o est\u00e1vel e o gerenciamento eficiente do sistema de vigil\u00e2ncia por v\u00eddeo do campus.<\/p>\n<\/div>\n<\/div>\n\n\n\n<div id=\"wd-b33a67b0\" class=\"wp-block-wd-infobox wd-hover-parent wd-align wd-icon-top\"><a class=\"wd-block-infobox-link wd-fill\" href=\"#\" aria-label=\"Link da infobox\"><\/a>\n<div id=\"wd-571f37c0\" class=\"wp-block-wd-icon\"><img loading=\"lazy\" decoding=\"async\" width=\"641\" height=\"311\" class=\"wp-image-16990\" src=\"https:\/\/www.luleey.com\/wp-content\/uploads\/2025\/01\/high-way.png\" alt=\"\" title=\"\" srcset=\"https:\/\/www.luleey.com\/wp-content\/uploads\/2025\/01\/high-way.png 641w, https:\/\/www.luleey.com\/wp-content\/uploads\/2025\/01\/high-way-18x9.png 18w, https:\/\/www.luleey.com\/wp-content\/uploads\/2025\/01\/high-way-150x73.png 150w\" sizes=\"auto, (max-width: 641px) 100vw, 641px\" \/><\/div>\n\n\n\n<div id=\"wd-404b8d4a\" class=\"wp-block-wd-container wd-dir-col\">\n<h2 id=\"wd-c2cbc29a\" class=\"wp-block-wd-title title\">Gerenciamento inteligente de rodovias<\/h2>\n\n\n\n<p id=\"wd-1de0f216\" class=\"wp-block-wd-paragraph\">Os produtos s\u00e3o aplicados com sucesso em \u00e1reas importantes, como cabines de ped\u00e1gio, sistemas de monitoramento de v\u00eddeo de ve\u00edculos, sistemas de transmiss\u00e3o, sistemas de ilumina\u00e7\u00e3o e sistemas de alarme. Por meio de monitoramento de v\u00eddeo em tempo real, transmiss\u00e3o de dados e an\u00e1lise inteligente, ele realiza um controle abrangente e uma resposta oportuna ao status de opera\u00e7\u00e3o das rodovias, fornecendo um s\u00f3lido suporte t\u00e9cnico para o gerenciamento inteligente e a opera\u00e7\u00e3o de rodovias.<\/p>\n<\/div>\n<\/div>\n<\/div>\n\n\n\n<div id=\"wd-093c30f6\" class=\"wp-block-wd-column wd-align-is-lg-center wd-hide-md-sm wd-hide-sm wd-animation wd-transform wd-animation-zoom-in wd_delay_100\">\n<div id=\"wd-46ff9c62\" class=\"wp-block-wd-image wd-block-image\"><img loading=\"lazy\" decoding=\"async\" width=\"839\" height=\"497\" class=\"wp-image-16991\" src=\"https:\/\/www.luleey.com\/wp-content\/uploads\/2025\/01\/switches-lan.png\" alt=\"\" title=\"\" srcset=\"https:\/\/www.luleey.com\/wp-content\/uploads\/2025\/01\/switches-lan.png 839w, https:\/\/www.luleey.com\/wp-content\/uploads\/2025\/01\/switches-lan-800x474.png 800w, https:\/\/www.luleey.com\/wp-content\/uploads\/2025\/01\/switches-lan-768x455.png 768w, https:\/\/www.luleey.com\/wp-content\/uploads\/2025\/01\/switches-lan-18x12.png 18w, https:\/\/www.luleey.com\/wp-content\/uploads\/2025\/01\/switches-lan-150x89.png 150w\" sizes=\"auto, (max-width: 839px) 100vw, 839px\" \/><\/div>\n<\/div>\n\n\n\n<div id=\"wd-0b4d674f\" class=\"wp-block-wd-column\">\n<div id=\"wd-e7fcea0f\" class=\"wp-block-wd-infobox wd-hover-parent wd-icon-top\"><a class=\"wd-block-infobox-link wd-fill\" href=\"#\" aria-label=\"Link da infobox\"><\/a>\n<div id=\"wd-d9989520\" class=\"wp-block-wd-icon\"><img loading=\"lazy\" decoding=\"async\" width=\"628\" height=\"471\" class=\"wp-image-16988\" src=\"https:\/\/www.luleey.com\/wp-content\/uploads\/2025\/01\/ai-worker.png\" alt=\"\" title=\"\" srcset=\"https:\/\/www.luleey.com\/wp-content\/uploads\/2025\/01\/ai-worker.png 628w, https:\/\/www.luleey.com\/wp-content\/uploads\/2025\/01\/ai-worker-16x12.png 16w, https:\/\/www.luleey.com\/wp-content\/uploads\/2025\/01\/ai-worker-150x113.png 150w\" sizes=\"auto, (max-width: 628px) 100vw, 628px\" \/><\/div>\n\n\n\n<div id=\"wd-65397649\" class=\"wp-block-wd-container wd-dir-col\">\n<h2 id=\"wd-91bb8283\" class=\"wp-block-wd-title title\">Linha de produ\u00e7\u00e3o inteligente<\/h2>\n\n\n\n<p id=\"wd-ba0a1d6c\" class=\"wp-block-wd-paragraph\">Com a inova\u00e7\u00e3o cont\u00ednua da tecnologia Ethernet, dos protocolos de rede e de outros aspectos, os switches industriais dar\u00e3o mais aten\u00e7\u00e3o \u00e0s caracter\u00edsticas de intelig\u00eancia, adaptabilidade e outros aspectos, a fim de atender \u00e0s necessidades de atualiza\u00e7\u00e3o cont\u00ednua da Internet industrial. Foram resumidos 40 cen\u00e1rios t\u00edpicos de aplica\u00e7\u00e3o de fabrica\u00e7\u00e3o inteligente em 15 links, incluindo constru\u00e7\u00e3o de f\u00e1bricas, design de produtos, design de processos, planejamento e programa\u00e7\u00e3o e opera\u00e7\u00f5es de produ\u00e7\u00e3o<\/p>\n<\/div>\n<\/div>\n\n\n\n<div id=\"wd-128d8e78\" class=\"wp-block-wd-infobox wd-hover-parent wd-icon-top\"><a class=\"wd-block-infobox-link wd-fill\" href=\"#\" aria-label=\"Link da infobox\"><\/a>\n<div id=\"wd-b7999916\" class=\"wp-block-wd-icon\"><img loading=\"lazy\" decoding=\"async\" width=\"639\" height=\"360\" class=\"wp-image-16989\" src=\"https:\/\/www.luleey.com\/wp-content\/uploads\/2025\/01\/electric-power-plant.png\" alt=\"\" title=\"\" srcset=\"https:\/\/www.luleey.com\/wp-content\/uploads\/2025\/01\/electric-power-plant.png 639w, https:\/\/www.luleey.com\/wp-content\/uploads\/2025\/01\/electric-power-plant-18x10.png 18w, https:\/\/www.luleey.com\/wp-content\/uploads\/2025\/01\/electric-power-plant-150x85.png 150w\" sizes=\"auto, (max-width: 639px) 100vw, 639px\" \/><\/div>\n\n\n\n<div id=\"wd-8f8631a6\" class=\"wp-block-wd-container wd-dir-col\">\n<h2 id=\"wd-44d9c6d3\" class=\"wp-block-wd-title title\">Intelig\u00eancia de usinas el\u00e9tricas<\/h2>\n\n\n\n<p id=\"wd-2749a5fa\" class=\"wp-block-wd-paragraph\">Como o principal componente da rede de comunica\u00e7\u00e3o da usina de energia, o switch industrial deve ter v\u00e1rias caracter\u00edsticas, como alta confiabilidade, forte adaptabilidade, transmiss\u00e3o em tempo real e prote\u00e7\u00e3o de seguran\u00e7a, para garantir uma comunica\u00e7\u00e3o tranquila e uma colabora\u00e7\u00e3o eficiente entre v\u00e1rios sistemas na usina de energia.<\/p>\n<\/div>\n<\/div>\n<\/div>\n<\/div>\n\n\n\n<p><\/p>","protected":false},"excerpt":{"rendered":"","protected":false},"author":1,"featured_media":16497,"parent":16956,"menu_order":0,"comment_status":"closed","ping_status":"closed","template":"","meta":{"footnotes":""},"class_list":["post-16959","page","type-page","status-publish","has-post-thumbnail","hentry"],"_links":{"self":[{"href":"https:\/\/www.luleey.com\/pt\/wp-json\/wp\/v2\/pages\/16959","targetHints":{"allow":["GET"]}}],"collection":[{"href":"https:\/\/www.luleey.com\/pt\/wp-json\/wp\/v2\/pages"}],"about":[{"href":"https:\/\/www.luleey.com\/pt\/wp-json\/wp\/v2\/types\/page"}],"author":[{"embeddable":true,"href":"https:\/\/www.luleey.com\/pt\/wp-json\/wp\/v2\/users\/1"}],"replies":[{"embeddable":true,"href":"https:\/\/www.luleey.com\/pt\/wp-json\/wp\/v2\/comments?post=16959"}],"version-history":[{"count":0,"href":"https:\/\/www.luleey.com\/pt\/wp-json\/wp\/v2\/pages\/16959\/revisions"}],"up":[{"embeddable":true,"href":"https:\/\/www.luleey.com\/pt\/wp-json\/wp\/v2\/pages\/16956"}],"wp:featuredmedia":[{"embeddable":true,"href":"https:\/\/www.luleey.com\/pt\/wp-json\/wp\/v2\/media\/16497"}],"wp:attachment":[{"href":"https:\/\/www.luleey.com\/pt\/wp-json\/wp\/v2\/media?parent=16959"}],"curies":[{"name":"wp","href":"https:\/\/api.w.org\/{rel}","templated":true}]}}