{"id":170,"date":"2024-07-12T11:22:51","date_gmt":"2024-07-12T11:22:51","guid":{"rendered":"https:\/\/dummy.xtemos.com\/woodmart2\/accessories-gutenberg\/?page_id=170"},"modified":"2026-03-16T10:52:41","modified_gmt":"2026-03-16T02:52:41","slug":"shopping-services","status":"publish","type":"page","link":"https:\/\/www.luleey.com\/pt\/shopping-services\/","title":{"rendered":"Servi\u00e7os de compras"},"content":{"rendered":"<div class=\"wp-block-wd-section wd-bff5dbb9\">\n<h2 class=\"wp-block-wd-title title wd-align wd-52c7110b\">Servi\u00e7os de compras<\/h2>\n\n\n\n<p class=\"wp-block-wd-paragraph wd-align wd-d17e44f9\">O sucesso do cliente \u00e9 nossa meta<\/p>\n\n\n\n<div class=\"wp-block-wd-popup wd-c02b854e wd-align-s-center\">\n<a class=\"wp-block-wd-button btn btn-style-link btn-color-primary btn-size-extra-large wd-fa0e2b9a\" href=\"https:\/\/www.luleey.com\/pt\/contact-us\/\"><span>Entre em contato conosco<\/span><\/a>\n\n\n\n<div class=\"wp-block-wd-popup-content wd-popup wd-popup-element wd-scroll-content wd-ad75b7ce\"><div class=\"wd-popup-inner\">\n<div class=\"wp-block-wd-row wd-5dd6df80\">\n<div class=\"wp-block-wd-column wd-85ef227a\">\n<h2 class=\"wp-block-wd-title title wd-2d97e8f8\">ENVIE-NOS UMA MENSAGEM<\/h2>\n\n\n<div id=\"\" class=\"wd-notice wd-info wd-dc5babca\"><span>Voc\u00ea precisa criar um formul\u00e1rio usando o plug-in Contact form 7 para poder exibi-lo usando esse elemento.<\/span><\/div><\/div>\n\n\n\n<div class=\"wp-block-wd-column color-scheme-light wd-59fe1ff8\">\n<h2 class=\"wp-block-wd-title title wd-3ffc0058\">INFORMA\u00c7\u00d5ES DE CONTATO<\/h2>\n\n\n\n<div class=\"wp-block-wd-infobox wd-hover-parent wd-icon-start wd-9f4b0ce2\">\n<div class=\"wp-block-wd-icon wd-0005316b\"><img decoding=\"async\" class=\"wp-image-11508\" src=\"https:\/\/www.luleey.com\/wp-content\/uploads\/2024\/05\/wd-pointer-light.svg\" alt=\"\" title=\"\"><\/div>\n\n\n\n<div class=\"wp-block-wd-container wd-dir-col wd-5c729d56\">\n<p class=\"wp-block-wd-paragraph wd-b9309848\">50 East 52nd Street<br>Brooklyn, NY 10022<br>Estados Unidos<\/p>\n<\/div>\n<\/div>\n\n\n\n<div class=\"wp-block-wd-infobox wd-hover-parent wd-icon-start wd-7950a2dd\">\n<div class=\"wp-block-wd-icon wd-e3187bc8\"><img decoding=\"async\" class=\"wp-image-11506\" src=\"https:\/\/www.luleey.com\/wp-content\/uploads\/2024\/05\/wd-mobile-light.svg\" alt=\"\" title=\"\"><\/div>\n\n\n\n<div class=\"wp-block-wd-container wd-dir-col wd-772a9e6b\">\n<p class=\"wp-block-wd-paragraph wd-aa918205\">+1322224332<br>+154623278<\/p>\n<\/div>\n<\/div>\n\n\n\n<div class=\"wp-block-wd-infobox wd-hover-parent wd-icon-start wd-b549d62f\">\n<div class=\"wp-block-wd-icon wd-d444826c\"><img decoding=\"async\" class=\"wp-image-11507\" src=\"https:\/\/www.luleey.com\/wp-content\/uploads\/2024\/05\/wd-paper-plane-light.svg\" alt=\"\" title=\"\"><\/div>\n\n\n\n<div class=\"wp-block-wd-container wd-dir-col wd-2290b57b\">\n<p class=\"wp-block-wd-paragraph wd-1ebee10a\">info@google.com<br>support@google.com<\/p>\n<\/div>\n<\/div>\n\n\n\n<div class=\"wp-block-wd-divider wd-style-line wd-3897da20\"><\/div>\n\n\n\n<p class=\"wp-block-wd-paragraph wd-3bfd80bc\">Tem d\u00favidas sobre como podemos ajudar sua empresa? Envie-nos um e-mail e entraremos em contato em breve.<\/p>\n\n\n\t\t\t<div\n\t\t\t\t\t\tclass=\"wd-social-icons wd-style-colored wd-size-small social-share wd-shape-circle  wd-03a0c39d\">\n\t\t\t\t\n\t\t\t\t\n\t\t\t\t\t\t\t\t\t<a rel=\"noopener noreferrer nofollow\" href=\"https:\/\/www.facebook.com\/sharer\/sharer.php?u=https:\/\/www.luleey.com\/pt\/shopping-services\/\" target=\"_blank\" class=\"wd-social-icon social-facebook\" aria-label=\"Link social do Facebook\">\n\t\t\t\t\t\t<span class=\"wd-icon\"><\/span>\n\t\t\t\t\t\t\t\t\t\t\t<\/a>\n\t\t\t\t\n\t\t\t\t\t\t\t\t\t<a rel=\"noopener noreferrer nofollow\" href=\"https:\/\/x.com\/share?url=https:\/\/www.luleey.com\/pt\/shopping-services\/\" target=\"_blank\" class=\"wd-social-icon social-twitter\" aria-label=\"X link social\">\n\t\t\t\t\t\t<span class=\"wd-icon\"><\/span>\n\t\t\t\t\t\t\t\t\t\t\t<\/a>\n\t\t\t\t\n\t\t\t\t\n\t\t\t\t\t\t\t\t\t<a rel=\"noopener noreferrer nofollow\" href=\"mailto:?subject=Check%20this%20https:\/\/www.luleey.com\/pt\/shopping-services\/\" target=\"_blank\" class=\"wd-social-icon social-email\" aria-label=\"Link social de e-mail\">\n\t\t\t\t\t\t<span class=\"wd-icon\"><\/span>\n\t\t\t\t\t\t\t\t\t\t\t<\/a>\n\t\t\t\t\n\t\t\t\t\n\t\t\t\t\n\t\t\t\t\n\t\t\t\t\t\t\t\t\t<a rel=\"noopener noreferrer nofollow\" href=\"https:\/\/pinterest.com\/pin\/create\/button\/?url=https:\/\/www.luleey.com\/pt\/shopping-services\/&#038;media=https:\/\/www.luleey.com\/wp-includes\/images\/media\/default.svg&#038;description=Shopping%20Services\" target=\"_blank\" class=\"wd-social-icon social-pinterest\" aria-label=\"Link social do Pinterest\">\n\t\t\t\t\t\t<span class=\"wd-icon\"><\/span>\n\t\t\t\t\t\t\t\t\t\t\t<\/a>\n\t\t\t\t\n\t\t\t\t\n\t\t\t\t\t\t\t\t\t<a rel=\"noopener noreferrer nofollow\" href=\"https:\/\/www.linkedin.com\/shareArticle?mini=true&#038;url=https:\/\/www.luleey.com\/pt\/shopping-services\/\" target=\"_blank\" class=\"wd-social-icon social-linkedin\" aria-label=\"Link social do Linkedin\">\n\t\t\t\t\t\t<span class=\"wd-icon\"><\/span>\n\t\t\t\t\t\t\t\t\t\t\t<\/a>\n\t\t\t\t\n\t\t\t\t\n\t\t\t\t\n\t\t\t\t\n\t\t\t\t\n\t\t\t\t\n\t\t\t\t\n\t\t\t\t\n\t\t\t\t\n\t\t\t\t\t\t\t\t\t<a rel=\"noopener noreferrer nofollow\" href=\"https:\/\/api.whatsapp.com\/send?text=https%3A%2F%2Fwww.luleey.com%2Fpt%2Fshopping-services%2F\" target=\"_blank\" class=\"wd-hide-md wd-social-icon social-whatsapp\" aria-label=\"Link social do WhatsApp\">\n\t\t\t\t\t\t<span class=\"wd-icon\"><\/span>\n\t\t\t\t\t\t\t\t\t\t\t<\/a>\n\n\t\t\t\t\t<a rel=\"noopener noreferrer nofollow\" href=\"whatsapp:\/\/send?text=http:\/\/https%3A%2F%2Fwww.luleey.com%2Fpt%2Fshopping-services%2F\" target=\"_blank\" class=\"wd-hide-lg wd-social-icon social-whatsapp\" aria-label=\"Link social do WhatsApp\">\n\t\t\t\t\t\t<span class=\"wd-icon\"><\/span>\n\t\t\t\t\t\t\t\t\t\t\t<\/a>\n\t\t\t\t\n\t\t\t\t\t\t\t\t\t<a rel=\"noopener noreferrer nofollow\" href=\"https:\/\/vk.com\/share.php?url=https:\/\/www.luleey.com\/pt\/shopping-services\/&#038;image=https:\/\/www.luleey.com\/wp-includes\/images\/media\/default.svg&#038;title=Shopping%20Services\" target=\"_blank\" class=\"wd-social-icon social-vk\" aria-label=\"Link social da VK\">\n\t\t\t\t\t\t<span class=\"wd-icon\"><\/span>\n\t\t\t\t\t\t\t\t\t\t\t<\/a>\n\t\t\t\t\n\t\t\t\t\n\t\t\t\t\n\t\t\t\t\n\t\t\t\t\n\t\t\t\t\t\t\t\t\t<a rel=\"noopener noreferrer nofollow\" href=\"https:\/\/telegram.me\/share\/url?url=https:\/\/www.luleey.com\/pt\/shopping-services\/\" target=\"_blank\" class=\"wd-social-icon social-tg\" aria-label=\"Link social do Telegram\">\n\t\t\t\t\t\t<span class=\"wd-icon\"><\/span>\n\t\t\t\t\t\t\t\t\t\t\t<\/a>\n\t\t\t\t\n\t\t\t\t\n\t\t\t<\/div>\n\n\t\t<\/div>\n<\/div>\n<\/div><\/div>\n<\/div>\n<\/div>\n\n\n\n<h2 class=\"wp-block-wd-title title wd-design-underlined wd-a708d13c\"><span>M\u00e9todos de pagamento<\/span><\/h2>\n\n\n\n<div class=\"wp-block-wd-menu-anchor wd-menu-anchor wd-a9dc1322\" data-id=\"payment\" data-offset=\"0\"><div id=\"payment\"><\/div><\/div>\n\n\n\n<p class=\"wp-block-wd-paragraph wd-249d278b\">Quando estiver pronto para pagar, basta ir para o Checkout. Voc\u00ea poder\u00e1 selecionar o m\u00e9todo de pagamento e revisar os detalhes do pedido, inclusive o endere\u00e7o de entrega, antes de pagar. Se voc\u00ea tiver problemas para pagar seus itens, podemos ajud\u00e1-lo a solucionar o problema.<\/p>\n\n\n\n<div class=\"wp-block-wd-row wd-b620550b\">\n<div class=\"wp-block-wd-column wd-3e7b62d8\">\n<div class=\"wp-block-wd-toggle wd-toggle wd-state-static-lg wd-state-static-md-sm wd-state-closed-sm wd-active-lg wd-active-md-sm wd-icon-rotate wd-833648c6\">\n<div class=\"wp-block-wd-container wd-dir-row wd-toggle-head wd-f7856858\">\n<h2 class=\"wp-block-wd-title title wd-29583745\">PayPal<\/h2>\n\n\n\n<div class=\"wp-block-wd-icon wd-toggle-icon wd-4f3ce0b8\"><svg xmlns=\"http:\/\/www.w3.org\/2000\/svg \" width=\"64\" height=\"64\" viewbox=\"0 0 64 64\" aria-hidden=\"true\"><path d=\"M59.7678 20.7678C60.2551 20.2804 60.4992 19.6419 60.5 19.0031C60.5008 18.3623 60.2567 17.7212 59.7678 17.2322C59.2796 16.7441 58.6398 16.5 58 16.5C57.3602 16.5 56.7204 16.7441 56.2322 17.2322L32 41.4645L7.76777 17.2322C7.27961 16.7441 6.63981 16.5 6 16.5C5.36019 16.5 4.72039 16.7441 4.23223 17.2322C3.74408 17.7204 3.5 18.3602 3.5 19C3.5 19.6398 3.74408 20.2796 4.23223 20.7678L30.2322 46.7678C30.7204 47.2559 31.3602 47.5 32 47.5C32.6398 47.5 33.2796 47.2559 33.7678 46.7678L59.7678 20.7678Z\"><\/path><\/svg><\/div>\n<\/div>\n\n\n\n<div class=\"wp-block-wd-toggle-content wd-toggle-content wd-db0d9c49\"><div class=\"wd-toggle-content-inner\">\n<p class=\"wp-block-wd-paragraph wd-1250cc83\">O PayPal \u00e9 uma das ferramentas de pagamento on-line mais populares do mundo. Redirecione-se para o PayPal por meio de uma conex\u00e3o on-line segura e pague com o saldo da sua conta do Paypal ou com cart\u00e3o de cr\u00e9dito\/d\u00e9bito.<\/p>\n<\/div><\/div>\n<\/div>\n<\/div>\n\n\n\n<div class=\"wp-block-wd-column wd-b6b5fc7e\">\n<div class=\"wp-block-wd-toggle wd-toggle wd-state-static-lg wd-state-static-md-sm wd-state-closed-sm wd-active-lg wd-active-md-sm wd-icon-rotate wd-035486ea\">\n<div class=\"wp-block-wd-container wd-dir-row wd-toggle-head wd-f3a9fa69\">\n<h2 class=\"wp-block-wd-title title wd-dd79003a\">Cart\u00e3o de cr\u00e9dito\/d\u00e9bito<\/h2>\n\n\n\n<div class=\"wp-block-wd-icon wd-toggle-icon wd-9f4507ed\"><svg xmlns=\"http:\/\/www.w3.org\/2000\/svg \" width=\"64\" height=\"64\" viewbox=\"0 0 64 64\" aria-hidden=\"true\"><path d=\"M59.7678 20.7678C60.2551 20.2804 60.4992 19.6419 60.5 19.0031C60.5008 18.3623 60.2567 17.7212 59.7678 17.2322C59.2796 16.7441 58.6398 16.5 58 16.5C57.3602 16.5 56.7204 16.7441 56.2322 17.2322L32 41.4645L7.76777 17.2322C7.27961 16.7441 6.63981 16.5 6 16.5C5.36019 16.5 4.72039 16.7441 4.23223 17.2322C3.74408 17.7204 3.5 18.3602 3.5 19C3.5 19.6398 3.74408 20.2796 4.23223 20.7678L30.2322 46.7678C30.7204 47.2559 31.3602 47.5 32 47.5C32.6398 47.5 33.2796 47.2559 33.7678 46.7678L59.7678 20.7678Z\"><\/path><\/svg><\/div>\n<\/div>\n\n\n\n<div class=\"wp-block-wd-toggle-content wd-toggle-content wd-77ebeafa\"><div class=\"wd-toggle-content-inner\">\n<p class=\"wp-block-wd-paragraph wd-76a62e4d\">O Stripe \u00e9 uma poderosa plataforma de processamento de pagamentos que permite que as empresas aceitem pagamentos on-line com facilidade. Ela oferece uma ampla gama de recursos. Os cart\u00f5es banc\u00e1rios s\u00e3o associados \u00e0s contas de d\u00e9bito ou cr\u00e9dito de um banco. Para concluir o pagamento on-line, os clientes precisam inserir as informa\u00e7\u00f5es do cart\u00e3o banc\u00e1rio no checkout.<\/p>\n<\/div><\/div>\n<\/div>\n<\/div>\n\n\n\n<div class=\"wp-block-wd-column wd-ff32a051\">\n<div class=\"wp-block-wd-toggle wd-toggle wd-state-static-lg wd-state-opened-md-sm wd-state-closed-sm wd-active-lg wd-active-md-sm wd-icon-rotate wd-6dc98cb0\">\n<div class=\"wp-block-wd-container wd-dir-row wd-toggle-head wd-2f44c091\">\n<h2 class=\"wp-block-wd-title title wd-53aea3d2\">Transfer\u00eancia banc\u00e1ria<br><\/h2>\n\n\n\n<div class=\"wp-block-wd-icon wd-toggle-icon wd-5300e624\"><svg xmlns=\"http:\/\/www.w3.org\/2000\/svg \" width=\"64\" height=\"64\" viewbox=\"0 0 64 64\" aria-hidden=\"true\"><path d=\"M59.7678 20.7678C60.2551 20.2804 60.4992 19.6419 60.5 19.0031C60.5008 18.3623 60.2567 17.7212 59.7678 17.2322C59.2796 16.7441 58.6398 16.5 58 16.5C57.3602 16.5 56.7204 16.7441 56.2322 17.2322L32 41.4645L7.76777 17.2322C7.27961 16.7441 6.63981 16.5 6 16.5C5.36019 16.5 4.72039 16.7441 4.23223 17.2322C3.74408 17.7204 3.5 18.3602 3.5 19C3.5 19.6398 3.74408 20.2796 4.23223 20.7678L30.2322 46.7678C30.7204 47.2559 31.3602 47.5 32 47.5C32.6398 47.5 33.2796 47.2559 33.7678 46.7678L59.7678 20.7678Z\"><\/path><\/svg><\/div>\n<\/div>\n\n\n\n<div class=\"wp-block-wd-toggle-content wd-toggle-content wd-17468a3d\"><div class=\"wd-toggle-content-inner\">\n<p class=\"wp-block-wd-paragraph wd-31b06843\">Para cortes B2B As transfer\u00eancias banc\u00e1rias permitem que os clientes transfiram fundos de suas contas banc\u00e1rias para a sua conta banc\u00e1ria.<\/p>\n<\/div><\/div>\n<\/div>\n<\/div>\n<\/div>\n\n\n\n<p class=\"wp-block-wd-paragraph wd-426a9719\">A LuLeey garante que seus produtos sejam submetidos a um rigoroso controle de qualidade, desde a aquisi\u00e7\u00e3o de mat\u00e9rias-primas at\u00e9 o processo de fabrica\u00e7\u00e3o. Al\u00e9m disso, garantimos o reparo de defeitos de material e de fabrica\u00e7\u00e3o para o comprador original. Se voc\u00ea tiver algum problema com o seu produto, a LuLeey oferece servi\u00e7os de reparo para produtos que n\u00e3o tenham excedido o per\u00edodo de garantia p\u00f3s-venda.<\/p>\n\n\n\n<h2 class=\"wp-block-wd-title title wd-design-underlined wd-018192bd\"><span>Garantia do produto<\/span><\/h2>\n\n\n\n<div class=\"wp-block-wd-menu-anchor wd-menu-anchor wd-7b381d1f\" data-id=\"warranty\" data-offset=\"0\"><div id=\"warranty\"><\/div><\/div>\n\n\n\n<p class=\"wp-block-wd-paragraph wd-f36e83bf\">O per\u00edodo de garantia para todas as categorias \u00e9 mostrado na tabela abaixo, a partir da data de entrega do pedido original.<\/p>\n\n\n\n<figure class=\"wp-block-table\"><table class=\"has-fixed-layout\"><thead><tr><th>SUBCATEGORIASUBCATEGORIA<\/th><th>RETURN WINDOW<\/th><th>JANELA DE TROCA<\/th><th>PRAZO DE GARANTIA<\/th><th>NOTAS<\/th><\/tr><\/thead><tbody><tr><td>ONU E ONT<\/td><td>15 dias<\/td><td>30 dias<\/td><td>2 anos<\/td><td><\/td><\/tr><tr><td>Switch Ethernet<\/td><td>15 dias<\/td><td>30 dias<\/td><td>2 anos<\/td><td><\/td><\/tr><tr><td>Equipamento CATV<\/td><td>15 dias<\/td><td>30 dias<\/td><td>2 anos<\/td><td><\/td><\/tr><tr><td>OLT Terminal de linha \u00f3ptica<\/td><td>15 dias<\/td><td>30 dias<\/td><td>2 anos<\/td><td><\/td><\/tr><tr><td>Transceptores de m\u00f3dulo \u00f3ptico<\/td><td>15 dias<\/td><td>30 dias<\/td><td>2 anos<\/td><td><\/td><\/tr><tr><td>Conversor de m\u00eddia<\/td><td>15 dias<\/td><td>30 dias<\/td><td>2 anos<\/td><td><\/td><\/tr><tr><td>Patch Cord e Pigtails de fibra \u00f3ptica<\/td><td>N\u00e3o dispon\u00edvel<\/td><td>N\u00e3o dispon\u00edvel<\/td><td>Consum\u00edveis<\/td><td><\/td><\/tr><tr><td>OTDR<br>Inspe\u00e7\u00e3o de fibras<br>Medidores de pot\u00eancia \u00f3ptica<br>Localizadores visuais de falhas<br>Fontes de luz<br>Mult\u00edmetros \u00f3pticos<br>Identificadores de fibra<\/td><td>15 dias<\/td><td>30 dias<\/td><td>1 ano<\/td><td><\/td><\/tr><tr><td>Clivadores de fibra e acess\u00f3rios<br>Polimento de fibras<br>Extratores de fibra<br>Cortadores de fibra<br>Cortadores de fibra<\/td><td>N\u00e3o dispon\u00edvel<\/td><td>N\u00e3o dispon\u00edvel<\/td><td>Consum\u00edveis<\/td><td><\/td><\/tr><tr><td>Ferramentas de limpeza de fibra<\/td><td>N\u00e3o dispon\u00edvel<\/td><td>N\u00e3o dispon\u00edvel<\/td><td>Consum\u00edveis<\/td><td><\/td><\/tr><tr><td>Splicer de fus\u00e3o e acess\u00f3rios<\/td><td>15 dias<\/td><td>30 dias<\/td><td>1 ano<\/td><td><\/td><\/tr><\/tbody><\/table><\/figure>\n\n\n\n<h5 class=\"wp-block-wd-title title wd-7f5f34eb\">Itens de garantia gratuitos:<\/h5>\n\n\n\n<p class=\"wp-block-wd-paragraph wd-49bd4332\">Durante o per\u00edodo de garantia, a garantia da LuLeey cobre apenas defeitos causados pelo uso normal e danos log\u00edsticos, problemas de qualidade, etc. Pagaremos os custos de devolu\u00e7\u00e3o dos itens em garantia.<\/p>\n\n\n\n<h5 class=\"wp-block-wd-title title wd-c9d1d98c\">Exclus\u00f5es da garantia gratuita\uff1a<\/h5>\n\n\n\n<p class=\"wp-block-wd-paragraph wd-ad55962e\">1. O produto ultrapassou o per\u00edodo de garantia.<br>2. Desmontagem, modifica\u00e7\u00e3o e outros danos causados por pessoas n\u00e3o autorizadas.<br>3. Danos causados por desastres naturais, como impacto, inc\u00eandio, raio, inunda\u00e7\u00e3o ou neglig\u00eancia humana.<br>4. Danos causados por opera\u00e7\u00e3o inadequada do inv\u00f3lucro do equipamento, da fonte de alimenta\u00e7\u00e3o, etc. durante o uso.<br>5. Observe que os produtos personalizados s\u00f3 podem ser alterados ou cancelados antes de iniciarmos a fabrica\u00e7\u00e3o do pedido do produto, a menos que sejam aprovados.<\/p>\n\n\n\n<p class=\"wp-block-wd-paragraph wd-e24d9544\"><strong>Se tiver alguma d\u00favida sobre nossos produtos, por favor&nbsp;<a href=\"https:\/\/www.luleey.com\/pt\/contact-us\/\"><mark>Entre em contato conosco<\/mark><\/a><em>.<\/em><\/strong><\/p>\n\n\n\n<h2 class=\"wp-block-wd-title title wd-design-underlined wd-9d7b6b49\"><span>Pol\u00edtica de devolu\u00e7\u00e3o<\/span><\/h2>\n\n\n\n<div class=\"wp-block-wd-menu-anchor wd-menu-anchor wd-e1edc04c\" data-id=\"return\" data-offset=\"0\"><div id=\"return\"><\/div><\/div>\n\n\n\n<p class=\"wp-block-wd-paragraph wd-e58762aa\">Servi\u00e7o de compra completo, todas as devolu\u00e7\u00f5es devem ter um&nbsp;<a href=\"https:\/\/www.luleey.com\/pt\/contact-us\/#rma\"><mark>Solicita\u00e7\u00e3o de RMA<\/mark><\/a>&nbsp;e siga as etapas abaixo para processar um reembolso, troca ou reparo.<\/p>\n\n\n\n<h5 class=\"wp-block-wd-title title wd-a91b44a1\">Sobre reembolsos<\/h5>\n\n\n\n<p class=\"wp-block-wd-paragraph wd-90511f56\">Os reembolsos ser\u00e3o processados ap\u00f3s a LuLeey ter recebido e inspecionado os itens devolvidos. O reembolso levar\u00e1 aproximadamente 7 dias para ser recebido.<\/p>\n\n\n\n<h5 class=\"wp-block-wd-title title wd-b59ba583\">Sobre os interc\u00e2mbios<\/h5>\n\n\n\n<p class=\"wp-block-wd-paragraph wd-f766414c\">Se os itens de reposi\u00e7\u00e3o estiverem em estoque, eles poder\u00e3o ser enviados em at\u00e9 2 dias \u00fateis. Se o item de reposi\u00e7\u00e3o estiver fora de estoque, negociaremos uma data de envio com voc\u00ea.<\/p>\n\n\n\n<h5 class=\"wp-block-wd-title title wd-cd618960\">Reparos (dentro do per\u00edodo de garantia)<\/h5>\n\n\n\n<p>O servi\u00e7o de reparo est\u00e1 dispon\u00edvel para a maioria dos itens (exceto consum\u00edveis) durante o per\u00edodo de garantia.<br><br>Para solicitar um reembolso ou uma troca, a solicita\u00e7\u00e3o de devolu\u00e7\u00e3o deve ser enviada dentro dos dias de garantia a partir da data de entrega. Para produtos que atendam \u00e0s condi\u00e7\u00f5es de reparo, envie uma solicita\u00e7\u00e3o de reparo dentro do per\u00edodo de garantia. Se o per\u00edodo de garantia tiver expirado, os servi\u00e7os de reparo ainda estar\u00e3o dispon\u00edveis, mas ser\u00e3o cobrados caso a caso.<br><br>O servi\u00e7o p\u00f3s-venda relevante deve estar dentro do per\u00edodo de garantia. Para verificar o per\u00edodo de garantia de um item, consulte Garantia do produto.<\/p>\n\n\n\n<h2 class=\"wp-block-wd-title title wd-design-underlined wd-a14f9c3a\"><span><a href=\"https:\/\/www.luleey.com\/pt\/shopping-services\/#uagb-tabs__tab3\">Pol\u00edtica de remessa<\/a><\/span><\/h2>\n\n\n\n<div class=\"wp-block-wd-menu-anchor wd-menu-anchor wd-24b91f75\" data-id=\"shopping\" data-offset=\"0\"><div id=\"shopping\"><\/div><\/div>\n\n\n\n<h3 class=\"wp-block-wd-title title wd-f54a6854\">Enviado em 48 horas<\/h3>\n\n\n\n<p class=\"wp-block-wd-paragraph wd-606337b2\">A LuLeey usa as melhores transportadoras do setor para garantir que seu pedido chegue no prazo. Os produtos que est\u00e3o em estoque em nosso dep\u00f3sito ser\u00e3o enviados em at\u00e9 2 dias \u00fateis.<\/p>\n\n\n\n<h3 class=\"wp-block-wd-title title wd-12621d88\">Standard Express<\/h3>\n\n\n\n<p class=\"wp-block-wd-paragraph wd-a7c762f3\">O Standard Express \u00e9 o m\u00e9todo de envio padr\u00e3o na LuLeey. Ele oferece servi\u00e7os de entrega com frete gr\u00e1tis acima de US$39 em todo o mundo. Os pacotes s\u00e3o consolidados e entregues por meio das principais transportadoras, como Singapore Post, USPS Post, Canada Post, Korea Post, Poczta Polska, PostNL etc. Data de entrega de 7 a 45 dias, mas Europa, Am\u00e9rica do Norte, \u00c1sia, alta probabilidade de entrega completa em 4 a 15 dias. .<\/p>\n\n\n\n<p class=\"wp-block-wd-paragraph wd-249dec5a\">Os impostos alfandeg\u00e1rios s\u00e3o de responsabilidade dos clientes, mas a log\u00edstica padr\u00e3o oferece suporte ao DDP para a maioria dos pa\u00edses, com isen\u00e7\u00e3o de impostos, como EUA, Alemanha, Reino Unido, Canad\u00e1, Fran\u00e7a, It\u00e1lia, Portugal, \u00c1ustria, Jap\u00e3o...<\/p>\n\n\n\n<h3 class=\"wp-block-wd-title title wd-9f2f25b8\">Premium Express (opcional)<\/h3>\n\n\n\n<p class=\"wp-block-wd-paragraph wd-7ddc68f4\">A Premium Express inclui as principais transportadoras expressas internacionais do mundo. Por exemplo, a Premium Express.<br>DHL\/UPS\/FEDEX\/ARAMEX\/EMS\/outros servi\u00e7os dedicados de alta prioridade. No entanto, h\u00e1 uma taxa e o prazo de entrega \u00e9 de 5 a 15 dias.<\/p>\n\n\n\n<h2 class=\"wp-block-wd-title title wd-fad94514\">Data estat\u00edstica: 01-01-2026 a 15-03-2026<\/h2>\n\n\n\n<figure class=\"wp-block-table\"><table class=\"has-fixed-layout\"><tbody><tr><td class=\"has-text-align-center\" data-align=\"center\"><strong>Dias completos de entrega para todos os pedidos<\/strong><\/td><td class=\"has-text-align-center\" data-align=\"center\"><strong>Porcentagem do total<\/strong><\/td><\/tr><tr><td class=\"has-text-align-center\" data-align=\"center\">T\u22643 dias<\/td><td class=\"has-text-align-center\" data-align=\"center\">0.00%<\/td><\/tr><tr><td class=\"has-text-align-center\" data-align=\"center\">3&lt;T\u22645 dias<\/td><td class=\"has-text-align-center\" data-align=\"center\">29.29%<\/td><\/tr><tr><td class=\"has-text-align-center\" data-align=\"center\">5&lt;T\u22647 dias<\/td><td class=\"has-text-align-center\" data-align=\"center\">41.42%<\/td><\/tr><tr><td class=\"has-text-align-center\" data-align=\"center\">7&lt;T\u226410 dias<\/td><td class=\"has-text-align-center\" data-align=\"center\">19.19%<\/td><\/tr><tr><td class=\"has-text-align-center\" data-align=\"center\">10&lt;T\u226415 dias<\/td><td class=\"has-text-align-center\" data-align=\"center\">10.10%<\/td><\/tr><tr><td class=\"has-text-align-center\" data-align=\"center\">15&lt;T\u226420 dias<\/td><td class=\"has-text-align-center\" data-align=\"center\">0.00%<\/td><\/tr><tr><td class=\"has-text-align-center\" data-align=\"center\">20&lt;T\u226430 dias<\/td><td class=\"has-text-align-center\" data-align=\"center\">0.00%<\/td><\/tr><tr><td class=\"has-text-align-center\" data-align=\"center\">T&gt;30 dias<\/td><td class=\"has-text-align-center\" data-align=\"center\">0.00%<\/td><\/tr><\/tbody><\/table><\/figure>\n\n\n\n<h2 class=\"wp-block-wd-title title wd-9d640aaa\"><strong>Fornecedores de log\u00edstica<\/strong><\/h2>\n\n\n\n<div class=\"wp-block-wd-divider wd-style-line wd-391086be\"><\/div>\n\n\n\n<ul class=\"wp-block-list\">\n<li>International Express<\/li>\n\n\n\n<li>Linha Expressa<\/li>\n\n\n\n<li>Servi\u00e7o Postal Internacional<\/li>\n<\/ul>\n\n\n\n<h2 class=\"wp-block-wd-title title wd-fb29e88d\">Principalmente&nbsp;<strong>Transporte a\u00e9reo<\/strong><\/h2>\n\n\n\n<div class=\"wp-block-wd-divider wd-style-line wd-4ee258ec\"><\/div>\n\n\n\n<ul class=\"wp-block-list\">\n<li>N\u00e3o por transporte mar\u00edtimo<\/li>\n\n\n\n<li>N\u00e3o por transporte de trem<\/li>\n\n\n\n<li>N\u00e3o para transporte em autom\u00f3veis<\/li>\n<\/ul>\n\n\n\n<h2 class=\"wp-block-wd-title title wd-cc33b04d\"><strong>Rastreamento completo de links<\/strong><\/h2>\n\n\n\n<div class=\"wp-block-wd-divider wd-style-line wd-84e4a988\"><\/div>\n\n\n\n<ul class=\"wp-block-list\">\n<li>Desembara\u00e7o alfandeg\u00e1rio r\u00e1pido<\/li>\n\n\n\n<li>Enviado em 48 horas, normalmente<\/li>\n\n\n\n<li>Tratamento oportuno do problema<\/li>\n<\/ul>\n\n\n\n<p class=\"wp-block-wd-paragraph wd-a5052c11\">Para a maioria dos produtos, podemos fornecer servi\u00e7os personalizados, mas a quantidade e o pre\u00e7o ter\u00e3o determinados requisitos.&nbsp;<a href=\"https:\/\/www.luleey.com\/pt\/contact-us\/\"><mark>Entre em contato conosco<\/mark><\/a>.<\/p>","protected":false},"excerpt":{"rendered":"<p>SUB-CATEGORIASUB-CATEGORIA JANELA DE DEVOLU\u00c7\u00c3O JANELA DE TROCA JANELA DE GARANTIA PRAZO NOTAS ONU E ONT 15 dias 30 dias 2 anos Switch Ethernet 15<\/p>","protected":false},"author":1,"featured_media":0,"parent":0,"menu_order":0,"comment_status":"closed","ping_status":"closed","template":"","meta":{"footnotes":""},"class_list":["post-170","page","type-page","status-publish","hentry"],"_links":{"self":[{"href":"https:\/\/www.luleey.com\/pt\/wp-json\/wp\/v2\/pages\/170","targetHints":{"allow":["GET"]}}],"collection":[{"href":"https:\/\/www.luleey.com\/pt\/wp-json\/wp\/v2\/pages"}],"about":[{"href":"https:\/\/www.luleey.com\/pt\/wp-json\/wp\/v2\/types\/page"}],"author":[{"embeddable":true,"href":"https:\/\/www.luleey.com\/pt\/wp-json\/wp\/v2\/users\/1"}],"replies":[{"embeddable":true,"href":"https:\/\/www.luleey.com\/pt\/wp-json\/wp\/v2\/comments?post=170"}],"version-history":[{"count":0,"href":"https:\/\/www.luleey.com\/pt\/wp-json\/wp\/v2\/pages\/170\/revisions"}],"wp:attachment":[{"href":"https:\/\/www.luleey.com\/pt\/wp-json\/wp\/v2\/media?parent=170"}],"curies":[{"name":"wp","href":"https:\/\/api.w.org\/{rel}","templated":true}]}}