{"id":178,"date":"2024-07-12T11:24:47","date_gmt":"2024-07-12T11:24:47","guid":{"rendered":"https:\/\/dummy.xtemos.com\/woodmart2\/accessories-gutenberg\/?page_id=178"},"modified":"2024-12-13T00:08:44","modified_gmt":"2024-12-12T16:08:44","slug":"orders-tracking","status":"publish","type":"page","link":"https:\/\/www.luleey.com\/pt\/orders-tracking\/","title":{"rendered":"Rastreamento de pedidos"},"content":{"rendered":"<div id=\"wd-a801eaa8\" class=\"wp-block-wd-section\">\n<h2 id=\"wd-b1fb4647\" class=\"wp-block-wd-title title wd-align\">Rastreamento de pedidos<\/h2>\n\n\n\n<div id=\"wd-f8ede4ad\" class=\"wp-block-wd-container wd-dir-col wd-custom-width\"><div class=\"woocommerce\"><\/div>\n<\/div>\n<\/div>\n\n\n\n<div id=\"wd-62bfddde\" class=\"wp-block-wd-section\">\n<div id=\"wd-a3c34a98\" class=\"wp-block-wd-container wd-dir-col\">\n<div id=\"wd-3db49970\" class=\"wp-block-wd-carousel wd-carousel-container wd-align-s-center\"><div class=\"wd-carousel-inner\"><div class=\"wd-carousel wd-grid\" style=\"--wd-col-lg:3;--wd-col-md:3;--wd-col-sm:1;--wd-gap-lg:20px;--wd-gap-sm:10px;\" data-scroll_per_page=\"yes\"><div class=\"wd-carousel-wrap\">\n<div id=\"wd-e6271727\" class=\"wp-block-wd-carousel-item wd-carousel-item\">\n<div id=\"wd-e6d04568\" class=\"wp-block-wd-infobox wd-hover-parent wd-align wd-icon-top\">\n<div id=\"wd-639bcf66\" class=\"wp-block-wd-icon\"><img loading=\"lazy\" decoding=\"async\" width=\"576\" height=\"512\" class=\"wp-image-16332\" src=\"https:\/\/www.luleey.com\/wp-content\/uploads\/2024\/12\/credit-card-regular.svg\" alt=\"\" title=\"\"><\/div>\n\n\n\n<div id=\"wd-005c7e5e\" class=\"wp-block-wd-container wd-dir-col wd-custom-width\">\n<h2 id=\"wd-8b951c40\" class=\"wp-block-wd-title title\">Pagamento seguro<\/h2>\n\n\n\n<p id=\"wd-60ff203a\" class=\"wp-block-wd-paragraph\">PayPal, cart\u00e3o de d\u00e9bito, cart\u00e3o de cr\u00e9dito, ...<\/p>\n<\/div>\n<\/div>\n<\/div>\n\n\n\n<div id=\"wd-8accd70b\" class=\"wp-block-wd-carousel-item wd-carousel-item\">\n<div id=\"wd-d146b8a3\" class=\"wp-block-wd-infobox wd-hover-parent wd-align wd-icon-top\">\n<div id=\"wd-f2412407\" class=\"wp-block-wd-icon\"><img loading=\"lazy\" decoding=\"async\" width=\"576\" height=\"512\" class=\"wp-image-16333\" src=\"https:\/\/www.luleey.com\/wp-content\/uploads\/2024\/12\/plane-solid.svg\" alt=\"\" title=\"\"><\/div>\n\n\n\n<div id=\"wd-6f3f5aad\" class=\"wp-block-wd-container wd-dir-col wd-custom-width\">\n<h2 id=\"wd-f4e41522\" class=\"wp-block-wd-title title\">Envio r\u00e1pido<\/h2>\n\n\n\n<p id=\"wd-38d5b39a\" class=\"wp-block-wd-paragraph\">Envio em at\u00e9 48 horas<\/p>\n<\/div>\n<\/div>\n<\/div>\n\n\n\n<div id=\"wd-7c28835f\" class=\"wp-block-wd-carousel-item wd-carousel-item\">\n<div id=\"wd-c8aee331\" class=\"wp-block-wd-infobox wd-hover-parent wd-align wd-icon-top\">\n<div id=\"wd-6b3ff6a4\" class=\"wp-block-wd-icon\"><img loading=\"lazy\" decoding=\"async\" width=\"576\" height=\"512\" class=\"wp-image-16331\" src=\"https:\/\/www.luleey.com\/wp-content\/uploads\/2024\/12\/weixin-brands-solid.svg\" alt=\"\" title=\"\"><\/div>\n\n\n\n<div id=\"wd-77da429b\" class=\"wp-block-wd-container wd-dir-col wd-custom-width\">\n<h2 id=\"wd-e89fd653\" class=\"wp-block-wd-title title\">Comunica\u00e7\u00e3o oportuna<\/h2>\n\n\n\n<p id=\"wd-7399d720\" class=\"wp-block-wd-paragraph\">E-mail, Whatsapp ...<\/p>\n<\/div>\n<\/div>\n<\/div>\n<\/div><\/div><div class=\"wd-nav-arrows wd-pos-sep wd-hover-1 wd-icon-1\"><div class=\"wd-btn-arrow wd-prev\"><div class=\"wd-arrow-inner\"><\/div><\/div><div class=\"wd-btn-arrow wd-next\"><div class=\"wd-arrow-inner\"><\/div><\/div><\/div><\/div><\/div>\n<\/div>\n<\/div>","protected":false},"excerpt":{"rendered":"","protected":false},"author":1,"featured_media":0,"parent":0,"menu_order":0,"comment_status":"closed","ping_status":"closed","template":"","meta":{"footnotes":""},"class_list":["post-178","page","type-page","status-publish","hentry"],"_links":{"self":[{"href":"https:\/\/www.luleey.com\/pt\/wp-json\/wp\/v2\/pages\/178","targetHints":{"allow":["GET"]}}],"collection":[{"href":"https:\/\/www.luleey.com\/pt\/wp-json\/wp\/v2\/pages"}],"about":[{"href":"https:\/\/www.luleey.com\/pt\/wp-json\/wp\/v2\/types\/page"}],"author":[{"embeddable":true,"href":"https:\/\/www.luleey.com\/pt\/wp-json\/wp\/v2\/users\/1"}],"replies":[{"embeddable":true,"href":"https:\/\/www.luleey.com\/pt\/wp-json\/wp\/v2\/comments?post=178"}],"version-history":[{"count":0,"href":"https:\/\/www.luleey.com\/pt\/wp-json\/wp\/v2\/pages\/178\/revisions"}],"wp:attachment":[{"href":"https:\/\/www.luleey.com\/pt\/wp-json\/wp\/v2\/media?parent=178"}],"curies":[{"name":"wp","href":"https:\/\/api.w.org\/{rel}","templated":true}]}}