{"id":4714,"date":"2023-06-11T21:55:09","date_gmt":"2023-06-11T13:55:09","guid":{"rendered":"https:\/\/www.luleey.com\/?page_id=4714"},"modified":"2023-06-11T21:55:09","modified_gmt":"2023-06-11T13:55:09","slug":"terms-and-conditions","status":"publish","type":"page","link":"https:\/\/www.luleey.com\/pt\/terms-and-conditions\/","title":{"rendered":"Termos e condi\u00e7\u00f5es"},"content":{"rendered":"<h4 id=\"introduction\" class=\"wp-block-heading\">INTRODU\u00c7\u00c3O<\/h4>\n\n\n\n<p>Bem-vindo ao site www.luleey.com. Ao acessar e usar este site, voc\u00ea concorda com os termos e condi\u00e7\u00f5es do site. Se n\u00e3o concordar com todos os termos e condi\u00e7\u00f5es, voc\u00ea n\u00e3o dever\u00e1 usar este site para nenhuma finalidade. Os termos e as condi\u00e7\u00f5es do site se aplicam a todos os itens de todas as categorias presentes no site.<\/p>\n\n\n\n<p>Qualquer refer\u00eancia feita a este site ou a qualquer outro site cujo link esteja aqui no site est\u00e1 sujeita a todos os termos e condi\u00e7\u00f5es mencionados.<\/p>\n\n\n\n<p>A LuLeey Now reserva-se o direito de alterar, modificar, mudar e fazer acr\u00e9scimos e redu\u00e7\u00f5es no todo ou em parte dos termos e condi\u00e7\u00f5es. As altera\u00e7\u00f5es entrar\u00e3o em vigor assim que forem publicadas no site, sem qualquer aviso pr\u00e9vio ou adicional. Ao usar o site, voc\u00ea concorda com as altera\u00e7\u00f5es feitas nos termos e condi\u00e7\u00f5es.<\/p>\n\n\n\n<h4 id=\"termsamp-conditions\" class=\"wp-block-heading\">TERMOS E CONDI\u00c7\u00d5ES<\/h4>\n\n\n\n<p>Ao se registrar em nosso site, voc\u00ea concorda com o seguinte:<\/p>\n\n\n\n<p>Voc\u00ea fornecer\u00e1 informa\u00e7\u00f5es verdadeiras, precisas, atuais e completas sobre si mesmo.<\/p>\n\n\n\n<p>Alguns recursos s\u00f3 estar\u00e3o dispon\u00edveis se voc\u00ea se registrar. Se voc\u00ea se registrar, ser\u00e1 respons\u00e1vel por fornecer informa\u00e7\u00f5es precisas da melhor forma poss\u00edvel. Se houver altera\u00e7\u00f5es nessas informa\u00e7\u00f5es, voc\u00ea dever\u00e1 fazer essas altera\u00e7\u00f5es imediatamente. Os membros s\u00e3o pessoalmente respons\u00e1veis pela manuten\u00e7\u00e3o segura de suas contas e senhas e s\u00e3o aconselhados a n\u00e3o compartilh\u00e1-las sob nenhuma condi\u00e7\u00e3o. Qualquer atividade ilegal realizada com o nome de usu\u00e1rio de um usu\u00e1rio tornar\u00e1 esse usu\u00e1rio pessoalmente respons\u00e1vel por ela.<\/p>\n\n\n\n<h4 id=\"privacy\" class=\"wp-block-heading\">PRIVACIDADE<\/h4>\n\n\n\n<p>Consulte nosso Contrato de Privacidade, que tamb\u00e9m rege sua visita ao Site. As informa\u00e7\u00f5es\/dados pessoais fornecidos a n\u00f3s por voc\u00ea ou pelo seu uso do Site ser\u00e3o tratados como estritamente confidenciais, de acordo com o Contrato de Privacidade e com as leis e normas aplic\u00e1veis. Se voc\u00ea n\u00e3o concordar que suas informa\u00e7\u00f5es sejam transferidas ou usadas da maneira especificada no Contrato de Privacidade, n\u00e3o use o Site.<\/p>\n\n\n\n<h4 id=\"continued-availability-of-the-site\" class=\"wp-block-heading\">DISPONIBILIDADE CONT\u00cdNUA DO LOCAL<\/h4>\n\n\n\n<p>Faremos o poss\u00edvel para garantir que o acesso ao Site esteja sempre dispon\u00edvel e seja ininterrupto e livre de erros. Entretanto, devido \u00e0 natureza da Internet e \u00e0 natureza do Site, isso n\u00e3o pode ser garantido. Al\u00e9m disso, seu acesso ao Site tamb\u00e9m poder\u00e1 ser ocasionalmente suspenso ou restrito para permitir reparos, manuten\u00e7\u00e3o ou a introdu\u00e7\u00e3o de novos recursos ou servi\u00e7os a qualquer momento, sem aviso pr\u00e9vio. Tentaremos limitar a frequ\u00eancia e a dura\u00e7\u00e3o de qualquer suspens\u00e3o ou restri\u00e7\u00e3o desse tipo.<\/p>\n\n\n\n<h4 id=\"your-conduct\" class=\"wp-block-heading\">SUA CONDUTA<\/h4>\n\n\n\n<p>Voc\u00ea n\u00e3o deve usar o site de nenhuma forma que cause, ou possa causar, a interrup\u00e7\u00e3o, dano ou preju\u00edzo ao Site ou ao acesso a ele. O usu\u00e1rio n\u00e3o deve se envolver em atividades que possam prejudicar ou potencialmente prejudicar o Site, seus funcion\u00e1rios, diretores, representantes, partes interessadas ou qualquer outra parte direta ou indiretamente associada ao Site ou ao acesso a ele, que seja interrompido, danificado ou prejudicado de qualquer forma. Voc\u00ea entende que voc\u00ea, e n\u00e3o n\u00f3s, \u00e9 respons\u00e1vel por todas as comunica\u00e7\u00f5es eletr\u00f4nicas e conte\u00fados enviados do seu computador para n\u00f3s e deve usar o Site somente para fins legais.<\/p>\n\n\n\n<h4 id=\"shipping\" class=\"wp-block-heading\">TRANSPORTE<\/h4>\n\n\n\n<p>Podemos enviar para a maioria dos pa\u00edses do mundo. Observe que h\u00e1 restri\u00e7\u00f5es para alguns produtos, e alguns produtos n\u00e3o podem ser enviados para alguns destinos.<\/p>\n\n\n\n<p>Quando voc\u00ea fizer um pedido, estimaremos as datas de envio e entrega com base na disponibilidade dos itens e nas op\u00e7\u00f5es de envio escolhidas.<\/p>\n\n\n\n<p>Observe tamb\u00e9m que as taxas de remessa de muitos itens que vendemos s\u00e3o baseadas no peso. O peso de cada um desses itens pode ser encontrado em sua p\u00e1gina de detalhes. Para refletir as pol\u00edticas das empresas de remessa que usamos, todos os pesos ser\u00e3o arredondados para o pr\u00f3ximo 0,5 kg completo.<\/p>\n\n\n\n<h4 id=\"process-order\" class=\"wp-block-heading\">ORDEM DE PROCESSO<\/h4>\n\n\n\n<p>Processaremos seu pedido em 24 horas e, em geral, entregaremos as mercadorias \u00e0 empresa de log\u00edstica internacional em 48 horas<\/p>","protected":false},"excerpt":{"rendered":"<p>INTRODU\u00c7\u00c3O Bem-vindo ao site www.luleey.com. Ao acessar e usar este site, voc\u00ea concorda com os termos e condi\u00e7\u00f5es deste<\/p>","protected":false},"author":1,"featured_media":0,"parent":0,"menu_order":0,"comment_status":"closed","ping_status":"closed","template":"","meta":{"footnotes":""},"class_list":["post-4714","page","type-page","status-publish","hentry"],"_links":{"self":[{"href":"https:\/\/www.luleey.com\/pt\/wp-json\/wp\/v2\/pages\/4714","targetHints":{"allow":["GET"]}}],"collection":[{"href":"https:\/\/www.luleey.com\/pt\/wp-json\/wp\/v2\/pages"}],"about":[{"href":"https:\/\/www.luleey.com\/pt\/wp-json\/wp\/v2\/types\/page"}],"author":[{"embeddable":true,"href":"https:\/\/www.luleey.com\/pt\/wp-json\/wp\/v2\/users\/1"}],"replies":[{"embeddable":true,"href":"https:\/\/www.luleey.com\/pt\/wp-json\/wp\/v2\/comments?post=4714"}],"version-history":[{"count":0,"href":"https:\/\/www.luleey.com\/pt\/wp-json\/wp\/v2\/pages\/4714\/revisions"}],"wp:attachment":[{"href":"https:\/\/www.luleey.com\/pt\/wp-json\/wp\/v2\/media?parent=4714"}],"curies":[{"name":"wp","href":"https:\/\/api.w.org\/{rel}","templated":true}]}}