{"id":12444,"date":"2024-07-19T00:47:08","date_gmt":"2024-07-18T16:47:08","guid":{"rendered":"https:\/\/www.luleey.com\/?post_type=product&#038;p=12444"},"modified":"2025-02-22T11:25:51","modified_gmt":"2025-02-22T03:25:51","slug":"lc-apc-to-sc-upc-single-mode-sc-upcmale-to-lc-apcfemale-sm-9-125","status":"publish","type":"product","link":"https:\/\/www.luleey.com\/pt\/produto\/lc-apc-to-sc-upc-single-mode-sc-upcmale-to-lc-apcfemale-sm-9-125\/","title":{"rendered":"Conversor LC\/APC para SC\/UPC monomodo SC\/UPC (macho) para LC\/APC (f\u00eamea) SM-9\/125"},"content":{"rendered":"<h3>Recursos<\/h3>\n<ol>\n<li>Estrutura do conector, f\u00e1cil de usar.<\/li>\n<li>Alta intercambialidade, alta confiabilidade.<\/li>\n<li>baixa perda de inser\u00e7\u00e3o, alta perda de retorno.<\/li>\n<\/ol>\n<h3>Especifica\u00e7\u00e3o<\/h3>\n<table style=\"width: 100%; height: 275px;\" width=\"323\">\n<tbody>\n<tr style=\"height: 53px;\">\n<td style=\"height: 53px;\">Marca<\/td>\n<td style=\"height: 53px;\">LuLeey<\/td>\n<\/tr>\n<tr style=\"height: 53px;\">\n<td style=\"height: 53px;\" width=\"101\">Nome do produto<\/td>\n<td style=\"height: 53px;\" width=\"222\">LC\/APC para SC\/UPC<\/td>\n<\/tr>\n<tr style=\"height: 53px;\">\n<td style=\"height: 53px;\">Tipo de adaptador<\/td>\n<td style=\"height: 53px;\">Adaptador de fibra SM-9\/125 LC para SC<\/td>\n<\/tr>\n<tr>\n<td>Material<\/td>\n<td>n\u00facleo de cer\u00e2mica<\/td>\n<\/tr>\n<tr>\n<td>Temperatura operacional<\/td>\n<td>-40\u2103~75\u2103<\/td>\n<\/tr>\n<tr style=\"height: 53px;\">\n<td style=\"height: 53px;\">Perda de inser\u00e7\u00e3o<\/td>\n<td style=\"height: 53px;\">\u22640,3dB<\/td>\n<\/tr>\n<tr style=\"height: 53px;\">\n<td style=\"height: 53px;\">Perda de retorno<\/td>\n<td style=\"height: 53px;\">\u226550dB<\/td>\n<\/tr>\n<tr style=\"height: 379px;\">\n<td style=\"height: 10px;\">Cen\u00e1rios de uso<\/td>\n<td style=\"height: 10px;\">Instrumento de fibra \u00f3ptica, equipamento de comunica\u00e7\u00e3o,<br \/>\nConvers\u00e3o da interface do detector de falhas de fibra \u00f3ptica.<br \/>\nConvers\u00e3o do conector de fibra \u00f3ptica.<br \/>\nTeste de dados \u00f3pticos.<br \/>\nTransmiss\u00e3o de dados \u00f3pticos.<br \/>\nRedes de telecomunica\u00e7\u00f5es, r\u00e1dio e televis\u00e3o<\/td>\n<\/tr>\n<\/tbody>\n<\/table>","protected":false},"excerpt":{"rendered":"<ul>\n<li><strong>Plug-and-Play<\/strong> - N\u00e3o s\u00e3o necess\u00e1rias ferramentas para uma convers\u00e3o r\u00e1pida de LC\/APC para SC\/UPC.<\/li>\n<li><strong>Perda de sinal ultrabaixa<\/strong> - A perda de inser\u00e7\u00e3o de 0,3 dB garante a m\u00e1xima integridade dos dados.<\/li>\n<\/ul>","protected":false},"featured_media":14337,"comment_status":"open","ping_status":"closed","template":"","meta":[],"product_brand":[],"product_cat":[365],"product_tag":[221,247,308,325],"class_list":{"0":"post-12444","1":"product","2":"type-product","3":"status-publish","4":"has-post-thumbnail","6":"product_cat-optical-adapters-and-flange-connectors-and-attenuator","7":"product_tag-fiber-adapter","8":"product_tag-lc-apc","9":"product_tag-sc-upc","10":"product_tag-sm","12":"first","13":"instock","14":"shipping-taxable","15":"purchasable","16":"product-type-variable","17":"has-default-attributes"},"_links":{"self":[{"href":"https:\/\/www.luleey.com\/pt\/wp-json\/wp\/v2\/product\/12444","targetHints":{"allow":["GET"]}}],"collection":[{"href":"https:\/\/www.luleey.com\/pt\/wp-json\/wp\/v2\/product"}],"about":[{"href":"https:\/\/www.luleey.com\/pt\/wp-json\/wp\/v2\/types\/product"}],"replies":[{"embeddable":true,"href":"https:\/\/www.luleey.com\/pt\/wp-json\/wp\/v2\/comments?post=12444"}],"wp:featuredmedia":[{"embeddable":true,"href":"https:\/\/www.luleey.com\/pt\/wp-json\/wp\/v2\/media\/14337"}],"wp:attachment":[{"href":"https:\/\/www.luleey.com\/pt\/wp-json\/wp\/v2\/media?parent=12444"}],"wp:term":[{"taxonomy":"product_brand","embeddable":true,"href":"https:\/\/www.luleey.com\/pt\/wp-json\/wp\/v2\/product_brand?post=12444"},{"taxonomy":"product_cat","embeddable":true,"href":"https:\/\/www.luleey.com\/pt\/wp-json\/wp\/v2\/product_cat?post=12444"},{"taxonomy":"product_tag","embeddable":true,"href":"https:\/\/www.luleey.com\/pt\/wp-json\/wp\/v2\/product_tag?post=12444"}],"curies":[{"name":"wp","href":"https:\/\/api.w.org\/{rel}","templated":true}]}}