{"id":12446,"date":"2024-07-19T00:47:09","date_gmt":"2024-07-18T16:47:09","guid":{"rendered":"https:\/\/www.luleey.com\/?post_type=product&#038;p=12446"},"modified":"2024-10-11T09:09:41","modified_gmt":"2024-10-11T01:09:41","slug":"sc-adapter-0db-sc-apc-male-sc-upc-female-optical-fiber-adapter","status":"publish","type":"product","link":"https:\/\/www.luleey.com\/pt\/produto\/sc-adapter-0db-sc-apc-male-sc-upc-female-optical-fiber-adapter\/","title":{"rendered":"Adaptador SC 0dB SC\/APC macho -SC\/UPC f\u00eamea Conversor de fibra \u00f3ptica"},"content":{"rendered":"<h3>Recursos<\/h3>\n<ol>\n<li>adaptador SC de fibra \u00f3ptica atenuador de 0dB<\/li>\n<li>Adaptador h\u00edbrido SM9\/125<\/li>\n<\/ol>\n<h3>Especifica\u00e7\u00e3o<\/h3>\n<table width=\"834\">\n<tbody>\n<tr>\n<td>Marca<\/td>\n<td>LuLeey<\/td>\n<\/tr>\n<tr>\n<td>Nome do produto<\/td>\n<td>Adaptador SC 0dB Adaptador de fibra \u00f3ptica SC\/APC macho -SC\/UPC f\u00eamea<\/td>\n<\/tr>\n<tr>\n<td width=\"273\">Intercambialidade<\/td>\n<td width=\"561\">\u00a0\u2264 0,2dB<\/td>\n<\/tr>\n<tr>\n<td>Comprimento de onda de trabalho<\/td>\n<td>\u00a01200nm~1600nm<\/td>\n<\/tr>\n<tr>\n<td>Taxa de perda<\/td>\n<td>\u00a0\u2264 0,5dB<\/td>\n<\/tr>\n<tr>\n<td>Material da manga<\/td>\n<td>\u00a0cer\u00e2mica+metal<\/td>\n<\/tr>\n<tr>\n<td>Tempos de inser\u00e7\u00e3o e desconex\u00e3o<\/td>\n<td>&gt;1000<\/td>\n<\/tr>\n<tr>\n<td>Temperatura de trabalho<\/td>\n<td>\u00a0-40 \u00b0 C+95 \u00b0 C<\/td>\n<\/tr>\n<tr>\n<td>Temperatura de armazenamento<\/td>\n<td>\u00a0-55 \u00b0 C+85 \u00b0 C<\/td>\n<\/tr>\n<\/tbody>\n<\/table>\n<p>&nbsp;<\/p>","protected":false},"excerpt":{"rendered":"<p>Adaptador h\u00edbrido SC\/APC (macho) -SCUPC (f\u00eamea) SM 9\/125<\/p>\n<p>Atenua\u00e7\u00e3o 1310nm: 0,26<br \/>\nAtenua\u00e7\u00e3o 1550nm:0,15<br \/>\nReflet\u00e2ncia 1310nm: 53,4<br \/>\nReflet\u00e2ncia 1550nm: 63,9<\/p>","protected":false},"featured_media":12690,"comment_status":"open","ping_status":"closed","template":"","meta":[],"product_brand":[],"product_cat":[365],"product_tag":[82,221,306,308],"class_list":{"0":"post-12446","1":"product","2":"type-product","3":"status-publish","4":"has-post-thumbnail","6":"product_cat-optical-adapters-and-flange-connectors-and-attenuator","7":"product_tag-0db","8":"product_tag-fiber-adapter","9":"product_tag-sc-apc","10":"product_tag-sc-upc","12":"first","13":"instock","14":"shipping-taxable","15":"purchasable","16":"product-type-variable","17":"has-default-attributes"},"_links":{"self":[{"href":"https:\/\/www.luleey.com\/pt\/wp-json\/wp\/v2\/product\/12446","targetHints":{"allow":["GET"]}}],"collection":[{"href":"https:\/\/www.luleey.com\/pt\/wp-json\/wp\/v2\/product"}],"about":[{"href":"https:\/\/www.luleey.com\/pt\/wp-json\/wp\/v2\/types\/product"}],"replies":[{"embeddable":true,"href":"https:\/\/www.luleey.com\/pt\/wp-json\/wp\/v2\/comments?post=12446"}],"wp:featuredmedia":[{"embeddable":true,"href":"https:\/\/www.luleey.com\/pt\/wp-json\/wp\/v2\/media\/12690"}],"wp:attachment":[{"href":"https:\/\/www.luleey.com\/pt\/wp-json\/wp\/v2\/media?parent=12446"}],"wp:term":[{"taxonomy":"product_brand","embeddable":true,"href":"https:\/\/www.luleey.com\/pt\/wp-json\/wp\/v2\/product_brand?post=12446"},{"taxonomy":"product_cat","embeddable":true,"href":"https:\/\/www.luleey.com\/pt\/wp-json\/wp\/v2\/product_cat?post=12446"},{"taxonomy":"product_tag","embeddable":true,"href":"https:\/\/www.luleey.com\/pt\/wp-json\/wp\/v2\/product_tag?post=12446"}],"curies":[{"name":"wp","href":"https:\/\/api.w.org\/{rel}","templated":true}]}}