{"id":12447,"date":"2024-07-19T00:47:10","date_gmt":"2024-07-18T16:47:10","guid":{"rendered":"https:\/\/www.luleey.com\/?post_type=product&#038;p=12447"},"modified":"2025-06-28T10:52:19","modified_gmt":"2025-06-28T02:52:19","slug":"sc-adapter-0db-sc-upc-male-sc-apc-female-optical-fiber-adapter","status":"publish","type":"product","link":"https:\/\/www.luleey.com\/pt\/produto\/sc-adapter-0db-sc-upc-male-sc-apc-female-optical-fiber-adapter\/","title":{"rendered":"Adaptador SC 0dB SC\/UPC macho -SC\/APC f\u00eamea Conversor de fibra \u00f3ptica"},"content":{"rendered":"<h3>Recursos<\/h3>\n<ol>\n<li><span class=\"\">N\u00facleo de cer\u00e2mica, desempenho est\u00e1vel<\/span><\/li>\n<li><span class=\"\">Suporta 1000 repeti\u00e7\u00f5es de inser\u00e7\u00e3o e remo\u00e7\u00e3o, reutiliz\u00e1vel<\/span><\/li>\n<li><span class=\"\">Par\u00e2metros reais para evitar perdas<\/span><\/li>\n<\/ol>\n<h3>Especifica\u00e7\u00e3o<\/h3>\n<table width=\"588\">\n<tbody>\n<tr>\n<td>Marca<\/td>\n<td>LuLeey<\/td>\n<\/tr>\n<tr>\n<td width=\"229\">Nome do produto<\/td>\n<td width=\"359\">SC\/UPC Masculino -SC\/APC Feminino<\/td>\n<\/tr>\n<tr>\n<td width=\"229\">Conector<\/td>\n<td>SCUPC para SCAPC<\/td>\n<\/tr>\n<tr>\n<td>SM\/MM<\/td>\n<td width=\"359\">Modo \u00fanico<\/td>\n<\/tr>\n<tr>\n<td>Comprimento de onda de trabalho<\/td>\n<td>1200nm~1600nm<\/td>\n<\/tr>\n<tr>\n<td>Taxa de perda<\/td>\n<td>0~0,5dB<\/td>\n<\/tr>\n<tr>\n<td width=\"229\">Perda de retorno<\/td>\n<td>\u226560db<\/td>\n<\/tr>\n<tr>\n<td>Material da manga<\/td>\n<td>cer\u00e2mica+metal<\/td>\n<\/tr>\n<tr>\n<td>Tempos de inser\u00e7\u00e3o e desconex\u00e3o<\/td>\n<td>&gt;1000<\/td>\n<\/tr>\n<tr>\n<td>Temperatura de trabalho<\/td>\n<td>-40\u2103~80\u2103<\/td>\n<\/tr>\n<tr>\n<td>Temperatura de armazenamento<\/td>\n<td>-55\u2103~85\u2103<\/td>\n<\/tr>\n<tr>\n<td width=\"229\">Aplicativo<\/td>\n<td width=\"359\">Sistemas FTTX Solu\u00e7\u00f5es de CCTV<\/td>\n<\/tr>\n<tr>\n<td width=\"229\">Cen\u00e1rios de aplicativos<\/td>\n<td width=\"359\">FTTH, FTTB, FTTX, Solu\u00e7\u00e3o de rede<\/td>\n<\/tr>\n<tr>\n<td>Umidade<\/td>\n<td>95%RH<\/td>\n<\/tr>\n<\/tbody>\n<\/table>","protected":false},"excerpt":{"rendered":"<ul>\n<li>SC\/UPC Masculino -SC\/APC Feminino<\/li>\n<li>Perda de retorno (1310nm) \u2265 50DB<\/li>\n<li>Perda de retorno (1550nm\uff09\u2265 50dB<\/li>\n<li>Perda de inser\u00e7\u00e3o (1310nm) \u22640,30dB<\/li>\n<li>Perda de inser\u00e7\u00e3o (1550nm) \u22640,30dB<\/li>\n<li>Conecta ambientes de fibra SC a aplica\u00e7\u00f5es de fibra SC<\/li>\n<\/ul>","protected":false},"featured_media":12550,"comment_status":"open","ping_status":"closed","template":"","meta":[],"product_brand":[],"product_cat":[365],"product_tag":[82,221,306,308],"class_list":{"0":"post-12447","1":"product","2":"type-product","3":"status-publish","4":"has-post-thumbnail","6":"product_cat-optical-adapters-and-flange-connectors-and-attenuator","7":"product_tag-0db","8":"product_tag-fiber-adapter","9":"product_tag-sc-apc","10":"product_tag-sc-upc","12":"first","13":"instock","14":"featured","15":"shipping-taxable","16":"purchasable","17":"product-type-variable","18":"has-default-attributes"},"_links":{"self":[{"href":"https:\/\/www.luleey.com\/pt\/wp-json\/wp\/v2\/product\/12447","targetHints":{"allow":["GET"]}}],"collection":[{"href":"https:\/\/www.luleey.com\/pt\/wp-json\/wp\/v2\/product"}],"about":[{"href":"https:\/\/www.luleey.com\/pt\/wp-json\/wp\/v2\/types\/product"}],"replies":[{"embeddable":true,"href":"https:\/\/www.luleey.com\/pt\/wp-json\/wp\/v2\/comments?post=12447"}],"wp:featuredmedia":[{"embeddable":true,"href":"https:\/\/www.luleey.com\/pt\/wp-json\/wp\/v2\/media\/12550"}],"wp:attachment":[{"href":"https:\/\/www.luleey.com\/pt\/wp-json\/wp\/v2\/media?parent=12447"}],"wp:term":[{"taxonomy":"product_brand","embeddable":true,"href":"https:\/\/www.luleey.com\/pt\/wp-json\/wp\/v2\/product_brand?post=12447"},{"taxonomy":"product_cat","embeddable":true,"href":"https:\/\/www.luleey.com\/pt\/wp-json\/wp\/v2\/product_cat?post=12447"},{"taxonomy":"product_tag","embeddable":true,"href":"https:\/\/www.luleey.com\/pt\/wp-json\/wp\/v2\/product_tag?post=12447"}],"curies":[{"name":"wp","href":"https:\/\/api.w.org\/{rel}","templated":true}]}}