{"id":12448,"date":"2024-07-19T00:47:10","date_gmt":"2024-07-18T16:47:10","guid":{"rendered":"https:\/\/www.luleey.com\/?post_type=product&#038;p=12448"},"modified":"2026-04-02T10:22:30","modified_gmt":"2026-04-02T02:22:30","slug":"sc-lc-fc-upc-apc-optic-patch-cord","status":"publish","type":"product","link":"https:\/\/www.luleey.com\/pt\/produto\/sc-lc-fc-upc-apc-optic-patch-cord\/","title":{"rendered":"Cabo de patch cord \u00f3ptico SC LC FC UPC APC de n\u00facleo \u00fanico"},"content":{"rendered":"<h3>Recursos<\/h3>\n<ol>\n<li>Oficina de produ\u00e7\u00e3o padronizada, pesquisa e desenvolvimento, processamento e produ\u00e7\u00e3o, testes.<\/li>\n<li>Equipamento de retifica\u00e7\u00e3o de alta precis\u00e3o, inspe\u00e7\u00e3o por microsc\u00f3pio de porta, detec\u00e7\u00e3o de perdas.<\/li>\n<li>N\u00facleo de cer\u00e2mica de alta qualidade, reduzindo efetivamente a perda de inser\u00e7\u00e3o, baixa perda de inser\u00e7\u00e3o e alta perda de retorno.<\/li>\n<li>Boa capacidade de repeti\u00e7\u00e3o e troca.<\/li>\n<li>Excelente resist\u00eancia mec\u00e2nica.<\/li>\n<li>Alta credibilidade e estabilidade.<\/li>\n<li>Excelente adaptabilidade ambiental.<\/li>\n<li>100% teste de perda de inser\u00e7\u00e3o, teste de perda de retorno, inspe\u00e7\u00e3o da face da extremidade e detec\u00e7\u00e3o de interfer\u00eancia<\/li>\n<\/ol>\n<h3>Especifica\u00e7\u00e3o<\/h3>\n<table width=\"366\">\n<tbody>\n<tr>\n<td width=\"224\">Tipo de junta<\/td>\n<td width=\"142\">SC\/FC\/LC UPC\/APC<\/td>\n<\/tr>\n<tr>\n<td>Comprimento do cabo<\/td>\n<td>1-100m<\/td>\n<\/tr>\n<tr>\n<td>Temperatura de trabalho<\/td>\n<td>-40 \u2103~85 \u2103<\/td>\n<\/tr>\n<tr>\n<td>Resist\u00eancia \u00e0 tra\u00e7\u00e3o<\/td>\n<td>&gt;=200N<\/td>\n<\/tr>\n<tr>\n<td>Comprimento de onda de trabalho<\/td>\n<td>1300-1600nm<\/td>\n<\/tr>\n<tr>\n<td>Di\u00e2metro externo da fibra \u00f3ptica<\/td>\n<td>3,0 mm<\/td>\n<\/tr>\n<tr>\n<td>N\u00famero de plugues e desplugues<\/td>\n<td>&gt;=1000 vezes<\/td>\n<\/tr>\n<tr>\n<td>Material da junta<\/td>\n<td>n\u00facleo de cer\u00e2mica<\/td>\n<\/tr>\n<tr>\n<td>Perda de inser\u00e7\u00e3o<\/td>\n<td>0,3~0,6dB<\/td>\n<\/tr>\n<tr>\n<td>SM\/MM<\/td>\n<td width=\"142\">modo \u00fanico<\/td>\n<\/tr>\n<tr>\n<td>N\u00famero de n\u00facleos<\/td>\n<td>n\u00facleo \u00fanico<\/td>\n<\/tr>\n<\/tbody>\n<\/table>\n<div class=\"MachTrans__textWrap__1NtxT\">\n<div class=\"MachTrans__text__duH8w\">\n<p><span class=\"\">Suporte \u00e0 personaliza\u00e7\u00e3o de comprimentos abaixo de 0,5m~100m<\/span><\/p>\n<\/div>\n<\/div>\n<div class=\"MachTrans__textWrap__1NtxT MachTrans__textWrapSmall__26E1Q MachTrans__textWrapCal__Bh8Vh\">\n<div class=\"MachTrans__text__duH8w\"><\/div>\n<\/div>","protected":false},"excerpt":{"rendered":"<p>Cabo de Patch Cord \u00d3ptico<\/p>\n<ul>\n<li>Virola de cer\u00e2mica de alta precis\u00e3o.<\/li>\n<li>Baixa perda de inser\u00e7\u00e3o, alta perda de retorno.<\/li>\n<li>Boa capacidade de repeti\u00e7\u00e3o e troca.<\/li>\n<li>Excelente resist\u00eancia mec\u00e2nica.<\/li>\n<li>Alta credibilidade e estabilidade.<\/li>\n<li>Excelente adaptabilidade ambiental.<\/li>\n<li>Teste de perda de inser\u00e7\u00e3o 100%, teste de perda de retorno, inspe\u00e7\u00e3o da face da extremidade e detec\u00e7\u00e3o de interfer\u00eancia.<\/li>\n<\/ul>","protected":false},"featured_media":12718,"comment_status":"open","ping_status":"closed","template":"","meta":[],"product_brand":[],"product_cat":[364],"product_tag":[182,213,245,273,305,336],"class_list":{"0":"post-12448","1":"product","2":"type-product","3":"status-publish","4":"has-post-thumbnail","6":"product_cat-optic-cables-and-fiber-pigtails","7":"product_tag-apc","8":"product_tag-fc","9":"product_tag-lc","10":"product_tag-optic-patch-cord","11":"product_tag-sc","12":"product_tag-upc","14":"first","15":"instock","16":"featured","17":"shipping-taxable","18":"purchasable","19":"product-type-variable"},"_links":{"self":[{"href":"https:\/\/www.luleey.com\/pt\/wp-json\/wp\/v2\/product\/12448","targetHints":{"allow":["GET"]}}],"collection":[{"href":"https:\/\/www.luleey.com\/pt\/wp-json\/wp\/v2\/product"}],"about":[{"href":"https:\/\/www.luleey.com\/pt\/wp-json\/wp\/v2\/types\/product"}],"replies":[{"embeddable":true,"href":"https:\/\/www.luleey.com\/pt\/wp-json\/wp\/v2\/comments?post=12448"}],"wp:featuredmedia":[{"embeddable":true,"href":"https:\/\/www.luleey.com\/pt\/wp-json\/wp\/v2\/media\/12718"}],"wp:attachment":[{"href":"https:\/\/www.luleey.com\/pt\/wp-json\/wp\/v2\/media?parent=12448"}],"wp:term":[{"taxonomy":"product_brand","embeddable":true,"href":"https:\/\/www.luleey.com\/pt\/wp-json\/wp\/v2\/product_brand?post=12448"},{"taxonomy":"product_cat","embeddable":true,"href":"https:\/\/www.luleey.com\/pt\/wp-json\/wp\/v2\/product_cat?post=12448"},{"taxonomy":"product_tag","embeddable":true,"href":"https:\/\/www.luleey.com\/pt\/wp-json\/wp\/v2\/product_tag?post=12448"}],"curies":[{"name":"wp","href":"https:\/\/api.w.org\/{rel}","templated":true}]}}