{"id":12449,"date":"2024-07-19T00:47:10","date_gmt":"2024-07-18T16:47:10","guid":{"rendered":"https:\/\/www.luleey.com\/?post_type=product&#038;p=12449"},"modified":"2025-08-21T22:32:52","modified_gmt":"2025-08-21T14:32:52","slug":"2-5g-onu-with-media-converter-gpon-onu-ll-xs2510","status":"publish","type":"product","link":"https:\/\/www.luleey.com\/pt\/produto\/2-5g-onu-with-media-converter-gpon-onu-ll-xs2510\/","title":{"rendered":"ONU 2,5G com conversor de m\u00eddia ONU GPON LL-XS2510"},"content":{"rendered":"<h3 id=\"title\" class=\"a-size-large a-spacing-none\"><span id=\"productTitle\" class=\"a-size-large product-title-word-break\">Fiber Optical modem, 1Set 2.5G ONU with Media Converter, Bridge Mode GPON\/EPON\/XPON Stick ONU, SC Connector UPC\/APC, Support MAC\/SN\/LOID Modify,DDM PON Module<\/span><\/h3>\n<p><span class=\"a-text-bold\">[XPON\u00a0<\/span><span class=\"a-text-bold\">SFP\u00a0<\/span><span class=\"a-text-bold\">STICK]<\/span><br \/>\nXPON STICK is an ONU with SFP interface, small and exquisite, plug and play, with good heat dissipation and shielding effects. \u00a0Hot-swappable to work in the SFP slots of switches, cameras and other equipment, so that the whole machine can be directly connected to the GPON or EPON optical network, which can replace the external ONU and improve system integration Spend.<\/p>\n<ol class=\"a-ordered-list a-vertical\">\n<li><span class=\"a-list-item\">Size:31.10*5.51*5.51\u00a0inches<\/span><\/li>\n<li><span class=\"a-list-item\">3.3V power supply\u00a0<\/span><\/li>\n<li><span class=\"a-list-item\">The longest transmission distance is 20KM\u00a0<\/span><\/li>\n<li><span class=\"a-list-item\">Support data encryption\u00a0<\/span><\/li>\n<li><span class=\"a-list-item\">Compatible with SFP MSA\u00a0<\/span><\/li>\n<li><span class=\"a-list-item\">Support VLAN function configuration\u00a0<\/span><\/li>\n<li><span class=\"a-list-item\">Compatible with RoHS\u00a0<\/span><\/li>\n<li><span class=\"a-list-item\">Support fault alarm\u00a0<\/span><\/li>\n<li><span class=\"a-list-item\">Support dynamic bandwidth allocation\u00a0<\/span><\/li>\n<li><span class=\"a-list-item\">Support loop detection\u00a0<\/span><\/li>\n<li><span class=\"a-list-item\">Support WEB managment<\/span><\/li>\n<li><span class=\"a-list-item\">Module belongs to bridge mode<\/span><\/li>\n<\/ol>\n<p><span class=\"a-text-bold\">[2.5G Media Converter]<\/span><\/p>\n<ol class=\"a-ordered-list a-vertical\">\n<li><span class=\"a-list-item\">Transmission Distance:20KM;<\/span><\/li>\n<li><span class=\"a-list-item\">Fiber Type:Single Fiber Single Mode;<\/span><\/li>\n<li><span class=\"a-list-item\">Power supply:Support DC 5V-12V;<\/span><\/li>\n<li><span class=\"a-list-item\">Support the interconversion between 100M \/ 1G\/2.5G Base-T and 2.5G Base-SX \/ LX;<\/span><\/li>\n<li><span class=\"a-list-item\">One full-duplex 2.5Gbps light port, one 100M \/ 1G \/ 2.5G adaptive electric port;<\/span><\/li>\n<li><span class=\"a-list-item\">100M\/1G\/2.5G rate adaptation, MDI \/ MDI-X adaptation, full \/ half-duplex adaptation;<\/span><\/li>\n<li><span class=\"a-list-item\">support\u00a0brand:HUAWEI,ODI,Alcatel, Nokia, Nantian and other brands<\/span><\/li>\n<li><span class=\"a-list-item\">switch\u00a0off=fiber\u00a0use 2.5G,\u00a0eth 100M\/1000M\/2.5G\u00a0auto\u00a0choose<\/span><\/li>\n<li><span class=\"a-list-item\">switch\u00a0on=fiber\u00a0use 1G,eth 1G<\/span><\/li>\n<li><span class=\"a-list-item\">Realtek chip, high quality compatibility and stability<\/span><\/li>\n<li><span class=\"a-list-item\">Support for up to 4KV of port lightning protection;<\/span><\/li>\n<\/ol>\n<p><span class=\"a-text-bold\">[SC\/UPC-SC\/APC Connector]<\/span><\/p>\n<ol class=\"a-ordered-list a-vertical\">\n<li><span class=\"a-list-item\">SC\/UPC Male to SC\/APC Female, Metal Housing, Zirconia Sleeve;<\/span><\/li>\n<li><span class=\"a-list-item\">0 dB attenuation;<\/span><\/li>\n<li><span class=\"a-list-item\">1.32 x 0.5 x 0.36 inches;<\/span><\/li>\n<li><span class=\"a-list-item\">0.352 ounces.\u00a0<\/span><\/li>\n<\/ol>\n","protected":false},"excerpt":{"rendered":"<ul class=\"a-unordered-list a-vertical a-spacing-mini\">\n<li class=\"a-spacing-mini\"><span class=\"a-list-item\">\u3010Modem de fibra \u00f3ptica de 2,5G\u3011Conversor de m\u00eddia SFP XPON STICK+=2,5G XPON ONU Conecte a EPON OLT, \u00e9 uma ONU EPON de 1,25G; Conecte a GPON OLT, ser\u00e1 como uma ONU GPON de 2,5G.<\/span><\/li>\n<li class=\"a-spacing-mini\"><span class=\"a-list-item\">\u3010Dist\u00e2ncia m\u00e1xima de transmiss\u00e3o\u3011A dist\u00e2ncia m\u00e1xima entre a ONU e a OLT \u00e9 de 20 km, e a dist\u00e2ncia entre o cabo de rede e sua rota \u00e9 de 100 metros.<\/span><\/li>\n<li class=\"a-spacing-mini\"><span class=\"a-list-item\">\u3010Compatibilidade de OLT\u3011A ONU \u00e9 compat\u00edvel com as principais marcas de OLT GPON\/EPON do mercado. Em geral, a OLT pode ser registrada automaticamente, dependendo das fun\u00e7\u00f5es da OLT.<\/span><\/li>\n<li class=\"a-spacing-mini\"><span class=\"a-list-item\">\u3010F\u00e1cil de usar\u3011Suporta modifica\u00e7\u00e3o de MAC\/SN\/LOID, voc\u00ea pode copiar o conte\u00fado da ONU antiga para a nova por meio do gerenciamento da Web.<\/span><\/li>\n<li class=\"a-spacing-mini\"><span class=\"a-list-item\">\u3010O que voc\u00ea recebe\u30111*XPON SFP STICK;1*2.5G Media Converter;1*0dB SC\/UPC-SC\/APC Connector<\/span><\/li>\n<\/ul>","protected":false},"featured_media":12529,"comment_status":"open","ping_status":"closed","template":"","meta":[],"product_brand":[],"product_cat":[350],"product_tag":[203,253,304,345],"class_list":{"0":"post-12449","1":"product","2":"type-product","3":"status-publish","4":"has-post-thumbnail","6":"product_cat-2-5g-gpon-epon-onu","7":"product_tag-dfp-34x-2c2","8":"product_tag-ll-xs2510","9":"product_tag-rtl960x","10":"product_tag-xpon-stick","12":"first","13":"instock","14":"sale","15":"shipping-taxable","16":"purchasable","17":"product-type-variable"},"_links":{"self":[{"href":"https:\/\/www.luleey.com\/pt\/wp-json\/wp\/v2\/product\/12449","targetHints":{"allow":["GET"]}}],"collection":[{"href":"https:\/\/www.luleey.com\/pt\/wp-json\/wp\/v2\/product"}],"about":[{"href":"https:\/\/www.luleey.com\/pt\/wp-json\/wp\/v2\/types\/product"}],"replies":[{"embeddable":true,"href":"https:\/\/www.luleey.com\/pt\/wp-json\/wp\/v2\/comments?post=12449"}],"wp:featuredmedia":[{"embeddable":true,"href":"https:\/\/www.luleey.com\/pt\/wp-json\/wp\/v2\/media\/12529"}],"wp:attachment":[{"href":"https:\/\/www.luleey.com\/pt\/wp-json\/wp\/v2\/media?parent=12449"}],"wp:term":[{"taxonomy":"product_brand","embeddable":true,"href":"https:\/\/www.luleey.com\/pt\/wp-json\/wp\/v2\/product_brand?post=12449"},{"taxonomy":"product_cat","embeddable":true,"href":"https:\/\/www.luleey.com\/pt\/wp-json\/wp\/v2\/product_cat?post=12449"},{"taxonomy":"product_tag","embeddable":true,"href":"https:\/\/www.luleey.com\/pt\/wp-json\/wp\/v2\/product_tag?post=12449"}],"curies":[{"name":"wp","href":"https:\/\/api.w.org\/{rel}","templated":true}]}}