{"id":12450,"date":"2024-07-19T00:47:10","date_gmt":"2024-07-18T16:47:10","guid":{"rendered":"https:\/\/www.luleey.com\/?post_type=product&#038;p=12450"},"modified":"2026-01-10T20:30:46","modified_gmt":"2026-01-10T12:30:46","slug":"1000m-mini-smf-sc-bidi-fiber-media-converter","status":"publish","type":"product","link":"https:\/\/www.luleey.com\/pt\/produto\/1000m-mini-smf-sc-bidi-fiber-media-converter\/","title":{"rendered":"Conversor de m\u00eddia de fibra SMF SC BIDI 1000M mini"},"content":{"rendered":"<h4 data-spm-anchor-id=\"a2g0o.detail.1000023.i0.525da32aC35IUk\">Recursos<\/h4>\n<ol>\n<li><span class=\"a-list-item\">Este \u00e9 o conversor de m\u00eddia de fibra SMF BIDI Mini Gigabit - sua solu\u00e7\u00e3o para uma transmiss\u00e3o de dados eficiente e confi\u00e1vel. Este produto \u00e9 fornecido como um par, projetado para aplica\u00e7\u00f5es de transceptor de fibra \u00f3ptica A\/B. Com seu tamanho reduzido de apenas 69x37x22 mm, \u00e9 uma \u00f3tima op\u00e7\u00e3o para economizar espa\u00e7o nas configura\u00e7\u00f5es de rede.<\/span><\/li>\n<li><span class=\"a-list-item\">Esse transceptor mini Gigabit \u00e9 equipado com uma conex\u00e3o de fibra \u00fanica SC 1.25G de 1 porta e um conversor de m\u00eddia RJ45 10\/100\/1000Mbps de 1 porta, o que permite que voc\u00ea se conecte \u00e0 sua rede de forma r\u00e1pida e perfeita. Ele tamb\u00e9m tem um impressionante alcance de transmiss\u00e3o de 20 km, o que o torna ideal para transfer\u00eancias de dados de longa dist\u00e2ncia.<\/span><\/li>\n<li><span class=\"a-list-item\">Dispositivo plug-and-play que n\u00e3o requer instala\u00e7\u00e3o ou configura\u00e7\u00e3o complicada. Basta conectar o dispositivo e voc\u00ea estar\u00e1 pronto para come\u00e7ar!<\/span><\/li>\n<\/ol>\n<div class=\"a-column a-span6\">\n<h3>Especifica\u00e7\u00e3o<\/h3>\n<\/div>\n<div class=\"a-column a-span6 a-span-last\">\n<table width=\"701\">\n<tbody>\n<tr>\n<td width=\"229\">Modelo<\/td>\n<td width=\"472\">LL-BDMC1000<\/td>\n<\/tr>\n<tr>\n<td width=\"229\">Porta Ethernet<\/td>\n<td width=\"472\">RJ45 100\/1000M adaptativo<\/td>\n<\/tr>\n<tr>\n<td width=\"229\">Porta de fibra<\/td>\n<td width=\"472\">SC UPC 1,25 Gb\/s<\/td>\n<\/tr>\n<tr>\n<td>SM\/MM<\/td>\n<td width=\"472\">Modo \u00fanico<\/td>\n<\/tr>\n<tr>\n<td width=\"229\">Comprimento de onda de trabalho<\/td>\n<td width=\"472\">1310nm\/1550nm<\/td>\n<\/tr>\n<tr>\n<td width=\"229\">Temperatura de trabalho:<\/td>\n<td width=\"472\">0\u2103-50\u2103<\/td>\n<\/tr>\n<tr>\n<td width=\"229\">Temperatura de armazenamento<\/td>\n<td width=\"472\">-20\u2103~70\u2103<\/td>\n<\/tr>\n<tr>\n<td width=\"229\">Dist\u00e2ncia de transmiss\u00e3o<\/td>\n<td width=\"472\">20 km<\/td>\n<\/tr>\n<tr>\n<td width=\"229\">Entrada de energia<\/td>\n<td width=\"472\">100-250 VCA\/50-60Hz\/DC5V-12V<\/td>\n<\/tr>\n<tr>\n<td width=\"229\">Tamanho<\/td>\n<td width=\"472\">69x37x22mm<\/td>\n<\/tr>\n<\/tbody>\n<\/table>\n<\/div>","protected":false},"excerpt":{"rendered":"<ol>\n<li><span class=\"a-list-item\">Tamanho pequeno, grandes benef\u00edcios: Esse transceptor mini Gigabit \u00e9 fornecido em um par e re\u00fane v\u00e1rios recursos em seu design compacto de 69*37*22 mm.<\/span><\/li>\n<li><span class=\"a-list-item\">Conversor de m\u00eddia imbat\u00edvel: com 1 porta SC 1,25G de fibra \u00fanica e 1 porta RJ45 10\/100\/1000Mbps, esse transceptor de fibra \u00f3ptica A\/B \u00e9 uma ferramenta essencial para a convers\u00e3o de sinais de m\u00eddia.<\/span><\/li>\n<li><span class=\"a-list-item\">Transmiss\u00e3o de longa dist\u00e2ncia: Se voc\u00ea precisa conectar dispositivos em um armaz\u00e9m ou na cidade, este transceptor tem um alcance de 20 km.<\/span><\/li>\n<li><span class=\"a-list-item\">Constru\u00eddo para durar: Gra\u00e7as ao seu inv\u00f3lucro de alum\u00ednio e \u00e0 prote\u00e7\u00e3o interna contra surtos, este transceptor foi constru\u00eddo para resistir \u00e0s condi\u00e7\u00f5es mais dif\u00edceis.<\/span><\/li>\n<li><span class=\"a-list-item\">Configura\u00e7\u00e3o sem complica\u00e7\u00f5es: Basta conectar esse transceptor e voc\u00ea estar\u00e1 pronto para come\u00e7ar. Projetado para facilitar o uso, \u00e9 a escolha perfeita para quem procura solu\u00e7\u00f5es de conectividade sem complica\u00e7\u00f5es.<\/span><\/li>\n<li><span class=\"a-list-item\">Transceptor Gigabit BIDI: turbine sua rede com nosso transceptor Gigabit! Economize custos de fibra com o suporte da tecnologia BIDI.<\/span><\/li>\n<\/ol>","protected":false},"featured_media":12049,"comment_status":"open","ping_status":"closed","template":"","meta":[],"product_brand":[],"product_cat":[310],"product_tag":[224,250,259],"class_list":{"0":"post-12450","1":"product","2":"type-product","3":"status-publish","4":"has-post-thumbnail","6":"product_cat-copper-to-fiber-media-converters","7":"product_tag-fiber-converter","8":"product_tag-ll-bdmc1000","9":"product_tag-media-converter","11":"first","12":"instock","13":"featured","14":"shipping-taxable","15":"purchasable","16":"product-type-variable","17":"has-default-attributes"},"_links":{"self":[{"href":"https:\/\/www.luleey.com\/pt\/wp-json\/wp\/v2\/product\/12450","targetHints":{"allow":["GET"]}}],"collection":[{"href":"https:\/\/www.luleey.com\/pt\/wp-json\/wp\/v2\/product"}],"about":[{"href":"https:\/\/www.luleey.com\/pt\/wp-json\/wp\/v2\/types\/product"}],"replies":[{"embeddable":true,"href":"https:\/\/www.luleey.com\/pt\/wp-json\/wp\/v2\/comments?post=12450"}],"wp:featuredmedia":[{"embeddable":true,"href":"https:\/\/www.luleey.com\/pt\/wp-json\/wp\/v2\/media\/12049"}],"wp:attachment":[{"href":"https:\/\/www.luleey.com\/pt\/wp-json\/wp\/v2\/media?parent=12450"}],"wp:term":[{"taxonomy":"product_brand","embeddable":true,"href":"https:\/\/www.luleey.com\/pt\/wp-json\/wp\/v2\/product_brand?post=12450"},{"taxonomy":"product_cat","embeddable":true,"href":"https:\/\/www.luleey.com\/pt\/wp-json\/wp\/v2\/product_cat?post=12450"},{"taxonomy":"product_tag","embeddable":true,"href":"https:\/\/www.luleey.com\/pt\/wp-json\/wp\/v2\/product_tag?post=12450"}],"curies":[{"name":"wp","href":"https:\/\/api.w.org\/{rel}","templated":true}]}}