{"id":12451,"date":"2024-07-19T00:47:11","date_gmt":"2024-07-18T16:47:11","guid":{"rendered":"https:\/\/www.luleey.com\/?post_type=product&#038;p=12451"},"modified":"2026-04-27T14:45:01","modified_gmt":"2026-04-27T06:45:01","slug":"10gbase-t-sfp-to-rj45-copper-module-30m-80m-100m","status":"publish","type":"product","link":"https:\/\/www.luleey.com\/pt\/produto\/10gbase-t-sfp-to-rj45-copper-module-30m-80m-100m\/","title":{"rendered":"M\u00f3dulo de cobre 10GBase-T SFP+ para RJ45 30m\/80m\/100m, m\u00f3dulo sfp"},"content":{"rendered":"<p class=\"wp-block-wd-paragraph wd-165fd8c3\">M\u00f3dulo transceptor 10GBASE-T SFP+ (Cobre, RJ-45) O transceptor SFP+ compat\u00edvel com 10G BASE-T SFP+ oferece uma taxa de transfer\u00eancia de 10GBase-T de at\u00e9 30m\/80m\/100m em um cabo de cobre cat6a\/cat7 via conector RJ45.<\/p>\n\n\n\n<p class=\"wp-block-wd-paragraph wd-e13833f0\">Sobre <strong>Marca geral<\/strong>: Compat\u00edvel com Cisco, Ruijie, ZTE, TP-LINK, Hikvision, Netgear, Mikrotik, ASUS, Boda, Tenda, Mercury, netLINK, UBIQUITI, Banana Pi<\/p>\n\n\n\n<p class=\"wp-block-wd-paragraph wd-a39178f3\"><strong>Sobre o Chips<\/strong><\/p>\n\n\n\n<figure class=\"wp-block-table\"><table class=\"has-fixed-layout\"><tbody><tr><td><strong>Marca<\/strong><\/td><td><strong>Batatas fritas<\/strong><\/td><td><strong>Taxa de transfer\u00eancia<\/strong><\/td><td><strong>Dist\u00e2ncia do cabo<\/strong><\/td><td><strong>Consumo de energia<\/strong><\/td><\/tr><tr><td>LuLeey<\/td><td>Marvell 88X3310<\/td><td>SFP+ 10G<\/td><td>30m<\/td><td>2.31 W<\/td><\/tr><tr><td>LuLeey<\/td><td>CHIPS DO TAIWAN<\/td><td>SFP+10G\/5G\/2,5G<\/td><td>30m<\/td><td>2.65 W<\/td><\/tr><tr><td>LuLeey<\/td><td>Broadcom BCM84891L<\/td><td>SFP+ 10G\/5G\/2.5GSFP 1G<\/td><td>80m<\/td><td>1.88 W<\/td><\/tr><tr><td>LuLeey<\/td><td>Broadcom BCM84891L<\/td><td>SFP+ 10G\/5G\/2.5GSFP 1G<\/td><td>100m<\/td><td>1.92 W<\/td><\/tr><tr><td>LuLeey<\/td><td>Marvell CUX3510<\/td><td>SFP+1.25G\/2.5G\/5G\/10G<\/td><td>30m<\/td><td>2.0 W<\/td><\/tr><tr><td>LuLeey<\/td><td>Marvell CUX3510<\/td><td>SFP+1.25G\/2.5G\/5G\/10G<\/td><td>80m<\/td><td>2.4W<\/td><\/tr><tr><td>LuLeey<\/td><td>Marvell CUX3610<\/td><td>SFP+1.25G\/2.5G\/5G\/10G<\/td><td>30m<\/td><td>1.45W<\/td><\/tr><tr><td>LuLeey<\/td><td>Marvell CUX3610<\/td><td>SFP+1.25G\/2.5G\/5G\/10G<\/td><td>80m<\/td><td>1.5W<\/td><\/tr><tr><td>LuLeey<\/td><td>Marvell CUX3610<\/td><td>SFP+1.25G\/2.5G\/5G\/10G<\/td><td>100m<\/td><td>1.65W<\/td><\/tr><tr><td>LuLeey<\/td><td>Marvell AQR113C<\/td><td>SFP+1.25G\/2.5G\/5G\/10G<\/td><td>30m<\/td><td>2.5W<\/td><\/tr><\/tbody><\/table><\/figure>\n\n\n\n<p>Observa\u00e7\u00e3o: Quanto menor o consumo de energia, menor a temperatura de opera\u00e7\u00e3o.<\/p>\n\n\n\n<p class=\"has-vivid-red-color has-text-color has-link-color wp-elements-cba5ab9d64ce61ac989015579dfdb0f5\">O chip CUX3610 estava esgotado, com previs\u00e3o de estar dispon\u00edvel em junho de 2026.<\/p>\n\n\n\n<h3 class=\"wp-block-wd-title title wd-4bb643bf\">Recursos<\/h3>\n\n\n\n<ol class=\"wp-block-list\">\n<li>Plug and Play.<\/li>\n\n\n\n<li>Adequado para altas e baixas temperaturas.<\/li>\n\n\n\n<li>Chip de alta qualidade<\/li>\n\n\n\n<li>Compatibilidade total, padr\u00e3o para Cisco, Fortinet, Ubiquiti, Netgear, D-Link, TP-Link, Linksys, Broadcom, Edge-core, EMC, F5, Meraki, Norkia, QTC, Supermicro e outros switches abertos<\/li>\n\n\n\n<li>M\u00e1ximo. Consumo de energia inferior a 2,5 W<\/li>\n\n\n\n<li>Testado em switches espec\u00edficos para desempenho, qualidade e confiabilidade superiores<\/li>\n\n\n\n<li>Conectores RJ45 terminados, permitindo largura de banda 10G na infraestrutura existente<\/li>\n\n\n\n<li>Compat\u00edvel com Hot Pluggable SFP+ MSA<\/li>\n<\/ol>\n\n\n\n<h3 class=\"wp-block-wd-title title wd-96248f2d\">Especifica\u00e7\u00e3o<\/h3>\n\n\n\n<figure class=\"wp-block-table\"><table class=\"has-fixed-layout\"><tbody><tr><td>Modelo<\/td><td>10GBASE-T<\/td><\/tr><tr><td>Taxa de dados<\/td><td>10G\/5G\/2,5G\/1,25G<\/td><\/tr><tr><td>Embalagem<\/td><td>&nbsp;SFP+<\/td><\/tr><tr><td>Tens\u00e3o de trabalho<\/td><td>3.3V<\/td><\/tr><tr><td>cabo<\/td><td>10 Gigabit Ethernet sobre Cat 6a<\/td><\/tr><tr><td>Temperatura de trabalho<\/td><td>&nbsp; 0 \u00b0C ~+70 \u00b0C<\/td><\/tr><tr><td>Dist\u00e2ncia do cabo<\/td><td>30M\/80M\/100M<\/td><\/tr><tr><td>Suporte a DDM<\/td><td>Sim<\/td><\/tr><tr><td>Tamanho<\/td><td>60x14x14mm<\/td><\/tr><\/tbody><\/table><\/figure>","protected":false},"excerpt":{"rendered":"<ul>\n<li><span class=\"a-list-item\">Conectividade de alta velocidade: Experimente velocidades de Ethernet extremamente r\u00e1pidas com nosso m\u00f3dulo sfp 10GBase-T<\/span><\/li>\n<li><span class=\"a-list-item\">Convers\u00e3o f\u00e1cil: Nosso m\u00f3dulo SFP para RJ45 oferece convers\u00e3o fotoel\u00e9trica perfeita para conex\u00f5es Ethernet sem complica\u00e7\u00f5es.<\/span><\/li>\n<li><span class=\"a-list-item\">Compatibilidade total com a marca: Para trabalhar com as seguintes marcas, escolha Cisco: Accton, Avocent, Broadcom, BlueCoat, Cumulus, Chelsio, Centec, D-LINK, Edgecore, F5, Fortigate, Ixia, Linkysys, Mikrotik, Netgear, Netapp, Sundray, Supermicro, Solarflare, Ubiquiti (UBNT), Wayos, Xilinx, Zyxel<\/span><\/li>\n<li><span class=\"a-list-item\">Design dur\u00e1vel: Constru\u00eddo com uma carca\u00e7a de liga de zinco, nosso m\u00f3dulo oferece excelente dissipa\u00e7\u00e3o de calor e pode se adaptar automaticamente a v\u00e1rias velocidades de Ethernet, incluindo 10G\/5G\/2,5G\/1G, sfp para rj45<\/span><\/li>\n<li><span class=\"a-list-item\">Alcance estendido: Nosso m\u00f3dulo apresenta um alcance de at\u00e9 30 m\/80 m\/100 m, proporcionando conectividade confi\u00e1vel em longas dist\u00e2ncias.<\/span><\/li>\n<li>sfp para rj45, m\u00f3dulo de trabalho de baixa temperatura<\/li>\n<\/ul>","protected":false},"featured_media":12483,"comment_status":"open","ping_status":"closed","template":"","meta":[],"product_brand":[],"product_cat":[320],"product_tag":[97,99,190,1146,1145,837,318,322],"class_list":{"0":"post-12451","1":"product","2":"type-product","3":"status-publish","4":"has-post-thumbnail","6":"product_cat-sfp-t-1g-2-5g-10g","7":"product_tag-10g","8":"product_tag-10gbase-t","9":"product_tag-bcm84891","10":"product_tag-cux3510","11":"product_tag-cux3610","12":"product_tag-sfp-module","13":"product_tag-sfp-to-rj45","14":"product_tag-sfp","16":"first","17":"instock","18":"sale","19":"featured","20":"shipping-taxable","21":"purchasable","22":"product-type-variable","23":"has-default-attributes"},"_links":{"self":[{"href":"https:\/\/www.luleey.com\/pt\/wp-json\/wp\/v2\/product\/12451","targetHints":{"allow":["GET"]}}],"collection":[{"href":"https:\/\/www.luleey.com\/pt\/wp-json\/wp\/v2\/product"}],"about":[{"href":"https:\/\/www.luleey.com\/pt\/wp-json\/wp\/v2\/types\/product"}],"replies":[{"embeddable":true,"href":"https:\/\/www.luleey.com\/pt\/wp-json\/wp\/v2\/comments?post=12451"}],"wp:featuredmedia":[{"embeddable":true,"href":"https:\/\/www.luleey.com\/pt\/wp-json\/wp\/v2\/media\/12483"}],"wp:attachment":[{"href":"https:\/\/www.luleey.com\/pt\/wp-json\/wp\/v2\/media?parent=12451"}],"wp:term":[{"taxonomy":"product_brand","embeddable":true,"href":"https:\/\/www.luleey.com\/pt\/wp-json\/wp\/v2\/product_brand?post=12451"},{"taxonomy":"product_cat","embeddable":true,"href":"https:\/\/www.luleey.com\/pt\/wp-json\/wp\/v2\/product_cat?post=12451"},{"taxonomy":"product_tag","embeddable":true,"href":"https:\/\/www.luleey.com\/pt\/wp-json\/wp\/v2\/product_tag?post=12451"}],"curies":[{"name":"wp","href":"https:\/\/api.w.org\/{rel}","templated":true}]}}