{"id":12452,"date":"2024-07-19T00:47:11","date_gmt":"2024-07-18T16:47:11","guid":{"rendered":"https:\/\/www.luleey.com\/?post_type=product&#038;p=12452"},"modified":"2025-06-28T10:51:53","modified_gmt":"2025-06-28T02:51:53","slug":"gpon-olt-c-optical-module","status":"publish","type":"product","link":"https:\/\/www.luleey.com\/pt\/produto\/gpon-olt-c-optical-module\/","title":{"rendered":"M\u00f3dulo \u00f3ptico GPON OLT C+++"},"content":{"rendered":"<h3>Recursos<\/h3>\n<ol>\n<li class=\"a-spacing-base\">O m\u00f3dulo GPON OLT C+++ apresenta um tipo de encapsulamento SFP, garantindo alta compatibilidade com a maioria dos dispositivos de rede. Com sua alta pot\u00eancia de sa\u00edda, superior a 7 dB+, \u00e9 poss\u00edvel manter um sinal forte e confi\u00e1vel por 20 km, o que o torna ideal para implanta\u00e7\u00f5es de rede maiores. Al\u00e9m disso, o GPON OLT C+++ \u00e9 um m\u00f3dulo SFP Optical PON, que suporta taxas de transmiss\u00e3o de at\u00e9 2,5G\/1,25G, o que o torna perfeito para aplica\u00e7\u00f5es de alta largura de banda.<\/li>\n<li class=\"a-spacing-base\">Para garantir o desempenho e a confiabilidade ideais da sua rede, ele \u00e9 compat\u00edvel com as fun\u00e7\u00f5es de diagn\u00f3stico digital DDM, o que permite monitorar a pot\u00eancia \u00f3ptica e a temperatura. Esse m\u00f3dulo OLT GPON \u00e9 compat\u00edvel com dispositivos de rede populares, como OLT BDCOM, HIOSO, VSOL, THINK, TPLINK e outros. Quer esteja atualizando uma rede existente ou implantando uma nova, a GPON OLT C+++ \u00e9 a solu\u00e7\u00e3o perfeita. Ela fornecer\u00e1 \u00e0 sua rede alto desempenho e estabilidade por muitos anos. Concluindo, se estiver procurando uma GPON OLT C+++ confi\u00e1vel e de alto desempenho para a sua OLT, a confiabilidade e a compatibilidade fazem dela a escolha ideal para a sua rede.<\/li>\n<\/ol>\n<h3>Especifica\u00e7\u00e3o<\/h3>\n<table width=\"790\">\n<tbody>\n<tr>\n<td width=\"229\">Modelo<\/td>\n<td width=\"561\">LL-GOC007\/LL-GOC008<\/td>\n<\/tr>\n<tr>\n<td>Caixa de liga de zinco<\/td>\n<td>forte antiest\u00e1tico, reduz a interfer\u00eancia, r\u00e1pida dissipa\u00e7\u00e3o de calor<\/td>\n<\/tr>\n<tr>\n<td>Marca de OLT compat\u00edvel<\/td>\n<td>BDCOM HUAWEI ZTE FIBERHOME HIOSO VSOL Think TPLINK e muito mais<\/td>\n<\/tr>\n<tr>\n<td>Conector<\/td>\n<td>SC\/PC<\/td>\n<\/tr>\n<tr>\n<td>Diagn\u00f3stico digital<\/td>\n<td>DDM<\/td>\n<\/tr>\n<tr>\n<td>Taxa de transfer\u00eancia<\/td>\n<td>2,5G\/1,25G<\/td>\n<\/tr>\n<tr>\n<td>Dist\u00e2ncia m\u00e1xima de transmiss\u00e3o<\/td>\n<td>20 km<\/td>\n<\/tr>\n<tr>\n<td width=\"229\">Tipo de embalagem<\/td>\n<td width=\"561\">SFP<\/td>\n<\/tr>\n<tr>\n<td width=\"229\">comprimento de onda de envio<\/td>\n<td width=\"561\">1490nm<\/td>\n<\/tr>\n<tr>\n<td width=\"229\">Comprimento de onda de recep\u00e7\u00e3o<\/td>\n<td width=\"561\">1310nm<\/td>\n<\/tr>\n<\/tbody>\n<\/table>","protected":false},"excerpt":{"rendered":"<p><span class=\"a-list-item\">[Plug and Play]Our GPON OLT C+++ is built to last, offering long-term stability that guarantees reliable network connectivity with minimal downtime.<\/span><\/p>\n<p><span class=\"a-list-item\">[High Performance] Our GPON OLT C+++ supports transmission rates of up to 2.5G\/1.25G, delivering a seamless network experience that can handle anything you throw at it.<\/span><\/p>\n<p><span class=\"a-list-item\">[Reliable Diagnostic Tool]Supports DDM digital diagnostic functions, ensuring that you can easily identify any potential issues and troubleshoot them accordingly.<\/span><\/p>\n<p><span class=\"a-list-item\">[Long-Range Connectivity]With a maximum range of up to 20km, you can connect devices and users over long distances without any issues.<\/span><\/p>\n<p><span class=\"a-list-item\">[Reliable Diagnostic Tool]Supports DDM digital diagnostic functions, ensuring that you can easily identify any potential issues and troubleshoot them accordingly.<\/span><\/p>\n","protected":false},"featured_media":12495,"comment_status":"open","ping_status":"closed","template":"","meta":[],"product_brand":[],"product_cat":[317],"product_tag":[96,177,228,229],"class_list":{"0":"post-12452","1":"product","2":"type-product","3":"status-publish","4":"has-post-thumbnail","6":"product_cat-sfp-pon-module","7":"product_tag-10db","8":"product_tag-9db","9":"product_tag-gpon","10":"product_tag-gpon-olt","12":"first","13":"instock","14":"featured","15":"shipping-taxable","16":"purchasable","17":"product-type-variable","18":"has-default-attributes"},"_links":{"self":[{"href":"https:\/\/www.luleey.com\/pt\/wp-json\/wp\/v2\/product\/12452","targetHints":{"allow":["GET"]}}],"collection":[{"href":"https:\/\/www.luleey.com\/pt\/wp-json\/wp\/v2\/product"}],"about":[{"href":"https:\/\/www.luleey.com\/pt\/wp-json\/wp\/v2\/types\/product"}],"replies":[{"embeddable":true,"href":"https:\/\/www.luleey.com\/pt\/wp-json\/wp\/v2\/comments?post=12452"}],"wp:featuredmedia":[{"embeddable":true,"href":"https:\/\/www.luleey.com\/pt\/wp-json\/wp\/v2\/media\/12495"}],"wp:attachment":[{"href":"https:\/\/www.luleey.com\/pt\/wp-json\/wp\/v2\/media?parent=12452"}],"wp:term":[{"taxonomy":"product_brand","embeddable":true,"href":"https:\/\/www.luleey.com\/pt\/wp-json\/wp\/v2\/product_brand?post=12452"},{"taxonomy":"product_cat","embeddable":true,"href":"https:\/\/www.luleey.com\/pt\/wp-json\/wp\/v2\/product_cat?post=12452"},{"taxonomy":"product_tag","embeddable":true,"href":"https:\/\/www.luleey.com\/pt\/wp-json\/wp\/v2\/product_tag?post=12452"}],"curies":[{"name":"wp","href":"https:\/\/api.w.org\/{rel}","templated":true}]}}