{"id":12455,"date":"2024-07-19T00:47:15","date_gmt":"2024-07-18T16:47:15","guid":{"rendered":"https:\/\/www.luleey.com\/?post_type=product&#038;p=12455"},"modified":"2025-02-22T11:46:23","modified_gmt":"2025-02-22T03:46:23","slug":"1000m-sfp-media-converter","status":"publish","type":"product","link":"https:\/\/www.luleey.com\/pt\/produto\/1000m-sfp-media-converter\/","title":{"rendered":"Conversor de m\u00eddia SFP 1000M"},"content":{"rendered":"<p>Esse conversor Gigabit Ethernet 10\/100\/1000M \u00e9 usado na transmiss\u00e3o de rede de backbone e \u00e9 usado principalmente para links de dispositivos Gigabit Ethernet. Ele converte sinais Ethernet \u00f3ptico-el\u00e9tricos entre a interface UTP 10\/100\/1000M (TX) e o soquete SFP 1000M (FX). De acordo com os requisitos dos clientes, esse conversor de m\u00eddia \u00e9 compat\u00edvel com fibras monomodo e multimodo, com uma dist\u00e2ncia de transmiss\u00e3o de at\u00e9 80 km para fibra monomodo e 550 m para fibra multimodo. Ele amplia a dist\u00e2ncia de transmiss\u00e3o por meio de sua rede de convers\u00e3o fotoel\u00e9trica. O conversor de m\u00eddia aproveita a tecnologia de conex\u00e3o inteligente para fornecer negocia\u00e7\u00e3o autom\u00e1tica, eliminando assim a necessidade de configurar ou monitorar manualmente as defini\u00e7\u00f5es.<\/p>\n<h3>Recursos<\/h3>\n<ol>\n<li>Design modular, plug and play<\/li>\n<li>Em conformidade com os padr\u00f5es IEEE 10\/100Base-TX, IEEE 802.3ab 1000Base-T e IEEE 802.3z 1000Base-SX\/LX<\/li>\n<li>A fun\u00e7\u00e3o de negocia\u00e7\u00e3o autom\u00e1tica permite que as portas UTP selecionem automaticamente 10\/100\/1000M e Full Duplex ou Half Duplex<\/li>\n<li>Suporta o cruzamento autom\u00e1tico de portas de par tran\u00e7ado<\/li>\n<li>O LED de alarme acende para indicar falha no link e os LEDs de status facilitam o monitoramento do status do dispositivo.<\/li>\n<\/ol>\n<h3>Especifica\u00e7\u00e3o<\/h3>\n<table width=\"717\">\n<tbody>\n<tr>\n<td>Modelo<\/td>\n<td>LL-SFPMC1000<\/td>\n<\/tr>\n<tr>\n<td>Nome do produto<\/td>\n<td>Conversor de m\u00eddia SFP 1000M<\/td>\n<\/tr>\n<tr>\n<td>Marca<\/td>\n<td>LuLeey<\/td>\n<\/tr>\n<tr>\n<td rowspan=\"6\" width=\"165\">Padr\u00f5es<\/td>\n<td width=\"552\">IEEE802.3 10Base-T<\/td>\n<\/tr>\n<tr>\n<td width=\"552\">IEEE802.3u 100Base-TX\/FX<\/td>\n<\/tr>\n<tr>\n<td width=\"552\">IEEE802.3z 1000Base-SX\/LX<\/td>\n<\/tr>\n<tr>\n<td width=\"552\">IEEE802.3x Controle de fluxo<\/td>\n<\/tr>\n<tr>\n<td width=\"552\">QoS IEEE802.1p<\/td>\n<\/tr>\n<tr>\n<td width=\"552\">\u00c1rvore de alcance IEEE802.1d<\/td>\n<\/tr>\n<tr>\n<td width=\"165\"><\/td>\n<td width=\"552\">Conector: RJ45<\/td>\n<\/tr>\n<tr>\n<td width=\"165\">Porta Ethernet<\/td>\n<td width=\"552\">Taxa de dados: 10\/100\/1000M<\/td>\n<\/tr>\n<tr>\n<td width=\"165\"><\/td>\n<td width=\"552\">Dist\u00e2ncia: 100m<\/td>\n<\/tr>\n<tr>\n<td width=\"165\"><\/td>\n<td width=\"552\">Tipo de UTP: UTP-5E ou n\u00edvel superior<\/td>\n<\/tr>\n<tr>\n<td rowspan=\"4\" width=\"165\">Porta de fibra<\/td>\n<td width=\"552\">Conector: slot SFP<\/td>\n<\/tr>\n<tr>\n<td width=\"552\">Taxa de dados: 1,25 Gbps<\/td>\n<\/tr>\n<tr>\n<td width=\"552\">Comprimento de onda \u00f3ptico: 850nm\/1310nm\/1490nm\/1550nm<\/td>\n<\/tr>\n<tr>\n<td width=\"552\">Dist\u00e2ncia: 550m\uff5e120km<\/td>\n<\/tr>\n<tr>\n<td rowspan=\"6\" width=\"165\">Desempenho<\/td>\n<td width=\"552\">Tipo de processamento: Armazenar e encaminhar<\/td>\n<\/tr>\n<tr>\n<td width=\"552\">Tamanho da tabela MAC: 4K\/6K\/8K<\/td>\n<\/tr>\n<tr>\n<td width=\"552\">Espa\u00e7o em buffer: 500kbs\/1Mbit\/2Mbit<\/td>\n<\/tr>\n<tr>\n<td width=\"552\">Pacote Jumbo: 1518 bytes<\/td>\n<\/tr>\n<tr>\n<td width=\"552\">Largura de banda traseira: 3,8G\/5,6G\/7,2G<\/td>\n<\/tr>\n<tr>\n<td width=\"552\">Atraso de tempo: \uff1c150\u03bcs<\/td>\n<\/tr>\n<tr>\n<td rowspan=\"5\" width=\"165\">Pot\u00eancia<\/td>\n<td width=\"552\">Tipo de alimenta\u00e7\u00e3o: fonte de alimenta\u00e7\u00e3o externa<\/td>\n<\/tr>\n<tr>\n<td width=\"552\">Tens\u00e3o de entrada: AC100V\uff5e240V 50\/60Hz<\/td>\n<\/tr>\n<tr>\n<td width=\"552\">Conector: Tomada DC<\/td>\n<\/tr>\n<tr>\n<td width=\"552\">Tens\u00e3o de trabalho: 5V<\/td>\n<\/tr>\n<tr>\n<td width=\"552\">Consumo de energia: 2,2W\uff5e3,5W<\/td>\n<\/tr>\n<tr>\n<td width=\"165\">MTBF<\/td>\n<td width=\"552\">100.000 horas<\/td>\n<\/tr>\n<tr>\n<td rowspan=\"3\" width=\"165\">Meio ambiente<\/td>\n<td width=\"552\">Temperatura de armazenamento: -40\uff5e70\u2103<\/td>\n<\/tr>\n<tr>\n<td width=\"552\">Temperatura operacional: -10\uff5e55\u2103<\/td>\n<\/tr>\n<tr>\n<td width=\"552\">Umidade relativa: 5-90% (sem condensa\u00e7\u00e3o)<\/td>\n<\/tr>\n<tr>\n<td rowspan=\"2\" width=\"165\">Estruturas mec\u00e2nicas<\/td>\n<td width=\"552\">Dimens\u00e3o: 215\u00d7107\u00d726 mm<\/td>\n<\/tr>\n<tr>\n<td width=\"552\">Peso: 0,15<\/td>\n<\/tr>\n<tr>\n<td width=\"165\">OEM E ODM<\/td>\n<td width=\"552\">Apoio<\/td>\n<\/tr>\n<\/tbody>\n<\/table>","protected":false},"excerpt":{"rendered":"<ul class=\"a-unordered-list a-vertical a-spacing-mini\">\n<li class=\"a-spacing-small\"><span class=\"a-list-item\">Transmiss\u00e3o de dados em alta velocidade para aplica\u00e7\u00f5es de longa dist\u00e2ncia com conversor de m\u00eddia SFP e alcance de 20 km em fibra de modo \u00fanico.<\/span><\/li>\n<li class=\"a-spacing-small\"><span class=\"a-list-item\">Suporte para transfer\u00eancia de dados adapt\u00e1vel \u00e0 taxa de 10\/100\/1000, oferecendo uma solu\u00e7\u00e3o vers\u00e1til para diferentes requisitos de rede. Plug and Play.<\/span><\/li>\n<li class=\"a-spacing-small\"><span class=\"a-list-item\">A porta SC de 1,25 G fornece conectividade confi\u00e1vel \u00e0 sua rede com suporte a fibra para Ethernet RJ45, garantindo uma transmiss\u00e3o de dados r\u00e1pida e eficiente.<\/span><\/li>\n<li class=\"a-spacing-small\"><span class=\"a-list-item\">O design compacto e de tamanho pequeno facilita a instala\u00e7\u00e3o e proporciona uma integra\u00e7\u00e3o perfeita \u00e0s configura\u00e7\u00f5es de rede existentes.<\/span><\/li>\n<li class=\"a-spacing-small\"><span class=\"a-list-item\">Recursos A prote\u00e7\u00e3o de tr\u00eas n\u00edveis contra raios garante que a transmiss\u00e3o permane\u00e7a est\u00e1vel e ininterrupta, protegendo equipamentos de rede sens\u00edveis.<\/span><\/li>\n<\/ul>","protected":false},"featured_media":12052,"comment_status":"open","ping_status":"closed","template":"","meta":[],"product_brand":[],"product_cat":[310],"product_tag":[84,224,301],"class_list":{"0":"post-12455","1":"product","2":"type-product","3":"status-publish","4":"has-post-thumbnail","6":"product_cat-copper-to-fiber-media-converters","7":"product_tag-1-25g","8":"product_tag-fiber-converter","9":"product_tag-rj45","11":"first","12":"instock","13":"shipping-taxable","14":"purchasable","15":"product-type-variable"},"_links":{"self":[{"href":"https:\/\/www.luleey.com\/pt\/wp-json\/wp\/v2\/product\/12455","targetHints":{"allow":["GET"]}}],"collection":[{"href":"https:\/\/www.luleey.com\/pt\/wp-json\/wp\/v2\/product"}],"about":[{"href":"https:\/\/www.luleey.com\/pt\/wp-json\/wp\/v2\/types\/product"}],"replies":[{"embeddable":true,"href":"https:\/\/www.luleey.com\/pt\/wp-json\/wp\/v2\/comments?post=12455"}],"wp:featuredmedia":[{"embeddable":true,"href":"https:\/\/www.luleey.com\/pt\/wp-json\/wp\/v2\/media\/12052"}],"wp:attachment":[{"href":"https:\/\/www.luleey.com\/pt\/wp-json\/wp\/v2\/media?parent=12455"}],"wp:term":[{"taxonomy":"product_brand","embeddable":true,"href":"https:\/\/www.luleey.com\/pt\/wp-json\/wp\/v2\/product_brand?post=12455"},{"taxonomy":"product_cat","embeddable":true,"href":"https:\/\/www.luleey.com\/pt\/wp-json\/wp\/v2\/product_cat?post=12455"},{"taxonomy":"product_tag","embeddable":true,"href":"https:\/\/www.luleey.com\/pt\/wp-json\/wp\/v2\/product_tag?post=12455"}],"curies":[{"name":"wp","href":"https:\/\/api.w.org\/{rel}","templated":true}]}}