{"id":12458,"date":"2024-07-19T00:47:15","date_gmt":"2024-07-18T16:47:15","guid":{"rendered":"https:\/\/www.luleey.com\/?post_type=product&#038;p=12458"},"modified":"2025-06-22T15:28:27","modified_gmt":"2025-06-22T07:28:27","slug":"1000m-base-t-copper-100m-sfp-ge-t-ll-1bt100","status":"publish","type":"product","link":"https:\/\/www.luleey.com\/pt\/produto\/1000m-base-t-copper-100m-sfp-ge-t-ll-1bt100\/","title":{"rendered":"1000M BASE-T COBRE 100m SFP-GE-T LL-1BT100"},"content":{"rendered":"<h3>Recursos<\/h3>\n<ol>\n<li>O m\u00f3dulo SFP-GE-RJ45 sfp \u00e9 compat\u00edvel com uma ampla variedade de dispositivos de rede, como switches de fibra, roteadores, placas de interface de rede (NICs), NAS e conversores de m\u00eddia 1G.<\/li>\n<li>Materiais de alta qualidade, liga de zinco, dissipa\u00e7\u00e3o eficaz de calor. Soquete banhado a ouro refor\u00e7ado para um desempenho de transmiss\u00e3o est\u00e1vel e eficiente.<\/li>\n<li>Recursos de DDM (Monitoramento de diagn\u00f3stico digital) para ajud\u00e1-lo a acompanhar a condi\u00e7\u00e3o e o desempenho do m\u00f3dulo. Ele tamb\u00e9m pode identificar problemas logo no in\u00edcio, para que voc\u00ea possa tomar medidas corretivas antes que surjam problemas graves.<\/li>\n<li>O SFP-GE-T Gigabit Copper SFP Port Module \u00e9 um m\u00f3dulo conversor de SFP para RJ45 de alta qualidade que oferece conectividade confi\u00e1vel e de alta velocidade para seus dispositivos de rede. Com velocidades que variam de 10\/100\/1000 Mbps, esse m\u00f3dulo \u00e9 perfeito para aplicativos exigentes que requerem alta largura de banda. Amplamente compat\u00edvel com marcas de equipamentos de rede, como Cisco, MikroTik, TPLINK, Ubiquiti, Unifi, QNAP, Asus e ZTE.<\/li>\n<\/ol>\n<h3>Especifica\u00e7\u00e3o<\/h3>\n<table width=\"790\">\n<tbody>\n<tr>\n<td width=\"229\">Nome do produto<\/td>\n<td width=\"561\">M\u00f3dulo de porta de cobre gigabit LL-1BT100<\/td>\n<\/tr>\n<tr>\n<td width=\"229\">Tipo de embalagem<\/td>\n<td width=\"561\">SFP<\/td>\n<\/tr>\n<tr>\n<td width=\"229\">Taxa de transmiss\u00e3o<\/td>\n<td width=\"561\">10\/100\/1000 Mbps<\/td>\n<\/tr>\n<tr>\n<td width=\"229\">Dist\u00e2ncia de transmiss\u00e3o<\/td>\n<td width=\"561\">100m<\/td>\n<\/tr>\n<tr>\n<td width=\"229\">Tipo de cabo<\/td>\n<td width=\"561\">Cat 5\/6 UTP<\/td>\n<\/tr>\n<tr>\n<td width=\"229\">Interface<\/td>\n<td width=\"561\">RJ45<\/td>\n<\/tr>\n<tr>\n<td width=\"229\">Diagn\u00f3stico digital<\/td>\n<td width=\"561\">DDM<\/td>\n<\/tr>\n<tr>\n<td width=\"229\">Temperatura de trabalho<\/td>\n<td width=\"561\">-20\u2103-70\u00b0\u2103<\/td>\n<\/tr>\n<tr>\n<td width=\"229\">Tens\u00e3o de trabalho<\/td>\n<td width=\"561\">3.3V<\/td>\n<\/tr>\n<\/tbody>\n<\/table>\n<div class=\"a-column a-span6 a-span-last\"><\/div>","protected":false},"excerpt":{"rendered":"<ul class=\"a-unordered-list a-vertical a-spacing-mini\">\n<li class=\"a-spacing-mini\"><span class=\"a-list-item\">Conectividade de alta velocidade: O m\u00f3dulo de porta SFP de cobre Gigabit SFP SFP-GE-RJ45 converte SFP em RJ45 e oferece suporte \u00e0 velocidade de transfer\u00eancia de dados de 10\/100\/1000 Mbps.<\/span><\/li>\n<li class=\"a-spacing-mini\"><span class=\"a-list-item\">Monitoramento f\u00e1cil: O recurso DDM (Digital Diagnostics Monitoring) permite o monitoramento em tempo real de par\u00e2metros cr\u00edticos, como temperatura, tens\u00e3o e n\u00edveis de pot\u00eancia \u00f3ptica.<\/span><\/li>\n<li class=\"a-spacing-mini\"><span class=\"a-list-item\">Compat\u00edvel com todas as marcas: o m\u00f3dulo sfp \u00e9 compat\u00edvel com todas as marcas, <strong>padr\u00e3o <\/strong>Compat\u00edvel com Cisco, MikroTik, TPLINK, Ubiquiti, UniFi, QNAP, ASUS e ZTE.<\/span><\/li>\n<li class=\"a-spacing-mini\"><span class=\"a-list-item\">Conectividade de longo alcance: Com um alcance de at\u00e9 100 m, o SFP-GE-RJ45 oferece conectividade confi\u00e1vel para dist\u00e2ncias maiores.<\/span><\/li>\n<li class=\"a-spacing-mini\"><span class=\"a-list-item\">F\u00e1cil de instalar: O m\u00f3dulo pode ser instalado de forma r\u00e1pida e f\u00e1cil em dispositivos compat\u00edveis, proporcionando conectividade sem complica\u00e7\u00f5es para empresas e indiv\u00edduos.<\/span><\/li>\n<\/ul>","protected":false},"featured_media":12498,"comment_status":"open","ping_status":"closed","template":"","meta":[],"product_brand":[],"product_cat":[320],"product_tag":[88,249,278,837,318],"class_list":{"0":"post-12458","1":"product","2":"type-product","3":"status-publish","4":"has-post-thumbnail","6":"product_cat-sfp-t-1g-2-5g-10g","7":"product_tag-1000base-t","8":"product_tag-ll-1bt100","9":"product_tag-optical-module","10":"product_tag-sfp-module","11":"product_tag-sfp-to-rj45","13":"first","14":"instock","15":"shipping-taxable","16":"purchasable","17":"product-type-variable","18":"has-default-attributes"},"_links":{"self":[{"href":"https:\/\/www.luleey.com\/pt\/wp-json\/wp\/v2\/product\/12458","targetHints":{"allow":["GET"]}}],"collection":[{"href":"https:\/\/www.luleey.com\/pt\/wp-json\/wp\/v2\/product"}],"about":[{"href":"https:\/\/www.luleey.com\/pt\/wp-json\/wp\/v2\/types\/product"}],"replies":[{"embeddable":true,"href":"https:\/\/www.luleey.com\/pt\/wp-json\/wp\/v2\/comments?post=12458"}],"wp:featuredmedia":[{"embeddable":true,"href":"https:\/\/www.luleey.com\/pt\/wp-json\/wp\/v2\/media\/12498"}],"wp:attachment":[{"href":"https:\/\/www.luleey.com\/pt\/wp-json\/wp\/v2\/media?parent=12458"}],"wp:term":[{"taxonomy":"product_brand","embeddable":true,"href":"https:\/\/www.luleey.com\/pt\/wp-json\/wp\/v2\/product_brand?post=12458"},{"taxonomy":"product_cat","embeddable":true,"href":"https:\/\/www.luleey.com\/pt\/wp-json\/wp\/v2\/product_cat?post=12458"},{"taxonomy":"product_tag","embeddable":true,"href":"https:\/\/www.luleey.com\/pt\/wp-json\/wp\/v2\/product_tag?post=12458"}],"curies":[{"name":"wp","href":"https:\/\/api.w.org\/{rel}","templated":true}]}}