{"id":12459,"date":"2024-07-19T00:47:16","date_gmt":"2024-07-18T16:47:16","guid":{"rendered":"https:\/\/www.luleey.com\/?post_type=product&#038;p=12459"},"modified":"2025-06-22T15:27:26","modified_gmt":"2025-06-22T07:27:26","slug":"2500m-base-t-100m-ll-25bt100","status":"publish","type":"product","link":"https:\/\/www.luleey.com\/pt\/produto\/2500m-base-t-100m-ll-25bt100\/","title":{"rendered":"2500M BASE-T 100m LL-25BT100"},"content":{"rendered":"<div class=\"MachTrans__textWrap__1NtxT MachTrans__textWrapSmall__26E1Q\">\n<div class=\"MachTrans__text__duH8w\">\n<p><span style=\"font-family: arial, helvetica, sans-serif; font-size: 24px;\">Recursos<\/span><\/p>\n<\/div>\n<\/div>\n<ol>\n<li class=\"a-spacing-base\"><span style=\"font-family: arial, helvetica, sans-serif;\">sfp para rj45. O SFP-2.5G-T \u00e9 a solu\u00e7\u00e3o ideal para quem deseja expandir seus recursos de rede. Esse m\u00f3dulo \u00f3ptico de alta velocidade foi projetado para fornecer taxas de transfer\u00eancia de dados de at\u00e9 2500M. Basta conectar e usar para habilitar esse m\u00f3dulo, o que o torna um acr\u00e9scimo descomplicado \u00e0 sua infraestrutura de rede.<\/span><\/li>\n<li class=\"a-spacing-base\"><span style=\"font-family: arial, helvetica, sans-serif;\">O m\u00f3dulo \u00f3ptico de cobre SFP para RJ45 \u00e9 compat\u00edvel com uma variedade de dispositivos, <strong>incluindo roteadores TPLINK Banana-Pi, como TP5480 TP57810 XDR5480 <\/strong>. A tecnologia avan\u00e7ada do m\u00f3dulo permite que ele suporte v\u00e1rias velocidades de transmiss\u00e3o, incluindo 2,5 Gbase-T, 1000base-T e 100base-T na porta de linha.<\/span><\/li>\n<li class=\"a-spacing-base\"><span style=\"font-family: arial, helvetica, sans-serif;\">Uma das principais vantagens do SFP-2.5G-RJ45 \u00e9 que ele tem uma dist\u00e2ncia de transmiss\u00e3o de at\u00e9 100 m. Isso o torna muito mais vers\u00e1til do que outros m\u00f3dulos \u00f3pticos semelhantes.<\/span><\/li>\n<li class=\"a-spacing-base\"><span style=\"font-family: arial, helvetica, sans-serif;\">A compatibilidade do SFP-2.5G-RJ45 com os roteadores Banana-Pi da TPLINK garante que ele seja uma excelente op\u00e7\u00e3o para quem deseja aumentar os recursos de sua rede. Al\u00e9m disso, vale a pena observar que o m\u00f3dulo \u00e9 compat\u00edvel com a maioria dos outros dispositivos que usam a interface SFP. Isso o torna um complemento vers\u00e1til e pr\u00e1tico para qualquer configura\u00e7\u00e3o de rede.<\/span><\/li>\n<li class=\"a-spacing-base\"><span style=\"font-family: arial, helvetica, sans-serif;\">Concluindo, o SFP-2.5G-RJ45 \u00e9 um m\u00f3dulo \u00f3ptico de alta velocidade que \u00e9 f\u00e1cil de instalar e compat\u00edvel com v\u00e1rios dispositivos. Com sua impressionante taxa de 2500M e recursos de transmiss\u00e3o de longo alcance, \u00e9 a escolha perfeita para quem deseja ampliar os recursos de sua rede. Se voc\u00ea deseja aumentar a velocidade e a confiabilidade da sua rede, o SFP-2.5G-RJ45 \u00e9 uma excelente op\u00e7\u00e3o.<\/span><\/li>\n<\/ol>\n<h3><span style=\"font-family: arial, helvetica, sans-serif;\">Especifica\u00e7\u00e3o<\/span><\/h3>\n<table class=\"a-bordered a-horizontal-stripes aplus-tech-spec-table\">\n<tbody>\n<tr>\n<td class=\"a-text-bold\"><span style=\"font-family: arial, helvetica, sans-serif;\">Temperatura operacional<\/span><\/td>\n<td><span style=\"font-family: arial, helvetica, sans-serif;\">0 a 70\u00b0C (32 a 158\u00b0F)<\/span><\/td>\n<\/tr>\n<tr>\n<td class=\"a-text-bold\"><span style=\"font-family: arial, helvetica, sans-serif;\">Dist\u00e2ncia m\u00e1xima do cabo<\/span><\/td>\n<td><span style=\"font-family: arial, helvetica, sans-serif;\">100M<\/span><\/td>\n<\/tr>\n<tr>\n<td class=\"a-text-bold\"><span style=\"font-family: arial, helvetica, sans-serif;\">Taxa m\u00e1xima de dados<\/span><\/td>\n<td><span style=\"font-family: arial, helvetica, sans-serif;\">2,5 Gbps<\/span><\/td>\n<\/tr>\n<tr>\n<td class=\"a-text-bold\"><span style=\"font-family: arial, helvetica, sans-serif;\">Interface<\/span><\/td>\n<td><span style=\"font-family: arial, helvetica, sans-serif;\">SFP RJ45<\/span><\/td>\n<\/tr>\n<tr>\n<td class=\"a-text-bold\"><span style=\"font-family: arial, helvetica, sans-serif;\">Tens\u00e3o da fonte de alimenta\u00e7\u00e3o<\/span><\/td>\n<td><span style=\"font-family: arial, helvetica, sans-serif;\">3.3v<\/span><\/td>\n<\/tr>\n<\/tbody>\n<\/table>","protected":false},"excerpt":{"rendered":"<ul class=\"a-unordered-list a-vertical a-spacing-mini\">\n<li class=\"a-spacing-mini\"><span class=\"a-list-item\">Taxa de 2500M: Desfrute de velocidades de rede extremamente r\u00e1pidas com este m\u00f3dulo \u00f3ptico SFP-2.5G-RJ45 que suporta at\u00e9 2,5 Gbase-T e \u00e9 compat\u00edvel com as redes 1000base-T e 100base-T.<\/span><\/li>\n<li class=\"a-spacing-mini\"><span class=\"a-list-item\">SFP-2.5G-T compat\u00edvel com TPLINK Banana-PI: Este m\u00f3dulo SFP-2.5G-RJ45 foi projetado para funcionar perfeitamente com dispositivos TPLINK e Banana-PI para uma rede conveniente e confi\u00e1vel, sfp para rj45<\/span><\/li>\n<li class=\"a-spacing-mini\"><span class=\"a-list-item\">M\u00f3dulo \u00f3ptico 2500M BASE-T: Esse m\u00f3dulo converte portas SFP em portas RJ45, facilitando a conex\u00e3o de seu dispositivo a uma rede de alta velocidade.<\/span><\/li>\n<li class=\"a-spacing-mini\"><span class=\"a-list-item\">Plug and Play: aproveite a instala\u00e7\u00e3o r\u00e1pida e f\u00e1cil com este m\u00f3dulo SFP-2.5G-RJ45 plug-and-play, que n\u00e3o requer software ou drivers adicionais.<\/span><\/li>\n<li><span class=\"a-list-item\">Compat\u00edvel com todas as marcas: Esse m\u00f3dulo \u00e9 compat\u00edvel com todas as marcas, <strong>padr\u00e3o <\/strong>compat\u00edvel com Cisco, MikroTik, TPLINK, Ubiquiti, UniFi, QNAP, ASUS e ZTE<\/span><\/li>\n<\/ul>","protected":false},"featured_media":12503,"comment_status":"open","ping_status":"closed","template":"","meta":[],"product_brand":[],"product_cat":[320],"product_tag":[134,278,318,319],"class_list":{"0":"post-12459","1":"product","2":"type-product","3":"status-publish","4":"has-post-thumbnail","6":"product_cat-sfp-t-1g-2-5g-10g","7":"product_tag-2500m-base-t","8":"product_tag-optical-module","9":"product_tag-sfp-to-rj45","10":"product_tag-sfp-2-5g-t","12":"first","13":"instock","14":"shipping-taxable","15":"purchasable","16":"product-type-variable","17":"has-default-attributes"},"_links":{"self":[{"href":"https:\/\/www.luleey.com\/pt\/wp-json\/wp\/v2\/product\/12459","targetHints":{"allow":["GET"]}}],"collection":[{"href":"https:\/\/www.luleey.com\/pt\/wp-json\/wp\/v2\/product"}],"about":[{"href":"https:\/\/www.luleey.com\/pt\/wp-json\/wp\/v2\/types\/product"}],"replies":[{"embeddable":true,"href":"https:\/\/www.luleey.com\/pt\/wp-json\/wp\/v2\/comments?post=12459"}],"wp:featuredmedia":[{"embeddable":true,"href":"https:\/\/www.luleey.com\/pt\/wp-json\/wp\/v2\/media\/12503"}],"wp:attachment":[{"href":"https:\/\/www.luleey.com\/pt\/wp-json\/wp\/v2\/media?parent=12459"}],"wp:term":[{"taxonomy":"product_brand","embeddable":true,"href":"https:\/\/www.luleey.com\/pt\/wp-json\/wp\/v2\/product_brand?post=12459"},{"taxonomy":"product_cat","embeddable":true,"href":"https:\/\/www.luleey.com\/pt\/wp-json\/wp\/v2\/product_cat?post=12459"},{"taxonomy":"product_tag","embeddable":true,"href":"https:\/\/www.luleey.com\/pt\/wp-json\/wp\/v2\/product_tag?post=12459"}],"curies":[{"name":"wp","href":"https:\/\/api.w.org\/{rel}","templated":true}]}}