{"id":12462,"date":"2024-07-19T00:47:18","date_gmt":"2024-07-18T16:47:18","guid":{"rendered":"https:\/\/www.luleey.com\/?post_type=product&#038;p=12462"},"modified":"2025-02-22T11:54:48","modified_gmt":"2025-02-22T03:54:48","slug":"mini-4-epon-olt-ll-vl204","status":"publish","type":"product","link":"https:\/\/www.luleey.com\/pt\/produto\/mini-4-epon-olt-ll-vl204\/","title":{"rendered":"OLT EPON de 4 portas, transmiss\u00e3o de 20 km, taxa de divis\u00e3o de 1:64, gerenciamento na Web"},"content":{"rendered":"<h3>MINI 4 EPON OLT 1U de 19 polegadas<\/h3>\n<h3>Recursos<\/h3>\n<ol>\n<li>suporta Full Wier-Speed Forwarding16K tabela de endere\u00e7os MAC.<\/li>\n<li>fun\u00e7\u00f5es completas de gerenciamento de rede<\/li>\n<li>Suporte a DBA flex\u00edvel, controle de velocidade de tr\u00e1fego para cima e para baixo. Suporte a lP ToS, IEEE802.1Q<\/li>\n<li>suportam a agrega\u00e7\u00e3o de portas.<\/li>\n<li>Controle de tr\u00e1fego baseado em portas, modelagem de tr\u00e1fego.<\/li>\n<li>suporta ONu, descoberta autom\u00e1tica e registro autom\u00e1tico. suporta a fun\u00e7\u00e3o de teste de loop-back autom\u00e1tico.<\/li>\n<li>Recursos avan\u00e7ados de VLAN, incluindo empilhamento, tronco e tradu\u00e7\u00e3o de VLAN. Suporte \u00e0 fun\u00e7\u00e3o lGMP<\/li>\n<li>suporte ao gerenciamento da Web, ACL \/Qos<\/li>\n<li>diagn\u00f3stico de link \u00f3ptico: mecanismo de alerta completo<\/li>\n<li>Alta confiabilidade: suporta fonte de alimenta\u00e7\u00e3o dupla (fonte de alimenta\u00e7\u00e3o \u00fanica padr\u00e3o). Dimens\u00e3o: cassete 1U economiza espa\u00e7o, baixo consumo de energia.<\/li>\n<li>Uplink: suporta m\u00f3dulos el\u00e9tricos e \u00f3pticos, pode ser configurado de forma flex\u00edvel de acordo com diferentes redes.<\/li>\n<li data-spm-anchor-id=\"a2g0o.detail.1000023.i0.18401V511V518k\">Capacidade: Cada PON suporta at\u00e9 64 terminais, e o dispositivo inteiro suporta at\u00e9 256 ONUs em configura\u00e7\u00e3o completa.<\/li>\n<\/ol>\n<h3>Especifica\u00e7\u00e3o<\/h3>\n<table class=\"has-title all magic-9\">\n<tbody>\n<tr>\n<td colspan=\"1\" rowspan=\"1\">\n<p class=\"magic-10\">Nome do produto<\/p>\n<\/td>\n<td colspan=\"1\" rowspan=\"1\">\n<p class=\"magic-11\">4 GEPON OLT<\/p>\n<\/td>\n<\/tr>\n<tr>\n<td colspan=\"1\" rowspan=\"1\">\n<p class=\"magic-10\">Porta PON<\/p>\n<\/td>\n<td colspan=\"1\" rowspan=\"1\">\n<p class=\"magic-11\">4 PX20, PX20+, PX20++, PX20+++<\/p>\n<\/td>\n<\/tr>\n<tr>\n<td colspan=\"1\" rowspan=\"1\">\n<p class=\"magic-10\">Porta de uplink de 1000M<\/p>\n<\/td>\n<td colspan=\"1\" rowspan=\"1\">\n<p class=\"magic-11\">4*10\/100\/1000M auto-negotiation<\/p>\n<\/td>\n<\/tr>\n<tr>\n<td colspan=\"1\" rowspan=\"1\">\n<p class=\"magic-10\">Taxa m\u00e1xima de divis\u00e3o<\/p>\n<\/td>\n<td colspan=\"1\" rowspan=\"1\">\n<p class=\"magic-11\">1:64<\/p>\n<\/td>\n<\/tr>\n<tr>\n<td colspan=\"1\" rowspan=\"1\">\n<p class=\"magic-10\">Interface f\u00edsica<\/p>\n<\/td>\n<td colspan=\"1\" rowspan=\"1\">\n<p class=\"magic-11\">Slots SFP<\/p>\n<\/td>\n<\/tr>\n<tr>\n<td colspan=\"1\" rowspan=\"1\">\n<p class=\"magic-10\">Tipo de conector<\/p>\n<\/td>\n<td colspan=\"1\" rowspan=\"1\">\n<p class=\"magic-11\">1000BASE-PX20+<\/p>\n<\/td>\n<\/tr>\n<tr>\n<td colspan=\"1\" rowspan=\"1\">\n<p class=\"magic-10\">Consumo de energia<\/p>\n<\/td>\n<td colspan=\"1\" rowspan=\"1\">\n<p class=\"magic-11\">15W<\/p>\n<\/td>\n<\/tr>\n<tr>\n<td colspan=\"1\" rowspan=\"1\">\n<p class=\"magic-10\">Dist\u00e2ncia de transmiss\u00e3o<\/p>\n<\/td>\n<td colspan=\"1\" rowspan=\"1\">\n<p class=\"magic-11\">20 KM (PX20+), 40 KM (PX20++)<\/p>\n<\/td>\n<\/tr>\n<tr>\n<td colspan=\"1\" rowspan=\"1\">\n<p class=\"magic-10\">Peso<\/p>\n<\/td>\n<td colspan=\"1\" rowspan=\"1\">\n<p class=\"magic-11\">2,0 kg<\/p>\n<\/td>\n<\/tr>\n<tr>\n<td colspan=\"1\" rowspan=\"1\">\n<p class=\"magic-10\">Dimens\u00f5es<\/p>\n<\/td>\n<td colspan=\"1\" rowspan=\"1\">\n<p class=\"magic-11\" data-spm-anchor-id=\"a2700.wholesale.0.i29.6e2a1318PcXKiD\">225 mm*200 mm*43,6 mm<\/p>\n<\/td>\n<\/tr>\n<\/tbody>\n<\/table>\n<p>Temperatura de trabalho0 ~ +50\u00b0C<\/p>\n<p>Temperatura de armazenamento - 40 ~ +85\u00b0C<\/p>\n<p>Umidade relativa5 ~ 90% (sem condicionamento)<\/p>\n<p>Fonte de alimenta\u00e7\u00e3o CA: 90~264V, 47\/63Hz<\/p>\n<p>Consumo de energia \uff1a15W<\/p>\n<p><img loading=\"lazy\" decoding=\"async\" class=\"alignnone size-full wp-image-5108\" src=\"https:\/\/www.luleey.com\/wp-content\/uploads\/2023\/07\/Scad88436d81a43fdad02e7b268ff5eb5L.jpg\" alt=\"EPON OLT\" width=\"703\" height=\"688\" title=\"\"><\/p>","protected":false},"excerpt":{"rendered":"<p><strong>Capacidade preparada para o futuro<\/strong> - EPON OLT Gerencie 256 ONUs com alcance de 40 km para redes de campus\/ISP.<br \/>\n<strong>Automa\u00e7\u00e3o inteligente<\/strong> - Auto-registro de ONUs + monitoramento de tr\u00e1fego em tempo real via web.<\/p>","protected":false},"featured_media":12507,"comment_status":"open","ping_status":"closed","template":"","meta":[],"product_brand":[],"product_cat":[361],"product_tag":[136,144,206],"class_list":{"0":"post-12462","1":"product","2":"type-product","3":"status-publish","4":"has-post-thumbnail","6":"product_cat-epon-olt","7":"product_tag-256-onu","8":"product_tag-4-epon","9":"product_tag-epon-olt","11":"first","12":"instock","13":"shipping-taxable","14":"purchasable","15":"product-type-variable","16":"has-default-attributes"},"_links":{"self":[{"href":"https:\/\/www.luleey.com\/pt\/wp-json\/wp\/v2\/product\/12462","targetHints":{"allow":["GET"]}}],"collection":[{"href":"https:\/\/www.luleey.com\/pt\/wp-json\/wp\/v2\/product"}],"about":[{"href":"https:\/\/www.luleey.com\/pt\/wp-json\/wp\/v2\/types\/product"}],"replies":[{"embeddable":true,"href":"https:\/\/www.luleey.com\/pt\/wp-json\/wp\/v2\/comments?post=12462"}],"wp:featuredmedia":[{"embeddable":true,"href":"https:\/\/www.luleey.com\/pt\/wp-json\/wp\/v2\/media\/12507"}],"wp:attachment":[{"href":"https:\/\/www.luleey.com\/pt\/wp-json\/wp\/v2\/media?parent=12462"}],"wp:term":[{"taxonomy":"product_brand","embeddable":true,"href":"https:\/\/www.luleey.com\/pt\/wp-json\/wp\/v2\/product_brand?post=12462"},{"taxonomy":"product_cat","embeddable":true,"href":"https:\/\/www.luleey.com\/pt\/wp-json\/wp\/v2\/product_cat?post=12462"},{"taxonomy":"product_tag","embeddable":true,"href":"https:\/\/www.luleey.com\/pt\/wp-json\/wp\/v2\/product_tag?post=12462"}],"curies":[{"name":"wp","href":"https:\/\/api.w.org\/{rel}","templated":true}]}}