{"id":12464,"date":"2024-07-19T00:47:19","date_gmt":"2024-07-18T16:47:19","guid":{"rendered":"https:\/\/www.luleey.com\/?post_type=product&#038;p=12464"},"modified":"2025-02-20T21:46:51","modified_gmt":"2025-02-20T13:46:51","slug":"pon-power-meter-tester-optical-power-meter-visual-fault-locator","status":"publish","type":"product","link":"https:\/\/www.luleey.com\/pt\/produto\/pon-power-meter-tester-optical-power-meter-visual-fault-locator\/","title":{"rendered":"Testador de medidor de pot\u00eancia PON + medidor de pot\u00eancia \u00f3ptica + localizador visual de falhas"},"content":{"rendered":"<div>\n<h3>Medidor de pot\u00eancia PON<\/h3>\n<pre>FULL VERSION= BASE VERSION +Optical Power Meter +Visual Fault Locator<\/pre>\n<h4 data-spm-anchor-id=\"a2g0o.detail.1000023.i0.525da32aC35IUk\"><span style=\"font-size: 1.5em; font-weight: bold;\">Recursos<\/span><\/h4>\n<div data-spm-anchor-id=\"a2g0o.detail.1000023.i0.525da32aC35IUk\">1.  Port\u00e1til, f\u00e1cil de operar<br \/>\n2. Pode testar a pot\u00eancia de 3 comprimentos de onda do sistema PON de forma s\u00edncrona: 1310nm, 1490nm, 1550nm<br \/>\n3.  Pode testar o sinal do modo burst de 1310nm<br \/>\n4.  Tela com cores reais<br \/>\n5.  Interface de opera\u00e7\u00e3o amig\u00e1vel, gerenciamento de mensagens humanas e fun\u00e7\u00e3o de opera\u00e7\u00e3o<br \/>\n6.  Fornece 10 grupos de valores de limite para a escolha do operador, analisa e exibe o status de aprova\u00e7\u00e3o e reprova\u00e7\u00e3o<br \/>\n7.  Escolha do valor relativo e fun\u00e7\u00e3o de edi\u00e7\u00e3o<br \/>\n8.  Pode definir o valor do limite, fazer upload de dados e calibrar o comprimento de onda por meio do software de gerenciamento<br \/>\n9.  Desligamento autom\u00e1tico (de acordo com o valor definido)<br \/>\n10. Desligamento autom\u00e1tico da luz de fundo (de acordo com o valor definido)<br \/>\n11. Bateria de l\u00edtio de 6600mAh<br \/>\n12. Projeto de economia de energia (autoverifica\u00e7\u00e3o de baixa tens\u00e3o e desligamento)<br \/>\n13. Exibi\u00e7\u00e3o do rel\u00f3gio em tempo real<br \/>\n14. Medidor de pot\u00eancia \u00f3ptica (fun\u00e7\u00e3o opcional)<br \/>\n15. Localizador visual de falhas (fun\u00e7\u00e3o opcional)<\/div>\n<\/div>\n<div id=\"offer-template-0\">\n<ul>\n<li><span data-spm-anchor-id=\"a261y.7663282.descBanner.i1.5cc87d5d8BQYan\">LCD: 480*800, tela sens\u00edvel ao toque com cores reais\u00a0<\/span><\/li>\n<li><span data-spm-anchor-id=\"a261y.7663282.descBanner.i2.5cc87d5d8BQYan\">Bateria: Bateria de l\u00edtio recarreg\u00e1vel de 3,7 V 6600 mAH\u00a0<\/span><\/li>\n<li><span data-spm-anchor-id=\"a261y.7663282.descBanner.i3.5cc87d5d8BQYan\">Temperatura de trabalho: -10~60\u00b0C<\/span><\/li>\n<li>Temperatura de armazenamento: -25~70\u00b0C<\/li>\n<li>Dimens\u00f5es (mm) : 185*80*50<\/li>\n<\/ul>\n<\/div>\n<h3>Especifica\u00e7\u00e3o<\/h3>\n<div id=\"offer-template-0\">\n<div>\n<table width=\"687\">\n<tbody>\n<tr>\n<td width=\"229\">Modelo<\/td>\n<td colspan=\"3\" width=\"458\">LL-TM70B<\/td>\n<\/tr>\n<tr>\n<td width=\"229\">Comprimentos de onda padr\u00e3o<\/td>\n<td width=\"126\">1310(upstream)<\/td>\n<td width=\"164\">1490(downstream)<\/td>\n<td width=\"168\">1550(downstream)<\/td>\n<\/tr>\n<tr>\n<td width=\"229\">Zona de passagem (nm)<\/td>\n<td width=\"126\">1260~1360<\/td>\n<td width=\"164\">1470~1505<\/td>\n<td width=\"168\">1535~1570<\/td>\n<\/tr>\n<tr>\n<td width=\"229\">Faixa (dBm)<\/td>\n<td width=\"126\">-50~+10<\/td>\n<td width=\"164\">-50~+10<\/td>\n<td width=\"168\">-45~+23<\/td>\n<\/tr>\n<tr>\n<td width=\"229\">Isolamento@1310nm(dB)<\/td>\n<td width=\"126\"><\/td>\n<td width=\"164\">&gt;40<\/td>\n<td width=\"168\">&gt;40<\/td>\n<\/tr>\n<tr>\n<td width=\"229\">Isolamento@1490nm(dB)<\/td>\n<td width=\"126\">&gt;40<\/td>\n<td width=\"164\"><\/td>\n<td width=\"168\">&gt;40<\/td>\n<\/tr>\n<tr>\n<td width=\"229\">Isolamento@1550nm(dB)<\/td>\n<td width=\"126\">&gt;40<\/td>\n<td width=\"164\">&gt;40<\/td>\n<td width=\"168\"><\/td>\n<\/tr>\n<tr>\n<td width=\"229\">Precis\u00e3o (dB)<\/td>\n<td colspan=\"3\" width=\"458\">\u00b10.5<\/td>\n<\/tr>\n<tr>\n<td width=\"229\">Perda dependente da polariza\u00e7\u00e3o (dB)<\/td>\n<td colspan=\"3\" width=\"458\">&lt;\u00b10.25<\/td>\n<\/tr>\n<tr>\n<td width=\"229\">Linearidade (dB)<\/td>\n<td colspan=\"3\" width=\"458\">\u00b10.1<\/td>\n<\/tr>\n<tr>\n<td width=\"229\">Perda de inser\u00e7\u00e3o (dB)<\/td>\n<td colspan=\"3\" width=\"458\">&lt;1.5<\/td>\n<\/tr>\n<tr>\n<td width=\"229\">Resolu\u00e7\u00e3o<\/td>\n<td colspan=\"3\" width=\"458\">0,01dB<\/td>\n<\/tr>\n<tr>\n<td width=\"229\">Unidade<\/td>\n<td colspan=\"3\" width=\"458\">dBm\/xW<\/td>\n<\/tr>\n<\/tbody>\n<\/table>\n<\/div>\n<\/div>","protected":false},"excerpt":{"rendered":"<p>O medidor de pot\u00eancia PON (instrumento de teste PON) foi especialmente projetado para a constru\u00e7\u00e3o e manuten\u00e7\u00e3o de redes PON que podem ser conectadas entre OLT e ONT. O sinal de voz, dados e v\u00eddeo (1310\/1490\/1550) on-line pode ser medido de forma s\u00edncrona e o valor da pot\u00eancia \u00f3ptica (1310\/1490\/1550) pode ser exibido com esse medidor. \u00c9 uma ferramenta de teste de local \u00fatil para os engenheiros de rede PON e operadores de manuten\u00e7\u00e3o.<\/p>","protected":false},"featured_media":12521,"comment_status":"open","ping_status":"closed","template":"","meta":[],"product_brand":[],"product_cat":[363],"product_tag":[281,306],"class_list":{"0":"post-12464","1":"product","2":"type-product","3":"status-publish","4":"has-post-thumbnail","6":"product_cat-optical-power-meter-and-visual-fault-locator","7":"product_tag-optical-power-meter","8":"product_tag-sc-apc","10":"first","11":"instock","12":"sale","13":"shipping-taxable","14":"purchasable","15":"product-type-variable"},"_links":{"self":[{"href":"https:\/\/www.luleey.com\/pt\/wp-json\/wp\/v2\/product\/12464","targetHints":{"allow":["GET"]}}],"collection":[{"href":"https:\/\/www.luleey.com\/pt\/wp-json\/wp\/v2\/product"}],"about":[{"href":"https:\/\/www.luleey.com\/pt\/wp-json\/wp\/v2\/types\/product"}],"replies":[{"embeddable":true,"href":"https:\/\/www.luleey.com\/pt\/wp-json\/wp\/v2\/comments?post=12464"}],"wp:featuredmedia":[{"embeddable":true,"href":"https:\/\/www.luleey.com\/pt\/wp-json\/wp\/v2\/media\/12521"}],"wp:attachment":[{"href":"https:\/\/www.luleey.com\/pt\/wp-json\/wp\/v2\/media?parent=12464"}],"wp:term":[{"taxonomy":"product_brand","embeddable":true,"href":"https:\/\/www.luleey.com\/pt\/wp-json\/wp\/v2\/product_brand?post=12464"},{"taxonomy":"product_cat","embeddable":true,"href":"https:\/\/www.luleey.com\/pt\/wp-json\/wp\/v2\/product_cat?post=12464"},{"taxonomy":"product_tag","embeddable":true,"href":"https:\/\/www.luleey.com\/pt\/wp-json\/wp\/v2\/product_tag?post=12464"}],"curies":[{"name":"wp","href":"https:\/\/api.w.org\/{rel}","templated":true}]}}