{"id":12469,"date":"2024-07-19T00:47:20","date_gmt":"2024-07-18T16:47:20","guid":{"rendered":"https:\/\/www.luleey.com\/?post_type=product&#038;p=12469"},"modified":"2025-06-28T10:51:41","modified_gmt":"2025-06-28T02:51:41","slug":"epon-olt-px20","status":"publish","type":"product","link":"https:\/\/www.luleey.com\/pt\/produto\/epon-olt-px20\/","title":{"rendered":"M\u00f3dulo EPON OLT SFP, classe EPON OLT PX20+++, fibra de 1,25 Gbps, compat\u00edvel com Huawei\/ZTE\/VSOL\/HIOSO"},"content":{"rendered":"<h3>Recursos<\/h3>\n<ol>\n<li>O DDM (monitoramento de diagn\u00f3stico digital) segue o protocolo de v\u00e1rias fontes SFF-8472 (formulado pelo Comit\u00ea SFF, uma organiza\u00e7\u00e3o do setor) e \u00e9 um meio de monitoramento de par\u00e2metros em tempo real para o m\u00f3dulo \u00f3ptico. Ele permite que os usu\u00e1rios monitorem os par\u00e2metros do m\u00f3dulo \u00f3ptico em tempo real, inclusive a pot\u00eancia \u00f3ptica recebida, a pot\u00eancia \u00f3ptica transmitida, a temperatura operacional, a tens\u00e3o da fonte de alimenta\u00e7\u00e3o e a corrente de polariza\u00e7\u00e3o do laser.<\/li>\n<li>EPON OLT px20+++ compatibilidade com marcas de alta qualidade. Esse GBIC EPON \u00e9 compat\u00edvel com as principais marcas, como BDCOM, TPLINK, Ubiquiti, hioso, vsol e THINK, proporcionando um trabalho est\u00e1vel e eficaz. .<\/li>\n<li>Com mais de 7\/9dBm de pot\u00eancia, ele oferece alcance e desempenho excepcionais com uma dist\u00e2ncia m\u00e1xima de transmiss\u00e3o de 20 km. Ele suporta um m\u00f3dulo PON de fibra \u00f3ptica de 1,25 Gbps e uma porta SC, o que o torna ideal para fins de CATV ou FTTH. Al\u00e9m disso, \u00e9 perfeito para a cria\u00e7\u00e3o de redes de pequena escala em v\u00e1rios ambientes, incluindo campi, propriedades de aluguel ou pr\u00e9dios de apartamentos.<\/li>\n<\/ol>\n<h3>Especifica\u00e7\u00e3o<\/h3>\n<div class=\"a-column a-span6 a-span-last\">\n<table width=\"790\">\n<tbody>\n<tr>\n<td width=\"229\">Modelo<\/td>\n<td width=\"561\">LL-px203<\/td>\n<\/tr>\n<tr>\n<td>Nome do produto<\/td>\n<td>M\u00f3dulo SFP EPON OLT, classe EPON OLT PX20+++<\/td>\n<\/tr>\n<tr>\n<td>Marca<\/td>\n<td>LuLeey<\/td>\n<\/tr>\n<tr>\n<td width=\"229\">Tipo de embalagem<\/td>\n<td width=\"561\">SFP<\/td>\n<\/tr>\n<tr>\n<td width=\"229\">Taxa de transmiss\u00e3o<\/td>\n<td width=\"561\">1,25G\/1,25G<\/td>\n<\/tr>\n<tr>\n<td width=\"229\">Dist\u00e2ncia m\u00e1xima de transmiss\u00e3o<\/td>\n<td width=\"561\">20 KM<\/td>\n<\/tr>\n<tr>\n<td width=\"229\">comprimento de onda de envio<\/td>\n<td width=\"561\">1490nm<\/td>\n<\/tr>\n<tr>\n<td width=\"229\">Comprimento de onda de recep\u00e7\u00e3o<\/td>\n<td width=\"561\">1310nm<\/td>\n<\/tr>\n<tr>\n<td width=\"229\">Diagn\u00f3stico digital<\/td>\n<td width=\"561\">DDM<\/td>\n<\/tr>\n<tr>\n<td width=\"229\">Falta de energia<\/td>\n<td width=\"561\">7\/9dBm+<\/td>\n<\/tr>\n<\/tbody>\n<\/table>\n<\/div>","protected":false},"excerpt":{"rendered":"<ul class=\"a-unordered-list a-vertical a-spacing-mini\">\n<li class=\"a-spacing-mini\"><span class=\"a-list-item\">- Alta velocidade: este m\u00f3dulo EPON OLT px20+++ suporta taxas de transfer\u00eancia de fibra \u00f3ptica de at\u00e9 1,25 Gbps, proporcionando velocidades extremamente r\u00e1pidas para uma transmiss\u00e3o de dados sem problemas.<\/span><\/li>\n<li class=\"a-spacing-mini\"><span class=\"a-list-item\">- Alcance estendido: Com uma dist\u00e2ncia m\u00e1xima de transmiss\u00e3o de 20 km, voc\u00ea pode ampliar facilmente a cobertura da sua rede sem comprometer o desempenho.<\/span><\/li>\n<li class=\"a-spacing-mini\"><span class=\"a-list-item\">- Melhor sinal: Gra\u00e7as ao seu design avan\u00e7ado, este m\u00f3dulo oferece mais de 7\/9db de pot\u00eancia de sinal, garantindo conex\u00f5es mais fortes e confi\u00e1veis.<\/span><\/li>\n<li class=\"a-spacing-mini\"><span class=\"a-list-item\">- Compatibilidade de marcas:  Compat\u00edvel com uma ampla variedade de marcas de EPON OLT, incluindo BDCOM, TPLINK, Ubiquiti e outras, esse m\u00f3dulo oferece integra\u00e7\u00e3o flex\u00edvel com sua infraestrutura de rede existente.<\/span><\/li>\n<li class=\"a-spacing-mini\"><span class=\"a-list-item\">- F\u00e1cil de usar: Com uma conveniente interface de porta SC e funcionalidade plug-and-play, esse m\u00f3dulo \u00e9 f\u00e1cil de configurar e usar com dispositivos EPON OLT, reduzindo o tempo de instala\u00e7\u00e3o e o inc\u00f4modo.<\/span><\/li>\n<\/ul>","protected":false},"featured_media":12526,"comment_status":"open","ping_status":"closed","template":"","meta":[],"product_brand":[],"product_cat":[317],"product_tag":[177,998,205,206,996,294,997],"class_list":{"0":"post-12469","1":"product","2":"type-product","3":"status-publish","4":"has-post-thumbnail","6":"product_cat-sfp-pon-module","7":"product_tag-9db","8":"product_tag-carrier-grade-epon-module","9":"product_tag-epon","10":"product_tag-epon-olt","11":"product_tag-epon-olt-sfp-module","12":"product_tag-px20","13":"product_tag-px20-compatible-olt","15":"first","16":"instock","17":"featured","18":"shipping-taxable","19":"purchasable","20":"product-type-variable"},"_links":{"self":[{"href":"https:\/\/www.luleey.com\/pt\/wp-json\/wp\/v2\/product\/12469","targetHints":{"allow":["GET"]}}],"collection":[{"href":"https:\/\/www.luleey.com\/pt\/wp-json\/wp\/v2\/product"}],"about":[{"href":"https:\/\/www.luleey.com\/pt\/wp-json\/wp\/v2\/types\/product"}],"replies":[{"embeddable":true,"href":"https:\/\/www.luleey.com\/pt\/wp-json\/wp\/v2\/comments?post=12469"}],"wp:featuredmedia":[{"embeddable":true,"href":"https:\/\/www.luleey.com\/pt\/wp-json\/wp\/v2\/media\/12526"}],"wp:attachment":[{"href":"https:\/\/www.luleey.com\/pt\/wp-json\/wp\/v2\/media?parent=12469"}],"wp:term":[{"taxonomy":"product_brand","embeddable":true,"href":"https:\/\/www.luleey.com\/pt\/wp-json\/wp\/v2\/product_brand?post=12469"},{"taxonomy":"product_cat","embeddable":true,"href":"https:\/\/www.luleey.com\/pt\/wp-json\/wp\/v2\/product_cat?post=12469"},{"taxonomy":"product_tag","embeddable":true,"href":"https:\/\/www.luleey.com\/pt\/wp-json\/wp\/v2\/product_tag?post=12469"}],"curies":[{"name":"wp","href":"https:\/\/api.w.org\/{rel}","templated":true}]}}