{"id":12474,"date":"2024-07-19T00:51:54","date_gmt":"2024-07-18T16:51:54","guid":{"rendered":"https:\/\/www.luleey.com\/?post_type=product&#038;p=12474"},"modified":"2025-07-20T20:31:35","modified_gmt":"2025-07-20T12:31:35","slug":"10g-sfp-aoc-active-optical-cables","status":"publish","type":"product","link":"https:\/\/www.luleey.com\/pt\/produto\/10g-sfp-aoc-active-optical-cables\/","title":{"rendered":"Cabos \u00f3pticos ativos 10G SFP+ AOC, cabo SFP"},"content":{"rendered":"<h3>Recursos<\/h3>\n<ol>\n<li>O 10G AOC SFP+ tem as vantagens de baixo consumo de energia, pequeno raio de curvatura, nenhuma perda de inser\u00e7\u00e3o de fibra e design de estrutura livre de poeira.<\/li>\n<li>Cabo SFP, \u00e9 compat\u00edvel com switches (Huawei, H3C, Cisco, etc.) e placas de rede (Inte1, Me11anox) de todas as principais marcas. Em compara\u00e7\u00e3o com o m\u00f3dulo \u00f3ptico tradicional<\/li>\n<li>ele pode reduzir significativamente os custos de constru\u00e7\u00e3o e manuten\u00e7\u00e3o de v\u00e1rios data centers.<\/li>\n<\/ol>\n<h3>Especifica\u00e7\u00e3o<\/h3>\n<table width=\"790\">\n<tbody>\n<tr>\n<td width=\"229\">Modelo<\/td>\n<td width=\"561\">LL-10GAOC<\/td>\n<\/tr>\n<tr>\n<td>Taxa de transmiss\u00e3o<\/td>\n<td>10.312 Gb\/s<\/td>\n<\/tr>\n<tr>\n<td>Fonte de alimenta\u00e7\u00e3o<\/td>\n<td>3,3V \u00fanico<\/td>\n<\/tr>\n<tr>\n<td>Comprimento do cabo<\/td>\n<td>pode atingir at\u00e9 100 m<\/td>\n<\/tr>\n<tr>\n<td>DDM<\/td>\n<td>Suporte<\/td>\n<\/tr>\n<tr>\n<td>Padr\u00f5es<\/td>\n<td>Conhe\u00e7a o SFP+MSA e o SFF-8472<\/td>\n<\/tr>\n<tr>\n<td>Padr\u00f5es RoHS-6<\/td>\n<td>Suporte<\/td>\n<\/tr>\n<tr>\n<td>Temperatura de trabalho<\/td>\n<td>\u00a00 \u00b0 C~+70 \u00b0 C<\/td>\n<\/tr>\n<tr>\n<td>comprimento de onda de trabalho<\/td>\n<td>850nm<\/td>\n<\/tr>\n<\/tbody>\n<\/table>","protected":false},"excerpt":{"rendered":"<p class=\"serp-title\"><mark>10G SFP+ AOC <\/mark>O cabo SFP \u00f3ptico ativo \u00e9 usado principalmente para aplica\u00e7\u00f5es de Ethernet de 10 Gb, Fibre Channel de 4G e 8 G, HPCC, servidores, switches, armazenamento e adaptadores de placa de host. Os cabos \u00f3pticos ativos 10G SFP+AOC n\u00e3o s\u00e3o apenas amplamente utilizados em aplicativos corporativos, mas tamb\u00e9m na interconex\u00e3o entre set-top boxes e televisores.<\/p>","protected":false},"featured_media":12530,"comment_status":"open","ping_status":"closed","template":"","meta":[],"product_brand":[],"product_cat":[351],"product_tag":[97,178,181,838,322],"class_list":{"0":"post-12474","1":"product","2":"type-product","3":"status-publish","4":"has-post-thumbnail","6":"product_cat-aoc-cable-10g-25g-40g-100g","7":"product_tag-10g","8":"product_tag-active-optical-cable","9":"product_tag-aoc","10":"product_tag-sfp-cable","11":"product_tag-sfp","13":"first","14":"instock","15":"sale","16":"shipping-taxable","17":"purchasable","18":"product-type-variable"},"_links":{"self":[{"href":"https:\/\/www.luleey.com\/pt\/wp-json\/wp\/v2\/product\/12474","targetHints":{"allow":["GET"]}}],"collection":[{"href":"https:\/\/www.luleey.com\/pt\/wp-json\/wp\/v2\/product"}],"about":[{"href":"https:\/\/www.luleey.com\/pt\/wp-json\/wp\/v2\/types\/product"}],"replies":[{"embeddable":true,"href":"https:\/\/www.luleey.com\/pt\/wp-json\/wp\/v2\/comments?post=12474"}],"wp:featuredmedia":[{"embeddable":true,"href":"https:\/\/www.luleey.com\/pt\/wp-json\/wp\/v2\/media\/12530"}],"wp:attachment":[{"href":"https:\/\/www.luleey.com\/pt\/wp-json\/wp\/v2\/media?parent=12474"}],"wp:term":[{"taxonomy":"product_brand","embeddable":true,"href":"https:\/\/www.luleey.com\/pt\/wp-json\/wp\/v2\/product_brand?post=12474"},{"taxonomy":"product_cat","embeddable":true,"href":"https:\/\/www.luleey.com\/pt\/wp-json\/wp\/v2\/product_cat?post=12474"},{"taxonomy":"product_tag","embeddable":true,"href":"https:\/\/www.luleey.com\/pt\/wp-json\/wp\/v2\/product_tag?post=12474"}],"curies":[{"name":"wp","href":"https:\/\/api.w.org\/{rel}","templated":true}]}}