{"id":12478,"date":"2024-07-19T00:51:55","date_gmt":"2024-07-18T16:51:55","guid":{"rendered":"https:\/\/www.luleey.com\/?post_type=product&#038;p=12478"},"modified":"2025-01-03T10:03:00","modified_gmt":"2025-01-03T02:03:00","slug":"10g-sfp-dac-direct-attach-cable-passive-copper-cable","status":"publish","type":"product","link":"https:\/\/www.luleey.com\/pt\/produto\/10g-sfp-dac-direct-attach-cable-passive-copper-cable\/","title":{"rendered":"Cabo de conex\u00e3o direta 10G SFP+ DAC cabo de cobre passivo"},"content":{"rendered":"<h3>Recursos<\/h3>\n<ol>\n<li>O 10G SFP+ DAC \u00e9 um cabo de cobre com conectores SFP+ em ambas as extremidades, que suporta uma velocidade m\u00e1xima de 10 Gb\/s e \u00e9 compat\u00edvel com 1 Gb\/s. Diferentemente do m\u00f3dulo \u00f3ptico e do cabo \u00f3ptico ativo AOC, o cabo DAC sfp transmite diretamente sinais el\u00e9tricos por meio de fios de cobre, enquanto o m\u00f3dulo \u00f3ptico e o cabo \u00f3ptico ativo AOC convertem sinais el\u00e9tricos em sinais \u00f3pticos para transmiss\u00e3o.<\/li>\n<li class=\"MachTrans__textWrap__1NtxT MachTrans__textWrapSmall__26E1Q\">\n<div class=\"MachTrans__text__duH8w\">\n<p><span class=\"MachTrans__hl__6hdYK\">O DAC 10G sfp suporta um comprimento de cabo de cobre passivo de 7 m. Devido ao acionamento puramente el\u00e9trico do DAC, a dist\u00e2ncia de transmiss\u00e3o geralmente n\u00e3o \u00e9 grande, a menos que seja um cabo ativo. Depois de adicionar um amplificador, a dist\u00e2ncia de transmiss\u00e3o aumentar\u00e1.<\/span><\/p>\n<\/div>\n<\/li>\n<\/ol>\n<h3>Especifica\u00e7\u00e3o<\/h3>\n<table width=\"790\">\n<tbody>\n<tr>\n<td width=\"229\">Modelo<\/td>\n<td width=\"561\">\u00a0LL-10GDAC<\/td>\n<\/tr>\n<tr>\n<td>Taxa de transmiss\u00e3o<\/td>\n<td>\u00a010G<\/td>\n<\/tr>\n<tr>\n<td>Dist\u00e2ncia do cabo<\/td>\n<td>\u00a00.5-7m<\/td>\n<\/tr>\n<tr>\n<td>Material do cabo<\/td>\n<td>\u00a0PVC<\/td>\n<\/tr>\n<tr>\n<td>Forma de embalagem<\/td>\n<td>\u00a0SFP+ para SFP+<\/td>\n<\/tr>\n<tr>\n<td>Temperatura de trabalho<\/td>\n<td>\u00a00-70 \u2103<\/td>\n<\/tr>\n<tr>\n<td>Tipo de cabo<\/td>\n<td>\u00a030AWG\/24AWG<\/td>\n<\/tr>\n<tr>\n<td>Fonte de alimenta\u00e7\u00e3o<\/td>\n<td>\u00a00.5W<\/td>\n<\/tr>\n<\/tbody>\n<\/table>","protected":false},"excerpt":{"rendered":"<p class=\"serp-title\"><mark>Cabo DAC 10G SFP+ <\/mark><span class=\"\">O cabo de alta velocidade \u00e9 um cabo sfp comumente usado para o cabeamento a\u00e9reo do data center, usado para conectar pequenos switches de acesso e servidores.<\/span><span class=\"\"> O cabo de alta velocidade 10G sfp dac \u00e9 uma solu\u00e7\u00e3o de baixo custo para substituir o m\u00f3dulo \u00f3ptico e o cabo \u00f3ptico ativo AOC. Ele tem as vantagens do baixo consumo de energia e do baixo custo. \u00c9 usado para realizar interconex\u00f5es de alta velocidade em dist\u00e2ncias curtas e \u00e9 a escolha ideal para a conex\u00e3o de servidores e switches.<\/span><\/p>","protected":false},"featured_media":12534,"comment_status":"open","ping_status":"closed","template":"","meta":[],"product_brand":[],"product_cat":[355],"product_tag":[97,201,204,838,322],"class_list":{"0":"post-12478","1":"product","2":"type-product","3":"status-publish","4":"has-post-thumbnail","6":"product_cat-dac-cable-10g-25g-40g-100g","7":"product_tag-10g","8":"product_tag-dac","9":"product_tag-direct-attach-cable","10":"product_tag-sfp-cable","11":"product_tag-sfp","13":"first","14":"instock","15":"sale","16":"shipping-taxable","17":"purchasable","18":"product-type-variable"},"_links":{"self":[{"href":"https:\/\/www.luleey.com\/pt\/wp-json\/wp\/v2\/product\/12478","targetHints":{"allow":["GET"]}}],"collection":[{"href":"https:\/\/www.luleey.com\/pt\/wp-json\/wp\/v2\/product"}],"about":[{"href":"https:\/\/www.luleey.com\/pt\/wp-json\/wp\/v2\/types\/product"}],"replies":[{"embeddable":true,"href":"https:\/\/www.luleey.com\/pt\/wp-json\/wp\/v2\/comments?post=12478"}],"wp:featuredmedia":[{"embeddable":true,"href":"https:\/\/www.luleey.com\/pt\/wp-json\/wp\/v2\/media\/12534"}],"wp:attachment":[{"href":"https:\/\/www.luleey.com\/pt\/wp-json\/wp\/v2\/media?parent=12478"}],"wp:term":[{"taxonomy":"product_brand","embeddable":true,"href":"https:\/\/www.luleey.com\/pt\/wp-json\/wp\/v2\/product_brand?post=12478"},{"taxonomy":"product_cat","embeddable":true,"href":"https:\/\/www.luleey.com\/pt\/wp-json\/wp\/v2\/product_cat?post=12478"},{"taxonomy":"product_tag","embeddable":true,"href":"https:\/\/www.luleey.com\/pt\/wp-json\/wp\/v2\/product_tag?post=12478"}],"curies":[{"name":"wp","href":"https:\/\/api.w.org\/{rel}","templated":true}]}}