{"id":12494,"date":"2024-07-19T00:52:16","date_gmt":"2024-07-18T16:52:16","guid":{"rendered":"https:\/\/www.luleey.com\/?post_type=product&#038;p=12494"},"modified":"2025-04-09T09:11:02","modified_gmt":"2025-04-09T01:11:02","slug":"5pcs-box-fiber-cleaner-pen-2-5-1-25mm","status":"publish","type":"product","link":"https:\/\/www.luleey.com\/pt\/produto\/5pcs-box-fiber-cleaner-pen-2-5-1-25mm\/","title":{"rendered":"Caneta de limpeza de fibra 2,5\/1,25 mm SC\/ST\/FC\/LC"},"content":{"rendered":"<h4 data-spm-anchor-id=\"a2g0o.detail.1000023.i0.525da32aC35IUk\">Recursos<\/h4>\n<ul>\n<li>Um clique, uso simples.<\/li>\n<li>Limpe mais de 800 vezes.<\/li>\n<li>Limpeza girat\u00f3ria de 180 graus, limpeza com uma tecla.<\/li>\n<li>Remove eficazmente 99% de manchas.<\/li>\n<li>Tamanho 175*18*18mm.<\/li>\n<li>Material: resina antiest\u00e1tica.<\/li>\n<\/ul>\n<h3>Especifica\u00e7\u00e3o<\/h3>\n<table style=\"border-collapse: collapse; width: 100%;\">\n<tbody>\n<tr>\n<td style=\"width: 50%;\">Marca<\/td>\n<td style=\"width: 50%;\">LuLeey<\/td>\n<\/tr>\n<tr>\n<td style=\"width: 50%;\">Nome do produto<\/td>\n<td style=\"width: 50%;\">Caneta para limpeza de fibra SC\/ST\/FC ou LC<\/td>\n<\/tr>\n<tr>\n<td style=\"width: 50%;\">2,5 mm para conector, cor branca<\/td>\n<td style=\"width: 50%;\">SC\/ST\/FC<\/td>\n<\/tr>\n<tr>\n<td style=\"width: 50%;\">1,25 mm para conector, cor azul<\/td>\n<td style=\"width: 50%;\">LC<\/td>\n<\/tr>\n<tr>\n<td style=\"width: 50%;\">Tempos de limpeza<\/td>\n<td style=\"width: 50%;\">mais de 800<\/td>\n<\/tr>\n<\/tbody>\n<\/table>","protected":false},"excerpt":{"rendered":"<div class=\"title--wrap--Ms9Zv4A\">\n<ul>\n<li data-pl=\"product-title\" data-spm-anchor-id=\"a2g0o.detail.0.i3.7e30ti0wti0wqQ\">A Fiber Cleaner Pen Universal 2.5mm Ferrules SC\/FC\/ST Pen foi projetada para limpar as extremidades dos ferrolhos dos conectores SC, FC e ST com polimentos UPC e APC.<\/li>\n<li data-pl=\"product-title\" data-spm-anchor-id=\"a2g0o.detail.0.i3.7e30ti0wti0wqQ\">O movimento simples de empurrar engata o conector e inicia o limpador, avan\u00e7ando automaticamente com a fita de limpeza nova; baixo custo por limpeza, at\u00e9 mais de 800 limpezas.<\/li>\n<li data-pl=\"product-title\" data-spm-anchor-id=\"a2g0o.detail.0.i3.7e30ti0wti0wqQ\">A limpeza pode atingir 95% ou mais. Especialmente para \u00e1gua e \u00f3leo, seu efeito de limpeza \u00e9 muito melhor do que o das hastes de limpeza com cotonete tradicionais.<\/li>\n<li data-pl=\"product-title\" data-spm-anchor-id=\"a2g0o.detail.0.i3.7e30ti0wti0wqQ\">O sistema de limpeza gira 180\u00b0 para uma varredura completa; as microfibras de limpeza s\u00e3o densamente encalhadas e livres de detritos.<\/li>\n<li data-pl=\"product-title\" data-spm-anchor-id=\"a2g0o.detail.0.i3.7e30ti0wti0wqQ\">TESTADO EM CAMPO: Nossas canetas de limpeza SC e ST s\u00e3o perfeitas para uso em campo. Elas facilitam a limpeza da fibra quando se trabalha com conectores e cabos monomodo, multimodo, Simplex ou Duplex.<\/li>\n<\/ul>\n<\/div>","protected":false},"featured_media":12551,"comment_status":"open","ping_status":"closed","template":"","meta":[],"product_brand":[],"product_cat":[354],"product_tag":[213,917,222,245,305,328],"class_list":{"0":"post-12494","1":"product","2":"type-product","3":"status-publish","4":"has-post-thumbnail","6":"product_cat-fiber-optic-cleaners","7":"product_tag-fc","8":"product_tag-fiber-cleaner-pen","9":"product_tag-fiber-cleaning","10":"product_tag-lc","11":"product_tag-sc","12":"product_tag-st","14":"first","15":"instock","16":"featured","17":"shipping-taxable","18":"purchasable","19":"product-type-variable"},"_links":{"self":[{"href":"https:\/\/www.luleey.com\/pt\/wp-json\/wp\/v2\/product\/12494","targetHints":{"allow":["GET"]}}],"collection":[{"href":"https:\/\/www.luleey.com\/pt\/wp-json\/wp\/v2\/product"}],"about":[{"href":"https:\/\/www.luleey.com\/pt\/wp-json\/wp\/v2\/types\/product"}],"replies":[{"embeddable":true,"href":"https:\/\/www.luleey.com\/pt\/wp-json\/wp\/v2\/comments?post=12494"}],"wp:featuredmedia":[{"embeddable":true,"href":"https:\/\/www.luleey.com\/pt\/wp-json\/wp\/v2\/media\/12551"}],"wp:attachment":[{"href":"https:\/\/www.luleey.com\/pt\/wp-json\/wp\/v2\/media?parent=12494"}],"wp:term":[{"taxonomy":"product_brand","embeddable":true,"href":"https:\/\/www.luleey.com\/pt\/wp-json\/wp\/v2\/product_brand?post=12494"},{"taxonomy":"product_cat","embeddable":true,"href":"https:\/\/www.luleey.com\/pt\/wp-json\/wp\/v2\/product_cat?post=12494"},{"taxonomy":"product_tag","embeddable":true,"href":"https:\/\/www.luleey.com\/pt\/wp-json\/wp\/v2\/product_tag?post=12494"}],"curies":[{"name":"wp","href":"https:\/\/api.w.org\/{rel}","templated":true}]}}