{"id":12512,"date":"2024-07-19T00:52:39","date_gmt":"2024-07-18T16:52:39","guid":{"rendered":"https:\/\/www.luleey.com\/?post_type=product&#038;p=12512"},"modified":"2025-06-22T15:26:04","modified_gmt":"2025-06-22T07:26:04","slug":"10km-40km-60km-10g-sfp-transceiver-bidi-smf-ddm","status":"publish","type":"product","link":"https:\/\/www.luleey.com\/pt\/produto\/10km-40km-60km-10g-sfp-transceiver-bidi-smf-ddm\/","title":{"rendered":"10km\/40km\/60km 10G SFP+ Transceptor Bidi SMF DDM 1 par, m\u00f3dulo sfp"},"content":{"rendered":"<h3>Recursos<\/h3>\n<ol>\n<li><span class=\"a-list-item\"><span data-spm-anchor-id=\"a2g0o.detail.1000023.i0.78a8skG8skG8Qr\">M\u00f3dulo SFP Adequado para switches, roteadores, firewalls de rede, placas de rede, transceptores de fibra \u00f3ptica e outros dispositivos com portas SFP+\u00f3pticas<\/span><\/span><\/li>\n<li><span class=\"a-list-item\">Transceptor 10Gb\/s, 10G SFP+ Bidi LL-10G-LC-BD10, para cima: TX1270nm\/RX1330nm; Down: TX1330nm\/RX1270nm, alcance de at\u00e9 10-20 km de transmiss\u00e3o em fibra monomodo LC \u00fanica OS2.<\/span><\/li>\n<li><span class=\"a-list-item\">Amplamente compat\u00edvel com Cisco, Meraki, Ubiquiti UniFi, Mikrotik, Netgear, D-Link, TP-Link, Linksys, Broadcom, Edge-core, EMC, F5, Norkia, QTC, Supermicro e outros switches abertos.<\/span><\/li>\n<li><span class=\"a-list-item\">10GBase-LR,<\/span><span class=\"a-list-item\">Plug and Play, Hot Pluggable SFP+ compat\u00edvel com MSA.<\/span><\/li>\n<li><span class=\"a-list-item\">Cada item \u00e9 testado individualmente por um t\u00e9cnico qualificado para garantir qualidade, confiabilidade e interoperabilidade de primeira linha.<\/span><\/li>\n<li><span class=\"a-list-item\">Ideal para conectar um switch 10G, roteador, servidor, placa de rede e outros equipamentos de transmiss\u00e3o \u00e0 rede de canal de fibra de 10 Gigabit para data centers, redes de \u00e1rea de armazenamento, Network Attached Storage, computa\u00e7\u00e3o de alto desempenho, etc.<\/span><\/li>\n<\/ol>\n<p><span class=\"a-text-bold\">Aplicativos:<\/span><\/p>\n<ul class=\"a-unordered-list a-vertical\">\n<li><span class=\"a-list-item\">10GbE, Ethernet 10G<\/span><\/li>\n<li><span class=\"a-list-item\">10GBase-LR,<\/span><span class=\"a-list-item\">10GBase-SR<\/span><\/li>\n<li><span class=\"a-list-item\">Redes 10G, armazenamento, telecomunica\u00e7\u00f5es<\/span><\/li>\n<li><span class=\"a-list-item\">Switches 10G, roteadores, placas de interface de rede (NICs)<\/span><\/li>\n<\/ul>\n<h3>Especifica\u00e7\u00e3o<\/h3>\n<table width=\"790\">\n<tbody>\n<tr>\n<td width=\"229\">Modelo<\/td>\n<td width=\"561\">LL-10G-LC-BD10\/LL-10G-LC-BD40\/LL-10G-LC-BD60<\/td>\n<\/tr>\n<tr>\n<td>Taxa de dados<\/td>\n<td>10 Gb\/s<\/td>\n<\/tr>\n<tr>\n<td>Comprimento de onda<\/td>\n<td>TX1270nm\/RX1330nm<\/td>\n<\/tr>\n<tr>\n<td>Interface<\/td>\n<td>Conectores LC simples<\/td>\n<\/tr>\n<tr>\n<td>\u00a0transmiss\u00e3o por cabo SMF<\/td>\n<td>10 km<\/td>\n<\/tr>\n<tr>\n<td>Conect\u00e1vel<\/td>\n<td>Sim<\/td>\n<\/tr>\n<tr>\n<td>Protocolo<\/td>\n<td>IEEE 802.3ae<\/td>\n<\/tr>\n<tr>\n<td>pacote<\/td>\n<td>SFP+ MSA<\/td>\n<\/tr>\n<tr>\n<td>Temp. Faixa (\u2103)<\/td>\n<td>0~70<\/td>\n<\/tr>\n<\/tbody>\n<\/table>","protected":false},"excerpt":{"rendered":"<ul class=\"a-unordered-list a-vertical a-spacing-mini\">\n<li class=\"a-spacing-mini\"><span class=\"a-list-item\">Transceptor 10Gb\/s, 10G SFP+ Bidi LL-10G-LC-BD10, para cima: TX1270nm\/RX1330nm; Down: TX1330nm\/RX1270nm, alcance de at\u00e9 10-20 km de transmiss\u00e3o em fibra monomodo LC \u00fanica OS2.<\/span><\/li>\n<li class=\"a-spacing-mini\"><span class=\"a-list-item\">Amplamente compat\u00edvel com Cisco, Meraki, Ubiquiti UniFi, Mikrotik, Netgear, D-Link, TP-Link, Linksys, Broadcom, Edge-core, EMC, F5, Norkia, QTC, Supermicro e outros switches abertos.<\/span><\/li>\n<li><span class=\"a-list-item\">10GBase-LR,<\/span><span class=\"a-list-item\">Plug and Play, Hot Pluggable SFP+ compat\u00edvel com MSA.<\/span><\/li>\n<li class=\"a-spacing-mini\"><span class=\"a-list-item\">Cada item \u00e9 testado individualmente por um t\u00e9cnico qualificado para garantir qualidade, confiabilidade e interoperabilidade de primeira linha.<\/span><\/li>\n<li class=\"a-spacing-mini\"><span class=\"a-list-item\">Ideal para conectar um switch 10G, roteador, servidor, placa de rede e outros equipamentos de transmiss\u00e3o \u00e0 rede de canal de fibra de 10 Gigabit para data centers, redes de \u00e1rea de armazenamento, Network Attached Storage, computa\u00e7\u00e3o de alto desempenho, etc.<\/span><\/li>\n<\/ul>","protected":false},"featured_media":12555,"comment_status":"open","ping_status":"closed","template":"","meta":[],"product_brand":[],"product_cat":[321],"product_tag":[97,149,191,245,278,837,322],"class_list":{"0":"post-12512","1":"product","2":"type-product","3":"status-publish","4":"has-post-thumbnail","6":"product_cat-sfp-sfp-1g-2-5g-5g-10g","7":"product_tag-10g","8":"product_tag-40km","9":"product_tag-bidi","10":"product_tag-lc","11":"product_tag-optical-module","12":"product_tag-sfp-module","13":"product_tag-sfp","15":"first","16":"instock","17":"featured","18":"shipping-taxable","19":"purchasable","20":"product-type-variable","21":"has-default-attributes"},"_links":{"self":[{"href":"https:\/\/www.luleey.com\/pt\/wp-json\/wp\/v2\/product\/12512","targetHints":{"allow":["GET"]}}],"collection":[{"href":"https:\/\/www.luleey.com\/pt\/wp-json\/wp\/v2\/product"}],"about":[{"href":"https:\/\/www.luleey.com\/pt\/wp-json\/wp\/v2\/types\/product"}],"replies":[{"embeddable":true,"href":"https:\/\/www.luleey.com\/pt\/wp-json\/wp\/v2\/comments?post=12512"}],"wp:featuredmedia":[{"embeddable":true,"href":"https:\/\/www.luleey.com\/pt\/wp-json\/wp\/v2\/media\/12555"}],"wp:attachment":[{"href":"https:\/\/www.luleey.com\/pt\/wp-json\/wp\/v2\/media?parent=12512"}],"wp:term":[{"taxonomy":"product_brand","embeddable":true,"href":"https:\/\/www.luleey.com\/pt\/wp-json\/wp\/v2\/product_brand?post=12512"},{"taxonomy":"product_cat","embeddable":true,"href":"https:\/\/www.luleey.com\/pt\/wp-json\/wp\/v2\/product_cat?post=12512"},{"taxonomy":"product_tag","embeddable":true,"href":"https:\/\/www.luleey.com\/pt\/wp-json\/wp\/v2\/product_tag?post=12512"}],"curies":[{"name":"wp","href":"https:\/\/api.w.org\/{rel}","templated":true}]}}