{"id":12515,"date":"2024-07-19T00:52:40","date_gmt":"2024-07-18T16:52:40","guid":{"rendered":"https:\/\/www.luleey.com\/?post_type=product&#038;p=12515"},"modified":"2025-06-22T15:25:20","modified_gmt":"2025-06-22T07:25:20","slug":"1-25g-gigabit-smf-sfp-lc-module-20km-ddm","status":"publish","type":"product","link":"https:\/\/www.luleey.com\/pt\/produto\/1-25g-gigabit-smf-sfp-lc-module-20km-ddm\/","title":{"rendered":"M\u00f3dulo 1.25G Gigabit SMF SFP, LC 20km DDM 1 par"},"content":{"rendered":"<h3>Recursos<\/h3>\n<ol>\n<li>M\u00f3dulo SFP, padr\u00e3o compat\u00edvel com o switch Gigabit da Cisco\/Mikrotik Ubiquiti e outros<\/li>\n<li>Suporte ao chip de monitoramento DDM<\/li>\n<li>Usando liga de zinco-magn\u00e9sio, suporta o uso de at\u00e9 85 graus Celsius<\/li>\n<li>O BIDI Simplex SM Gigabit LC SFP 1,25G pode ser usado para switches de rede, roteadores de rede, placas de rede de fibra \u00f3ptica, firewalls de rede, transceptores de rede, servidores, matrizes magn\u00e9ticas e outros dispositivos<\/li>\n<\/ol>\n<h3>Especifica\u00e7\u00e3o<\/h3>\n<table width=\"790\">\n<tbody>\n<tr>\n<td width=\"229\">Modelo<\/td>\n<td width=\"561\">\u00a0LL-SFP-BX20-LC<\/td>\n<\/tr>\n<tr>\n<td>Compat\u00edvel com<\/td>\n<td>\u00a0Como o Switch Gigabit Cisco\/Mikrotik Ubiquiti e outros<\/td>\n<\/tr>\n<tr>\n<td>Suporte a DDM<\/td>\n<td>\u00a0Sim<\/td>\n<\/tr>\n<tr>\n<td>Enviar<\/td>\n<td>\u00a0-9~-3dBm<\/td>\n<\/tr>\n<tr>\n<td>Receber<\/td>\n<td>\u00a0&lt;=-22dBm<\/td>\n<\/tr>\n<tr>\n<td>Velocidade de transmiss\u00e3o<\/td>\n<td>\u00a01,25 Gb\/s<\/td>\n<\/tr>\n<tr>\n<td>Comprimento de onda de transmiss\u00e3o<\/td>\n<td>\u00a01310\/1550nm<\/td>\n<\/tr>\n<tr>\n<td>Meio de transmiss\u00e3o<\/td>\n<td>\u00a0fibra \u00fanica de modo \u00fanico<\/td>\n<\/tr>\n<tr>\n<td>Dist\u00e2ncia de transmiss\u00e3o<\/td>\n<td>\u00a020 km<\/td>\n<\/tr>\n<tr>\n<td>Tipo de interface<\/td>\n<td>\u00a0LC<\/td>\n<\/tr>\n<tr>\n<td>Tens\u00e3o de trabalho<\/td>\n<td>\u00a03.3V<\/td>\n<\/tr>\n<tr>\n<td>Taxa de dados<\/td>\n<td>\u00a01000 Mbps<\/td>\n<\/tr>\n<\/tbody>\n<\/table>","protected":false},"excerpt":{"rendered":"<ul>\n<li>M\u00f3dulo SFP, compat\u00edvel com switch Gigabit Cisco\/Mikrotik Ubiquiti e outros<\/li>\n<li>Suporte ao chip de monitoramento DDM<\/li>\n<li>Usando liga de zinco-magn\u00e9sio, suporta o uso de at\u00e9 85 graus Celsius<\/li>\n<li>O BIDI Simplex SM Gigabit LC SFP 1,25G pode ser usado para switches de rede, roteadores de rede, placas de rede de fibra \u00f3ptica, firewalls de rede, transceptores de rede, servidores, matrizes magn\u00e9ticas e outros dispositivos<\/li>\n<\/ul>","protected":false},"featured_media":12559,"comment_status":"open","ping_status":"closed","template":"","meta":[],"product_brand":[],"product_cat":[321],"product_tag":[84,130,245,278,837,325],"class_list":{"0":"post-12515","1":"product","2":"type-product","3":"status-publish","4":"has-post-thumbnail","6":"product_cat-sfp-sfp-1g-2-5g-5g-10g","7":"product_tag-1-25g","8":"product_tag-20km","9":"product_tag-lc","10":"product_tag-optical-module","11":"product_tag-sfp-module","12":"product_tag-sm","14":"first","15":"instock","16":"featured","17":"shipping-taxable","18":"purchasable","19":"product-type-variable","20":"has-default-attributes"},"_links":{"self":[{"href":"https:\/\/www.luleey.com\/pt\/wp-json\/wp\/v2\/product\/12515","targetHints":{"allow":["GET"]}}],"collection":[{"href":"https:\/\/www.luleey.com\/pt\/wp-json\/wp\/v2\/product"}],"about":[{"href":"https:\/\/www.luleey.com\/pt\/wp-json\/wp\/v2\/types\/product"}],"replies":[{"embeddable":true,"href":"https:\/\/www.luleey.com\/pt\/wp-json\/wp\/v2\/comments?post=12515"}],"wp:featuredmedia":[{"embeddable":true,"href":"https:\/\/www.luleey.com\/pt\/wp-json\/wp\/v2\/media\/12559"}],"wp:attachment":[{"href":"https:\/\/www.luleey.com\/pt\/wp-json\/wp\/v2\/media?parent=12515"}],"wp:term":[{"taxonomy":"product_brand","embeddable":true,"href":"https:\/\/www.luleey.com\/pt\/wp-json\/wp\/v2\/product_brand?post=12515"},{"taxonomy":"product_cat","embeddable":true,"href":"https:\/\/www.luleey.com\/pt\/wp-json\/wp\/v2\/product_cat?post=12515"},{"taxonomy":"product_tag","embeddable":true,"href":"https:\/\/www.luleey.com\/pt\/wp-json\/wp\/v2\/product_tag?post=12515"}],"curies":[{"name":"wp","href":"https:\/\/api.w.org\/{rel}","templated":true}]}}