{"id":12536,"date":"2024-07-19T00:53:03","date_gmt":"2024-07-18T16:53:03","guid":{"rendered":"https:\/\/www.luleey.com\/?post_type=product&#038;p=12536"},"modified":"2024-12-14T22:34:08","modified_gmt":"2024-12-14T14:34:08","slug":"visual-fault-locator-1mw-10mw-20mw-30mw-50mw-vfl-laser-pen-ll-vfl-noli","status":"publish","type":"product","link":"https:\/\/www.luleey.com\/pt\/produto\/visual-fault-locator-1mw-10mw-20mw-30mw-50mw-vfl-laser-pen-ll-vfl-noli\/","title":{"rendered":"Localizador visual de falhas 1mw\/10mw\/20mw\/30mw\/50mw VFL LASER PEN LL-VFL-NoLi"},"content":{"rendered":"<h3><span style=\"color: #0000ff; font-size: 10pt;\" data-spm-anchor-id=\"a2g0o.detail.1000023.i2.39178K728K72sx\">Visual Fault Locator (Localizador visual de falhas),Para seguran\u00e7a no transporte, compre pilhas (AAA) por conta pr\u00f3pria, obrigado por sua compreens\u00e3o<\/span><\/h3>\n<p>&nbsp;<\/p>\n<h3>Recursos<\/h3>\n<ol>\n<li>\u00a0Design compacto e ergon\u00f4mico para maior portabilidade<\/li>\n<li>Penetram facilmente em uma fibra de 30 km<\/li>\n<li>Pot\u00eancia de sa\u00edda de 1\/10\/20\/30\/50mW, comprimento de onda da faixa de 650nm<\/li>\n<li>Ilumina rapidamente rupturas de fibra e conectores danificados em cabos de conex\u00e3o<\/li>\n<li>Modos de opera\u00e7\u00e3o pulsado e cont\u00ednuo est\u00e1vel<\/li>\n<li>Constru\u00e7\u00e3o robusta em alum\u00ednio<\/li>\n<li>Adaptador universal de 2,5 mm para f\u00e1cil conex\u00e3o com conectores SC, ST, FC e LC (a interface LC precisa de um adaptador adicional)<\/li>\n<li>Cabe\u00e7a excelente com alta concentra\u00e7\u00e3o de fibras e pouca diverg\u00eancia<\/li>\n<li>Chip de alta qualidade que garante anos de opera\u00e7\u00e3o sem problemas<\/li>\n<li>A tampa contra poeira impede que o conector de fibra seja polu\u00eddo<\/li>\n<li>A luva de cer\u00e2mica substitu\u00edvel aumenta a vida \u00fatil<\/li>\n<li>A corda para pendurar facilita a suspens\u00e3o<\/li>\n<li>Estojo de transporte para armazenamento<\/li>\n<\/ol>\n<h3>Especifica\u00e7\u00e3o<\/h3>\n<p>&nbsp;<\/p>\n<div>\n<table style=\"border-collapse: collapse; width: 100%;\">\n<tbody>\n<tr>\n<td style=\"width: 50%;\">Marca<\/td>\n<td style=\"width: 50%;\">LuLeey<\/td>\n<\/tr>\n<tr>\n<td style=\"width: 50%;\">Nome do produto<\/td>\n<td style=\"width: 50%;\">Localizador visual de falhas 1mw\/10mw\/20mw\/30mw\/50mw VFL LASER PEN<\/td>\n<\/tr>\n<tr>\n<td style=\"width: 50%;\">Dimens\u00f5es<\/td>\n<td style=\"width: 50%;\">170x24mm (6,7\u00d70,9 polegadas)<\/td>\n<\/tr>\n<tr>\n<td style=\"width: 50%;\">Material<\/td>\n<td style=\"width: 50%;\">Liga de alum\u00ednio<\/td>\n<\/tr>\n<tr>\n<td style=\"width: 50%;\">Comprimento de onda<\/td>\n<td style=\"width: 50%;\">650nm\u00b110nm<\/td>\n<\/tr>\n<tr>\n<td style=\"width: 50%;\">Adaptador<\/td>\n<td style=\"width: 50%;\">2,5 mm universal SC\/ST\/FC<\/td>\n<\/tr>\n<tr>\n<td style=\"width: 50%;\">Interruptor<\/td>\n<td style=\"width: 50%;\">Ligado\/desligado, cont\u00ednuo\/intermitente<\/td>\n<\/tr>\n<tr>\n<td style=\"width: 50%;\">Tipo de bateria<\/td>\n<td style=\"width: 50%;\">2 x AAA<\/td>\n<\/tr>\n<tr>\n<td style=\"width: 50%;\">Temperatura operacional<\/td>\n<td style=\"width: 50%;\">10-60\u00b0C<\/td>\n<\/tr>\n<tr>\n<td style=\"width: 50%;\">Temperatura de armazenamento<\/td>\n<td style=\"width: 50%;\">-40-85\u00b0C<\/td>\n<\/tr>\n<tr>\n<td style=\"width: 50%;\">Pot\u00eancia de sa\u00edda<\/td>\n<td style=\"width: 50%;\">1\/10\/20\/30\/50mW<\/td>\n<\/tr>\n<\/tbody>\n<\/table>\n<p>&nbsp;<\/p>\n<\/div>","protected":false},"excerpt":{"rendered":"<ul class=\"a-unordered-list a-vertical a-spacing-mini\">\n<li class=\"a-spacing-mini\"><span class=\"a-list-item\">\u3010Identifica\u00e7\u00e3o precisa\u3011Este localizador visual de falhas pode detectar e localizar com facilidade e precis\u00e3o rupturas, conex\u00f5es ruins, dobras ou rachaduras na fibra \u00f3ptica. Ele pode operar no modo CW ou pulsado. O VFL emite uma luz vermelha de 650 nm para rastreamento e localiza\u00e7\u00e3o da fibra; rupturas ou falhas refratam a luz na fibra.<\/span><\/li>\n<li class=\"a-spacing-mini\"><span class=\"a-list-item\">\u3010Excelentes fun\u00e7\u00f5es\u3011 As v\u00e1rias fun\u00e7\u00f5es do testador de fibra incluem pot\u00eancia de sa\u00edda constante, aviso de bateria fraca, bateria de longa dura\u00e7\u00e3o e detec\u00e7\u00e3o de longa dist\u00e2ncia. O roteamento da fibra e a verifica\u00e7\u00e3o de continuidade s\u00e3o eficientes, criando um brilho intenso ao redor da \u00e1rea defeituosa.<\/span><\/li>\n<li class=\"a-spacing-mini\"><span class=\"a-list-item\">\u3010Aplica\u00e7\u00e3o ampla\u3011 Conector universal de 2,5 mm projetado para ST, SC, FC interfere tanto na forma circular quanto na forma quadrada de diferentes cabos de fibra \u00f3ptica, teste para cabos monomodo e multimodo. Aplic\u00e1vel a: Sistemas de fia\u00e7\u00e3o integrada e engenharia de fibra \u00f3ptica; manuten\u00e7\u00e3o de rede \u00f3ptica de engenharia de CATV; telecomunica\u00e7\u00f5es \u00f3pticas; engenharia de unidade de medi\u00e7\u00e3o \u00f3ptica; produ\u00e7\u00e3o e pesquisa de dispositivos \u00f3pticos.<\/span><\/li>\n<li class=\"a-spacing-mini\"><span class=\"a-list-item\">\u3010Dist\u00e2ncia de detec\u00e7\u00e3o\u3011Este localizador visual de falhas tem uma fonte de luz forte com pot\u00eancia de sa\u00edda de 30mW, pot\u00eancia de sa\u00edda constante, a luz vermelha forte alcan\u00e7a de 20 a 30 quil\u00f4metros de dist\u00e2ncia no cabo de fibra \u00f3ptica, os circuitos de alta pot\u00eancia efetiva fornecem pot\u00eancia est\u00e1vel, onda cont\u00ednua e modo pulsado.<\/span><\/li>\n<li class=\"a-spacing-mini\"><span class=\"a-list-item\">\u3010Design pr\u00e1tico\u3011O tamanho pequeno e o peso leve, o design em forma de caneta com bolsa o tornam port\u00e1til, facilitando a verifica\u00e7\u00e3o de falhas na fibra com o localizador visual de falhas, o design com cabe\u00e7a de a\u00e7o inoxid\u00e1vel e corpo de alum\u00ednio para evitar colis\u00f5es e poeira, o design de aterramento da caixa evita danos ESD com efici\u00eancia.<\/span><\/li>\n<\/ul>","protected":false},"featured_media":12562,"comment_status":"open","ping_status":"closed","template":"","meta":[],"product_brand":[],"product_cat":[789],"product_tag":[157,158,265,340],"class_list":{"0":"post-12536","1":"product","2":"type-product","3":"status-publish","4":"has-post-thumbnail","6":"product_cat-visual-fault-locator","7":"product_tag-50km","8":"product_tag-50mw","9":"product_tag-noli","10":"product_tag-visual-fault-locator","12":"first","13":"instock","14":"sale","15":"shipping-taxable","16":"purchasable","17":"product-type-variable"},"_links":{"self":[{"href":"https:\/\/www.luleey.com\/pt\/wp-json\/wp\/v2\/product\/12536","targetHints":{"allow":["GET"]}}],"collection":[{"href":"https:\/\/www.luleey.com\/pt\/wp-json\/wp\/v2\/product"}],"about":[{"href":"https:\/\/www.luleey.com\/pt\/wp-json\/wp\/v2\/types\/product"}],"replies":[{"embeddable":true,"href":"https:\/\/www.luleey.com\/pt\/wp-json\/wp\/v2\/comments?post=12536"}],"wp:featuredmedia":[{"embeddable":true,"href":"https:\/\/www.luleey.com\/pt\/wp-json\/wp\/v2\/media\/12562"}],"wp:attachment":[{"href":"https:\/\/www.luleey.com\/pt\/wp-json\/wp\/v2\/media?parent=12536"}],"wp:term":[{"taxonomy":"product_brand","embeddable":true,"href":"https:\/\/www.luleey.com\/pt\/wp-json\/wp\/v2\/product_brand?post=12536"},{"taxonomy":"product_cat","embeddable":true,"href":"https:\/\/www.luleey.com\/pt\/wp-json\/wp\/v2\/product_cat?post=12536"},{"taxonomy":"product_tag","embeddable":true,"href":"https:\/\/www.luleey.com\/pt\/wp-json\/wp\/v2\/product_tag?post=12536"}],"curies":[{"name":"wp","href":"https:\/\/api.w.org\/{rel}","templated":true}]}}