{"id":12541,"date":"2024-07-19T00:53:04","date_gmt":"2024-07-18T16:53:04","guid":{"rendered":"https:\/\/www.luleey.com\/?post_type=product&#038;p=12541"},"modified":"2025-02-20T21:46:34","modified_gmt":"2025-02-20T13:46:34","slug":"optical-power-meter-6-wavelengths-opm-ll-opm-noli","status":"publish","type":"product","link":"https:\/\/www.luleey.com\/pt\/produto\/optical-power-meter-6-wavelengths-opm-ll-opm-noli\/","title":{"rendered":"Medidor de pot\u00eancia \u00f3ptica de 6 comprimentos de onda OPM LL-OPM-NoLi"},"content":{"rendered":"<p><span style=\"color: #ff0000;\">Para a seguran\u00e7a do transporte, as baterias comuns n\u00e3o s\u00e3o enviadas. Obrigado por sua compreens\u00e3o.<\/span><\/p>\n<div id=\"offer-template-0\">\n<p align=\"left\"><strong data-spm-anchor-id=\"a2g0o.detail.1000023.i0.6e6d2ca3EqJnmk\">Produto\u00a0<\/strong><strong>Recursos<\/strong><\/p>\n<ul>\n<li data-spm-anchor-id=\"a2g0o.detail.1000023.i2.6663H5f1H5f1o7\">Interface universal de 2,5 mm.<\/li>\n<li>Suporta 6 tipos de comprimentos de onda m\u00faltiplos.<\/li>\n<li>Mini e compacto, confort\u00e1vel de manusear.<\/li>\n<li>Baixo consumo de energia<\/li>\n<li data-spm-anchor-id=\"a2g0o.detail.1000023.i0.6663H5f1H5f1o7\">Faixa de exibi\u00e7\u00e3o: +10~-70dBm @1550nm\/+26~-50dBm @1550nm<\/li>\n<li data-spm-anchor-id=\"a2g0o.detail.1000023.i0.6663H5f1H5f1o7\">Resolu\u00e7\u00e3o: 0,01db<\/li>\n<li data-spm-anchor-id=\"a2g0o.detail.1000023.i0.6663H5f1H5f1o7\">Comprimento de onda de teste 850\/1300\/1310\/1490\/1550\/1625<\/li>\n<li data-spm-anchor-id=\"a2g0o.detail.1000023.i0.6663H5f1H5f1o7\">Tipo de sensor:lnGaAs<\/li>\n<li data-spm-anchor-id=\"a2g0o.detail.1000023.i0.6663H5f1H5f1o7\">Comprimento de onda de trabalho: 800~1700nm<\/li>\n<li data-spm-anchor-id=\"a2g0o.detail.1000023.i0.6663H5f1H5f1o7\">Fonte de alimenta\u00e7\u00e3o: 2* pilhas secas AAA<\/li>\n<li data-spm-anchor-id=\"a2g0o.detail.1000023.i0.6663H5f1H5f1o7\">Temperatura de trabalho: -10 a +50C; &lt;90%RH<\/li>\n<li data-spm-anchor-id=\"a2g0o.detail.1000023.i0.6663H5f1H5f1o7\">Temperatura de armazenamento: -20 a +70\u00b0C; &lt;90%RH<\/li>\n<\/ul>\n<p align=\"left\" data-spm-anchor-id=\"a2g0o.detail.1000023.i1.6663H5f1H5f1o7\"><strong>Pacote incluso<\/strong><br \/>\n1x medidor de pot\u00eancia<br \/>\n1x estojo<\/p>\n<\/div>","protected":false},"excerpt":{"rendered":"<ul class=\"a-unordered-list a-vertical a-spacing-mini\">\n<li class=\"a-spacing-mini\"><span class=\"a-list-item\">Exibi\u00e7\u00e3o de pot\u00eancia \u00f3ptica linear e logar\u00edtmica, medi\u00e7\u00e3o de valor relativo<\/span><\/li>\n<li class=\"a-spacing-mini\">\n<p class=\"serp-title\"><mark>Medidor de pot\u00eancia \u00f3ptica <\/mark>Ajuste autom\u00e1tico da faixa de medi\u00e7\u00e3o e indica\u00e7\u00e3o de energia restante<\/p>\n<\/li>\n<li class=\"a-spacing-mini\"><span class=\"a-list-item\">Baixo consumo de energia, trabalho cont\u00ednuo por mais de 80 horas<\/span><\/li>\n<li class=\"a-spacing-mini\"><span class=\"a-list-item\">Interface universal de 2,5 mm, compat\u00edvel com conectores FC, SC e ST<\/span><\/li>\n<li class=\"a-spacing-mini\"><span class=\"a-list-item\">Design compacto e port\u00e1til, com 68 g de peso, garantindo uma melhor sensa\u00e7\u00e3o de manuseio e f\u00e1cil transporte<\/span><\/li>\n<\/ul>","protected":false},"featured_media":12580,"comment_status":"open","ping_status":"closed","template":"","meta":[],"product_brand":[],"product_cat":[363],"product_tag":[167,265,281],"class_list":{"0":"post-12541","1":"product","2":"type-product","3":"status-publish","4":"has-post-thumbnail","6":"product_cat-optical-power-meter-and-visual-fault-locator","7":"product_tag-6-wavelengths","8":"product_tag-noli","9":"product_tag-optical-power-meter","11":"first","12":"instock","13":"sale","14":"shipping-taxable","15":"purchasable","16":"product-type-variable"},"_links":{"self":[{"href":"https:\/\/www.luleey.com\/pt\/wp-json\/wp\/v2\/product\/12541","targetHints":{"allow":["GET"]}}],"collection":[{"href":"https:\/\/www.luleey.com\/pt\/wp-json\/wp\/v2\/product"}],"about":[{"href":"https:\/\/www.luleey.com\/pt\/wp-json\/wp\/v2\/types\/product"}],"replies":[{"embeddable":true,"href":"https:\/\/www.luleey.com\/pt\/wp-json\/wp\/v2\/comments?post=12541"}],"wp:featuredmedia":[{"embeddable":true,"href":"https:\/\/www.luleey.com\/pt\/wp-json\/wp\/v2\/media\/12580"}],"wp:attachment":[{"href":"https:\/\/www.luleey.com\/pt\/wp-json\/wp\/v2\/media?parent=12541"}],"wp:term":[{"taxonomy":"product_brand","embeddable":true,"href":"https:\/\/www.luleey.com\/pt\/wp-json\/wp\/v2\/product_brand?post=12541"},{"taxonomy":"product_cat","embeddable":true,"href":"https:\/\/www.luleey.com\/pt\/wp-json\/wp\/v2\/product_cat?post=12541"},{"taxonomy":"product_tag","embeddable":true,"href":"https:\/\/www.luleey.com\/pt\/wp-json\/wp\/v2\/product_tag?post=12541"}],"curies":[{"name":"wp","href":"https:\/\/api.w.org\/{rel}","templated":true}]}}