{"id":12544,"date":"2024-07-19T00:53:04","date_gmt":"2024-07-18T16:53:04","guid":{"rendered":"https:\/\/www.luleey.com\/?post_type=product&#038;p=12544"},"modified":"2025-02-20T21:46:21","modified_gmt":"2025-02-20T13:46:21","slug":"optical-power-meter-red-laser-fiber-rj45-tester-light-rangefinder-ll-opm-vfl-li-y8","status":"publish","type":"product","link":"https:\/\/www.luleey.com\/pt\/produto\/optical-power-meter-red-laser-fiber-rj45-tester-light-rangefinder-ll-opm-vfl-li-y8\/","title":{"rendered":"Medidor de pot\u00eancia \u00f3ptica + testador de fibra de laser vermelho RJ45 Tel\u00eametro de luz LL-OPM-VFL-Li-Y8"},"content":{"rendered":"<div class=\"title--wrap--Ms9Zv4A\">\n<h3 data-pl=\"product-title\" data-spm-anchor-id=\"a2g0o.detail.0.i16.53aay6ply6ples\">Medidor de pot\u00eancia \u00f3ptica 6 em 1 vermelho Mini caneta de fibra vermelha de alta precis\u00e3o 15 km de luz de fibra recarreg\u00e1vel Testador de luz RJ45 Rangefinder<\/h3>\n<p>&nbsp;<\/p>\n<\/div>\n<ul>\n<li>Faixa de comprimento de onda: 800 a 1700<\/li>\n<li>Suporte ao conector SC ST FC de 2,5 mm<\/li>\n<li>Faixa de medi\u00e7\u00e3o: -70~+3, -70~+10, -50~+26<\/li>\n<li>Comprimento de onda padr\u00e3o (nm): 850, 980, 1300, 1310, 1490, 1550, 1625<\/li>\n<li>Resolu\u00e7\u00e3o da tela: tela linear: 0,1%, exibi\u00e7\u00e3o logar\u00edtmica: 0,01dBm<\/li>\n<li>Comprimento de onda de trabalho da luz vermelha: 650nm<\/li>\n<li>Incerteza: 5%<\/li>\n<li>Pot\u00eancia da luz vermelha: 5 km, 15 km (20 km, 30 km podem ser personalizados)<\/li>\n<li>Identifica\u00e7\u00e3o de frequ\u00eancia: 0, 270, 1000, 2000Hz<\/li>\n<li>Dist\u00e2ncia de rastreamento RJ45: 200 metros<\/li>\n<li>Dist\u00e2ncia de alcance do laser: 40 metros<\/li>\n<li>Tens\u00e3o de entrada: 3~6V<\/li>\n<li>Tempo de desligamento autom\u00e1tico: 10 minutos<\/li>\n<li>Capacidade da bateria: bateria de l\u00edtio recarreg\u00e1vel de 1100mAh<\/li>\n<li>Tempo de trabalho cont\u00ednuo: cerca de 72 horas (medi\u00e7\u00e3o de pot\u00eancia \u00fanica)<\/li>\n<li>Tamanho do instrumento: 115*71*30mm<\/li>\n<li>Tamanho da embalagem: 170*95*47mm<\/li>\n<\/ul>\n<p>Apresentamos o medidor de pot\u00eancia \u00f3ptica 6 em 1 - sua ferramenta definitiva para a medi\u00e7\u00e3o precisa da pot\u00eancia \u00f3ptica! Esse dispositivo multifuncional \u00e9 repleto de recursos e foi projetado para facilitar sua vida quando se trata de testes de pot\u00eancia \u00f3ptica.<\/p>\n<p>Nosso medidor de pot\u00eancia \u00f3ptica \u00e9 capaz de fornecer medi\u00e7\u00f5es precisas em v\u00e1rios comprimentos de onda. A faixa de comprimento de onda padr\u00e3o de 850, 980, 1300, 1310, 1490, 1550 e 1625 nm garante a compatibilidade com uma ampla gama de sistemas \u00f3pticos.<\/p>\n<p>Equipado com um recurso de teste RJ45, nosso vers\u00e1til medidor de pot\u00eancia \u00f3ptica permite que voc\u00ea me\u00e7a sem esfor\u00e7o os n\u00edveis de pot\u00eancia \u00f3ptica em cabos de rede, garantindo uma comunica\u00e7\u00e3o eficiente.<\/p>\n<p>O nosso medidor de pot\u00eancia \u00f3ptica n\u00e3o apenas se destaca em sua fun\u00e7\u00e3o principal, mas tamb\u00e9m apresenta funcionalidades adicionais que aprimoram seus recursos de teste. O recurso de ilumina\u00e7\u00e3o LED integrado proporciona visibilidade ideal, permitindo que voc\u00ea trabalhe com efici\u00eancia mesmo em ambientes com pouca luz. Al\u00e9m disso, nosso produto oferece recursos opcionais de localizador de rede e de alcance a laser, ampliando ainda mais sua versatilidade.<\/p>\n<p>Projetado para acomodar diferentes conectores, nosso medidor de pot\u00eancia \u00f3ptica \u00e9 compat\u00edvel com conectores SC, ST, FC e de 2,5 mm. Essa flexibilidade garante a compatibilidade com uma ampla gama de sistemas \u00f3pticos, proporcionando praticidade e versatilidade para todas as suas necessidades de medi\u00e7\u00e3o de pot\u00eancia \u00f3ptica.<\/p>\n<p>A bateria de l\u00edtio recarreg\u00e1vel de 1100mAh incorporada em nosso medidor de pot\u00eancia \u00f3ptica garante um tempo de uso mais longo. Com aproximadamente 72 horas de tempo de trabalho cont\u00ednuo para uma \u00fanica medi\u00e7\u00e3o de pot\u00eancia, voc\u00ea pode realizar com efici\u00eancia seus testes de pot\u00eancia \u00f3ptica sem se preocupar com a falta de energia.<\/p>\n<p>Para oferecer precis\u00e3o inigual\u00e1vel e resultados confi\u00e1veis, nosso medidor de pot\u00eancia \u00f3ptica passa por testes rigorosos e segue os mais altos padr\u00f5es do setor. Tenha certeza de que voc\u00ea sempre ter\u00e1 medi\u00e7\u00f5es precisas, o que lhe permitir\u00e1 tomar decis\u00f5es informadas com base em dados reais.<\/p>\n<p>Quer voc\u00ea seja um profissional do setor \u00f3ptico ou um amador com grande interesse em sistemas \u00f3pticos, o medidor de pot\u00eancia \u00f3ptica 6 em 1 \u00e9 uma ferramenta essencial que n\u00e3o deve ser ignorada. Invista nesse dispositivo confi\u00e1vel e repleto de recursos e eleve sua experi\u00eancia em testes de pot\u00eancia \u00f3ptica. Fa\u00e7a seu pedido agora e experimente a conveni\u00eancia, a precis\u00e3o e a versatilidade que o nosso medidor de pot\u00eancia \u00f3ptica oferece!<\/p>","protected":false},"excerpt":{"rendered":"<p>*Fonte de luz vermelha<br \/>\n*Medidor de pot\u00eancia \u00f3ptica<br \/>\n*Teste RJ45<br \/>\n*Ilumina\u00e7\u00e3o LED<br \/>\n*Localizador de rede (opcional)<br \/>\n*Alcance do laser (opcional)<\/p>\n<p>- Medi\u00e7\u00f5es precisas de pot\u00eancia com o medidor de pot\u00eancia \u00f3ptica 6 em 1, fonte de luz vermelha 650nm 5km\/15km\/20km\/30km e comprimentos de onda padr\u00e3o que variam de 850nm a 1625nm.<br \/>\n- Ferramenta vers\u00e1til que n\u00e3o apenas mede a pot\u00eancia \u00f3ptica, mas tamb\u00e9m apresenta teste de RJ45, ilumina\u00e7\u00e3o LED, localizador de rede (opcional) e alcance a laser (opcional).<br \/>\n- Compat\u00edvel com conectores SC, ST e FC de 2,5 mm, proporcionando praticidade e flexibilidade para diferentes aplica\u00e7\u00f5es \u00f3pticas.<br \/>\n- Bateria de longa dura\u00e7\u00e3o com uma bateria de l\u00edtio recarreg\u00e1vel de 1100 mAh, permitindo um tempo de trabalho cont\u00ednuo de aproximadamente 72 horas para uma \u00fanica medi\u00e7\u00e3o de pot\u00eancia.<br \/>\n- Uma ferramenta essencial para profissionais do setor \u00f3ptico, que oferece medi\u00e7\u00f5es precisas para v\u00e1rias necessidades de pot\u00eancia \u00f3ptica.<\/p>","protected":false},"featured_media":12581,"comment_status":"open","ping_status":"closed","template":"","meta":[],"product_brand":[],"product_cat":[363,789],"product_tag":[142,170,248,281,340],"class_list":{"0":"post-12544","1":"product","2":"type-product","3":"status-publish","4":"has-post-thumbnail","6":"product_cat-optical-power-meter-and-visual-fault-locator","7":"product_cat-visual-fault-locator","8":"product_tag-30km","9":"product_tag-6in1","10":"product_tag-lithium-battery","11":"product_tag-optical-power-meter","12":"product_tag-visual-fault-locator","14":"first","15":"instock","16":"sale","17":"shipping-taxable","18":"purchasable","19":"product-type-variable"},"_links":{"self":[{"href":"https:\/\/www.luleey.com\/pt\/wp-json\/wp\/v2\/product\/12544","targetHints":{"allow":["GET"]}}],"collection":[{"href":"https:\/\/www.luleey.com\/pt\/wp-json\/wp\/v2\/product"}],"about":[{"href":"https:\/\/www.luleey.com\/pt\/wp-json\/wp\/v2\/types\/product"}],"replies":[{"embeddable":true,"href":"https:\/\/www.luleey.com\/pt\/wp-json\/wp\/v2\/comments?post=12544"}],"wp:featuredmedia":[{"embeddable":true,"href":"https:\/\/www.luleey.com\/pt\/wp-json\/wp\/v2\/media\/12581"}],"wp:attachment":[{"href":"https:\/\/www.luleey.com\/pt\/wp-json\/wp\/v2\/media?parent=12544"}],"wp:term":[{"taxonomy":"product_brand","embeddable":true,"href":"https:\/\/www.luleey.com\/pt\/wp-json\/wp\/v2\/product_brand?post=12544"},{"taxonomy":"product_cat","embeddable":true,"href":"https:\/\/www.luleey.com\/pt\/wp-json\/wp\/v2\/product_cat?post=12544"},{"taxonomy":"product_tag","embeddable":true,"href":"https:\/\/www.luleey.com\/pt\/wp-json\/wp\/v2\/product_tag?post=12544"}],"curies":[{"name":"wp","href":"https:\/\/api.w.org\/{rel}","templated":true}]}}