{"id":12565,"date":"2024-07-19T00:53:27","date_gmt":"2024-07-18T16:53:27","guid":{"rendered":"https:\/\/www.luleey.com\/?post_type=product&#038;p=12565"},"modified":"2025-01-14T11:33:08","modified_gmt":"2025-01-14T03:33:08","slug":"mini-fiber-catv-transmitter-two-way-output-210dbm","status":"publish","type":"product","link":"https:\/\/www.luleey.com\/pt\/produto\/mini-fiber-catv-transmitter-two-way-output-210dbm\/","title":{"rendered":"Transmissor CATV de fibra MINI com sa\u00edda bidirecional 2*10dbm"},"content":{"rendered":"<p align=\"left\">Transmissor de 1310\/1550nm com entrada \u00f3ptica projetado especificamente para a rede CATV FTTH. Sua principal caracter\u00edstica \u00e9 o baixo consumo de energia, o sinal \u00f3ptico de sa\u00edda dupla, com entrada \u00f3ptica e entrada de RF de duas maneiras, sa\u00edda de n\u00edvel constante \u00f3ptico AGC, volume pequeno e alta confiabilidade. A ado\u00e7\u00e3o de um inv\u00f3lucro de liga de alum\u00ednio, com circuito AGC de controle \u00f3ptico integrado, estrutura compacta e fonte de alimenta\u00e7\u00e3o modular externa tornam a instala\u00e7\u00e3o e a depura\u00e7\u00e3o muito convenientes. \u00c9 um produto ideal para construir a rede FTTH CATV.<\/p>\n<h3>Recursos<\/h3>\n<ol>\n<li>Carca\u00e7a de alum\u00ednio fundido com boa dispers\u00e3o de calor<\/li>\n<li>Adota o m\u00f3dulo GaAs como m\u00f3dulo de amplifica\u00e7\u00e3o de RF, a faixa de recep\u00e7\u00e3o \u00f3ptica pode chegar a 0~-15dbm, a faixa de entrada de RF \u00e9 de 75~85dbuv.<\/li>\n<li>Faixa de controle AGC do m\u00f3dulo receptor \u00f3ptico de 0 a 15 dBm, o n\u00edvel de sa\u00edda permanece inalterado. Faixa de controle AGC do m\u00f3dulo de entrada de RF de 75 a 85 dBm, o n\u00edvel de sa\u00edda permanece inalterado.<\/li>\n<li data-spm-anchor-id=\"a2g0o.detail.1000023.i0.1668bCE6bCE6zU\">Design de baixo consumo e consumo total \u22644w. A fonte de alimenta\u00e7\u00e3o pode ser inserida diretamente ou alimentada pela sa\u00edda de RF. A faixa de tens\u00e3o da alimenta\u00e7\u00e3o de entrada \u00e9 de 6 a 15 VCC.<\/li>\n<li data-spm-anchor-id=\"a2g0o.detail.1000023.i1.1668bCE6bCE6zU\">Realize a porta de entrada de 12 V alimentando a fonte de alimenta\u00e7\u00e3o<\/li>\n<li data-spm-anchor-id=\"a2g0o.detail.1000023.i1.1668bCE6bCE6zU\">dist\u00e2ncia m\u00e1xima de 15 km<\/li>\n<\/ol>\n<h3>Especifica\u00e7\u00e3o<\/h3>\n<table width=\"867\" data-spm-anchor-id=\"a261y.7663282.descBanner.i16.b66544f2JIpbiy\">\n<tbody>\n<tr>\n<td width=\"211\"><span data-spm-anchor-id=\"a261y.7663282.descBanner.i19.b66544f2JIpbiy\">Item<\/span><\/td>\n<td width=\"387\">Par\u00e2metro<\/td>\n<td width=\"269\">Suplemento<\/td>\n<\/tr>\n<tr>\n<td width=\"211\">Modelo<\/td>\n<td width=\"387\">LL-CATV-T210<\/td>\n<td width=\"269\"><\/td>\n<\/tr>\n<tr>\n<td width=\"211\">MER(dB)<\/td>\n<td width=\"387\">\u226536<\/td>\n<td width=\"269\"><\/td>\n<\/tr>\n<tr>\n<td width=\"211\">MER(dB)<\/td>\n<td width=\"387\">&lt;1.0E-9<\/td>\n<td width=\"269\"><\/td>\n<\/tr>\n<tr>\n<td width=\"211\">CNR (dB)<\/td>\n<td width=\"387\">\u226551<\/td>\n<td width=\"269\">Pino=-2dBm<\/td>\n<\/tr>\n<tr>\n<td width=\"211\">CTB(dB)<\/td>\n<td width=\"387\">\u226565<\/td>\n<td width=\"269\">Pino=-2dBm<\/td>\n<\/tr>\n<tr>\n<td width=\"211\">CSO(dB)<\/td>\n<td width=\"387\">\u226562<\/td>\n<td width=\"269\">Pino=-2dBm<\/td>\n<\/tr>\n<tr>\n<td width=\"211\">Fonte de alimenta\u00e7\u00e3o (V)<\/td>\n<td width=\"387\">6~15VDC<\/td>\n<td width=\"269\"><\/td>\n<\/tr>\n<tr>\n<td width=\"211\">Consumo de energia (W)<\/td>\n<td width=\"387\">\u22644(300mA)\/\u22644(500mA)\/\u22642(250mA)\/\u22644(500mA)<\/td>\n<td width=\"269\">+12VDC<\/td>\n<\/tr>\n<tr>\n<td width=\"211\">Temperatura operacional (\u2103)<\/td>\n<td width=\"387\">-20~+60<\/td>\n<td width=\"269\"><\/td>\n<\/tr>\n<tr>\n<td width=\"211\">Dimens\u00e3o (mm)<\/td>\n<td width=\"387\">178*88*40<\/td>\n<td width=\"269\"><\/td>\n<\/tr>\n<tr>\n<td width=\"211\">peso(g)<\/td>\n<td width=\"387\">365<\/td>\n<td width=\"269\"><\/td>\n<\/tr>\n<tr>\n<td colspan=\"3\" width=\"867\">\u00a0\u00a0\u00a0\u00a0\u00a0\u00a0\u00a0\u00a0\u00a0\u00a0\u00a0 M\u00f3dulo \u00f3ptico<\/td>\n<\/tr>\n<tr>\n<td width=\"211\">Comprimento de onda \u00f3ptica (nm)<\/td>\n<td width=\"387\">1100~1600<\/td>\n<td width=\"269\"><\/td>\n<\/tr>\n<tr>\n<td width=\"211\">Faixa de entrada \u00f3ptica (dBm)<\/td>\n<td width=\"387\">0~ -15<\/td>\n<td width=\"269\"><\/td>\n<\/tr>\n<tr>\n<td width=\"211\">Largura de banda (MHz)<\/td>\n<td width=\"387\">47~1002<\/td>\n<td width=\"269\"><\/td>\n<\/tr>\n<tr>\n<td width=\"211\">Planicidade (dB)<\/td>\n<td width=\"387\">\u00b10.75<\/td>\n<td width=\"269\"><\/td>\n<\/tr>\n<tr>\n<td width=\"211\">N\u00edvel de teste \u00f3ptico (OP.IN.TS) (dBuv)<\/td>\n<td width=\"387\">\u226575<\/td>\n<td width=\"269\">Pino: -15~+0dBm<\/td>\n<\/tr>\n<tr>\n<td width=\"211\">Faixa de controle do AGC (dBm)<\/td>\n<td width=\"387\">0~-15<\/td>\n<td width=\"269\"><\/td>\n<\/tr>\n<tr>\n<td width=\"211\">Perda de retorno de sa\u00edda (dB)<\/td>\n<td width=\"387\">\u226514<\/td>\n<td width=\"269\">47-1000MHz<\/td>\n<\/tr>\n<tr>\n<td width=\"211\">Imped\u00e2ncia de sa\u00edda (\u03a9)<\/td>\n<td width=\"387\">75<\/td>\n<td width=\"269\"><\/td>\n<\/tr>\n<tr>\n<td colspan=\"3\" width=\"867\">\u00a0\u00a0\u00a0\u00a0\u00a0\u00a0\u00a0\u00a0\u00a0\u00a0\u00a0\u00a0 M\u00f3dulo transmissor de 1550 nm<\/td>\n<\/tr>\n<tr>\n<td width=\"211\">Pot\u00eancia de sa\u00edda<\/td>\n<td width=\"387\">2*10dbm<\/td>\n<td><\/td>\n<\/tr>\n<tr>\n<td width=\"211\">N\u00edvel de entrada Rf (dbuv)<\/td>\n<td width=\"387\">75~85<\/td>\n<td><\/td>\n<\/tr>\n<tr>\n<td width=\"211\">N\u00edvel de teste de RF (RF.IN .TS) (dbuv)<\/td>\n<td width=\"387\">\u226578<\/td>\n<td><\/td>\n<\/tr>\n<\/tbody>\n<\/table>","protected":false},"excerpt":{"rendered":"<ol>\n<li>Transmissor CATV Carca\u00e7a de alum\u00ednio fundido com boa dispers\u00e3o de calor<\/li>\n<li>Adota o m\u00f3dulo GaAs como m\u00f3dulo de amplifica\u00e7\u00e3o de RF, a faixa de recep\u00e7\u00e3o \u00f3ptica pode chegar a 0~-15dbm, a faixa de entrada de RF \u00e9 de 75~85dbuv.<\/li>\n<li>Faixa de controle AGC do m\u00f3dulo receptor \u00f3ptico de 0 a 15 dBm, o n\u00edvel de sa\u00edda permanece inalterado. Faixa de controle AGC do m\u00f3dulo de entrada de RF de 75 a 85 dBm, o n\u00edvel de sa\u00edda permanece inalterado.<\/li>\n<li>Design de baixo consumo e consumo total \u22644w. A fonte de alimenta\u00e7\u00e3o pode ser inserida diretamente ou alimentada pela sa\u00edda de RF. A faixa de tens\u00e3o da alimenta\u00e7\u00e3o de entrada \u00e9 de 6 a 15 VCC.<\/li>\n<li>Realize a porta de entrada de 12 V alimentando a fonte de alimenta\u00e7\u00e3o<\/li>\n<\/ol>","protected":false},"featured_media":12588,"comment_status":"open","ping_status":"closed","template":"","meta":[],"product_brand":[],"product_cat":[198],"product_tag":[108,112,114,123,195],"class_list":{"0":"post-12565","1":"product","2":"type-product","3":"status-publish","4":"has-post-thumbnail","6":"product_cat-catv-transmitter","7":"product_tag-1310nm","8":"product_tag-1550nm","9":"product_tag-15km","10":"product_tag-2-port","11":"product_tag-catv","13":"first","14":"instock","15":"shipping-taxable","16":"purchasable","17":"product-type-variable"},"_links":{"self":[{"href":"https:\/\/www.luleey.com\/pt\/wp-json\/wp\/v2\/product\/12565","targetHints":{"allow":["GET"]}}],"collection":[{"href":"https:\/\/www.luleey.com\/pt\/wp-json\/wp\/v2\/product"}],"about":[{"href":"https:\/\/www.luleey.com\/pt\/wp-json\/wp\/v2\/types\/product"}],"replies":[{"embeddable":true,"href":"https:\/\/www.luleey.com\/pt\/wp-json\/wp\/v2\/comments?post=12565"}],"wp:featuredmedia":[{"embeddable":true,"href":"https:\/\/www.luleey.com\/pt\/wp-json\/wp\/v2\/media\/12588"}],"wp:attachment":[{"href":"https:\/\/www.luleey.com\/pt\/wp-json\/wp\/v2\/media?parent=12565"}],"wp:term":[{"taxonomy":"product_brand","embeddable":true,"href":"https:\/\/www.luleey.com\/pt\/wp-json\/wp\/v2\/product_brand?post=12565"},{"taxonomy":"product_cat","embeddable":true,"href":"https:\/\/www.luleey.com\/pt\/wp-json\/wp\/v2\/product_cat?post=12565"},{"taxonomy":"product_tag","embeddable":true,"href":"https:\/\/www.luleey.com\/pt\/wp-json\/wp\/v2\/product_tag?post=12565"}],"curies":[{"name":"wp","href":"https:\/\/api.w.org\/{rel}","templated":true}]}}