{"id":12569,"date":"2024-07-19T00:53:28","date_gmt":"2024-07-18T16:53:28","guid":{"rendered":"https:\/\/www.luleey.com\/?post_type=product&#038;p=12569"},"modified":"2024-12-16T09:27:12","modified_gmt":"2024-12-16T01:27:12","slug":"inch-catv-passive-receiver-optical-rf-head","status":"publish","type":"product","link":"https:\/\/www.luleey.com\/pt\/produto\/inch-catv-passive-receiver-optical-rf-head\/","title":{"rendered":"Cabe\u00e7a de RF \u00f3ptica do receptor passivo CATV de polegada"},"content":{"rendered":"<div>\n<div>\n<h3>Recursos<\/h3>\n<\/div>\n<\/div>\n<ol>\n<li>Di\u00e2metro em polegadas: 9,2-9,4 mm<\/li>\n<li>Estojo pl\u00e1stico de alta qualidade<\/li>\n<li>Sem fonte de alimenta\u00e7\u00e3o e consumo<\/li>\n<\/ol>\n<h3>Especifica\u00e7\u00e3o<\/h3>\n<table width=\"830\">\n<tbody>\n<tr>\n<td width=\"214\">Nome<\/td>\n<td width=\"52\">Unidade<\/td>\n<td width=\"362\">Par\u00e2metros t\u00e9cnicos<\/td>\n<td width=\"202\">Observa\u00e7\u00e3o<\/td>\n<\/tr>\n<tr>\n<td>Modelo<\/td>\n<td><\/td>\n<td>N\u00f3 LL-CATV<\/td>\n<td><\/td>\n<\/tr>\n<tr>\n<td>Comprimento de onda \u00f3ptico recebido<\/td>\n<td>nm<\/td>\n<td>1100-1600 ou comprimento de onda \u00fanico 1550<\/td>\n<td><\/td>\n<\/tr>\n<tr>\n<td>Faixa de pot\u00eancia \u00f3ptica recebida<\/td>\n<td>dBn<\/td>\n<td>0~16dB<\/td>\n<td><\/td>\n<\/tr>\n<tr>\n<td>Largura de banda operacional<\/td>\n<td>MHZ<\/td>\n<td>40-860MHz\/1000MHz<\/td>\n<td><\/td>\n<\/tr>\n<tr>\n<td>Planicidade de RF<\/td>\n<td>dB<\/td>\n<td>\u00b10.75<\/td>\n<td><\/td>\n<\/tr>\n<tr>\n<td>Imped\u00e2ncia de RF<\/td>\n<td>Q<\/td>\n<td>75<\/td>\n<td><\/td>\n<\/tr>\n<tr>\n<td>Conector de sa\u00edda de RF<\/td>\n<td><\/td>\n<td>Masculino, Feminino<\/td>\n<td>Polegadas<\/td>\n<\/tr>\n<tr>\n<td>N\u00edvel de sa\u00edda<\/td>\n<td>dBuv<\/td>\n<td width=\"362\">69dBuv (@0dBm de recep\u00e7\u00e3o) MER: 39, BER: 1.0E-9<br \/>\n58dBuv (@-6dBm de recep\u00e7\u00e3o) HER: 38, BER; 1,0E-9<br \/>\n49dBuv (@-10dBm de recep\u00e7\u00e3o) MER:31 BER: 1.0E-7<br \/>\n45dBuv (recep\u00e7\u00e3o @-12dBm) MGR:27, BER: 1.0E-7<\/td>\n<td width=\"202\">Condi\u00e7\u00f5es de teste: N\u00edvel de entrada \u00f3ptica: 80dBuv, MER:38, BER: 1,0E-9<\/td>\n<\/tr>\n<tr>\n<td>Perda de reflex\u00e3o da sa\u00edda de RF<\/td>\n<td>dB<\/td>\n<td>&gt;=16 \uff0810-550MHZ\uff09 . &gt;=14 \uff08550-1000MHZ\uff09<\/td>\n<td><\/td>\n<\/tr>\n<tr>\n<td>Perda de reflex\u00e3o \u00f3ptica na entrada<\/td>\n<td>dB<\/td>\n<td>&gt;=45<\/td>\n<td><\/td>\n<\/tr>\n<tr>\n<td>Tipo de conector \u00f3ptico<\/td>\n<td><\/td>\n<td>SC\/APC<\/td>\n<td><\/td>\n<\/tr>\n<tr>\n<td>C\/N<\/td>\n<td>dB<\/td>\n<td>&gt;=51<\/td>\n<td rowspan=\"3\" width=\"202\">As condi\u00e7\u00f5es de teste est\u00e3o de acordo com a norma GT\/T184-2002.<\/td>\n<\/tr>\n<tr>\n<td>C\/CTB<\/td>\n<td>Dbc<\/td>\n<td>&gt;=65<\/td>\n<\/tr>\n<tr>\n<td>C\/CSO<\/td>\n<td>dB<\/td>\n<td>&gt;=62<\/td>\n<\/tr>\n<tr>\n<td>Sensibilidade<\/td>\n<td>dB<\/td>\n<td>-17<\/td>\n<td><\/td>\n<\/tr>\n<tr>\n<td>Faixa de temperatura operacional<\/td>\n<td>\u2103<\/td>\n<td>-20 - +60<\/td>\n<td><\/td>\n<\/tr>\n<tr>\n<td>Umidade relativa m\u00e1xima de opera\u00e7\u00e3o<\/td>\n<td>%<\/td>\n<td>M\u00e1ximo 95% sem condensa\u00e7\u00e3o<\/td>\n<td><\/td>\n<\/tr>\n<tr>\n<td>Interface de fibra \u00f3ptica<\/td>\n<td><\/td>\n<td>SC\/APC SC\/UPC FC\/APC<\/td>\n<td><\/td>\n<\/tr>\n<tr>\n<td>Umidade relativa operacional<\/td>\n<td>%<\/td>\n<td>M\u00e1x. 10% - 95% sem condensa\u00e7\u00e3o<\/td>\n<td><\/td>\n<\/tr>\n<tr>\n<td>Dimens\u00e3o<\/td>\n<td>mm<\/td>\n<td>58mm*24mm*13mm<\/td>\n<td><\/td>\n<\/tr>\n<\/tbody>\n<\/table>\n<p align=\"left\">","protected":false},"excerpt":{"rendered":"<p>O receptor passivo CATV \u00e9 um receptor \u00f3ptico dom\u00e9stico que atende ao objetivo final de desenvolvimento da fibra \u00f3ptica<br \/>\nacesso e \u00e9 adequado para o terminal de acesso de usu\u00e1rio de fibra \u00f3ptica da rede FTTH para realizar o acesso de sinal anal\u00f3gico ou digital a<br \/>\no lar.<\/p>","protected":false},"featured_media":12097,"comment_status":"open","ping_status":"closed","template":"","meta":[],"product_brand":[],"product_cat":[197],"product_tag":[112,195,299,306],"class_list":{"0":"post-12569","1":"product","2":"type-product","3":"status-publish","4":"has-post-thumbnail","6":"product_cat-catv-receiver","7":"product_tag-1550nm","8":"product_tag-catv","9":"product_tag-rf","10":"product_tag-sc-apc","12":"first","13":"instock","14":"shipping-taxable","15":"purchasable","16":"product-type-variable"},"_links":{"self":[{"href":"https:\/\/www.luleey.com\/pt\/wp-json\/wp\/v2\/product\/12569","targetHints":{"allow":["GET"]}}],"collection":[{"href":"https:\/\/www.luleey.com\/pt\/wp-json\/wp\/v2\/product"}],"about":[{"href":"https:\/\/www.luleey.com\/pt\/wp-json\/wp\/v2\/types\/product"}],"replies":[{"embeddable":true,"href":"https:\/\/www.luleey.com\/pt\/wp-json\/wp\/v2\/comments?post=12569"}],"wp:featuredmedia":[{"embeddable":true,"href":"https:\/\/www.luleey.com\/pt\/wp-json\/wp\/v2\/media\/12097"}],"wp:attachment":[{"href":"https:\/\/www.luleey.com\/pt\/wp-json\/wp\/v2\/media?parent=12569"}],"wp:term":[{"taxonomy":"product_brand","embeddable":true,"href":"https:\/\/www.luleey.com\/pt\/wp-json\/wp\/v2\/product_brand?post=12569"},{"taxonomy":"product_cat","embeddable":true,"href":"https:\/\/www.luleey.com\/pt\/wp-json\/wp\/v2\/product_cat?post=12569"},{"taxonomy":"product_tag","embeddable":true,"href":"https:\/\/www.luleey.com\/pt\/wp-json\/wp\/v2\/product_tag?post=12569"}],"curies":[{"name":"wp","href":"https:\/\/api.w.org\/{rel}","templated":true}]}}