{"id":12572,"date":"2024-07-19T00:53:29","date_gmt":"2024-07-18T16:53:29","guid":{"rendered":"https:\/\/www.luleey.com\/?post_type=product&#038;p=12572"},"modified":"2024-12-24T16:10:57","modified_gmt":"2024-12-24T08:10:57","slug":"fiber-quick-connector-sc-apc","status":"publish","type":"product","link":"https:\/\/www.luleey.com\/pt\/produto\/fiber-quick-connector-sc-apc\/","title":{"rendered":"Conector r\u00e1pido de fibra SC APC"},"content":{"rendered":"<h3><strong>Conector r\u00e1pido SC APC<\/strong><\/h3>\n<h3>Recursos<\/h3>\n<ol>\n<li>Apresentamos o conector r\u00e1pido de fibra SC APC - a solu\u00e7\u00e3o perfeita para todas as suas necessidades de conectividade de fibra \u00f3ptica. Com seu desempenho e durabilidade excepcionais, esse conector r\u00e1pido foi projetado para superar suas expectativas.<\/li>\n<li>Com uma perda de inser\u00e7\u00e3o de \u22640,3dB, esse conector garante uma conex\u00e3o confi\u00e1vel e eficiente, minimizando a perda de sinal e maximizando o desempenho. Sua alta perda de retorno de \u226555dB garante a transmiss\u00e3o ideal de dados, proporcionando uma comunica\u00e7\u00e3o clara e ininterrupta.<\/li>\n<li>Criado para suportar condi\u00e7\u00f5es extremas, esse conector foi projetado para operar sem falhas em temperaturas que variam de -40 a +85 graus Celsius. N\u00e3o importa se voc\u00ea est\u00e1 trabalhando em um deserto escaldante ou em ambientes gelados, esse conector n\u00e3o o decepcionar\u00e1, garantindo uma conex\u00e3o est\u00e1vel e consistente.<\/li>\n<li>O conector r\u00e1pido de fibra SC APC foi projetado tendo em mente a possibilidade de reutiliza\u00e7\u00e3o. Com seu design avan\u00e7ado, ele permite f\u00e1cil instala\u00e7\u00e3o e remo\u00e7\u00e3o sem sacrificar o desempenho. Isso significa que voc\u00ea pode usar e reutilizar esse conector com confian\u00e7a sem se preocupar com qualquer degrada\u00e7\u00e3o na qualidade do sinal.<\/li>\n<li>Testado de acordo com os mais altos padr\u00f5es do setor, esse conector \u00e9 submetido a rigorosos testes de queda, tens\u00e3o, vibra\u00e7\u00e3o e tor\u00e7\u00e3o. Ele supera todos os requisitos de seguran\u00e7a, garantindo seu desempenho confi\u00e1vel mesmo nas condi\u00e7\u00f5es mais adversas. Tenha certeza de que esse conector resistir\u00e1 a todos os desafios que encontrar.<\/li>\n<li>Equipado com uma forte resist\u00eancia \u00e0 tra\u00e7\u00e3o maior ou igual a 30N, esse conector garante uma conex\u00e3o segura que n\u00e3o ser\u00e1 facilmente separada ou comprometida. Independentemente da tens\u00e3o ou do esfor\u00e7o aplicado, esse conector se manter\u00e1 firme, proporcionando a voc\u00ea tranquilidade e uma conex\u00e3o segura.<\/li>\n<li>Atualize sua rede de fibra \u00f3ptica com o conector r\u00e1pido de fibra SC APC. Seu excepcional desempenho, durabilidade e flexibilidade fazem dele a escolha perfeita para profissionais dos setores de telecomunica\u00e7\u00f5es, TI e data center.<\/li>\n<\/ol>\n<h3>Especifica\u00e7\u00e3o<\/h3>\n<table width=\"834\">\n<tbody>\n<tr>\n<td width=\"273\">Modelo<\/td>\n<td width=\"561\">LL-SCUPC-SCAPC<\/td>\n<\/tr>\n<tr>\n<td>Aplicativos<\/td>\n<td>Rede de acesso;Sistemas de telecomunica\u00e7\u00f5es\/CATV;FTTx<\/td>\n<\/tr>\n<tr>\n<td>Perda de inser\u00e7\u00e3o<\/td>\n<td>\u22640,3dB<\/td>\n<\/tr>\n<tr>\n<td>Perda de retorno<\/td>\n<td>\u226555dB<\/td>\n<\/tr>\n<tr>\n<td>Temperatura operacional<\/td>\n<td>\u00a0-40~+85 graus Celsius<\/td>\n<\/tr>\n<tr>\n<td>Reutiliza\u00e7\u00e3o<\/td>\n<td>\u00a0Suporte<\/td>\n<\/tr>\n<tr>\n<td>Teste<\/td>\n<td>\u00a0Teste padr\u00e3o para queda, tens\u00e3o, vibra\u00e7\u00e3o e tor\u00e7\u00e3o.<\/td>\n<\/tr>\n<tr>\n<td>Teste de tra\u00e7\u00e3o<\/td>\n<td>\u00a0maior ou igual a 30N<\/td>\n<\/tr>\n<\/tbody>\n<\/table>\n<p>&nbsp;<\/p>\n<p>&nbsp;<\/p>","protected":false},"excerpt":{"rendered":"<ol>\n<li>- F\u00e1cil de instalar: O conector r\u00e1pido de fibra SC APC permite uma instala\u00e7\u00e3o r\u00e1pida e descomplicada com perda de inser\u00e7\u00e3o m\u00ednima de \u22640,3 dB.<\/li>\n<li>- Alta perda de retorno: Com uma perda de retorno de \u226555dB, esse conector garante uma qualidade de sinal superior e reduz as reflex\u00f5es de sinal.<\/li>\n<li>- Ampla faixa de temperatura operacional: Projetado para suportar condi\u00e7\u00f5es extremas, esse conector pode operar com efici\u00eancia em temperaturas que variam de -40 a +85 graus Celsius.<\/li>\n<li>- Design reutiliz\u00e1vel: Esse conector foi projetado para ser reutiliz\u00e1vel, o que o torna econ\u00f4mico e uma op\u00e7\u00e3o sustent\u00e1vel para v\u00e1rias conex\u00f5es de fibra \u00f3ptica.<\/li>\n<li>- Rigorosamente testado: Esse conector \u00e9 submetido a testes de durabilidade padr\u00e3o para queda, tens\u00e3o, vibra\u00e7\u00e3o e tor\u00e7\u00e3o, garantindo sua confiabilidade mesmo em ambientes exigentes. Al\u00e9m disso, ele passa por um teste de tra\u00e7\u00e3o com uma resist\u00eancia maior ou igual a 30N.<\/li>\n<\/ol>","protected":false},"featured_media":12590,"comment_status":"open","ping_status":"closed","template":"","meta":[],"product_brand":[],"product_cat":[368],"product_tag":[223,306],"class_list":{"0":"post-12572","1":"product","2":"type-product","3":"status-publish","4":"has-post-thumbnail","6":"product_cat-quick-connector-and-connector-panel","7":"product_tag-fiber-connector","8":"product_tag-sc-apc","10":"first","11":"instock","12":"sale","13":"shipping-taxable","14":"purchasable","15":"product-type-variable"},"_links":{"self":[{"href":"https:\/\/www.luleey.com\/pt\/wp-json\/wp\/v2\/product\/12572","targetHints":{"allow":["GET"]}}],"collection":[{"href":"https:\/\/www.luleey.com\/pt\/wp-json\/wp\/v2\/product"}],"about":[{"href":"https:\/\/www.luleey.com\/pt\/wp-json\/wp\/v2\/types\/product"}],"replies":[{"embeddable":true,"href":"https:\/\/www.luleey.com\/pt\/wp-json\/wp\/v2\/comments?post=12572"}],"wp:featuredmedia":[{"embeddable":true,"href":"https:\/\/www.luleey.com\/pt\/wp-json\/wp\/v2\/media\/12590"}],"wp:attachment":[{"href":"https:\/\/www.luleey.com\/pt\/wp-json\/wp\/v2\/media?parent=12572"}],"wp:term":[{"taxonomy":"product_brand","embeddable":true,"href":"https:\/\/www.luleey.com\/pt\/wp-json\/wp\/v2\/product_brand?post=12572"},{"taxonomy":"product_cat","embeddable":true,"href":"https:\/\/www.luleey.com\/pt\/wp-json\/wp\/v2\/product_cat?post=12572"},{"taxonomy":"product_tag","embeddable":true,"href":"https:\/\/www.luleey.com\/pt\/wp-json\/wp\/v2\/product_tag?post=12572"}],"curies":[{"name":"wp","href":"https:\/\/api.w.org\/{rel}","templated":true}]}}