{"id":12574,"date":"2024-07-19T00:53:29","date_gmt":"2024-07-18T16:53:29","guid":{"rendered":"https:\/\/www.luleey.com\/?post_type=product&#038;p=12574"},"modified":"2025-01-21T14:09:16","modified_gmt":"2025-01-21T06:09:16","slug":"video-optical-converter-4-8-channel","status":"publish","type":"product","link":"https:\/\/www.luleey.com\/pt\/produto\/video-optical-converter-4-8-channel\/","title":{"rendered":"Conversor \u00f3ptico de v\u00eddeo 4 8 canais"},"content":{"rendered":"<div>\n<div class=\"title--wrap--Ms9Zv4A\">\n<h3 data-pl=\"product-title\" data-spm-anchor-id=\"a2g0o.detail.0.i7.4fc0nIZxnIZx24\">Transceptor \u00f3ptico de monitoramento digital de 4 vias VOOP puro de 1 par Modo \u00fanico FC 8 canais BNC Conversor \u00f3ptico de v\u00eddeo 20 km<\/h3>\n<\/div>\n<h3>Recursos<\/h3>\n<ol>\n<li>O conversor \u00f3ptico de v\u00eddeo LL-BNC2FC de 4 8 canais \u00e9 a solu\u00e7\u00e3o ideal para todas as suas necessidades de transmiss\u00e3o de v\u00eddeo. Se voc\u00ea precisar dele para transmiss\u00e3o de r\u00e1dio e televis\u00e3o, vigil\u00e2ncia por v\u00eddeo, ferrovias, monitoramento de energia de alta velocidade, seguran\u00e7a, videoconfer\u00eancia ou comunidades inteligentes automatizadas, esse conversor confi\u00e1vel tem tudo o que voc\u00ea precisa.<\/li>\n<li>Projetado para desempenho e facilidade de uso, esse conversor \u00f3ptico de v\u00eddeo permite transmitir sinais de v\u00eddeo de alta qualidade sem nenhuma perda de qualidade ou degrada\u00e7\u00e3o. Com seu conversor \u00f3ptico de v\u00eddeo BNC de 8 canais, voc\u00ea pode conectar facilmente v\u00e1rios dispositivos e monitorar imagens de v\u00eddeo com a m\u00e1xima clareza e precis\u00e3o.<\/li>\n<li>Constru\u00eddo com uma estrutura met\u00e1lica de alta qualidade, esse conversor foi feito para durar. Seu design dur\u00e1vel garante que ele possa suportar o desgaste di\u00e1rio, tornando-o adequado para uso a longo prazo. Al\u00e9m disso, o processo de instala\u00e7\u00e3o f\u00e1cil permite uma configura\u00e7\u00e3o sem complica\u00e7\u00f5es, para que voc\u00ea possa come\u00e7ar a trabalhar em pouco tempo. Basta conectar e usar, e pronto!<\/li>\n<li>Um dos recursos de destaque desse conversor \u00f3ptico de v\u00eddeo \u00e9 sua tecnologia FC de modo \u00fanico. Essa tecnologia garante que os sinais de v\u00eddeo sejam transmitidos por longas dist\u00e2ncias, de at\u00e9 20 quil\u00f4metros, sem nenhuma perda ou interfer\u00eancia, o que o torna perfeito para uso em instala\u00e7\u00f5es de grande escala ou configura\u00e7\u00f5es de vigil\u00e2ncia.<\/li>\n<li>O transceptor \u00f3ptico de monitoramento digital puro VOOP de 4 vias acrescenta outro n\u00edvel de versatilidade a esse conversor. Com esse recurso, \u00e9 poss\u00edvel conectar v\u00e1rios dispositivos de monitoramento, permitindo o monitoramento de v\u00eddeo em tempo real de diferentes locais simultaneamente.<\/li>\n<li>Seja voc\u00ea um empres\u00e1rio que deseja atualizar seu sistema de vigil\u00e2ncia por v\u00eddeo ou um entusiasta da tecnologia que deseja aprimorar sua experi\u00eancia de videoconfer\u00eancia, este conversor \u00f3ptico de v\u00eddeo \u00e9 um divisor de \u00e1guas. Sua tecnologia avan\u00e7ada, combinada com sua constru\u00e7\u00e3o robusta, certamente impressionar\u00e1 e oferecer\u00e1 o desempenho que voc\u00ea exige.<\/li>\n<li>Em conclus\u00e3o, o conversor \u00f3ptico de v\u00eddeo LL-BNC2FC de 4 8 canais \u00e9 a solu\u00e7\u00e3o perfeita para quem precisa de transmiss\u00e3o de v\u00eddeo confi\u00e1vel e de alta qualidade. Com sua capacidade multicanal, estrutura met\u00e1lica dur\u00e1vel, f\u00e1cil instala\u00e7\u00e3o e a capacidade de transmitir sinais de v\u00eddeo a at\u00e9 20 quil\u00f4metros, esse conversor oferece um desempenho inigual\u00e1vel. Atualize sua configura\u00e7\u00e3o de vigil\u00e2ncia por v\u00eddeo ou de confer\u00eancia hoje mesmo e experimente a diferen\u00e7a com este produto excepcional.<\/li>\n<\/ol>\n<h3>Especifica\u00e7\u00e3o<\/h3>\n<\/div>\n<div>\n<div>\n<div>\n<div>\n<div id=\"offer-template-0\">\n<div>\n<table width=\"834\">\n<tbody>\n<tr>\n<td width=\"273\">Modelo<\/td>\n<td width=\"561\">LL-BNC2FC<\/td>\n<\/tr>\n<tr>\n<td>Temperatura de armazenamento<\/td>\n<td>\u00a0-40~+70 graus Celsius<\/td>\n<\/tr>\n<tr>\n<td>Temperatura de trabalho<\/td>\n<td>\u00a00~+55 graus Celsius<\/td>\n<\/tr>\n<tr>\n<td>Interface do produto<\/td>\n<td>\u00a0Interface FC<\/td>\n<\/tr>\n<tr>\n<td>Tamanho<\/td>\n<td>\u00a0112*97*40mm<\/td>\n<\/tr>\n<tr>\n<td>Dist\u00e2ncia de transmiss\u00e3o<\/td>\n<td>\u00a020 km<\/td>\n<\/tr>\n<\/tbody>\n<\/table>\n<\/div>\n<\/div>\n<\/div>\n<\/div>\n<\/div>\n<\/div>","protected":false},"excerpt":{"rendered":"<p>1. conversor \u00f3ptico de v\u00eddeo Adequado para transmiss\u00e3o de r\u00e1dio e televis\u00e3o, vigil\u00e2ncia por v\u00eddeo, ferrovias, monitoramento de energia de alta velocidade, seguran\u00e7a, videoconfer\u00eancia, comunidades inteligentes automatizadas, etc.<br \/>\n2. Estrutura met\u00e1lica de alta qualidade, dur\u00e1vel, f\u00e1cil de instalar, plug and play.<\/p>","protected":false},"featured_media":12120,"comment_status":"open","ping_status":"closed","template":"","meta":[],"product_brand":[],"product_cat":[358],"product_tag":[130,192,213,276],"class_list":{"0":"post-12574","1":"product","2":"type-product","3":"status-publish","4":"has-post-thumbnail","6":"product_cat-video-to-fiber-media-converters","7":"product_tag-20km","8":"product_tag-bnc","9":"product_tag-fc","10":"product_tag-optical-converter","12":"first","13":"instock","14":"sale","15":"shipping-taxable","16":"purchasable","17":"product-type-variable"},"_links":{"self":[{"href":"https:\/\/www.luleey.com\/pt\/wp-json\/wp\/v2\/product\/12574","targetHints":{"allow":["GET"]}}],"collection":[{"href":"https:\/\/www.luleey.com\/pt\/wp-json\/wp\/v2\/product"}],"about":[{"href":"https:\/\/www.luleey.com\/pt\/wp-json\/wp\/v2\/types\/product"}],"replies":[{"embeddable":true,"href":"https:\/\/www.luleey.com\/pt\/wp-json\/wp\/v2\/comments?post=12574"}],"wp:featuredmedia":[{"embeddable":true,"href":"https:\/\/www.luleey.com\/pt\/wp-json\/wp\/v2\/media\/12120"}],"wp:attachment":[{"href":"https:\/\/www.luleey.com\/pt\/wp-json\/wp\/v2\/media?parent=12574"}],"wp:term":[{"taxonomy":"product_brand","embeddable":true,"href":"https:\/\/www.luleey.com\/pt\/wp-json\/wp\/v2\/product_brand?post=12574"},{"taxonomy":"product_cat","embeddable":true,"href":"https:\/\/www.luleey.com\/pt\/wp-json\/wp\/v2\/product_cat?post=12574"},{"taxonomy":"product_tag","embeddable":true,"href":"https:\/\/www.luleey.com\/pt\/wp-json\/wp\/v2\/product_tag?post=12574"}],"curies":[{"name":"wp","href":"https:\/\/api.w.org\/{rel}","templated":true}]}}