{"id":12577,"date":"2024-07-19T00:53:29","date_gmt":"2024-07-18T16:53:29","guid":{"rendered":"https:\/\/www.luleey.com\/?post_type=product&#038;p=12577"},"modified":"2025-08-03T21:21:05","modified_gmt":"2025-08-03T13:21:05","slug":"48-port-gigabit-switch-managed-ethernet-switch-ll-l3mes-sw-1000-48","status":"publish","type":"product","link":"https:\/\/www.luleey.com\/pt\/produto\/48-port-gigabit-switch-managed-ethernet-switch-ll-l3mes-sw-1000-48\/","title":{"rendered":"Switch Gigabit Ethernet gerenciado de 48 portas, LL-L3MES-SW-1000-48"},"content":{"rendered":"<div>\n<div>\n<div class=\"title--wrap--Ms9Zv4A\">\n<h3 data-pl=\"product-title\" data-spm-anchor-id=\"a2g0o.detail.0.i10.6b21dra9dra9Zs\">Switch Gigabit de 48 portas 4 portas de fibra Gerenciamento WEB Porta \u00f3ptica de linha ascendente 10G Rede em anel VLAN L3, suporte a DHCP IGMP Snooping<\/h3>\n<p>&nbsp;<\/p>\n<\/div>\n<p>Se voc\u00ea est\u00e1 procurando uma maneira confi\u00e1vel e eficiente de gerenciar suas conex\u00f5es de rede, este switch Gigabit de 48 portas \u00e9 a solu\u00e7\u00e3o perfeita. Com 48 portas Gigabit Ethernet totalmente gerenciadas e 4 portas SFP de fibra, voc\u00ea ter\u00e1 muitas op\u00e7\u00f5es para conectar seus dispositivos e expandir sua rede.<\/p>\n<p>Um dos principais recursos desse switch \u00e9 seu avan\u00e7ado sistema de gerenciamento WEB, que permite configurar e monitorar facilmente as configura\u00e7\u00f5es de rede a partir de uma interface baseada na Web. Voc\u00ea poder\u00e1 configurar VLANs, QoS, roteamento L3, snooping IGMP e muito mais, tudo em um \u00fanico local conveniente.<\/p>\n<p>Al\u00e9m disso, esse switch tamb\u00e9m suporta uma porta \u00f3ptica 10G Up-line, que pode fornecer conectividade extremamente r\u00e1pida para seus dispositivos de alta largura de banda. E, gra\u00e7as \u00e0 sua topologia flex\u00edvel de rede em anel VLAN, voc\u00ea poder\u00e1 criar uma rede mais segura e confi\u00e1vel, resistente a pontos \u00fanicos de falha.<\/p>\n<p>No geral, esse switch Gigabit de 48 portas \u00e9 uma excelente op\u00e7\u00e3o para empresas, escolas ou outras organiza\u00e7\u00f5es que precisam de uma solu\u00e7\u00e3o de rede potente e rica em recursos. Portanto, se estiver pronto para levar sua rede ao pr\u00f3ximo n\u00edvel, n\u00e3o deixe de adquirir um desses hoje mesmo!<\/p>\n<p>&nbsp;<\/p>\n<\/div>\n<div><strong data-spm-anchor-id=\"a2g0o.detail.1000023.i0.6e6d2ca3EqJnmk\">Produto\u00a0<\/strong><strong>Recursos<\/strong><br \/>\n1. A VLAN suporta a divis\u00e3o de v\u00e1rias redes<br \/>\n2. Prote\u00e7\u00e3o dupla contra raios para a porta de rede e a porta de alimenta\u00e7\u00e3o<br \/>\n3. Gerenciamento da WEB<br \/>\n4. L3, suporte a DHCPQoSACLSNMP V1 V2 V3IGMP Snooping V1 V2<br \/>\n<strong>Defini\u00e7\u00e3o de porta\u00a0<\/strong><\/div>\n<\/div>\n<div id=\"offer-template-0\">\n<ul>\n<li>48 portas Gigabit + 4 SFP de 10 Gigabit + 1 porta de gerenciamento + 1 porta SUB<\/li>\n<\/ul>\n<p align=\"left\"><strong>Protocolo de rede<\/strong><\/p>\n<ul>\n<li>IEEE 802.3 IEEE 802.3i IEEE 802.3u IEEE 802.3ab IEEE 802.3Z IEEE 802.3ae IEEE 802.3az IEEE 802.3ad<\/li>\n<li>IEEE 802.3x IEEE 802.1ab IEEE 802.1p IEEE 802.1q IEEE 802.1x IEEE 802.1d IEEE 802.1s IEEE 802.1w<\/li>\n<\/ul>\n<p align=\"left\"><strong>Meio de transmiss\u00e3o de rede<\/strong><\/p>\n<ul>\n<li>10Base-T: Cat3, 4, 5 ou superior UTP\/STP (\u2264100m) 100Base-Tx: Cat5 ou superior UTP\/STP (\u2264100m)<\/li>\n<li>1000Base-TX: Categoria Cat5 ou superior UTP\/STP (\u2264100m) fibra multimodo: 50\/125, 62,5\/125, 100\/140um<\/li>\n<li>Fibra monomodo: 8\/125, 8,7\/125, 9\/125, 10\/125um<\/li>\n<\/ul>\n<p align=\"left\"><strong>Luz indicadora<\/strong><\/p>\n<ul>\n<li>PWR (indicador de energia) SYS (luz do sistema)<\/li>\n<li>Link\/ACT (luz de link\/luz de dados)<\/li>\n<\/ul>\n<p align=\"left\"><strong>ambiente de trabalho<\/strong><\/p>\n<ul>\n<li>Temperatura de trabalho: -10~50\u00b0C Temperatura de armazenamento: -40~70\u00b0C<\/li>\n<\/ul>\n<p align=\"left\"><strong>desempenho<\/strong><\/p>\n<ul>\n<li>Largura de banda do backplane: 336 Gbps<\/li>\n<li>Taxa de encaminhamento de pacotes: 131Mpps<\/li>\n<li>Buffer de pacotes: 16Mbit<\/li>\n<\/ul>\n<p align=\"left\"><strong>tamanho da estrutura<\/strong><\/p>\n<ul>\n<li>Tamanho do produto: 440*280*44mm<\/li>\n<li>Tamanho da embalagem: 500*350*90mm<\/li>\n<li>Peso l\u00edquido do produto: 3,9 kg Peso bruto do produto: 4,6 kg<\/li>\n<li>Tamanho da caixa: 600*495*435mm<\/li>\n<\/ul>\n<p align=\"left\"><strong>Informa\u00e7\u00f5es sobre a embalagem<\/strong><\/p>\n<ul>\n<li>Quantidade da embalagem: 5 conjuntos Peso da embalagem: 24KG<\/li>\n<\/ul>\n<p align=\"left\"><strong>certificado de seguran\u00e7a\u00a0<\/strong><\/p>\n<ul>\n<li>CE, FCC, RoHS<\/li>\n<\/ul>\n<p>&nbsp;<\/p>\n<\/div>","protected":false},"excerpt":{"rendered":"<p>Switch Gigabit de 48 portas<\/p>\n<p>- Alta capacidade: Com 48 portas gigabit e 4 portas SFP de fibra, esse switch atender\u00e1 com facilidade at\u00e9 mesmo as redes de dados mais movimentadas.<br \/>\n- Gerenciamento avan\u00e7ado: Gerenciamento via WEB, VLAN Ring Network L3 e suporte para DHCP e IGMP Snooping proporcionam um controle mais poderoso e flex\u00edvel.<br \/>\n- R\u00e1pido como um raio: A porta \u00f3ptica 10G Up-line torna este switch extremamente r\u00e1pido e capaz de fornecer dados de alta velocidade \u00e0 sua rede em um piscar de olhos.<br \/>\n- Efici\u00eancia aprimorada: A pr\u00e1tica VLAN Ring Network L3 deste switch permite que voc\u00ea simplifique o layout da sua rede e aumente a efici\u00eancia reduzindo as tempestades de broadcast.<br \/>\n- Ampla compatibilidade: Nosso switch \u00e9 compat\u00edvel com todos os tipos de dispositivos, de PCs a consoles de jogos, para que voc\u00ea possa desfrutar de conectividade de alta velocidade em toda a sua rede.<\/p>","protected":false},"featured_media":12615,"comment_status":"open","ping_status":"closed","template":"","meta":[],"product_brand":[],"product_cat":[258,207],"product_tag":[89,151,208,244],"class_list":{"0":"post-12577","1":"product","2":"type-product","3":"status-publish","4":"has-post-thumbnail","6":"product_cat-managed-switches","7":"product_cat-switches","8":"product_tag-1000m","9":"product_tag-48-port","10":"product_tag-ethernet-switch","11":"product_tag-l3-managed","13":"first","14":"instock","15":"sale","16":"shipping-taxable","17":"purchasable","18":"product-type-variable"},"_links":{"self":[{"href":"https:\/\/www.luleey.com\/pt\/wp-json\/wp\/v2\/product\/12577","targetHints":{"allow":["GET"]}}],"collection":[{"href":"https:\/\/www.luleey.com\/pt\/wp-json\/wp\/v2\/product"}],"about":[{"href":"https:\/\/www.luleey.com\/pt\/wp-json\/wp\/v2\/types\/product"}],"replies":[{"embeddable":true,"href":"https:\/\/www.luleey.com\/pt\/wp-json\/wp\/v2\/comments?post=12577"}],"wp:featuredmedia":[{"embeddable":true,"href":"https:\/\/www.luleey.com\/pt\/wp-json\/wp\/v2\/media\/12615"}],"wp:attachment":[{"href":"https:\/\/www.luleey.com\/pt\/wp-json\/wp\/v2\/media?parent=12577"}],"wp:term":[{"taxonomy":"product_brand","embeddable":true,"href":"https:\/\/www.luleey.com\/pt\/wp-json\/wp\/v2\/product_brand?post=12577"},{"taxonomy":"product_cat","embeddable":true,"href":"https:\/\/www.luleey.com\/pt\/wp-json\/wp\/v2\/product_cat?post=12577"},{"taxonomy":"product_tag","embeddable":true,"href":"https:\/\/www.luleey.com\/pt\/wp-json\/wp\/v2\/product_tag?post=12577"}],"curies":[{"name":"wp","href":"https:\/\/api.w.org\/{rel}","templated":true}]}}