{"id":12578,"date":"2024-07-19T00:53:30","date_gmt":"2024-07-18T16:53:30","guid":{"rendered":"https:\/\/www.luleey.com\/?post_type=product&#038;p=12578"},"modified":"2025-04-10T11:41:28","modified_gmt":"2025-04-10T03:41:28","slug":"rs485-rs422-fiber-media-converter-fiber-to-serial-converter-20km-bidi","status":"publish","type":"product","link":"https:\/\/www.luleey.com\/pt\/produto\/rs485-rs422-fiber-media-converter-fiber-to-serial-converter-20km-bidi\/","title":{"rendered":"Conversor de m\u00eddia de fibra RS485 RS422 Conversor de fibra para serial 20 km BIDI"},"content":{"rendered":"<div class=\"title--wrap--Ms9Zv4A\" data-spm-anchor-id=\"a2g0o.detail.0.i6.69e9EDaUEDaU6L\">\n<div class=\"title--wrap--Ms9Zv4A\" data-spm-anchor-id=\"a2g0o.detail.0.i6.69e9EDaUEDaU6L\">\n<h3>Recursos<\/h3>\n<ol>\n<li>Concha met\u00e1lica para proteger contra interfer\u00eancias externas<\/li>\n<li>V\u00e1rias aberturas para uma boa dissipa\u00e7\u00e3o de calor<\/li>\n<li>Plug and play, m\u00f3dulo tudo em um<\/li>\n<li>Chip de alta qualidade, transmiss\u00e3o est\u00e1vel<\/li>\n<li>Suporte \u00e0 porta de fibra BIDI<\/li>\n<\/ol>\n<h3>Especifica\u00e7\u00e3o<\/h3>\n<table style=\"width: 57.3132%; height: 216px;\" width=\"834\">\n<tbody>\n<tr style=\"height: 24px;\">\n<td style=\"height: 24px;\">Marca<\/td>\n<td style=\"height: 24px;\">LuLeey<\/td>\n<\/tr>\n<tr style=\"height: 24px;\">\n<td style=\"height: 24px;\">Nome do produto<\/td>\n<td style=\"height: 24px;\">Conversor de m\u00eddia RS485\/422<\/td>\n<\/tr>\n<tr style=\"height: 24px;\">\n<td style=\"height: 24px;\" width=\"273\">Modelo<\/td>\n<td style=\"height: 24px;\" width=\"561\">\u00a0LL-MC-RS2F<\/td>\n<\/tr>\n<tr style=\"height: 24px;\">\n<td style=\"height: 24px;\">Comprimento de onda da fibra<\/td>\n<td style=\"height: 24px;\">\u00a01310nm\/1550nm<\/td>\n<\/tr>\n<tr style=\"height: 24px;\">\n<td style=\"height: 24px;\">Dist\u00e2ncia de transmiss\u00e3o da porta \u00f3ptica<\/td>\n<td style=\"height: 24px;\">\u00a0modo \u00fanico 20 km, modo m\u00faltiplo 2 km<\/td>\n<\/tr>\n<tr style=\"height: 24px;\">\n<td style=\"height: 24px;\">Temperatura de trabalho<\/td>\n<td style=\"height: 24px;\">\u00a0-25~70 graus Celsius<\/td>\n<\/tr>\n<tr style=\"height: 24px;\">\n<td style=\"height: 24px;\">Temperatura de armazenamento<\/td>\n<td style=\"height: 24px;\">\u00a0-40~80 graus Celsius<\/td>\n<\/tr>\n<tr style=\"height: 24px;\">\n<td style=\"height: 24px;\">Tamanho do produto<\/td>\n<td style=\"height: 24px;\">105 x 100 x 26 mm<\/td>\n<\/tr>\n<tr style=\"height: 24px;\">\n<td style=\"height: 24px;\">Adaptador de energia<\/td>\n<td style=\"height: 24px;\">5V2A<\/td>\n<\/tr>\n<\/tbody>\n<\/table>\n<p>&nbsp;<\/p>\n<\/div>\n<\/div>","protected":false},"excerpt":{"rendered":"<p>Conversor de m\u00eddia RS485\/422 Pode ser usado para conectar m\u00e1quinas de atendimento, controladores de port\u00e3o, sem\u00e1foros, controladores de equipamentos industriais e outros dispositivos<\/p>\n<p>- Convers\u00e3o confi\u00e1vel e de alta velocidade de sinais RS485\/422 para fibra \u00f3ptica, garantindo conectividade perfeita em ambientes industriais.<br \/>\n- Oferece suporte a transmiss\u00f5es \u00f3pticas de modo \u00fanico e bidirecional, expandindo o alcance e a flexibilidade de sua rede de comunica\u00e7\u00e3o.<br \/>\n- Equipado com conectores SC e FC, o que permite a conex\u00e3o com v\u00e1rios tipos de cabos e dispositivos de fibra.<br \/>\n- Oferece uma dist\u00e2ncia de transmiss\u00e3o de 20 km, permitindo uma cobertura estendida em configura\u00e7\u00f5es industriais de grande escala.<br \/>\n- Ideal para aplica\u00e7\u00f5es industriais que exigem transmiss\u00e3o de dados de longa dist\u00e2ncia, resistente a ru\u00eddos e segura por meio de fibra \u00f3ptica.<\/p>","protected":false},"featured_media":17360,"comment_status":"open","ping_status":"closed","template":"","meta":[],"product_brand":[],"product_cat":[359],"product_tag":[130,191,224,303],"class_list":{"0":"post-12578","1":"product","2":"type-product","3":"status-publish","4":"has-post-thumbnail","6":"product_cat-serial-to-fiber-media-converters","7":"product_tag-20km","8":"product_tag-bidi","9":"product_tag-fiber-converter","10":"product_tag-rs485","12":"first","13":"instock","14":"featured","15":"shipping-taxable","16":"purchasable","17":"product-type-variable","18":"has-default-attributes"},"_links":{"self":[{"href":"https:\/\/www.luleey.com\/pt\/wp-json\/wp\/v2\/product\/12578","targetHints":{"allow":["GET"]}}],"collection":[{"href":"https:\/\/www.luleey.com\/pt\/wp-json\/wp\/v2\/product"}],"about":[{"href":"https:\/\/www.luleey.com\/pt\/wp-json\/wp\/v2\/types\/product"}],"replies":[{"embeddable":true,"href":"https:\/\/www.luleey.com\/pt\/wp-json\/wp\/v2\/comments?post=12578"}],"wp:featuredmedia":[{"embeddable":true,"href":"https:\/\/www.luleey.com\/pt\/wp-json\/wp\/v2\/media\/17360"}],"wp:attachment":[{"href":"https:\/\/www.luleey.com\/pt\/wp-json\/wp\/v2\/media?parent=12578"}],"wp:term":[{"taxonomy":"product_brand","embeddable":true,"href":"https:\/\/www.luleey.com\/pt\/wp-json\/wp\/v2\/product_brand?post=12578"},{"taxonomy":"product_cat","embeddable":true,"href":"https:\/\/www.luleey.com\/pt\/wp-json\/wp\/v2\/product_cat?post=12578"},{"taxonomy":"product_tag","embeddable":true,"href":"https:\/\/www.luleey.com\/pt\/wp-json\/wp\/v2\/product_tag?post=12578"}],"curies":[{"name":"wp","href":"https:\/\/api.w.org\/{rel}","templated":true}]}}