{"id":12597,"date":"2024-07-19T00:53:53","date_gmt":"2024-07-18T16:53:53","guid":{"rendered":"https:\/\/www.luleey.com\/?post_type=product&#038;p=12597"},"modified":"2024-07-19T22:59:58","modified_gmt":"2024-07-19T14:59:58","slug":"cable-fault-tester-8km-tdr-ll-tdr-8km","status":"publish","type":"product","link":"https:\/\/www.luleey.com\/pt\/produto\/cable-fault-tester-8km-tdr-ll-tdr-8km\/","title":{"rendered":"Testador de falha de cabo 8KM TDR LL-TDR-8KM"},"content":{"rendered":"<h3 data-spm-anchor-id=\"a2g0o.detail.1000023.i0.5830qzWXqzWXWO\"><strong data-spm-anchor-id=\"a2g0o.detail.1000023.i0.6e6d2ca3EqJnmk\">Testador de falha de cabo Produto <\/strong><strong>Recursos<\/strong><\/h3>\n<div data-spm-anchor-id=\"a2g0o.detail.1000023.i0.5830qzWXqzWXWO\">\n1,Usando a CPU ARM com tecnologia FPGA, execute rapidamente v\u00e1rias opera\u00e7\u00f5es complexas e determine com precis\u00e3o a forma de onda da falha.<br \/>\n2,Fun\u00e7\u00e3o de compara\u00e7\u00e3o de forma de onda - conveniente para comparar a forma de onda de teste do cabo com defeito e do cabo normal, e encontrar claramente a localiza\u00e7\u00e3o do ponto de falha.<br \/>\n3,Visor LCD colorido de tela grande - Design de humaniza\u00e7\u00e3o do menu de interface, bot\u00e3o de press\u00e3o digital r\u00e1pido, f\u00e1cil de operar para os usu\u00e1rios<br \/>\n4,Bateria de l\u00edtio de alta pot\u00eancia - pode ser usada por at\u00e9 dez horas (com carregador de energia especializado).<\/div>\n<div id=\"offer-template-0\">\n<ul>\n<li>Dist\u00e2ncia de teste autom\u00e1tico: 4 km<\/li>\n<li data-spm-anchor-id=\"a2g0o.detail.1000023.i3.5830qzWXqzWXWO\">Dist\u00e2ncia do teste manual: 8 km<\/li>\n<li>Largura do pulso: 30ns~50us<\/li>\n<li>A mais alta resolu\u00e7\u00e3o: 0.5m<\/li>\n<li data-spm-anchor-id=\"a2g0o.detail.1000023.i1.5830qzWXqzWXWO\">\u00c1rea cega de medi\u00e7\u00e3o: 0m<\/li>\n<li>Tela: 480*800 cores<\/li>\n<li>Consumo de energia: 1W<\/li>\n<li>Tamanho: 190*84*52mm<\/li>\n<li data-spm-anchor-id=\"a2g0o.detail.1000023.i2.5830qzWXqzWXWO\">Bateria: 4400mAH<\/li>\n<li>Temperatura de trabalho: -15~45 graus Celsius<\/li>\n<li data-spm-anchor-id=\"a2g0o.detail.1000023.i4.5830qzWXqzWXWO\">Temperatura de armazenamento: -20~55 graus Celsius<\/li>\n<\/ul>\n<\/div>\n<p>&nbsp;<\/p>\n<p>Apresentamos o Cable Fault Tester, um dispositivo de \u00faltima gera\u00e7\u00e3o que revolucionar\u00e1 a maneira como voc\u00ea detecta e localiza falhas em cabos. Essa poderosa ferramenta combina os mais recentes avan\u00e7os em tecnologia para fornecer uma an\u00e1lise r\u00e1pida e precisa de opera\u00e7\u00f5es complexas, ajudando-o a identificar a forma de onda da falha com a m\u00e1xima precis\u00e3o.<\/p>\n<p>Equipado com uma CPU ARM e tecnologia FPGA, esse testador pode realizar v\u00e1rias opera\u00e7\u00f5es complexas em segundos, garantindo a determina\u00e7\u00e3o precisa da forma de onda da falha. N\u00e3o \u00e9 mais necess\u00e1rio perder tempo com c\u00e1lculos manuais ou confiar em suposi\u00e7\u00f5es. Com o Cable Fault Tester, voc\u00ea pode confiar nos resultados e tomar medidas eficazes para corrigir as falhas imediatamente.<\/p>\n<p>Um dos principais recursos desse testador \u00e9 a fun\u00e7\u00e3o de compara\u00e7\u00e3o de forma de onda. Ela permite que voc\u00ea compare facilmente a forma de onda do teste do cabo com defeito com a de um cabo normal, permitindo que voc\u00ea localize o ponto de falha com rapidez e precis\u00e3o. Esse recurso economiza um tempo valioso, eliminando a necessidade de an\u00e1lise e interpreta\u00e7\u00e3o manual dos resultados do teste.<\/p>\n<p>O visor colorido LCD de tela grande aumenta a facilidade de uso desse dispositivo. O design humanizado do menu da interface, combinado com os bot\u00f5es de press\u00e3o digital r\u00e1pida, torna a opera\u00e7\u00e3o extremamente f\u00e1cil para os usu\u00e1rios. Voc\u00ea pode navegar pelas diferentes configura\u00e7\u00f5es e op\u00e7\u00f5es sem esfor\u00e7o, garantindo uma experi\u00eancia de teste perfeita.<\/p>\n<p>Preocupado com a dura\u00e7\u00e3o da bateria? N\u00e3o se preocupe! O Cable Fault Tester vem com uma bateria de l\u00edtio de alta pot\u00eancia que pode durar at\u00e9 dez horas com uma \u00fanica carga. Isso significa que voc\u00ea pode contar com ele por um longo per\u00edodo sem se preocupar com interrup\u00e7\u00f5es. Al\u00e9m disso, o carregador de energia especializado garante uma recarga r\u00e1pida para que voc\u00ea possa voltar aos testes sem demora.<\/p>\n<p>Com uma dist\u00e2ncia de teste autom\u00e1tica de 4 km e uma dist\u00e2ncia de teste manual de 8 km, esse testador cobre uma ampla faixa para acomodar diferentes necessidades. N\u00e3o importa se voc\u00ea est\u00e1 trabalhando com cabos curtos ou linhas de longa dist\u00e2ncia, este dispositivo tem tudo o que voc\u00ea precisa. Al\u00e9m disso, com uma \u00e1rea cega de medi\u00e7\u00e3o de 0 m, voc\u00ea pode ter certeza de que nenhuma falha passar\u00e1 despercebida.<\/p>\n<p>A tela colorida de 480*800 oferece imagens claras e vibrantes, permitindo que voc\u00ea visualize os resultados dos testes com a m\u00e1xima clareza. N\u00e3o \u00e9 mais necess\u00e1rio apertar os olhos ou se esfor\u00e7ar para decifrar as informa\u00e7\u00f5es. Essa tela de alta resolu\u00e7\u00e3o garante que voc\u00ea possa avaliar com rapidez e precis\u00e3o o status dos cabos.<\/p>\n<p>Alimentado por uma bateria de 4400mAh, o Cable Fault Tester oferece longevidade e confiabilidade. Voc\u00ea n\u00e3o ter\u00e1 que se preocupar com a falta de energia no meio de uma tarefa cr\u00edtica. Essa bateria dur\u00e1vel garante um desempenho consistente e permite que voc\u00ea realize seus testes sem interrup\u00e7\u00f5es.<\/p>","protected":false},"excerpt":{"rendered":"<p>\u2018- Testador de falhas de cabos O uso da CPU ARM com tecnologia FPGA permite a an\u00e1lise r\u00e1pida e precisa de falhas e a determina\u00e7\u00e3o de formas de onda.<br \/>\n- A fun\u00e7\u00e3o de compara\u00e7\u00e3o de formas de onda permite uma compara\u00e7\u00e3o f\u00e1cil entre as formas de onda de teste de cabos normais e defeituosos, ajudando a identificar os locais de falha.<br \/>\n- O display LCD colorido de tela grande apresenta um menu de interface amig\u00e1vel, tornando a opera\u00e7\u00e3o r\u00e1pida e f\u00e1cil.<br \/>\n- Com uma bateria de l\u00edtio de alta pot\u00eancia, o testador pode ser usado por at\u00e9 dez horas e \u00e9 fornecido com um carregador de energia especializado.- O testador tem uma dist\u00e2ncia de teste autom\u00e1tico de 4 km e uma dist\u00e2ncia de teste manual de 8 km, garantindo que possa ser usado para v\u00e1rias necessidades de teste de cabos.<\/p>","protected":false},"featured_media":12627,"comment_status":"open","ping_status":"closed","template":"","meta":[],"product_brand":[],"product_cat":[369],"product_tag":[175,194,248,331],"class_list":{"0":"post-12597","1":"product","2":"type-product","3":"status-publish","4":"has-post-thumbnail","6":"product_cat-fiber-optic-identifier-and-tdr-and-vdsl-testers","7":"product_tag-8km","8":"product_tag-cable-fault-tester","9":"product_tag-lithium-battery","10":"product_tag-tdr","12":"first","13":"instock","14":"shipping-taxable","15":"purchasable","16":"product-type-variable"},"_links":{"self":[{"href":"https:\/\/www.luleey.com\/pt\/wp-json\/wp\/v2\/product\/12597","targetHints":{"allow":["GET"]}}],"collection":[{"href":"https:\/\/www.luleey.com\/pt\/wp-json\/wp\/v2\/product"}],"about":[{"href":"https:\/\/www.luleey.com\/pt\/wp-json\/wp\/v2\/types\/product"}],"replies":[{"embeddable":true,"href":"https:\/\/www.luleey.com\/pt\/wp-json\/wp\/v2\/comments?post=12597"}],"wp:featuredmedia":[{"embeddable":true,"href":"https:\/\/www.luleey.com\/pt\/wp-json\/wp\/v2\/media\/12627"}],"wp:attachment":[{"href":"https:\/\/www.luleey.com\/pt\/wp-json\/wp\/v2\/media?parent=12597"}],"wp:term":[{"taxonomy":"product_brand","embeddable":true,"href":"https:\/\/www.luleey.com\/pt\/wp-json\/wp\/v2\/product_brand?post=12597"},{"taxonomy":"product_cat","embeddable":true,"href":"https:\/\/www.luleey.com\/pt\/wp-json\/wp\/v2\/product_cat?post=12597"},{"taxonomy":"product_tag","embeddable":true,"href":"https:\/\/www.luleey.com\/pt\/wp-json\/wp\/v2\/product_tag?post=12597"}],"curies":[{"name":"wp","href":"https:\/\/api.w.org\/{rel}","templated":true}]}}