{"id":12601,"date":"2024-07-19T00:53:54","date_gmt":"2024-07-18T16:53:54","guid":{"rendered":"https:\/\/www.luleey.com\/?post_type=product&#038;p=12601"},"modified":"2024-12-15T22:28:57","modified_gmt":"2024-12-15T14:28:57","slug":"mini-agc-ftth-optical-receiver","status":"publish","type":"product","link":"https:\/\/www.luleey.com\/pt\/produto\/mini-agc-ftth-optical-receiver\/","title":{"rendered":"Receptor \u00f3ptico MINI AGC FTTH"},"content":{"rendered":"<h3>O receptor \u00f3ptico LL-OACG-1G Mini AGC FTTH foi projetado para PON FTTH<\/h3>\n<p>Trabalhando com uma pot\u00eancia de entrada \u00f3ptica extremamente baixa, o LL-OACG-1G ainda gera excelentes sinais de RF de banda larga para assinantes dom\u00e9sticos.<\/p>\n<h3>Recursos<\/h3>\n<ol>\n<li>Fotodiodo de alta linearidade<\/li>\n<li>Largura de banda de 1 GHz<\/li>\n<li>Amplificador GaAs de baixo ru\u00eddo<\/li>\n<li>Compartimento compacto<\/li>\n<li>Entrada de energia de 12v CC<\/li>\n<\/ol>\n<p><img loading=\"lazy\" decoding=\"async\" class=\"alignnone size-full wp-image-5556\" src=\"https:\/\/www.luleey.com\/wp-content\/uploads\/2023\/07\/123.jpg\" alt=\"\" width=\"787\" height=\"642\" title=\"\"><\/p>\n<div class=\"Trans__text__2R-61\">\n<h3>Especifica\u00e7\u00e3o<\/h3>\n<\/div>\n<div class=\"Trans__tool__3zP13\">\n<div class=\"Trans__phmWrap__1mU_w\">\n<div class=\"Sound__soundBtn__1d159 Trans__soundBtn__2e6tk\"><\/div>\n<\/div>\n<\/div>\n<table width=\"834\">\n<tbody>\n<tr>\n<td width=\"273\">Modelo<\/td>\n<td width=\"561\">LL-OACG-1G<\/td>\n<\/tr>\n<tr>\n<td>Comprimento de onda da luz de entrada<\/td>\n<td>\u00a01290-1600 nm<\/td>\n<\/tr>\n<tr>\n<td>Pot\u00eancia da luz de trabalho<\/td>\n<td>\u00a0-15~+2dBm AGC<\/td>\n<\/tr>\n<tr>\n<td>Receptor \u00f3ptico<\/td>\n<td>\u00a0SC\/APC<\/td>\n<\/tr>\n<tr>\n<td>Perda de eco de luz<\/td>\n<td>\u00a055dB<\/td>\n<\/tr>\n<tr>\n<td>Largura de banda de RF<\/td>\n<td>\u00a040-1000MHz<\/td>\n<\/tr>\n<tr>\n<td>Conector de RF<\/td>\n<td>\u00a0F Feminino<\/td>\n<\/tr>\n<tr>\n<td>Imped\u00e2ncia de sa\u00edda de RF<\/td>\n<td>\u00a075Q<\/td>\n<\/tr>\n<tr>\n<td>N\u00edvel de sa\u00edda de RF<\/td>\n<td>\u00a086dBuV @ -15~+2dBm Entrada AGC<\/td>\n<\/tr>\n<tr>\n<td>Faixa de AGC<\/td>\n<td>\u00a01dB<\/td>\n<\/tr>\n<tr>\n<td>Planicidade de RF<\/td>\n<td>\u00a0\u00b1 0,75dB<\/td>\n<\/tr>\n<tr>\n<td>Perda de eco de RF<\/td>\n<td>&gt;16 dB<\/td>\n<\/tr>\n<tr>\n<td>CNR<\/td>\n<td>&gt;50 dB @ -2dBm de entrada<\/td>\n<\/tr>\n<tr>\n<td>79 canais<\/td>\n<td>\u00a0\u2265 60dB<\/td>\n<\/tr>\n<tr>\n<td>Canal CTB 79<\/td>\n<td>\u00a0\u2265 60dB<\/td>\n<\/tr>\n<tr>\n<td>Fonte de alimenta\u00e7\u00e3o<\/td>\n<td>\u00a012V CC<\/td>\n<\/tr>\n<tr>\n<td>Consumo de energia<\/td>\n<td>&lt;2.8W<\/td>\n<\/tr>\n<tr>\n<td>Temperatura de trabalho<\/td>\n<td>\u00a0-10~+60 \u00b0C<\/td>\n<\/tr>\n<tr>\n<td>Temperatura de armazenamento<\/td>\n<td>\u00a0-40~+85 \u2103<\/td>\n<\/tr>\n<tr>\n<td>Tamanho (comprimento * largura * altura) (mm)<\/td>\n<td>\u00a080 \u00d762 \u00d7 29<\/td>\n<\/tr>\n<\/tbody>\n<\/table>\n<p>&nbsp;<\/p>","protected":false},"excerpt":{"rendered":"<p>Receptor \u00f3ptico AGC FTTH com fotodiodo de alta linearidade, largura de banda de 1 GHz, amplificador GaAs de baixo ru\u00eddo, gabinete compacto, entrada de alimenta\u00e7\u00e3o de 12 VCC<\/p>\n<p>- Fotodiodo de alta linearidade: Assegura a recep\u00e7\u00e3o precisa e confi\u00e1vel do sinal, garantindo excelente qualidade de imagem e som em sua rede de fibra \u00f3ptica FTTH.<\/p>\n<p>- Largura de banda de 1 GHz: suporta transfer\u00eancia de dados em alta velocidade e streaming ininterrupto, permitindo que voc\u00ea desfrute de experi\u00eancias digitais perfeitas sem nenhum atraso ou buffer.<\/p>\n<p>- Amplificador GaAs de baixo ru\u00eddo: Minimiza a distor\u00e7\u00e3o e a interfer\u00eancia do sinal, proporcionando audiovisuais claros e n\u00edtidos mesmo em ambientes com muito ru\u00eddo ambiente.<\/p>\n<p>- Compartimento compacto: O design pequeno e elegante do receptor permite f\u00e1cil instala\u00e7\u00e3o e posicionamento discreto, tornando-o adequado para qualquer configura\u00e7\u00e3o em casa ou no escrit\u00f3rio.<\/p>\n<p>- Entrada de alimenta\u00e7\u00e3o de 12v CC: Oferece flexibilidade na alimenta\u00e7\u00e3o do receptor, permitindo a compatibilidade com v\u00e1rias fontes de alimenta\u00e7\u00e3o e garantindo um desempenho consistente.<\/p>\n<p>&nbsp;<\/p>","protected":false},"featured_media":12646,"comment_status":"open","ping_status":"closed","template":"","meta":[],"product_brand":[],"product_cat":[197],"product_tag":[89,179,195],"class_list":{"0":"post-12601","1":"product","2":"type-product","3":"status-publish","4":"has-post-thumbnail","6":"product_cat-catv-receiver","7":"product_tag-1000m","8":"product_tag-agc","9":"product_tag-catv","11":"first","12":"instock","13":"shipping-taxable","14":"purchasable","15":"product-type-variable"},"_links":{"self":[{"href":"https:\/\/www.luleey.com\/pt\/wp-json\/wp\/v2\/product\/12601","targetHints":{"allow":["GET"]}}],"collection":[{"href":"https:\/\/www.luleey.com\/pt\/wp-json\/wp\/v2\/product"}],"about":[{"href":"https:\/\/www.luleey.com\/pt\/wp-json\/wp\/v2\/types\/product"}],"replies":[{"embeddable":true,"href":"https:\/\/www.luleey.com\/pt\/wp-json\/wp\/v2\/comments?post=12601"}],"wp:featuredmedia":[{"embeddable":true,"href":"https:\/\/www.luleey.com\/pt\/wp-json\/wp\/v2\/media\/12646"}],"wp:attachment":[{"href":"https:\/\/www.luleey.com\/pt\/wp-json\/wp\/v2\/media?parent=12601"}],"wp:term":[{"taxonomy":"product_brand","embeddable":true,"href":"https:\/\/www.luleey.com\/pt\/wp-json\/wp\/v2\/product_brand?post=12601"},{"taxonomy":"product_cat","embeddable":true,"href":"https:\/\/www.luleey.com\/pt\/wp-json\/wp\/v2\/product_cat?post=12601"},{"taxonomy":"product_tag","embeddable":true,"href":"https:\/\/www.luleey.com\/pt\/wp-json\/wp\/v2\/product_tag?post=12601"}],"curies":[{"name":"wp","href":"https:\/\/api.w.org\/{rel}","templated":true}]}}