{"id":12604,"date":"2024-07-19T00:53:55","date_gmt":"2024-07-18T16:53:55","guid":{"rendered":"https:\/\/www.luleey.com\/?post_type=product&#038;p=12604"},"modified":"2025-02-19T22:33:29","modified_gmt":"2025-02-19T14:33:29","slug":"mini-otdr-optical-time-domain-reflector","status":"publish","type":"product","link":"https:\/\/www.luleey.com\/pt\/produto\/mini-otdr-optical-time-domain-reflector\/","title":{"rendered":"MINI OTDR Refletor \u00f3ptico no dom\u00ednio do tempo"},"content":{"rendered":"<div>\n<div class=\"title--wrap--Ms9Zv4A\">\n<h3 data-pl=\"product-title\" data-spm-anchor-id=\"a2g0o.detail.0.i9.2c04zC8kzC8kfy\">OTDR Refletor \u00f3ptico no dom\u00ednio do tempo Tela sens\u00edvel ao toque Localizador de obst\u00e1culos de atenua\u00e7\u00e3o \u00f3ptica Testador ativo de ponto de ruptura de fibra \u00f3ptica<\/h3>\n<\/div>\n<\/div>\n<div><strong>Uma m\u00e1quina com v\u00e1rias fun\u00e7\u00f5es: pot\u00eancia \u00f3ptica, laser vermelho, OTDR, fonte de luz est\u00e1vel,<\/strong>\u00a0<strong>Tela sens\u00edvel ao toque. Teste de atividade de suporte<\/strong><\/div>\n<div id=\"offer-template-0\">\n<div>\n<div class=\"MachTrans__textWrap__1NtxT\">\n<div class=\"MachTrans__text__duH8w\">\n<p><strong><span class=\"\">Portugu\u00eas e ingl\u00eas<\/span><\/strong><\/p>\n<p><span style=\"font-size: 16px;\">Voc\u00ea receber\u00e1 uma vers\u00e3o em ingl\u00eas das instru\u00e7\u00f5es de opera\u00e7\u00e3o e poder\u00e1 aprender a operar em poucos minutos.\u00a0\u00a0<\/span><\/p>\n<\/div>\n<\/div>\n<p>MINI OTDR -70~+8dbm 1550nm: Teste OTDR para 1310\/1277\/1490\/1577\/1625nm<br \/>\nMINI OTDR -50~+26dbm 1550nm: Teste OTDR para 1310\/1277\/1490\/1577\/1625nm<br \/>\nMINI OTDR -50~+26dbm 1610nm: Teste OTDR para 1310\/1277\/1490\/1550\/1625<\/p>\n<p>&nbsp;<\/p>\n<\/div>\n<h3>Recursos<\/h3>\n<p align=\"left\">* Leve, port\u00e1til e econ\u00f4mico.<br \/>\n* Uma opera\u00e7\u00e3o principal, dados de teste leg\u00edveis.<br \/>\n* Integrado ao sistema de localiza\u00e7\u00e3o visual de defeitos, \u00e9 f\u00e1cil detectar a localiza\u00e7\u00e3o de defeitos de zona morta.<br \/>\n* Use uma chave de borracha, com boa capacidade antipoeira, \u00e0 prova d'\u00e1gua e anti-vibra\u00e7\u00e3o, adequada para trabalhos de manuten\u00e7\u00e3o em campo.<br \/>\n* Use uma bateria de alta capacidade, com longo tempo de funcionamento, adequada para trabalhos de campo de longo prazo.<br \/>\n* Adequado para a localiza\u00e7\u00e3o de falhas de engenharia, constru\u00e7\u00e3o e manuten\u00e7\u00e3o de FTTx e rede de acesso.<\/p>\n<h3>Especifica\u00e7\u00e3o<\/h3>\n<p>modelo: LL-OTDR-1000<\/p>\n<div align=\"start\">\n<table width=\"952\">\n<tbody>\n<tr>\n<td width=\"148\"><strong>Fun\u00e7\u00e3o<\/strong><\/td>\n<td colspan=\"2\" width=\"804\"><strong>par\u00e2metro<\/strong><\/td>\n<\/tr>\n<tr>\n<td rowspan=\"8\" width=\"148\" data-spm-anchor-id=\"a2g0o.detail.1000023.i2.2c04zC8kzC8kfy\">Medidor de pot\u00eancia \u00f3ptica<\/td>\n<td width=\"189\">faixa de comprimento de onda (nm)<\/td>\n<td width=\"615\">800~1600nm<\/td>\n<\/tr>\n<tr>\n<td width=\"189\">o tipo de sonda<\/td>\n<td width=\"615\">InGaAs<\/td>\n<\/tr>\n<tr>\n<td rowspan=\"2\" width=\"189\">faixa de medi\u00e7\u00e3o de pot\u00eancia (dBm)<\/td>\n<td width=\"615\">\u00a0-70~+8dbm<\/td>\n<\/tr>\n<tr>\n<td width=\"615\">-50~+26dbm<\/td>\n<\/tr>\n<tr>\n<td width=\"189\">Precis\u00e3o da medi\u00e7\u00e3o<\/td>\n<td width=\"615\">5%<\/td>\n<\/tr>\n<tr>\n<td width=\"189\">resolu\u00e7\u00e3o da tela<\/td>\n<td width=\"615\">0,1dBm<\/td>\n<\/tr>\n<tr>\n<td width=\"189\">categoria de fibra \u00f3ptica<\/td>\n<td width=\"615\">modo \u00fanico<\/td>\n<\/tr>\n<tr>\n<td width=\"189\">interface de fibra \u00f3ptica<\/td>\n<td width=\"615\">SC<\/td>\n<\/tr>\n<tr>\n<td rowspan=\"6\" width=\"148\">fonte de luz vermelha<\/td>\n<td width=\"189\">comprimento de onda operacional (nm)<\/td>\n<td width=\"615\">650nm<\/td>\n<\/tr>\n<tr>\n<td width=\"189\">dispositivo emissor de luz<\/td>\n<td width=\"615\">FP-LD<\/td>\n<\/tr>\n<tr>\n<td width=\"189\">pot\u00eancia de sa\u00edda (mw)<\/td>\n<td width=\"615\">5mw<\/td>\n<\/tr>\n<tr>\n<td width=\"189\">modula\u00e7\u00e3o<\/td>\n<td width=\"615\">0HZ,1HZ,2HZ<\/td>\n<\/tr>\n<tr>\n<td width=\"189\">categoria de fibra \u00f3ptica<\/td>\n<td width=\"615\">monomodo<\/td>\n<\/tr>\n<tr>\n<td width=\"189\">interface de fibra \u00f3ptica<\/td>\n<td width=\"615\">SC<\/td>\n<\/tr>\n<tr>\n<td rowspan=\"5\" width=\"148\">Estabilidade da fonte de luz<\/td>\n<td width=\"189\">comprimento de onda operacional (nm)<\/td>\n<td width=\"615\">1550nm ou 1610nm<\/td>\n<\/tr>\n<tr>\n<td width=\"189\">dispositivo emissor de luz<\/td>\n<td width=\"615\">FP-LD<\/td>\n<\/tr>\n<tr>\n<td width=\"189\">pot\u00eancia de sa\u00edda (dbm)<\/td>\n<td width=\"615\">-10dbm<\/td>\n<\/tr>\n<tr>\n<td width=\"189\">modula\u00e7\u00e3o<\/td>\n<td width=\"615\">270HZ, 1K, 2K<\/td>\n<\/tr>\n<tr>\n<td width=\"189\">categoria de fibra \u00f3ptica<\/td>\n<td width=\"615\">monomodo<\/td>\n<\/tr>\n<tr>\n<td rowspan=\"3\" width=\"148\">teste de perda de luz<\/td>\n<td width=\"189\">interface de fibra \u00f3ptica<\/td>\n<td width=\"615\">SC<\/td>\n<\/tr>\n<tr>\n<td width=\"189\">faixa de teste<\/td>\n<td width=\"615\">0-30db<\/td>\n<\/tr>\n<tr>\n<td width=\"189\">Precis\u00e3o da medi\u00e7\u00e3o<\/td>\n<td width=\"615\">10%<\/td>\n<\/tr>\n<tr>\n<td rowspan=\"9\" width=\"148\">OTDR<\/td>\n<td width=\"189\">Tubo de laser<\/td>\n<td width=\"615\">1310\/1277\/1490\/1550\/1577\/1625nm<\/td>\n<\/tr>\n<tr>\n<td width=\"189\">diodo detector<\/td>\n<td width=\"615\">avalanche APD<\/td>\n<\/tr>\n<tr>\n<td width=\"189\">resolu\u00e7\u00e3o de sat\u00e9lite<\/td>\n<td width=\"615\">0,6 metros<\/td>\n<\/tr>\n<tr>\n<td width=\"189\">\u00e1rea cega de eventos<\/td>\n<td width=\"615\">10 metros<\/td>\n<\/tr>\n<tr>\n<td width=\"189\">atenua\u00e7\u00e3o distrito de xuan<\/td>\n<td width=\"615\">20 metros<\/td>\n<\/tr>\n<tr>\n<td width=\"189\">a largura do pulso de teste<\/td>\n<td width=\"615\">10,30,100,300ns,1,3,6us<\/td>\n<\/tr>\n<tr>\n<td width=\"189\">a profundidade da dispers\u00e3o<\/td>\n<td width=\"615\">20db(6us)<\/td>\n<\/tr>\n<tr>\n<td width=\"189\">comprimento do teste (evento)<\/td>\n<td width=\"615\">50 km<\/td>\n<\/tr>\n<tr>\n<td width=\"189\">comprimento do teste (atenua\u00e7\u00e3o)<\/td>\n<td width=\"615\">30 km<\/td>\n<\/tr>\n<tr>\n<td rowspan=\"9\" width=\"148\">outros<\/td>\n<td width=\"189\">o modo da fonte de alimenta\u00e7\u00e3o<\/td>\n<td width=\"615\">eletricidade de l\u00edtio\/4000mAH<\/td>\n<\/tr>\n<tr>\n<td width=\"189\">adaptador de energia<\/td>\n<td width=\"615\">MicroUSb5V\/1000mA<\/td>\n<\/tr>\n<tr>\n<td width=\"189\">corrente m\u00e1xima \u00fanica<\/td>\n<td width=\"615\">\u2264200mA<\/td>\n<\/tr>\n<tr>\n<td width=\"189\">fluxo mec\u00e2nico e el\u00e9trico<\/td>\n<td width=\"615\">\u226410uA<\/td>\n<\/tr>\n<tr>\n<td width=\"189\">dura\u00e7\u00e3o da bateria<\/td>\n<td width=\"615\">\u226510H<\/td>\n<\/tr>\n<tr>\n<td width=\"189\">tempo de desligamento autom\u00e1tico (min)<\/td>\n<td width=\"615\">ajust\u00e1vel<\/td>\n<\/tr>\n<tr>\n<td width=\"189\">temperatura operacional (\u2103)<\/td>\n<td width=\"615\">-10\uff5e+50<\/td>\n<\/tr>\n<tr>\n<td width=\"189\">temperatura de armazenamento (\u2103)<\/td>\n<td width=\"615\">-25\uff5e+70<\/td>\n<\/tr>\n<tr>\n<td width=\"189\">Tamanho do instrumento (cm)<\/td>\n<td width=\"615\">12.5*9*3.3<\/td>\n<\/tr>\n<\/tbody>\n<\/table>\n<\/div>\n<\/div>","protected":false},"excerpt":{"rendered":"<p>Uma m\u00e1quina com v\u00e1rias fun\u00e7\u00f5es: pot\u00eancia \u00f3ptica, laser vermelho, OTDR, fonte de luz est\u00e1vel<br \/>\nTela sens\u00edvel ao toque<br \/>\nTeste de atividade de suporte<br \/>\nPortugu\u00eas e ingl\u00eas<br \/>\nMINI OTDR -70~+8dbm 1550nm: Teste OTDR para 1310\/1277\/1490\/1577\/1625nm<br \/>\nMINI OTDR -50~+26dbm 1550nm: Teste OTDR para 1310\/1277\/1490\/1577\/1625nm<br \/>\nMINI OTDR -50~+26dbm 1610nm: Teste OTDR para 1310\/1277\/1490\/1550\/1625<\/p>","protected":false},"featured_media":12647,"comment_status":"open","ping_status":"closed","template":"","meta":[],"product_brand":[],"product_cat":[367],"product_tag":[164,248,272,283,338],"class_list":{"0":"post-12604","1":"product","2":"type-product","3":"status-publish","4":"has-post-thumbnail","6":"product_cat-otdr","7":"product_tag-5g","8":"product_tag-lithium-battery","9":"product_tag-opm","10":"product_tag-otdr","11":"product_tag-vfl","13":"first","14":"instock","15":"sale","16":"shipping-taxable","17":"purchasable","18":"product-type-variable"},"_links":{"self":[{"href":"https:\/\/www.luleey.com\/pt\/wp-json\/wp\/v2\/product\/12604","targetHints":{"allow":["GET"]}}],"collection":[{"href":"https:\/\/www.luleey.com\/pt\/wp-json\/wp\/v2\/product"}],"about":[{"href":"https:\/\/www.luleey.com\/pt\/wp-json\/wp\/v2\/types\/product"}],"replies":[{"embeddable":true,"href":"https:\/\/www.luleey.com\/pt\/wp-json\/wp\/v2\/comments?post=12604"}],"wp:featuredmedia":[{"embeddable":true,"href":"https:\/\/www.luleey.com\/pt\/wp-json\/wp\/v2\/media\/12647"}],"wp:attachment":[{"href":"https:\/\/www.luleey.com\/pt\/wp-json\/wp\/v2\/media?parent=12604"}],"wp:term":[{"taxonomy":"product_brand","embeddable":true,"href":"https:\/\/www.luleey.com\/pt\/wp-json\/wp\/v2\/product_brand?post=12604"},{"taxonomy":"product_cat","embeddable":true,"href":"https:\/\/www.luleey.com\/pt\/wp-json\/wp\/v2\/product_cat?post=12604"},{"taxonomy":"product_tag","embeddable":true,"href":"https:\/\/www.luleey.com\/pt\/wp-json\/wp\/v2\/product_tag?post=12604"}],"curies":[{"name":"wp","href":"https:\/\/api.w.org\/{rel}","templated":true}]}}