{"id":12608,"date":"2024-07-19T00:53:55","date_gmt":"2024-07-18T16:53:55","guid":{"rendered":"https:\/\/www.luleey.com\/?post_type=product&#038;p=12608"},"modified":"2025-06-28T10:51:25","modified_gmt":"2025-06-28T02:51:25","slug":"1ge-catv-onu-xpon-gpon-epon-onu-1gecatvscapc","status":"publish","type":"product","link":"https:\/\/www.luleey.com\/pt\/produto\/1ge-catv-onu-xpon-gpon-epon-onu-1gecatvscapc\/","title":{"rendered":"LL-XP1G1C,1GE CATV ONU XPON GPON\/EPON ONU 1GE+CATV+SCAPC"},"content":{"rendered":"<h3>Recursos<\/h3>\n<ol>\n<li>ONU CATV 1GE de alto desempenho - comuta\u00e7\u00e3o de modo EPON e GPON, compat\u00edvel com ITU-T G.984.x e IEEE802.3ah<\/li>\n<li>O padr\u00e3o \u00e9 enviar o tipo SFU; se voc\u00ea precisar de HGU, observe quando fizer um pedido<\/li>\n<li>Compat\u00edvel com OLT Huawei\/ZTE\/Fiberhome\/VSOL\/HIOSO...<\/li>\n<li>Suporte \u00e0 identifica\u00e7\u00e3o autom\u00e1tica de EPON e GPON<\/li>\n<li>Suporta a fun\u00e7\u00e3o de configura\u00e7\u00e3o da WEB<\/li>\n<li>Suporta MDI\/ MDIX autom\u00e1tico em funcionamento<\/li>\n<li>Suporte ao IGMP snooping<\/li>\n<li>Suporte \u00e0 interface CATV para servi\u00e7o de v\u00eddeo<\/li>\n<li>Conectividade aprimorada: Essa ONU CATV 1GE alterna sem esfor\u00e7o entre os modos EPON e GPON, garantindo um desempenho de rede cont\u00ednuo e confi\u00e1vel.<\/li>\n<li>Design compat\u00edvel com o setor: Totalmente compat\u00edvel com os regulamentos t\u00e9cnicos, como ITU-T G.984.x e IEEE802.3ah, garantindo compatibilidade ideal e ader\u00eancia aos padr\u00f5es do setor.<\/li>\n<li>V\u00e1rias funcionalidades em um s\u00f3 dispositivo: Aproveite a conveni\u00eancia de uma porta Ethernet 1GE, uma sa\u00edda CATV e compatibilidade com SCAPC, tudo em um \u00fanico dispositivo.<\/li>\n<li>Transmiss\u00e3o de sinal superior: Experimente sinais CATV de alta qualidade com perda m\u00ednima de sinal, gra\u00e7as \u00e0 engenharia precisa dessa ONU CATV 1GE.<\/li>\n<li>F\u00e1cil configura\u00e7\u00e3o e gerenciamento: Esta ONU oferece uma interface amig\u00e1vel para facilitar a instala\u00e7\u00e3o e o gerenciamento, garantindo uma experi\u00eancia sem complica\u00e7\u00f5es para usu\u00e1rios de todas as forma\u00e7\u00f5es t\u00e9cnicas.<\/li>\n<\/ol>\n<h3>Especifica\u00e7\u00e3o<\/h3>\n<table id=\"tablepress-55\" class=\"tablepress tablepress-id-55 tablepress-responsive dataTable no-footer alignleft\" style=\"height: 792px; width: 75.3351%;\">\n<tbody class=\"row-hover\">\n<tr style=\"height: 24px;\">\n<td style=\"width: 33.4951%; text-align: center; height: 24px;\">Modelo<\/td>\n<td style=\"width: 129.288%; height: 24px;\">LL-XP1G1C<\/td>\n<\/tr>\n<tr style=\"height: 24px;\">\n<td style=\"width: 33.4951%; text-align: center; height: 24px;\">Marca<\/td>\n<td style=\"width: 129.288%; height: 24px;\">LuLeey<\/td>\n<\/tr>\n<tr class=\"row-3 odd\" style=\"height: 24px;\">\n<td class=\"column-1\" style=\"width: 33.4951%; height: 24px; text-align: center;\">Acesso ao sinal \u00f3ptico<\/td>\n<td class=\"column-2\" style=\"width: 129.288%; height: 24px;\">XPON = EPON\/GPON<\/td>\n<\/tr>\n<tr class=\"row-5 odd\" style=\"height: 24px;\">\n<td class=\"column-1\" style=\"width: 33.4951%; height: 24px; text-align: center;\">Luz indicadora<\/td>\n<td class=\"column-2\" style=\"width: 129.288%; height: 24px;\">POWER\/PON\/LOS\/LAN\/CATV<\/td>\n<\/tr>\n<tr class=\"row-6 even\" style=\"height: 24px;\">\n<td class=\"column-1\" style=\"width: 33.4951%; height: 24px; text-align: center;\">Bot\u00e3o<\/td>\n<td class=\"column-2\" style=\"width: 129.288%; height: 24px;\">Bot\u00e3o do interruptor de alimenta\u00e7\u00e3o, bot\u00e3o de reinicializa\u00e7\u00e3o<\/td>\n<\/tr>\n<tr class=\"row-8 even\" style=\"height: 24px;\">\n<td class=\"column-1\" style=\"width: 33.4951%; height: 24px; text-align: center;\">Entrada do adaptador de energia<\/td>\n<td class=\"column-2\" style=\"width: 129.288%; height: 24px;\">100V\uff5e240V CA\uff0c50Hz\uff5e60Hz<\/td>\n<\/tr>\n<tr class=\"row-9 odd\" style=\"height: 24px;\">\n<td class=\"column-1\" style=\"width: 33.4951%; height: 24px; text-align: center;\">Requisito da fonte de alimenta\u00e7\u00e3o<\/td>\n<td class=\"column-2\" style=\"width: 129.288%; height: 24px;\">12V DC\uff0c0,5A<\/td>\n<\/tr>\n<tr class=\"row-10 even\" style=\"height: 24px;\">\n<td class=\"column-1\" style=\"width: 33.4951%; height: 24px; text-align: center;\">Consumo de energia<\/td>\n<td class=\"column-2\" style=\"width: 129.288%; height: 24px;\">&lt;6w<\/td>\n<\/tr>\n<tr class=\"row-11 odd\" style=\"height: 24px;\">\n<td class=\"column-1\" style=\"width: 33.4951%; height: 24px; text-align: center;\">Temperatura de trabalho<\/td>\n<td class=\"column-2\" style=\"width: 129.288%; height: 24px;\">-10\u00b0C ~ +45\u00b0C<\/td>\n<\/tr>\n<tr class=\"row-2 even\" style=\"height: 24px;\">\n<td class=\"column-1\" style=\"width: 33.4951%; height: 24px; text-align: center;\">Tamanho<\/td>\n<td class=\"column-2\" style=\"width: 129.288%; height: 24px;\">90 mm (C) \u00d7 90 mm (L) \u00d7 24 mm (A)<\/td>\n<\/tr>\n<tr class=\"row-12 even\" style=\"height: 24px;\">\n<td class=\"column-1\" style=\"width: 33.4951%; height: 24px; text-align: center;\">Umidade do ambiente<\/td>\n<td class=\"column-2\" style=\"width: 129.288%; height: 24px;\">5% ~ 95% (sem condensa\u00e7\u00e3o)<\/td>\n<\/tr>\n<tr class=\"row-13 odd\" style=\"height: 24px;\">\n<td class=\"column-1\" style=\"width: 162.783%; height: 24px;\" colspan=\"2\"><strong>Interface PON<\/strong><\/td>\n<\/tr>\n<tr class=\"row-14 even\" style=\"height: 24px;\">\n<td class=\"column-1\" style=\"width: 33.4951%; height: 24px; text-align: center;\">Porta PON<\/td>\n<td class=\"column-2\" style=\"width: 129.288%; height: 24px;\">1 x SC\/APC<\/td>\n<\/tr>\n<tr class=\"row-15 odd\" style=\"height: 24px;\">\n<td class=\"column-1\" style=\"width: 33.4951%; height: 24px; text-align: center;\">Comprimento de onda de trabalho<\/td>\n<td class=\"column-2\" style=\"width: 129.288%; height: 24px;\">up 1310nm\uff0cdown 1490nm<\/td>\n<\/tr>\n<tr class=\"row-16 even\" style=\"height: 24px;\">\n<td class=\"column-1\" style=\"width: 33.4951%; height: 24px; text-align: center;\">Valor da pot\u00eancia \u00f3ptica de TX<\/td>\n<td class=\"column-2\" style=\"width: 129.288%; height: 24px;\">0,5\uff5e4dbm<\/td>\n<\/tr>\n<tr class=\"row-17 odd\" style=\"height: 24px;\">\n<td class=\"column-1\" style=\"width: 33.4951%; height: 24px; text-align: center;\">Sensibilidade da pot\u00eancia \u00f3ptica RX<\/td>\n<td class=\"column-2\" style=\"width: 129.288%; height: 24px;\">\u00a0-27dBm<\/td>\n<\/tr>\n<tr class=\"row-18 even\" style=\"height: 24px;\">\n<td class=\"column-1\" style=\"width: 33.4951%; height: 24px; text-align: center;\">Dist\u00e2ncia de transmiss\u00e3o<\/td>\n<td class=\"column-2\" style=\"width: 129.288%; height: 24px;\">0\uff5e20km<\/td>\n<\/tr>\n<tr class=\"row-19 odd\" style=\"height: 24px;\">\n<td class=\"column-1\" style=\"width: 33.4951%; height: 48px; text-align: center;\" rowspan=\"2\">Taxa de transmiss\u00e3o<\/td>\n<td class=\"column-2\" style=\"width: 129.288%; height: 24px;\">GPON: Uplink 1,244 Gbps; downlink 2,488 Gbps<\/td>\n<\/tr>\n<tr class=\"row-20 even\" style=\"height: 24px;\">\n<td class=\"column-2\" style=\"width: 129.288%; height: 24px;\">EPON: Uplink 1.244Gbps; downlink 1.244Gbps<\/td>\n<\/tr>\n<tr class=\"row-21 odd\" style=\"height: 24px;\">\n<td class=\"column-1\" style=\"width: 162.783%; height: 24px;\" colspan=\"2\"><strong>Interface Ethernet<\/strong><\/td>\n<\/tr>\n<tr class=\"row-22 even\" style=\"height: 24px;\">\n<td class=\"column-1\" style=\"width: 33.4951%; height: 24px; text-align: center;\">Tipo de interface<\/td>\n<td class=\"column-2\" style=\"width: 129.288%; height: 24px;\">\u00a01 x RJ45<\/td>\n<\/tr>\n<tr class=\"row-23 odd\" style=\"height: 24px;\">\n<td class=\"column-1\" style=\"width: 33.4951%; height: 24px; text-align: center;\">Par\u00e2metros da interface<\/td>\n<td class=\"column-2\" style=\"width: 129.288%; height: 24px;\">\u00a01 x interfaces Ethernet autoadapt\u00e1veis de 10\/100\/1000 Mbps<\/td>\n<\/tr>\n<tr class=\"row-24 even\" style=\"height: 24px;\">\n<td class=\"column-1\" style=\"width: 162.783%; height: 24px;\" colspan=\"2\"><strong>Interface CATV<\/strong><\/td>\n<\/tr>\n<tr style=\"height: 24px;\">\n<td style=\"width: 33.4951%; text-align: center; height: 24px;\">Tipo de interface<\/td>\n<td style=\"width: 129.288%; height: 24px;\">1 x porta CATV<\/td>\n<\/tr>\n<tr class=\"row-25 odd\" style=\"height: 24px;\">\n<td class=\"column-1\" style=\"width: 33.4951%; height: 24px; text-align: center;\">Comprimento de onda de recep\u00e7\u00e3o \u00f3ptica<\/td>\n<td class=\"column-2\" style=\"width: 129.288%; height: 24px;\">1550\u00b110nm<\/td>\n<\/tr>\n<tr class=\"row-26 even\" style=\"height: 24px;\">\n<td class=\"column-1\" style=\"width: 33.4951%; height: 24px; text-align: center;\">Perda de reflex\u00e3o \u00f3ptica<\/td>\n<td class=\"column-2\" style=\"width: 129.288%; height: 24px;\">\u226545dBm<\/td>\n<\/tr>\n<tr class=\"row-27 odd\" style=\"height: 24px;\">\n<td class=\"column-1\" style=\"width: 33.4951%; height: 24px; text-align: center;\">RF, WDM, pot\u00eancia \u00f3ptica<\/td>\n<td class=\"column-2\" style=\"width: 129.288%; height: 24px;\">+2~-15dBm<\/td>\n<\/tr>\n<tr class=\"row-28 even\" style=\"height: 24px;\">\n<td class=\"column-1\" style=\"width: 33.4951%; height: 24px; text-align: center;\">Faixa de frequ\u00eancia de RF<\/td>\n<td class=\"column-2\" style=\"width: 129.288%; height: 24px;\">47~1000MHz, sa\u00edda de RF<\/td>\n<\/tr>\n<tr class=\"row-29 odd\" style=\"height: 24px;\">\n<td class=\"column-1\" style=\"width: 33.4951%; height: 24px; text-align: center;\">imped\u00e2ncia<\/td>\n<td class=\"column-2\" style=\"width: 129.288%; height: 24px;\">75\u03a9<\/td>\n<\/tr>\n<tr class=\"row-30 even\" style=\"height: 24px;\">\n<td class=\"column-1\" style=\"width: 33.4951%; height: 24px; text-align: center;\">RF<\/td>\n<td class=\"column-2\" style=\"width: 129.288%; height: 24px;\">n\u00edvel de sa\u00edda 78dBuV<\/td>\n<\/tr>\n<tr class=\"row-31 odd\" style=\"height: 24px;\">\n<td class=\"column-1\" style=\"width: 33.4951%; height: 24px; text-align: center;\">Faixa de AGC<\/td>\n<td class=\"column-2\" style=\"width: 129.288%; height: 24px;\">0~-12dBm<\/td>\n<\/tr>\n<tr class=\"row-32 even\" style=\"height: 24px;\">\n<td class=\"column-1\" style=\"width: 33.4951%; height: 24px; text-align: center;\">MER<\/td>\n<td class=\"column-2\" style=\"width: 129.288%; height: 24px;\">\u226532dB@-15dBm<\/td>\n<\/tr>\n<\/tbody>\n<\/table>","protected":false},"excerpt":{"rendered":"<p>A ONU CATV 1GE foi projetada como solu\u00e7\u00e3o CATV + FTTH<br \/>\n<span data-spm-anchor-id=\"a2700.details.0.i8.4d0f4ef4iOYT7H\">O LL-XP1G1C pode alternar automaticamente entre os modos EPON e GPON ao acessar a OLT EPON ou a OLT GPON.<\/span><br \/>\nModo de negocia\u00e7\u00e3o autom\u00e1tica MDI\/ MDIX<\/p>","protected":false},"featured_media":17819,"comment_status":"open","ping_status":"closed","template":"","meta":[],"product_brand":[],"product_cat":[348,197],"product_tag":[89,195,1016,344],"class_list":{"0":"post-12608","1":"product","2":"type-product","3":"status-publish","4":"has-post-thumbnail","6":"product_cat-1000m-gpon-epon-onu","7":"product_cat-catv-receiver","8":"product_tag-1000m","9":"product_tag-catv","10":"product_tag-ll-xp1g1c","11":"product_tag-xpon-onu","13":"first","14":"instock","15":"featured","16":"shipping-taxable","17":"purchasable","18":"product-type-variable"},"_links":{"self":[{"href":"https:\/\/www.luleey.com\/pt\/wp-json\/wp\/v2\/product\/12608","targetHints":{"allow":["GET"]}}],"collection":[{"href":"https:\/\/www.luleey.com\/pt\/wp-json\/wp\/v2\/product"}],"about":[{"href":"https:\/\/www.luleey.com\/pt\/wp-json\/wp\/v2\/types\/product"}],"replies":[{"embeddable":true,"href":"https:\/\/www.luleey.com\/pt\/wp-json\/wp\/v2\/comments?post=12608"}],"wp:featuredmedia":[{"embeddable":true,"href":"https:\/\/www.luleey.com\/pt\/wp-json\/wp\/v2\/media\/17819"}],"wp:attachment":[{"href":"https:\/\/www.luleey.com\/pt\/wp-json\/wp\/v2\/media?parent=12608"}],"wp:term":[{"taxonomy":"product_brand","embeddable":true,"href":"https:\/\/www.luleey.com\/pt\/wp-json\/wp\/v2\/product_brand?post=12608"},{"taxonomy":"product_cat","embeddable":true,"href":"https:\/\/www.luleey.com\/pt\/wp-json\/wp\/v2\/product_cat?post=12608"},{"taxonomy":"product_tag","embeddable":true,"href":"https:\/\/www.luleey.com\/pt\/wp-json\/wp\/v2\/product_tag?post=12608"}],"curies":[{"name":"wp","href":"https:\/\/api.w.org\/{rel}","templated":true}]}}