{"id":12611,"date":"2024-07-19T00:53:56","date_gmt":"2024-07-18T16:53:56","guid":{"rendered":"https:\/\/www.luleey.com\/?post_type=product&#038;p=12611"},"modified":"2025-06-28T10:51:03","modified_gmt":"2025-06-28T02:51:03","slug":"fc-upc-to-lc-upc-single-mode-fiber-optic-adapter-2-5mm-to-1-25mm-ll-fcupc2lcupc","status":"publish","type":"product","link":"https:\/\/www.luleey.com\/pt\/produto\/fc-upc-to-lc-upc-single-mode-fiber-optic-adapter-2-5mm-to-1-25mm-ll-fcupc2lcupc\/","title":{"rendered":"Adaptador de fibra \u00f3ptica de modo \u00fanico FC\/UPC para LC\/UPC Conversor LL-FCUPC2LCUPC de 2,5 mm para 1,25 mm"},"content":{"rendered":"<div class=\"title--wrap--Ms9Zv4A\">\n<h3>Recursos<\/h3>\n<ol>\n<li class=\"specification--line--iUJOqof\">\n<div class=\"specification--prop--RejitI8\">\n<div class=\"specification--title--UbVeyic\">Tipo de fibra Modo \u00fanico<\/div>\n<\/div>\n<\/li>\n<li class=\"specification--line--iUJOqof\">\n<div class=\"specification--prop--RejitI8\">\n<div class=\"specification--title--UbVeyic\">Perda de inser\u00e7\u00e3o: &lt;=0,3dB<\/div>\n<\/div>\n<\/li>\n<li class=\"specification--line--iUJOqof\">\n<div class=\"specification--prop--RejitI8\">\n<div class=\"specification--title--UbVeyic\">Perda de retorno: &lt;=50dB<\/div>\n<\/div>\n<\/li>\n<\/ol>\n<h3>Especifica\u00e7\u00e3o<\/h3>\n<table style=\"border-collapse: collapse; width: 100%;\">\n<tbody>\n<tr style=\"height: 53px;\">\n<td style=\"height: 53px; width: 35.2211%;\">Marca<\/td>\n<td style=\"height: 53px; width: 64.7013%;\">LuLeey<\/td>\n<\/tr>\n<tr style=\"height: 53px;\">\n<td style=\"height: 53px; width: 35.2211%;\" width=\"101\">Nome do produto<\/td>\n<td style=\"height: 53px; width: 64.7013%;\" width=\"222\">Adaptador de fibra \u00f3ptica de modo \u00fanico FC\/UPC para LC\/UPC de 2,5 mm a 1,25 mm LL-FCUPC2LCUPC<\/td>\n<\/tr>\n<tr style=\"height: 53px;\">\n<td style=\"height: 53px; width: 35.2211%;\">Tipo de adaptador<\/td>\n<td style=\"height: 53px; width: 64.7013%;\">Adaptador de fibra SM-9\/125<\/td>\n<\/tr>\n<tr>\n<td style=\"width: 35.2211%;\">Material<\/td>\n<td style=\"width: 64.7013%;\">n\u00facleo de cer\u00e2mica<\/td>\n<\/tr>\n<tr>\n<td style=\"width: 35.2211%;\">Temperatura operacional<\/td>\n<td style=\"width: 64.7013%;\">-40\u2103~75\u2103<\/td>\n<\/tr>\n<tr style=\"height: 53px;\">\n<td style=\"height: 53px; width: 35.2211%;\">Perda de inser\u00e7\u00e3o<\/td>\n<td style=\"height: 53px; width: 64.7013%;\">\u22640,3dB<\/td>\n<\/tr>\n<tr style=\"height: 53px;\">\n<td style=\"height: 53px; width: 35.2211%;\">Perda de retorno<\/td>\n<td style=\"height: 53px; width: 64.7013%;\">\u226550dB<\/td>\n<\/tr>\n<tr style=\"height: 379px;\">\n<td style=\"height: 10px; width: 35.2211%;\">Cen\u00e1rios de uso<\/td>\n<td style=\"height: 10px; width: 64.7013%;\">Instrumento de fibra \u00f3ptica, equipamento de comunica\u00e7\u00e3o,<br \/>\nConvers\u00e3o da interface do detector de falhas de fibra \u00f3ptica.<br \/>\nConvers\u00e3o do conector de fibra \u00f3ptica.<br \/>\nTeste de dados \u00f3pticos.<br \/>\nTransmiss\u00e3o de dados \u00f3pticos.<br \/>\nRedes de telecomunica\u00e7\u00f5es, r\u00e1dio e televis\u00e3o<\/td>\n<\/tr>\n<\/tbody>\n<\/table>\n<h3 data-pl=\"product-title\" data-spm-anchor-id=\"a2g0o.detail.0.i11.238deU5GeU5Gff\"><\/h3>\n<\/div>","protected":false},"excerpt":{"rendered":"<p data-pl=\"product-title\" data-spm-anchor-id=\"a2g0o.detail.0.i11.238deU5GeU5Gff\">Localizador visual de falhas Medidor de pot\u00eancia \u00f3ptica Adaptador de fibra \u00f3ptica de modo \u00fanico h\u00edbrido FC\/UPC para LC\/UPC de 2,5 mm a 1,25 mm<\/p>\n<p data-pl=\"product-title\" data-spm-anchor-id=\"a2g0o.detail.0.i11.238deU5GeU5Gff\">1. Aprimore sua solu\u00e7\u00e3o de problemas de rede com este adaptador \u00f3ptico FC para LC, compat\u00edvel com o Visual Fault Locator e o Optical Power Meter, garantindo leituras precisas e r\u00e1pida detec\u00e7\u00e3o de problemas.<br \/>\n2. Converta de forma conveniente seus cabos de fibra \u00f3ptica com conectores de 2,5 mm para aqueles com conectores de 1,25 mm usando este adaptador h\u00edbrido FC para LC. Conecte perfeitamente diferentes tipos de fibra sem a necessidade de equipamentos adicionais.<br \/>\n3. Projetado para integra\u00e7\u00e3o perfeita em sistemas de fibra \u00f3ptica de modo \u00fanico, esse adaptador mant\u00e9m a qualidade ideal do sinal durante a transmiss\u00e3o, reduzindo a perda de sinal e garantindo uma transfer\u00eancia de dados confi\u00e1vel e r\u00e1pida.<br \/>\n4. Com uma impressionante perda de inser\u00e7\u00e3o de &lt;=0,3 dB, esse adaptador \u00f3ptico garante uma perda m\u00ednima de sinal durante o acoplamento do conector, permitindo a m\u00e1xima efici\u00eancia na transmiss\u00e3o de dados e o m\u00ednimo de interrup\u00e7\u00e3o em sua rede.<br \/>\n5. Obtenha uma pureza de sinal excepcional e minimize as reflex\u00f5es de sinal com uma perda de retorno de &lt;=50 dB, garantindo a integridade confi\u00e1vel dos dados e evitando a degrada\u00e7\u00e3o do desempenho. Atualize suas conex\u00f5es de fibra \u00f3ptica com esse adaptador de alta qualidade.<\/p>","protected":false},"featured_media":12652,"comment_status":"open","ping_status":"closed","template":"","meta":[],"product_brand":[],"product_cat":[365],"product_tag":[217,221,246,325],"class_list":{"0":"post-12611","1":"product","2":"type-product","3":"status-publish","4":"has-post-thumbnail","6":"product_cat-optical-adapters-and-flange-connectors-and-attenuator","7":"product_tag-fc-upc","8":"product_tag-fiber-adapter","9":"product_tag-lc-upc","10":"product_tag-sm","12":"first","13":"instock","14":"featured","15":"shipping-taxable","16":"purchasable","17":"product-type-variable","18":"has-default-attributes"},"_links":{"self":[{"href":"https:\/\/www.luleey.com\/pt\/wp-json\/wp\/v2\/product\/12611","targetHints":{"allow":["GET"]}}],"collection":[{"href":"https:\/\/www.luleey.com\/pt\/wp-json\/wp\/v2\/product"}],"about":[{"href":"https:\/\/www.luleey.com\/pt\/wp-json\/wp\/v2\/types\/product"}],"replies":[{"embeddable":true,"href":"https:\/\/www.luleey.com\/pt\/wp-json\/wp\/v2\/comments?post=12611"}],"wp:featuredmedia":[{"embeddable":true,"href":"https:\/\/www.luleey.com\/pt\/wp-json\/wp\/v2\/media\/12652"}],"wp:attachment":[{"href":"https:\/\/www.luleey.com\/pt\/wp-json\/wp\/v2\/media?parent=12611"}],"wp:term":[{"taxonomy":"product_brand","embeddable":true,"href":"https:\/\/www.luleey.com\/pt\/wp-json\/wp\/v2\/product_brand?post=12611"},{"taxonomy":"product_cat","embeddable":true,"href":"https:\/\/www.luleey.com\/pt\/wp-json\/wp\/v2\/product_cat?post=12611"},{"taxonomy":"product_tag","embeddable":true,"href":"https:\/\/www.luleey.com\/pt\/wp-json\/wp\/v2\/product_tag?post=12611"}],"curies":[{"name":"wp","href":"https:\/\/api.w.org\/{rel}","templated":true}]}}