{"id":12613,"date":"2024-07-19T00:53:56","date_gmt":"2024-07-18T16:53:56","guid":{"rendered":"https:\/\/www.luleey.com\/?post_type=product&#038;p=12613"},"modified":"2025-08-20T14:02:09","modified_gmt":"2025-08-20T06:02:09","slug":"10g-oeo-converter-repeater-sfp-to-sfp","status":"publish","type":"product","link":"https:\/\/www.luleey.com\/pt\/produto\/10g-oeo-converter-repeater-sfp-to-sfp\/","title":{"rendered":"Repetidor de conversor 10G OEO SFP+ para SFP+"},"content":{"rendered":"<h3>Recursos<\/h3>\n<ol>\n<li>modelo: LL-10GOEO<\/li>\n<li>Repetidor de conversor OEO 10G<\/li>\n<li>SFP+ para SFP+<\/li>\n<li>Plug &amp; Play<\/li>\n<li>Compat\u00edvel com 10G\/5G\/2,5G\/1,25G<\/li>\n<li>Suporta 85\u00b0C | Suporta stick 10G<\/li>\n<li>Convers\u00e3o de modo \u00fanico em modo m\u00faltiplo<\/li>\n<li>Dist\u00e2ncia de transmiss\u00e3o estendida suportada, no m\u00e1ximo 160 km<\/li>\n<li>DWDM CWDM<\/li>\n<\/ol>\n<p>&nbsp;<\/p>\n<p>Apresentamos o Repetidor Conversor 10G OEO - um dispositivo de rede de alto n\u00edvel projetado para elevar sua conectividade a novos patamares. Se voc\u00ea precisa de uma transmiss\u00e3o de dados perfeita, desempenho aprimorado ou dist\u00e2ncias de transmiss\u00e3o expandidas, este repetidor conversor atende a todas as necessidades. Com seus recursos avan\u00e7ados e desempenho confi\u00e1vel, ele \u00e9 perfeito para indiv\u00edduos e empresas que buscam uma solu\u00e7\u00e3o de rede potente e confi\u00e1vel.<\/p>\n<p>O repetidor 10G OEO Converter suporta conectividade SFP+ para SFP+, oferecendo um processo de instala\u00e7\u00e3o Plug &amp; Play sem complica\u00e7\u00f5es. Basta conectar os m\u00f3dulos SFP+ desejados e o dispositivo estar\u00e1 pronto para funcionar. N\u00e3o s\u00e3o necess\u00e1rias configura\u00e7\u00f5es complicadas nem conhecimento t\u00e9cnico, o que o torna a escolha ideal tanto para iniciantes quanto para profissionais.<\/p>\n<p>Esse repetidor conversor \u00e9 totalmente compat\u00edvel com v\u00e1rias taxas de dados, incluindo 10G, 5G e 2,5G. Se estiver trabalhando em tarefas com uso intensivo de dados ou fazendo streaming de v\u00eddeos de alta resolu\u00e7\u00e3o, tenha certeza de que esse dispositivo pode lidar com tudo isso com facilidade. Diga adeus \u00e0s conex\u00f5es lentas e n\u00e3o confi\u00e1veis e aproveite o fluxo de dados suave e eficiente que o Repetidor Conversor 10G OEO oferece.<\/p>\n<p>Com uma not\u00e1vel faixa de temperatura operacional de at\u00e9 85 graus Celsius, esse repetidor conversor garante um desempenho excepcional mesmo em ambientes exigentes. N\u00e3o importa a intensidade de suas necessidades de rede ou a temperatura ambiente, este dispositivo n\u00e3o o deixar\u00e1 na m\u00e3o. Ele foi desenvolvido para se destacar mesmo nas condi\u00e7\u00f5es mais desafiadoras, garantindo que a sua transmiss\u00e3o de dados permane\u00e7a ininterrupta e confi\u00e1vel.<\/p>\n<p>O repetidor 10G OEO Converter tamb\u00e9m suporta bast\u00f5es 10G, permitindo que voc\u00ea conecte e amplie os recursos dos seus dispositivos de rede existentes sem esfor\u00e7o. Expanda o potencial da sua rede e maximize o investimento feito em sua infraestrutura com esta solu\u00e7\u00e3o de rede vers\u00e1til.<\/p>\n<p>Um dos principais destaques desse dispositivo \u00e9 sua capacidade de converter sinais de modo \u00fanico para multimodo. Elimine facilmente a lacuna entre diferentes modos de transmiss\u00e3o, melhorando a compatibilidade e a conectividade entre v\u00e1rios dispositivos de rede. N\u00e3o h\u00e1 mais problemas de compatibilidade - esse repetidor conversor garante uma conex\u00e3o perfeita, independentemente do modo exigido pelos seus dispositivos.<\/p>\n<p>Al\u00e9m disso, o Repetidor Conversor 10G OEO se destaca por estender as dist\u00e2ncias de transmiss\u00e3o at\u00e9 160 km. Com seu suporte para dist\u00e2ncias de transmiss\u00e3o estendidas, voc\u00ea pode conectar dispositivos que est\u00e3o distantes sem comprometer a qualidade do sinal. Mantenha-se conectado em todas as suas instala\u00e7\u00f5es, campi ou at\u00e9 mesmo em grandes espa\u00e7os de escrit\u00f3rios, sabendo que seus dados viajar\u00e3o sem problemas de uma extremidade \u00e0 outra.<\/p>\n<p>Em conclus\u00e3o, o repetidor conversor 10G OEO \u00e9 o ep\u00edtome da conveni\u00eancia, da compatibilidade e do desempenho. Oferecendo a funcionalidade Plug &amp; Play, compatibilidade com v\u00e1rias taxas de dados, resist\u00eancia a altas temperaturas, suporte para sticks 10G, convers\u00e3o de modo \u00fanico para multimodo e dist\u00e2ncias de transmiss\u00e3o estendidas, esse repetidor conversor \u00e9 indispens\u00e1vel para quem busca uma solu\u00e7\u00e3o de rede confi\u00e1vel e de alto desempenho.<\/p>","protected":false},"excerpt":{"rendered":"<p>\u2018- Conectividade aprimorada: O Repetidor Conversor 10G OEO de alto desempenho permite a convers\u00e3o cont\u00ednua de SFP+ para SFP+, oferecendo op\u00e7\u00f5es avan\u00e7adas de conectividade.<br \/>\n- F\u00e1cil instala\u00e7\u00e3o: Basta conectar e usar, sem necessidade de configura\u00e7\u00f5es complexas para uma integra\u00e7\u00e3o sem esfor\u00e7o em qualquer ambiente de rede.<br \/>\n- Compatibilidade vers\u00e1til: Compat\u00edvel com v\u00e1rias velocidades, incluindo 10G, 5G e 2,5G, garantindo flexibilidade e desempenho confi\u00e1vel para diferentes configura\u00e7\u00f5es de rede.<br \/>\n- Excepcional resist\u00eancia ao calor: Projetado para suportar temperaturas de at\u00e9 85 graus Celsius, garantindo o desempenho ideal mesmo em ambientes exigentes.<br \/>\n- Faixa de transmiss\u00e3o ampliada: Permite a convers\u00e3o de modo \u00fanico em modo m\u00faltiplo, possibilitando a transmiss\u00e3o em dist\u00e2ncias maiores, expandindo os recursos da rede.<\/p>","protected":false},"featured_media":12654,"comment_status":"open","ping_status":"closed","template":"","meta":[],"product_brand":[],"product_cat":[268],"product_tag":[97,267,298,840],"class_list":{"0":"post-12613","1":"product","2":"type-product","3":"status-publish","4":"has-post-thumbnail","6":"product_cat-oeo-fiber-media-converters","7":"product_tag-10g","8":"product_tag-oeo","9":"product_tag-repeater","10":"product_tag-sfp-media-converter","12":"first","13":"instock","14":"sale","15":"shipping-taxable","16":"purchasable","17":"product-type-variable","18":"has-default-attributes"},"_links":{"self":[{"href":"https:\/\/www.luleey.com\/pt\/wp-json\/wp\/v2\/product\/12613","targetHints":{"allow":["GET"]}}],"collection":[{"href":"https:\/\/www.luleey.com\/pt\/wp-json\/wp\/v2\/product"}],"about":[{"href":"https:\/\/www.luleey.com\/pt\/wp-json\/wp\/v2\/types\/product"}],"replies":[{"embeddable":true,"href":"https:\/\/www.luleey.com\/pt\/wp-json\/wp\/v2\/comments?post=12613"}],"wp:featuredmedia":[{"embeddable":true,"href":"https:\/\/www.luleey.com\/pt\/wp-json\/wp\/v2\/media\/12654"}],"wp:attachment":[{"href":"https:\/\/www.luleey.com\/pt\/wp-json\/wp\/v2\/media?parent=12613"}],"wp:term":[{"taxonomy":"product_brand","embeddable":true,"href":"https:\/\/www.luleey.com\/pt\/wp-json\/wp\/v2\/product_brand?post=12613"},{"taxonomy":"product_cat","embeddable":true,"href":"https:\/\/www.luleey.com\/pt\/wp-json\/wp\/v2\/product_cat?post=12613"},{"taxonomy":"product_tag","embeddable":true,"href":"https:\/\/www.luleey.com\/pt\/wp-json\/wp\/v2\/product_tag?post=12613"}],"curies":[{"name":"wp","href":"https:\/\/api.w.org\/{rel}","templated":true}]}}